{"id":9532,"date":"2021-03-25T13:14:02","date_gmt":"2021-03-25T12:14:02","guid":{"rendered":"https:\/\/ervy.de\/?post_type=product&#038;p=9532"},"modified":"2025-07-01T11:05:10","modified_gmt":"2025-07-01T09:05:10","slug":"schwarzer-turnanzug-lumira-1-langarm-schwarz-tuell-strass","status":"publish","type":"product","link":"https:\/\/ervy.ch\/en\/product\/schwarzer-turnanzug-lumira-1-langarm-schwarz-tuell-strass\/","title":{"rendered":"Eleganter Turnanzug LUMIRA\/1 Langarm"},"content":{"rendered":"<ul>\n<li>Der elegante Turnanzug langarm LUMIRA\/1 mit einem glamour\u00f6sem Design und Strasssteinen l\u00e4sst dich bei jedem Auftritt und Wettkampf strahlen.<\/li>\n<li>Den Wettkampfanzug LUMIRA\/1 kannst du in Kinder- oder Erwachsenengr\u00f6\u00dfen bestellen. Weitere Gr\u00f6\u00dfen sind auf <a href=\"\/?page_id=900\"><strong>Anfrage<\/strong><\/a> und gegen Mehrpreis m\u00f6glich.<\/li>\n<li>M\u00f6chtest du den Turnanzug ohne Arm oder mit 3\/4 Arm? Kein Problem! <a href=\"\/?page_id=900\"><strong>Schreib uns!<\/strong><\/a><\/li>\n<li>Selbstverst\u00e4ndlich kannst du den mystischen Turner Anzug langarm LUMIRA\/1 jederzeit personalisieren. W\u00e4hle hierzu deine Wunschmaterialien und Farben aus dem breiten <a href=\"\/?page_id=1006\"><strong>Stoffsortiment<\/strong><\/a>. Dar\u00fcber hinaus kannst du den Turnanzug auf Wunsch auch mit <a href=\"\/?page_id=5639\"><strong>Pailletten<\/strong><\/a> anstelle von Strass bestellen. Personalisierungen kannst du \u00fcber unseren <a href=\"https:\/\/ervy.ch\/heaendlersuche\/\"><strong>Fachhandel<\/strong><\/a> vornehmen.<\/li>\n<\/ul>\n<h3>Materialien und Farben:<\/h3>\n<table style=\"border-collapse: collapse; width: 100%;\">\n<tbody>\n<tr>\n<td style=\"width: 33.3333%;\"><a href=\"\/?p=3192\"><strong>Lack Shine:<\/strong><\/a><br \/>\n82% Polyamid<br \/>\n18% Elasthan<\/td>\n<td style=\"width: 33.3333%;\"><strong>Farbe C1 + Halseinfassung (HB)<\/strong><br \/>\n<strong>Farbe C3<\/strong><\/td>\n<td style=\"width: 33.3333%;\"><strong>16A1-schwarz<\/strong><br \/>\n<strong>16A2-graphit<\/strong><\/td>\n<\/tr>\n<tr>\n<td style=\"width: 33.3333%;\"><strong><a href=\"\/?p=1435\">T\u00fcll elastisch:<\/a><br \/>\n<\/strong>82% Polyamid<br \/>\n18% Elasthan<strong><br \/>\n<\/strong><\/td>\n<td style=\"width: 33.3333%;\"><strong>Farbe C2<\/strong><\/td>\n<td style=\"width: 33.3333%;\"><strong>02A1-schwarz<\/strong><\/td>\n<\/tr>\n<tr>\n<td style=\"width: 33.3333%;\"><strong><a href=\"\/?p=1439\">Mikrofaser Futterstoff:<\/a><br \/>\n<\/strong>90% Polyamid<br \/>\n10% Elasthan<\/td>\n<td style=\"width: 33.3333%;\"><strong>Farbe C4<\/strong><\/td>\n<td style=\"width: 33.3333%;\"><strong>03G2-haut<\/strong><\/td>\n<\/tr>\n<\/tbody>\n<\/table>\n","protected":false},"excerpt":{"rendered":"<p><strong>Eleganter<\/strong> Turnanzug LUMIRA\/1 Langarm und einem V-Halsausschnitt. Der in schwarz und graphit gehaltene Turnanzug langarm hat <strong>T\u00fcllelemente<\/strong> im Oberteil und im Arm- Schulterbereich. Damit nichts unter dem T\u00fcll durchscheint, ist der <strong>Brust- und R\u00fcckenbereich<\/strong> des Turnanzuges <strong>mit blickdichtem hautfarbigem Material<\/strong> unterlegt.<\/p>\n<p>Ein besonderer <strong>Hingucker<\/strong> bei dem Wettkampfanzug LUMIRA\/1 sind die<strong> funkelnden Strasselemente<\/strong> auf der Brust (O306), im R\u00fccken (B307) und die wie ein <strong>Sternenhimmel verstreuten<\/strong> einzelnen Strasssteine auf den T\u00fcllpartien des Turnanzuges. Der Wettkampfanzug LUMIRA\/1 ist der ideale Wettkampfanzug <strong>f\u00fcr die elegante Turnerin<\/strong>.<\/p>\n<p>Dieses Produkt wird in deiner <strong>Wunschgr\u00f6\u00dfe<\/strong> und deiner <strong>Zusammenstellung<\/strong> eigens f\u00fcr dich angefertigt. Es handelt sich somit um eine <strong>Sonderanfertigung<\/strong>, welche von <strong>R\u00fcckgabe <\/strong>und <strong>Umtausch ausgeschlossen<\/strong> ist.<\/p>\n","protected":false},"featured_media":9520,"template":"","meta":[],"product_brand":[],"product_cat":[777,90],"product_tag":[945,620,515,514,1235,364,1058,939,1057,1203,944,934,1364,520,512],"class_list":{"0":"post-9532","1":"product","2":"type-product","3":"status-publish","4":"has-post-thumbnail","6":"product_cat-shop","7":"product_cat-turnanzuege-fuer-training-und-wettkampf","8":"product_tag-gymnastics-leotard","9":"product_tag-gymnastikanzug","10":"product_tag-justaucorps","11":"product_tag-leotard","12":"product_tag-leotard-for-girls","13":"product_tag-turnanzug","14":"product_tag-turnanzug-damen","15":"product_tag-turnanzug-langarm","16":"product_tag-turnanzug-maedchen","17":"product_tag-turnanzug-mit-tuell","18":"product_tag-turnanzug-schwarz","19":"product_tag-turnbody","20":"product_tag-turner-anzug","21":"product_tag-turnpakje","22":"product_tag-wettkampfanzug","23":"pa_armlaenge-langarm","24":"pa_farbe-graphit","25":"pa_farbe-schwarz","26":"pa_groesse-786","27":"pa_groesse-787","28":"pa_groesse-788","29":"pa_groesse-789","30":"pa_groesse-790","31":"pa_groesse-791","32":"pa_groesse-792","33":"pa_groesse-793","34":"pa_groesse-794","35":"pa_groesse-795","36":"pa_groesse-796","37":"pa_groesse-797","38":"pa_groesse-798","39":"pa_groesse-799","40":"pa_grundfarbe-schwarz","41":"pa_halsformen-v-ausschnitt","42":"pa_material-lack-shine","43":"pa_material-tuell-elastisch","44":"pa_produktart-turnanzug","45":"pa_veredelung-strass","47":"first","48":"onbackorder","49":"taxable","50":"shipping-taxable","51":"purchasable","52":"product-type-variable"},"yoast_head":"<!-- This site is optimized with the Yoast SEO Premium plugin v26.9 (Yoast SEO v27.2) - https:\/\/yoast.com\/product\/yoast-seo-premium-wordpress\/ -->\n<title>Eleganter Turnanzug LUMIRA\/1 Langarm - Turnanz\u00fcge Made in Germany<\/title>\n<meta name=\"description\" content=\"Schwarzer Turnanzug LUMIRA\/1 mit Langarm, T\u00fcll und Lackstoff. Mit Strass verziert ist der Turnanzug wie geschaffen f\u00fcr die elegante Turnerin.\" \/>\n<meta name=\"robots\" content=\"index, follow, max-snippet:-1, max-image-preview:large, max-video-preview:-1\" \/>\n<link rel=\"canonical\" href=\"https:\/\/ervy.ch\/produkt\/schwarzer-turnanzug-lumira-1-langarm-schwarz-tuell-strass\/\" \/>\n<meta property=\"og:locale\" content=\"en_US\" \/>\n<meta property=\"og:type\" content=\"article\" \/>\n<meta property=\"og:title\" content=\"Eleganter Turnanzug LUMIRA\/1 Langarm\" \/>\n<meta property=\"og:description\" content=\"Schwarzer Turnanzug LUMIRA\/1 mit Langarm, T\u00fcll und Lackstoff. Mit Strass verziert ist der Turnanzug wie geschaffen f\u00fcr die elegante Turnerin.\" \/>\n<meta property=\"og:url\" content=\"https:\/\/ervy.ch\/produkt\/schwarzer-turnanzug-lumira-1-langarm-schwarz-tuell-strass\/\" \/>\n<meta property=\"og:site_name\" content=\"Turnanz\u00fcge Made in Germany\" \/>\n<meta property=\"article:publisher\" content=\"https:\/\/www.facebook.com\/ERVYSportsFashion\" \/>\n<meta property=\"article:modified_time\" content=\"2025-07-01T09:05:10+00:00\" \/>\n<meta property=\"og:image\" content=\"https:\/\/ervy.ch\/wp-content\/uploads\/2021\/03\/11771.08_1_Lumira_VT.jpg\" \/>\n\t<meta property=\"og:image:width\" content=\"700\" \/>\n\t<meta property=\"og:image:height\" content=\"1000\" \/>\n\t<meta property=\"og:image:type\" content=\"image\/jpeg\" \/>\n<meta name=\"twitter:card\" content=\"summary_large_image\" \/>\n<meta name=\"twitter:label1\" content=\"Availability\" \/>\n\t<meta name=\"twitter:data1\" content=\"On backorder\" \/>\n<script type=\"application\/ld+json\" class=\"yoast-schema-graph\">{\"@context\":\"https:\/\/schema.org\",\"@graph\":[{\"@type\":\"WebPage\",\"@id\":\"https:\/\/ervy.ch\/produkt\/schwarzer-turnanzug-lumira-1-langarm-schwarz-tuell-strass\/\",\"url\":\"https:\/\/ervy.ch\/produkt\/schwarzer-turnanzug-lumira-1-langarm-schwarz-tuell-strass\/\",\"name\":\"Eleganter Turnanzug LUMIRA\/1 Langarm - Turnanz\u00fcge Made in Germany\",\"isPartOf\":{\"@id\":\"https:\/\/ervy.ch\/#website\"},\"primaryImageOfPage\":{\"@id\":\"https:\/\/ervy.ch\/produkt\/schwarzer-turnanzug-lumira-1-langarm-schwarz-tuell-strass\/#primaryimage\"},\"image\":{\"@id\":\"https:\/\/ervy.ch\/produkt\/schwarzer-turnanzug-lumira-1-langarm-schwarz-tuell-strass\/#primaryimage\"},\"thumbnailUrl\":\"https:\/\/ervy.ch\/wp-content\/uploads\/2021\/03\/11771.08_1_Lumira_VT.jpg\",\"datePublished\":\"2021-03-25T12:14:02+00:00\",\"dateModified\":\"2025-07-01T09:05:10+00:00\",\"description\":\"Schwarzer Turnanzug LUMIRA\/1 mit Langarm, T\u00fcll und Lackstoff. Mit Strass verziert ist der Turnanzug wie geschaffen f\u00fcr die elegante Turnerin.\",\"breadcrumb\":{\"@id\":\"https:\/\/ervy.ch\/produkt\/schwarzer-turnanzug-lumira-1-langarm-schwarz-tuell-strass\/#breadcrumb\"},\"inLanguage\":\"en-US\",\"potentialAction\":[{\"@type\":\"ReadAction\",\"target\":[\"https:\/\/ervy.ch\/produkt\/schwarzer-turnanzug-lumira-1-langarm-schwarz-tuell-strass\/\"]}]},{\"@type\":\"ImageObject\",\"inLanguage\":\"en-US\",\"@id\":\"https:\/\/ervy.ch\/produkt\/schwarzer-turnanzug-lumira-1-langarm-schwarz-tuell-strass\/#primaryimage\",\"url\":\"https:\/\/ervy.ch\/wp-content\/uploads\/2021\/03\/11771.08_1_Lumira_VT.jpg\",\"contentUrl\":\"https:\/\/ervy.ch\/wp-content\/uploads\/2021\/03\/11771.08_1_Lumira_VT.jpg\",\"width\":700,\"height\":1000,\"caption\":\"Turnanzug, Wettkampfanzug, Gymnastikanzug, justaucorps, leotard, turnpakje\"},{\"@type\":\"BreadcrumbList\",\"@id\":\"https:\/\/ervy.ch\/produkt\/schwarzer-turnanzug-lumira-1-langarm-schwarz-tuell-strass\/#breadcrumb\",\"itemListElement\":[{\"@type\":\"ListItem\",\"position\":1,\"name\":\"Startseite\",\"item\":\"https:\/\/ervy.ch\/\"},{\"@type\":\"ListItem\",\"position\":2,\"name\":\"Shop\",\"item\":\"https:\/\/ervy.ch\/shop\/\"},{\"@type\":\"ListItem\",\"position\":3,\"name\":\"Eleganter Turnanzug LUMIRA\/1 Langarm\"}]},{\"@type\":\"WebSite\",\"@id\":\"https:\/\/ervy.ch\/#website\",\"url\":\"https:\/\/ervy.ch\/\",\"name\":\"Turnanz\u00fcge Made in Germany\",\"description\":\"ERVY Schweiz-Vertretung\",\"publisher\":{\"@id\":\"https:\/\/ervy.ch\/#organization\"},\"potentialAction\":[{\"@type\":\"SearchAction\",\"target\":{\"@type\":\"EntryPoint\",\"urlTemplate\":\"https:\/\/ervy.ch\/?s={search_term_string}\"},\"query-input\":{\"@type\":\"PropertyValueSpecification\",\"valueRequired\":true,\"valueName\":\"search_term_string\"}}],\"inLanguage\":\"en-US\"},{\"@type\":\"Organization\",\"@id\":\"https:\/\/ervy.ch\/#organization\",\"name\":\"ERVY Sports Fashion GmbH\",\"url\":\"https:\/\/ervy.ch\/\",\"logo\":{\"@type\":\"ImageObject\",\"inLanguage\":\"en-US\",\"@id\":\"https:\/\/ervy.ch\/#\/schema\/logo\/image\/\",\"url\":\"https:\/\/ervy.ch\/wp-content\/uploads\/2021\/03\/cropped-ERVY-Logo_JUST-SPORTS_Hintergrund_300x300.png\",\"contentUrl\":\"https:\/\/ervy.ch\/wp-content\/uploads\/2021\/03\/cropped-ERVY-Logo_JUST-SPORTS_Hintergrund_300x300.png\",\"width\":512,\"height\":512,\"caption\":\"ERVY Sports Fashion GmbH\"},\"image\":{\"@id\":\"https:\/\/ervy.ch\/#\/schema\/logo\/image\/\"},\"sameAs\":[\"https:\/\/www.facebook.com\/ERVYSportsFashion\",\"https:\/\/www.instagram.com\/ervy_sports_fashion\/?hl=de\",\"https:\/\/www.pinterest.de\/ervysportsfashion\/\",\"https:\/\/www.youtube.com\/channel\/UCwzRAG_B8mAIfVPXGwfdYhA\",\"https:\/\/www.tiktok.com\/@ervysports\"]}]}<\/script>\n<meta property=\"og:availability\" content=\"backorder\" \/>\n<meta property=\"product:availability\" content=\"available for order\" \/>\n<meta property=\"product:retailer_item_id\" content=\"11771.08\/1\" \/>\n<meta property=\"product:condition\" content=\"new\" \/>\n<!-- \/ Yoast SEO Premium plugin. -->","yoast_head_json":{"title":"Eleganter Turnanzug LUMIRA\/1 Langarm - Turnanz\u00fcge Made in Germany","description":"Schwarzer Turnanzug LUMIRA\/1 mit Langarm, T\u00fcll und Lackstoff. Mit Strass verziert ist der Turnanzug wie geschaffen f\u00fcr die elegante Turnerin.","robots":{"index":"index","follow":"follow","max-snippet":"max-snippet:-1","max-image-preview":"max-image-preview:large","max-video-preview":"max-video-preview:-1"},"canonical":"https:\/\/ervy.ch\/produkt\/schwarzer-turnanzug-lumira-1-langarm-schwarz-tuell-strass\/","og_locale":"en_US","og_type":"article","og_title":"Eleganter Turnanzug LUMIRA\/1 Langarm","og_description":"Schwarzer Turnanzug LUMIRA\/1 mit Langarm, T\u00fcll und Lackstoff. Mit Strass verziert ist der Turnanzug wie geschaffen f\u00fcr die elegante Turnerin.","og_url":"https:\/\/ervy.ch\/produkt\/schwarzer-turnanzug-lumira-1-langarm-schwarz-tuell-strass\/","og_site_name":"Turnanz\u00fcge Made in Germany","article_publisher":"https:\/\/www.facebook.com\/ERVYSportsFashion","article_modified_time":"2025-07-01T09:05:10+00:00","og_image":[{"width":700,"height":1000,"url":"https:\/\/ervy.ch\/wp-content\/uploads\/2021\/03\/11771.08_1_Lumira_VT.jpg","type":"image\/jpeg"}],"twitter_card":"summary_large_image","twitter_misc":{"Availability":"On backorder"},"schema":{"@context":"https:\/\/schema.org","@graph":[{"@type":"WebPage","@id":"https:\/\/ervy.ch\/produkt\/schwarzer-turnanzug-lumira-1-langarm-schwarz-tuell-strass\/","url":"https:\/\/ervy.ch\/produkt\/schwarzer-turnanzug-lumira-1-langarm-schwarz-tuell-strass\/","name":"Eleganter Turnanzug LUMIRA\/1 Langarm - Turnanz\u00fcge Made in Germany","isPartOf":{"@id":"https:\/\/ervy.ch\/#website"},"primaryImageOfPage":{"@id":"https:\/\/ervy.ch\/produkt\/schwarzer-turnanzug-lumira-1-langarm-schwarz-tuell-strass\/#primaryimage"},"image":{"@id":"https:\/\/ervy.ch\/produkt\/schwarzer-turnanzug-lumira-1-langarm-schwarz-tuell-strass\/#primaryimage"},"thumbnailUrl":"https:\/\/ervy.ch\/wp-content\/uploads\/2021\/03\/11771.08_1_Lumira_VT.jpg","datePublished":"2021-03-25T12:14:02+00:00","dateModified":"2025-07-01T09:05:10+00:00","description":"Schwarzer Turnanzug LUMIRA\/1 mit Langarm, T\u00fcll und Lackstoff. Mit Strass verziert ist der Turnanzug wie geschaffen f\u00fcr die elegante Turnerin.","breadcrumb":{"@id":"https:\/\/ervy.ch\/produkt\/schwarzer-turnanzug-lumira-1-langarm-schwarz-tuell-strass\/#breadcrumb"},"inLanguage":"en-US","potentialAction":[{"@type":"ReadAction","target":["https:\/\/ervy.ch\/produkt\/schwarzer-turnanzug-lumira-1-langarm-schwarz-tuell-strass\/"]}]},{"@type":"ImageObject","inLanguage":"en-US","@id":"https:\/\/ervy.ch\/produkt\/schwarzer-turnanzug-lumira-1-langarm-schwarz-tuell-strass\/#primaryimage","url":"https:\/\/ervy.ch\/wp-content\/uploads\/2021\/03\/11771.08_1_Lumira_VT.jpg","contentUrl":"https:\/\/ervy.ch\/wp-content\/uploads\/2021\/03\/11771.08_1_Lumira_VT.jpg","width":700,"height":1000,"caption":"Turnanzug, Wettkampfanzug, Gymnastikanzug, justaucorps, leotard, turnpakje"},{"@type":"BreadcrumbList","@id":"https:\/\/ervy.ch\/produkt\/schwarzer-turnanzug-lumira-1-langarm-schwarz-tuell-strass\/#breadcrumb","itemListElement":[{"@type":"ListItem","position":1,"name":"Startseite","item":"https:\/\/ervy.ch\/"},{"@type":"ListItem","position":2,"name":"Shop","item":"https:\/\/ervy.ch\/shop\/"},{"@type":"ListItem","position":3,"name":"Eleganter Turnanzug LUMIRA\/1 Langarm"}]},{"@type":"WebSite","@id":"https:\/\/ervy.ch\/#website","url":"https:\/\/ervy.ch\/","name":"Turnanz\u00fcge Made in Germany","description":"ERVY Schweiz-Vertretung","publisher":{"@id":"https:\/\/ervy.ch\/#organization"},"potentialAction":[{"@type":"SearchAction","target":{"@type":"EntryPoint","urlTemplate":"https:\/\/ervy.ch\/?s={search_term_string}"},"query-input":{"@type":"PropertyValueSpecification","valueRequired":true,"valueName":"search_term_string"}}],"inLanguage":"en-US"},{"@type":"Organization","@id":"https:\/\/ervy.ch\/#organization","name":"ERVY Sports Fashion GmbH","url":"https:\/\/ervy.ch\/","logo":{"@type":"ImageObject","inLanguage":"en-US","@id":"https:\/\/ervy.ch\/#\/schema\/logo\/image\/","url":"https:\/\/ervy.ch\/wp-content\/uploads\/2021\/03\/cropped-ERVY-Logo_JUST-SPORTS_Hintergrund_300x300.png","contentUrl":"https:\/\/ervy.ch\/wp-content\/uploads\/2021\/03\/cropped-ERVY-Logo_JUST-SPORTS_Hintergrund_300x300.png","width":512,"height":512,"caption":"ERVY Sports Fashion GmbH"},"image":{"@id":"https:\/\/ervy.ch\/#\/schema\/logo\/image\/"},"sameAs":["https:\/\/www.facebook.com\/ERVYSportsFashion","https:\/\/www.instagram.com\/ervy_sports_fashion\/?hl=de","https:\/\/www.pinterest.de\/ervysportsfashion\/","https:\/\/www.youtube.com\/channel\/UCwzRAG_B8mAIfVPXGwfdYhA","https:\/\/www.tiktok.com\/@ervysports"]}]},"og_availability":"backorder","product_availability":"available for order","product_retailer_item_id":"11771.08\/1","product_condition":"new"},"_links":{"self":[{"href":"https:\/\/ervy.ch\/en\/wp-json\/wp\/v2\/product\/9532","targetHints":{"allow":["GET"]}}],"collection":[{"href":"https:\/\/ervy.ch\/en\/wp-json\/wp\/v2\/product"}],"about":[{"href":"https:\/\/ervy.ch\/en\/wp-json\/wp\/v2\/types\/product"}],"wp:featuredmedia":[{"embeddable":true,"href":"https:\/\/ervy.ch\/en\/wp-json\/wp\/v2\/media\/9520"}],"wp:attachment":[{"href":"https:\/\/ervy.ch\/en\/wp-json\/wp\/v2\/media?parent=9532"}],"wp:term":[{"taxonomy":"product_brand","embeddable":true,"href":"https:\/\/ervy.ch\/en\/wp-json\/wp\/v2\/product_brand?post=9532"},{"taxonomy":"product_cat","embeddable":true,"href":"https:\/\/ervy.ch\/en\/wp-json\/wp\/v2\/product_cat?post=9532"},{"taxonomy":"product_tag","embeddable":true,"href":"https:\/\/ervy.ch\/en\/wp-json\/wp\/v2\/product_tag?post=9532"}],"curies":[{"name":"wp","href":"https:\/\/api.w.org\/{rel}","templated":true}]}}