{"id":8969,"date":"2021-03-23T07:53:15","date_gmt":"2021-03-23T06:53:15","guid":{"rendered":"https:\/\/ervy.de\/?post_type=product&#038;p=8969"},"modified":"2024-11-14T17:38:23","modified_gmt":"2024-11-14T16:38:23","slug":"schwarzer-turnanzug-brizo-1-aermellos-tuell-strass","status":"publish","type":"product","link":"https:\/\/ervy.ch\/en\/product\/schwarzer-turnanzug-brizo-1-aermellos-tuell-strass\/","title":{"rendered":"Schwarzer Turnanzug BRIZO\/1"},"content":{"rendered":"<ul>\n<li>Der schwarze Turnanzug BRIZO\/1 verzaubert mit seiner schlichten Eleganz. F\u00fcr Training und Wettkampf.<\/li>\n<li>Den \u00e4rmellosen Turnanzug kannst du in Kinder- oder Erwachsenengr\u00f6\u00dfen bestellen. Weitere Gr\u00f6\u00dfen sind auf <a href=\"\/?page_id=900\"><strong>Anfrage<\/strong><\/a> und gegen Mehrpreis m\u00f6glich.<\/li>\n<li>M\u00f6chtest du den Turner Anzug mit 3\/4-Arm oder mit langen Armen? Kein Problem! <a href=\"\/?page_id=900\"><strong>Schreib uns!<\/strong><\/a><\/li>\n<li>Selbstverst\u00e4ndlich kannst du den schwarzen Anzug f\u00fcr Damen und M\u00e4dchen jederzeit personalisieren. W\u00e4hle hierzu deine Wunschmaterialien und Farben aus dem breiten <a href=\"\/?page_id=1006\"><strong>Stoffsortiment<\/strong><\/a>. Dar\u00fcber hinaus kannst du den schwarzen Turner Anzug auf Wunsch auch mit <a href=\"\/?page_id=5639\"><strong>Pailletten<\/strong><\/a> anstelle von Strass bestellen. \u00c4nderungen kannst du \u00fcber unseren <a href=\"https:\/\/ervy.ch\/heaendlersuche\/\"><strong>Fachhandel<\/strong><\/a> vornehmen.<\/li>\n<\/ul>\n<h3>Materialien und Farben des schwarzen Turnanzuges BRIZO\/1:<\/h3>\n<table style=\"border-collapse: collapse; width: 100%; height: 233px;\">\n<tbody>\n<tr style=\"height: 70px;\">\n<td style=\"width: 33.3333%; height: 70px;\"><strong><a href=\"\/?p=3192\">Lack Shine:<\/a><br \/>\n<\/strong>82% Polyamid<br \/>\n18% Elasthan<\/td>\n<td style=\"width: 33.3333%; height: 70px;\"><strong>Farbe C1 + Halseinfassung (HB)<br \/>\n<\/strong><\/td>\n<td style=\"width: 33.3333%; height: 70px;\"><strong>16A1-schwarz<br \/>\n<\/strong><\/td>\n<\/tr>\n<tr style=\"height: 70px;\">\n<td style=\"width: 33.3333%; height: 70px;\"><a href=\"\/?p=1435\"><strong>T\u00fcll elastisch:<\/strong><\/a><br \/>\n92% Polyamid<br \/>\n8% Elasthan<\/td>\n<td style=\"width: 33.3333%; height: 70px;\"><strong>Farbe C2<\/strong><\/td>\n<td style=\"width: 33.3333%; height: 70px;\"><strong>02A1-schwarz<\/strong><\/td>\n<\/tr>\n<tr style=\"height: 23px;\">\n<td style=\"width: 33.3333%; height: 23px;\"><strong><a href=\"\/?p=1439\">Mikrofaser<\/a> Futterstoff:<br \/>\n<\/strong>90% Polyamid<br \/>\n10% Elasthan<\/td>\n<td style=\"width: 33.3333%; height: 23px;\"><strong>Farbe C5<\/strong><\/td>\n<td style=\"width: 33.3333%; height: 23px;\"><strong>03G2-haut<\/strong><\/td>\n<\/tr>\n<\/tbody>\n<\/table>\n","protected":false},"excerpt":{"rendered":"<p>Der <strong>wundersch\u00f6ne<\/strong> \u00e4rmellose Turnanzug BRIZO\/1 mit Rundhalsausschnitt ist wie geschaffen f\u00fcr die elegante Turnerin. Besonders edel wirkt <strong>feine T\u00fclleinsatz<\/strong> im Oberteil des Turnanzuges. Damit du dich bei jeder Bewegung wohl f\u00fchlst ist T\u00fcllbereich mit <strong>atmungsaktivem Mikrofaserstoff gef\u00fcttert<\/strong>. F\u00fcr einen besonderen und <strong>gl\u00e4nzenden Effekt<\/strong> sorgen die \u00fcppigen<strong>\u00a0Strasselemente<\/strong> im Vorderteil (R415), im R\u00fcckenteil unten (R416) und einzelne Strasssteine im R\u00fcckenteil oben. Der M\u00e4dchen und Damen Turnanzug verzaubert mit seiner <strong>schlichten Eleganz<\/strong> bei jeder Turnbewegung.<\/p>\n<p>Dieses Produkt wird in deiner <strong>Wunschgr\u00f6\u00dfe<\/strong> und deiner <strong>Zusammenstellung<\/strong> eigens f\u00fcr dich angefertigt. Es handelt sich somit um eine <strong>Sonderanfertigung<\/strong>, welche von <strong>R\u00fcckgabe <\/strong>und <strong>Umtausch ausgeschlossen<\/strong> ist.<\/p>\n","protected":false},"featured_media":8973,"template":"","meta":[],"product_brand":[],"product_cat":[777,90],"product_tag":[1200,367,945,620,1093,1100,1094,515,1457,514,1235,1406,364,1058,1156,1081,940,944,934,520,512],"class_list":{"0":"post-8969","1":"product","2":"type-product","3":"status-publish","4":"has-post-thumbnail","6":"product_cat-shop","7":"product_cat-turnanzuege-fuer-training-und-wettkampf","8":"product_tag-aermelloser-turnanzug","9":"product_tag-gymnastics","10":"product_tag-gymnastics-leotard","11":"product_tag-gymnastikanzug","12":"product_tag-gymnastikdrag","13":"product_tag-gymnastikdragt","14":"product_tag-gymnastikdress","15":"product_tag-justaucorps","16":"product_tag-kinder-turnanzug","17":"product_tag-leotard","18":"product_tag-leotard-for-girls","19":"product_tag-maedchen-turnanzug","20":"product_tag-turnanzug","21":"product_tag-turnanzug-damen","22":"product_tag-turnanzug-fuer-damen","23":"product_tag-turnanzug-fuer-maedchen","24":"product_tag-turnanzug-ohne-arm","25":"product_tag-turnanzug-schwarz","26":"product_tag-turnbody","27":"product_tag-turnpakje","28":"product_tag-wettkampfanzug","29":"pa_armlaenge-aermellos","30":"pa_farbe-schwarz","31":"pa_groesse-786","32":"pa_groesse-787","33":"pa_groesse-788","34":"pa_groesse-789","35":"pa_groesse-790","36":"pa_groesse-791","37":"pa_groesse-792","38":"pa_groesse-793","39":"pa_groesse-794","40":"pa_groesse-795","41":"pa_groesse-796","42":"pa_groesse-797","43":"pa_groesse-798","44":"pa_groesse-799","45":"pa_grundfarbe-schwarz","46":"pa_halsformen-rundhalsausschnitt","47":"pa_material-lack-shine","48":"pa_material-mikrofaser","49":"pa_material-tuell-elastisch","50":"pa_produktart-turnanzug","51":"pa_veredelung-strass","52":"pa_weitere-ausfuehrung-mit-futterstoff","54":"first","55":"onbackorder","56":"taxable","57":"shipping-taxable","58":"purchasable","59":"product-type-variable"},"yoast_head":"<!-- This site is optimized with the Yoast SEO Premium plugin v27.3 (Yoast SEO v27.4) - https:\/\/yoast.com\/product\/yoast-seo-premium-wordpress\/ -->\n<title>Schwarzer Turnanzug BRIZO\/1 - Turnanz\u00fcge Made in Germany<\/title>\n<meta name=\"description\" content=\"Schwarzer Turnanzug ohne Arm. Turner Anzug mit Eleganz und Glamour. Turnanzug f\u00fcr Kinder und Erwachsene mit Glitzer. F\u00fcr Training und Wettkampf.\" \/>\n<meta name=\"robots\" content=\"index, follow, max-snippet:-1, max-image-preview:large, max-video-preview:-1\" \/>\n<link rel=\"canonical\" href=\"https:\/\/ervy.ch\/produkt\/schwarzer-turnanzug-brizo-1-aermellos-tuell-strass\/\" \/>\n<meta property=\"og:locale\" content=\"en_US\" \/>\n<meta property=\"og:type\" content=\"article\" \/>\n<meta property=\"og:title\" content=\"Schwarzer Turnanzug BRIZO\/1\" \/>\n<meta property=\"og:description\" content=\"Schwarzer Turnanzug ohne Arm. Turner Anzug mit Eleganz und Glamour. Turnanzug f\u00fcr Kinder und Erwachsene mit Glitzer. F\u00fcr Training und Wettkampf.\" \/>\n<meta property=\"og:url\" content=\"https:\/\/ervy.ch\/produkt\/schwarzer-turnanzug-brizo-1-aermellos-tuell-strass\/\" \/>\n<meta property=\"og:site_name\" content=\"Turnanz\u00fcge Made in Germany\" \/>\n<meta property=\"article:publisher\" content=\"https:\/\/www.facebook.com\/ERVYSportsFashion\" \/>\n<meta property=\"article:modified_time\" content=\"2024-11-14T16:38:23+00:00\" \/>\n<meta property=\"og:image\" content=\"https:\/\/ervy.ch\/wp-content\/uploads\/2021\/03\/ERVY_Turnanzug_Leotard_Justaucorps-11805-07-1_Brizo-VT.jpg\" \/>\n\t<meta property=\"og:image:width\" content=\"700\" \/>\n\t<meta property=\"og:image:height\" content=\"1000\" \/>\n\t<meta property=\"og:image:type\" content=\"image\/jpeg\" \/>\n<meta name=\"twitter:card\" content=\"summary_large_image\" \/>\n<meta name=\"twitter:label1\" content=\"Availability\" \/>\n\t<meta name=\"twitter:data1\" content=\"On backorder\" \/>\n<script type=\"application\/ld+json\" class=\"yoast-schema-graph\">{\"@context\":\"https:\\\/\\\/schema.org\",\"@graph\":[{\"@type\":\"WebPage\",\"@id\":\"https:\\\/\\\/ervy.ch\\\/produkt\\\/schwarzer-turnanzug-brizo-1-aermellos-tuell-strass\\\/\",\"url\":\"https:\\\/\\\/ervy.ch\\\/produkt\\\/schwarzer-turnanzug-brizo-1-aermellos-tuell-strass\\\/\",\"name\":\"Schwarzer Turnanzug BRIZO\\\/1 - Turnanz\u00fcge Made in Germany\",\"isPartOf\":{\"@id\":\"https:\\\/\\\/ervy.ch\\\/#website\"},\"primaryImageOfPage\":{\"@id\":\"https:\\\/\\\/ervy.ch\\\/produkt\\\/schwarzer-turnanzug-brizo-1-aermellos-tuell-strass\\\/#primaryimage\"},\"image\":{\"@id\":\"https:\\\/\\\/ervy.ch\\\/produkt\\\/schwarzer-turnanzug-brizo-1-aermellos-tuell-strass\\\/#primaryimage\"},\"thumbnailUrl\":\"https:\\\/\\\/ervy.ch\\\/wp-content\\\/uploads\\\/2021\\\/03\\\/ERVY_Turnanzug_Leotard_Justaucorps-11805-07-1_Brizo-VT.jpg\",\"datePublished\":\"2021-03-23T06:53:15+00:00\",\"dateModified\":\"2024-11-14T16:38:23+00:00\",\"description\":\"Schwarzer Turnanzug ohne Arm. Turner Anzug mit Eleganz und Glamour. Turnanzug f\u00fcr Kinder und Erwachsene mit Glitzer. F\u00fcr Training und Wettkampf.\",\"breadcrumb\":{\"@id\":\"https:\\\/\\\/ervy.ch\\\/produkt\\\/schwarzer-turnanzug-brizo-1-aermellos-tuell-strass\\\/#breadcrumb\"},\"inLanguage\":\"en-US\",\"potentialAction\":[{\"@type\":\"ReadAction\",\"target\":[\"https:\\\/\\\/ervy.ch\\\/produkt\\\/schwarzer-turnanzug-brizo-1-aermellos-tuell-strass\\\/\"]}]},{\"@type\":\"ImageObject\",\"inLanguage\":\"en-US\",\"@id\":\"https:\\\/\\\/ervy.ch\\\/produkt\\\/schwarzer-turnanzug-brizo-1-aermellos-tuell-strass\\\/#primaryimage\",\"url\":\"https:\\\/\\\/ervy.ch\\\/wp-content\\\/uploads\\\/2021\\\/03\\\/ERVY_Turnanzug_Leotard_Justaucorps-11805-07-1_Brizo-VT.jpg\",\"contentUrl\":\"https:\\\/\\\/ervy.ch\\\/wp-content\\\/uploads\\\/2021\\\/03\\\/ERVY_Turnanzug_Leotard_Justaucorps-11805-07-1_Brizo-VT.jpg\",\"width\":700,\"height\":1000,\"caption\":\"Turnanzug, Wettkampfanzug, Gymnastikanzug, justaucorps, leotard, turnpakje\"},{\"@type\":\"BreadcrumbList\",\"@id\":\"https:\\\/\\\/ervy.ch\\\/produkt\\\/schwarzer-turnanzug-brizo-1-aermellos-tuell-strass\\\/#breadcrumb\",\"itemListElement\":[{\"@type\":\"ListItem\",\"position\":1,\"name\":\"Startseite\",\"item\":\"https:\\\/\\\/ervy.ch\\\/\"},{\"@type\":\"ListItem\",\"position\":2,\"name\":\"Shop\",\"item\":\"https:\\\/\\\/ervy.ch\\\/shop\\\/\"},{\"@type\":\"ListItem\",\"position\":3,\"name\":\"Schwarzer Turnanzug BRIZO\\\/1\"}]},{\"@type\":\"WebSite\",\"@id\":\"https:\\\/\\\/ervy.ch\\\/#website\",\"url\":\"https:\\\/\\\/ervy.ch\\\/\",\"name\":\"Turnanz\u00fcge Made in Germany\",\"description\":\"ERVY Schweiz-Vertretung\",\"publisher\":{\"@id\":\"https:\\\/\\\/ervy.ch\\\/#organization\"},\"potentialAction\":[{\"@type\":\"SearchAction\",\"target\":{\"@type\":\"EntryPoint\",\"urlTemplate\":\"https:\\\/\\\/ervy.ch\\\/?s={search_term_string}\"},\"query-input\":{\"@type\":\"PropertyValueSpecification\",\"valueRequired\":true,\"valueName\":\"search_term_string\"}}],\"inLanguage\":\"en-US\"},{\"@type\":\"Organization\",\"@id\":\"https:\\\/\\\/ervy.ch\\\/#organization\",\"name\":\"ERVY Sports Fashion GmbH\",\"url\":\"https:\\\/\\\/ervy.ch\\\/\",\"logo\":{\"@type\":\"ImageObject\",\"inLanguage\":\"en-US\",\"@id\":\"https:\\\/\\\/ervy.ch\\\/#\\\/schema\\\/logo\\\/image\\\/\",\"url\":\"https:\\\/\\\/ervy.ch\\\/wp-content\\\/uploads\\\/2021\\\/03\\\/cropped-ERVY-Logo_JUST-SPORTS_Hintergrund_300x300.png\",\"contentUrl\":\"https:\\\/\\\/ervy.ch\\\/wp-content\\\/uploads\\\/2021\\\/03\\\/cropped-ERVY-Logo_JUST-SPORTS_Hintergrund_300x300.png\",\"width\":512,\"height\":512,\"caption\":\"ERVY Sports Fashion GmbH\"},\"image\":{\"@id\":\"https:\\\/\\\/ervy.ch\\\/#\\\/schema\\\/logo\\\/image\\\/\"},\"sameAs\":[\"https:\\\/\\\/www.facebook.com\\\/ERVYSportsFashion\",\"https:\\\/\\\/www.instagram.com\\\/ervy_sports_fashion\\\/?hl=de\",\"https:\\\/\\\/www.pinterest.de\\\/ervysportsfashion\\\/\",\"https:\\\/\\\/www.youtube.com\\\/channel\\\/UCwzRAG_B8mAIfVPXGwfdYhA\",\"https:\\\/\\\/www.tiktok.com\\\/@ervysports\"]}]}<\/script>\n<meta property=\"og:availability\" content=\"backorder\" \/>\n<meta property=\"product:availability\" content=\"available for order\" \/>\n<meta property=\"product:retailer_item_id\" content=\"11805.07\/1\" \/>\n<meta property=\"product:condition\" content=\"new\" \/>\n<!-- \/ Yoast SEO Premium plugin. -->","yoast_head_json":{"title":"Schwarzer Turnanzug BRIZO\/1 - Turnanz\u00fcge Made in Germany","description":"Schwarzer Turnanzug ohne Arm. Turner Anzug mit Eleganz und Glamour. Turnanzug f\u00fcr Kinder und Erwachsene mit Glitzer. F\u00fcr Training und Wettkampf.","robots":{"index":"index","follow":"follow","max-snippet":"max-snippet:-1","max-image-preview":"max-image-preview:large","max-video-preview":"max-video-preview:-1"},"canonical":"https:\/\/ervy.ch\/produkt\/schwarzer-turnanzug-brizo-1-aermellos-tuell-strass\/","og_locale":"en_US","og_type":"article","og_title":"Schwarzer Turnanzug BRIZO\/1","og_description":"Schwarzer Turnanzug ohne Arm. Turner Anzug mit Eleganz und Glamour. Turnanzug f\u00fcr Kinder und Erwachsene mit Glitzer. F\u00fcr Training und Wettkampf.","og_url":"https:\/\/ervy.ch\/produkt\/schwarzer-turnanzug-brizo-1-aermellos-tuell-strass\/","og_site_name":"Turnanz\u00fcge Made in Germany","article_publisher":"https:\/\/www.facebook.com\/ERVYSportsFashion","article_modified_time":"2024-11-14T16:38:23+00:00","og_image":[{"width":700,"height":1000,"url":"https:\/\/ervy.ch\/wp-content\/uploads\/2021\/03\/ERVY_Turnanzug_Leotard_Justaucorps-11805-07-1_Brizo-VT.jpg","type":"image\/jpeg"}],"twitter_card":"summary_large_image","twitter_misc":{"Availability":"On backorder"},"schema":{"@context":"https:\/\/schema.org","@graph":[{"@type":"WebPage","@id":"https:\/\/ervy.ch\/produkt\/schwarzer-turnanzug-brizo-1-aermellos-tuell-strass\/","url":"https:\/\/ervy.ch\/produkt\/schwarzer-turnanzug-brizo-1-aermellos-tuell-strass\/","name":"Schwarzer Turnanzug BRIZO\/1 - Turnanz\u00fcge Made in Germany","isPartOf":{"@id":"https:\/\/ervy.ch\/#website"},"primaryImageOfPage":{"@id":"https:\/\/ervy.ch\/produkt\/schwarzer-turnanzug-brizo-1-aermellos-tuell-strass\/#primaryimage"},"image":{"@id":"https:\/\/ervy.ch\/produkt\/schwarzer-turnanzug-brizo-1-aermellos-tuell-strass\/#primaryimage"},"thumbnailUrl":"https:\/\/ervy.ch\/wp-content\/uploads\/2021\/03\/ERVY_Turnanzug_Leotard_Justaucorps-11805-07-1_Brizo-VT.jpg","datePublished":"2021-03-23T06:53:15+00:00","dateModified":"2024-11-14T16:38:23+00:00","description":"Schwarzer Turnanzug ohne Arm. Turner Anzug mit Eleganz und Glamour. Turnanzug f\u00fcr Kinder und Erwachsene mit Glitzer. F\u00fcr Training und Wettkampf.","breadcrumb":{"@id":"https:\/\/ervy.ch\/produkt\/schwarzer-turnanzug-brizo-1-aermellos-tuell-strass\/#breadcrumb"},"inLanguage":"en-US","potentialAction":[{"@type":"ReadAction","target":["https:\/\/ervy.ch\/produkt\/schwarzer-turnanzug-brizo-1-aermellos-tuell-strass\/"]}]},{"@type":"ImageObject","inLanguage":"en-US","@id":"https:\/\/ervy.ch\/produkt\/schwarzer-turnanzug-brizo-1-aermellos-tuell-strass\/#primaryimage","url":"https:\/\/ervy.ch\/wp-content\/uploads\/2021\/03\/ERVY_Turnanzug_Leotard_Justaucorps-11805-07-1_Brizo-VT.jpg","contentUrl":"https:\/\/ervy.ch\/wp-content\/uploads\/2021\/03\/ERVY_Turnanzug_Leotard_Justaucorps-11805-07-1_Brizo-VT.jpg","width":700,"height":1000,"caption":"Turnanzug, Wettkampfanzug, Gymnastikanzug, justaucorps, leotard, turnpakje"},{"@type":"BreadcrumbList","@id":"https:\/\/ervy.ch\/produkt\/schwarzer-turnanzug-brizo-1-aermellos-tuell-strass\/#breadcrumb","itemListElement":[{"@type":"ListItem","position":1,"name":"Startseite","item":"https:\/\/ervy.ch\/"},{"@type":"ListItem","position":2,"name":"Shop","item":"https:\/\/ervy.ch\/shop\/"},{"@type":"ListItem","position":3,"name":"Schwarzer Turnanzug BRIZO\/1"}]},{"@type":"WebSite","@id":"https:\/\/ervy.ch\/#website","url":"https:\/\/ervy.ch\/","name":"Turnanz\u00fcge Made in Germany","description":"ERVY Schweiz-Vertretung","publisher":{"@id":"https:\/\/ervy.ch\/#organization"},"potentialAction":[{"@type":"SearchAction","target":{"@type":"EntryPoint","urlTemplate":"https:\/\/ervy.ch\/?s={search_term_string}"},"query-input":{"@type":"PropertyValueSpecification","valueRequired":true,"valueName":"search_term_string"}}],"inLanguage":"en-US"},{"@type":"Organization","@id":"https:\/\/ervy.ch\/#organization","name":"ERVY Sports Fashion GmbH","url":"https:\/\/ervy.ch\/","logo":{"@type":"ImageObject","inLanguage":"en-US","@id":"https:\/\/ervy.ch\/#\/schema\/logo\/image\/","url":"https:\/\/ervy.ch\/wp-content\/uploads\/2021\/03\/cropped-ERVY-Logo_JUST-SPORTS_Hintergrund_300x300.png","contentUrl":"https:\/\/ervy.ch\/wp-content\/uploads\/2021\/03\/cropped-ERVY-Logo_JUST-SPORTS_Hintergrund_300x300.png","width":512,"height":512,"caption":"ERVY Sports Fashion GmbH"},"image":{"@id":"https:\/\/ervy.ch\/#\/schema\/logo\/image\/"},"sameAs":["https:\/\/www.facebook.com\/ERVYSportsFashion","https:\/\/www.instagram.com\/ervy_sports_fashion\/?hl=de","https:\/\/www.pinterest.de\/ervysportsfashion\/","https:\/\/www.youtube.com\/channel\/UCwzRAG_B8mAIfVPXGwfdYhA","https:\/\/www.tiktok.com\/@ervysports"]}]},"og_availability":"backorder","product_availability":"available for order","product_retailer_item_id":"11805.07\/1","product_condition":"new"},"_links":{"self":[{"href":"https:\/\/ervy.ch\/en\/wp-json\/wp\/v2\/product\/8969","targetHints":{"allow":["GET"]}}],"collection":[{"href":"https:\/\/ervy.ch\/en\/wp-json\/wp\/v2\/product"}],"about":[{"href":"https:\/\/ervy.ch\/en\/wp-json\/wp\/v2\/types\/product"}],"wp:featuredmedia":[{"embeddable":true,"href":"https:\/\/ervy.ch\/en\/wp-json\/wp\/v2\/media\/8973"}],"wp:attachment":[{"href":"https:\/\/ervy.ch\/en\/wp-json\/wp\/v2\/media?parent=8969"}],"wp:term":[{"taxonomy":"product_brand","embeddable":true,"href":"https:\/\/ervy.ch\/en\/wp-json\/wp\/v2\/product_brand?post=8969"},{"taxonomy":"product_cat","embeddable":true,"href":"https:\/\/ervy.ch\/en\/wp-json\/wp\/v2\/product_cat?post=8969"},{"taxonomy":"product_tag","embeddable":true,"href":"https:\/\/ervy.ch\/en\/wp-json\/wp\/v2\/product_tag?post=8969"}],"curies":[{"name":"wp","href":"https:\/\/api.w.org\/{rel}","templated":true}]}}