{"id":8948,"date":"2021-03-22T15:10:25","date_gmt":"2021-03-22T14:10:25","guid":{"rendered":"https:\/\/ervy.de\/?post_type=product&#038;p=8948"},"modified":"2025-07-01T08:11:15","modified_gmt":"2025-07-01T06:11:15","slug":"turnanzug-athea-1","status":"publish","type":"product","link":"https:\/\/ervy.ch\/en\/product\/turnanzug-athea-1\/","title":{"rendered":"Turnanzug ATHEA\/1"},"content":{"rendered":"<h3>Materialien und Farben:<\/h3>\n<table style=\"border-collapse: collapse; width: 100%;\">\n<tbody>\n<tr>\n<td style=\"width: 33.3333%;\"><strong>Lack Shine:<br \/>\n<\/strong>82% Polyamid<br \/>\n18% Elasthan<\/td>\n<td style=\"width: 33.3333%;\"><strong>Farbe C1 + Arm-und Halseinfassung (AHB)<br \/>\nFarbe C3<br \/>\nFarbe C4<\/strong><\/td>\n<td style=\"width: 33.3333%;\"><strong>16A1-schwarz<br \/>\n16G1-gold<br \/>\n16M1-lipstick<\/strong><\/td>\n<\/tr>\n<tr>\n<td style=\"width: 33.3333%;\"><strong>T\u00fcll elastisch:<\/strong><br \/>\n92% Polyamid<br \/>\n8% Elasthan<\/td>\n<td style=\"width: 33.3333%;\"><strong>Farbe C2<\/strong><\/td>\n<td style=\"width: 33.3333%;\"><strong>02A1-schwarz<\/strong><\/td>\n<\/tr>\n<tr>\n<td style=\"width: 33.3333%;\"><strong>Mikrofaser Futterstoff:<br \/>\n<\/strong>90% Polyamid<br \/>\n10% Elasthan<\/td>\n<td style=\"width: 33.3333%;\"><strong>Farbe C5<\/strong><\/p>\n<p>&nbsp;<\/td>\n<td style=\"width: 33.3333%;\"><strong>03G2-haut<\/strong><\/td>\n<\/tr>\n<\/tbody>\n<\/table>\n","protected":false},"excerpt":{"rendered":"<p>Lang\u00e4rmliger Turnanzug mit einem runden Halsausschnitt, T\u00fcllbereich oben mit Futterstoff<br \/>\nStrasssmotive: B392 vorne, G393 am rechten \u00c4rmel<\/p>\n<p>Du ben\u00f6tigst eine andere Gr\u00f6\u00dfe? Kontaktiere uns direkt f\u00fcr eine Bestellung als\u00a0Sonderanfertigung, welche von R\u00fcckgabe und Umtausch ausgeschlossen ist.<\/p>\n","protected":false},"featured_media":8951,"template":"","meta":[],"product_brand":[],"product_cat":[132,142,147,1698,126,86,90,85],"product_tag":[515,514,364,520],"class_list":{"0":"post-8948","1":"product","2":"type-product","3":"status-publish","4":"has-post-thumbnail","6":"product_cat-akrobatik","7":"product_cat-kunstrad","8":"product_cat-rhoenrad","9":"product_cat-lagerartikel","10":"product_cat-teamgym","11":"product_cat-trampolin","12":"product_cat-turnanzuege-fuer-training-und-wettkampf","13":"product_cat-turnbekleidung-kinder-und-erwachsene","14":"product_tag-justaucorps","15":"product_tag-leotard","16":"product_tag-turnanzug","17":"product_tag-turnpakje","18":"pa_farbe-gold","19":"pa_farbe-haut","20":"pa_farbe-lipstick","21":"pa_farbe-schwarz","22":"pa_geschlecht-frauen","23":"pa_geschlecht-maedchen","24":"pa_groesse-794","25":"pa_grundfarbe-gelb","26":"pa_grundfarbe-pink","27":"pa_grundfarbe-schwarz","28":"pa_material-lack-shine","29":"pa_material-mikrofaser","30":"pa_material-tuell-elastisch","31":"pa_produktart-turnanzug","32":"pa_sportart-akrobatik","33":"pa_sportart-rhoenrad","34":"pa_sportart-ringen","35":"pa_sportart-teamgym","36":"pa_sportart-trampolin","37":"pa_sportart-turnen","38":"pa_veredelung-strass","39":"pa_weitere-ausfuehrung-mit-futterstoff","41":"first","42":"instock","43":"taxable","44":"shipping-taxable","45":"purchasable","46":"product-type-variable"},"yoast_head":"<!-- This site is optimized with the Yoast SEO Premium plugin v27.5 (Yoast SEO v27.5) - https:\/\/yoast.com\/product\/yoast-seo-premium-wordpress\/ -->\n<title>Turnanzug ATHEA\/1 - Turnanz\u00fcge Made in Germany<\/title>\n<meta name=\"robots\" content=\"index, follow, max-snippet:-1, max-image-preview:large, max-video-preview:-1\" \/>\n<link rel=\"canonical\" href=\"https:\/\/ervy.ch\/produkt\/turnanzug-athea-1\/\" \/>\n<meta property=\"og:locale\" content=\"en_US\" \/>\n<meta property=\"og:type\" content=\"article\" \/>\n<meta property=\"og:title\" content=\"Turnanzug ATHEA\/1\" \/>\n<meta property=\"og:description\" content=\"Lang\u00e4rmliger Turnanzug mit einem runden Halsausschnitt, T\u00fcllbereich oben mit Futterstoff Strasssmotive: B392 vorne, G393 am rechten \u00c4rmel  Du ben\u00f6tigst eine andere Gr\u00f6\u00dfe? Kontaktiere uns direkt f\u00fcr eine Bestellung als\u00a0Sonderanfertigung, welche von R\u00fcckgabe und Umtausch ausgeschlossen ist.\" \/>\n<meta property=\"og:url\" content=\"https:\/\/ervy.ch\/produkt\/turnanzug-athea-1\/\" \/>\n<meta property=\"og:site_name\" content=\"Turnanz\u00fcge Made in Germany\" \/>\n<meta property=\"article:publisher\" content=\"https:\/\/www.facebook.com\/ERVYSportsFashion\" \/>\n<meta property=\"article:modified_time\" content=\"2025-07-01T06:11:15+00:00\" \/>\n<meta property=\"og:image\" content=\"https:\/\/ervy.ch\/wp-content\/uploads\/2021\/03\/ERVY_Turnanzug_Leotard_Justaucorps-11803-08-1_Athea-VT.jpg\" \/>\n\t<meta property=\"og:image:width\" content=\"700\" \/>\n\t<meta property=\"og:image:height\" content=\"1000\" \/>\n\t<meta property=\"og:image:type\" content=\"image\/jpeg\" \/>\n<meta name=\"twitter:card\" content=\"summary_large_image\" \/>\n<meta name=\"twitter:label1\" content=\"Availability\" \/>\n\t<meta name=\"twitter:data1\" content=\"In stock\" \/>\n<script type=\"application\/ld+json\" class=\"yoast-schema-graph\">{\"@context\":\"https:\\\/\\\/schema.org\",\"@graph\":[{\"@type\":\"WebPage\",\"@id\":\"https:\\\/\\\/ervy.ch\\\/produkt\\\/turnanzug-athea-1\\\/\",\"url\":\"https:\\\/\\\/ervy.ch\\\/produkt\\\/turnanzug-athea-1\\\/\",\"name\":\"Turnanzug ATHEA\\\/1 - Turnanz\u00fcge Made in Germany\",\"isPartOf\":{\"@id\":\"https:\\\/\\\/ervy.ch\\\/#website\"},\"primaryImageOfPage\":{\"@id\":\"https:\\\/\\\/ervy.ch\\\/produkt\\\/turnanzug-athea-1\\\/#primaryimage\"},\"image\":{\"@id\":\"https:\\\/\\\/ervy.ch\\\/produkt\\\/turnanzug-athea-1\\\/#primaryimage\"},\"thumbnailUrl\":\"https:\\\/\\\/ervy.ch\\\/wp-content\\\/uploads\\\/2021\\\/03\\\/ERVY_Turnanzug_Leotard_Justaucorps-11803-08-1_Athea-VT.jpg\",\"datePublished\":\"2021-03-22T14:10:25+00:00\",\"dateModified\":\"2025-07-01T06:11:15+00:00\",\"breadcrumb\":{\"@id\":\"https:\\\/\\\/ervy.ch\\\/produkt\\\/turnanzug-athea-1\\\/#breadcrumb\"},\"inLanguage\":\"en-US\",\"potentialAction\":[{\"@type\":\"ReadAction\",\"target\":[\"https:\\\/\\\/ervy.ch\\\/produkt\\\/turnanzug-athea-1\\\/\"]}]},{\"@type\":\"ImageObject\",\"inLanguage\":\"en-US\",\"@id\":\"https:\\\/\\\/ervy.ch\\\/produkt\\\/turnanzug-athea-1\\\/#primaryimage\",\"url\":\"https:\\\/\\\/ervy.ch\\\/wp-content\\\/uploads\\\/2021\\\/03\\\/ERVY_Turnanzug_Leotard_Justaucorps-11803-08-1_Athea-VT.jpg\",\"contentUrl\":\"https:\\\/\\\/ervy.ch\\\/wp-content\\\/uploads\\\/2021\\\/03\\\/ERVY_Turnanzug_Leotard_Justaucorps-11803-08-1_Athea-VT.jpg\",\"width\":700,\"height\":1000,\"caption\":\"https:\\\/\\\/ervy.ch\\\/wp-content\\\/uploads\\\/2021\\\/03\\\/ERVY_Turnanzug_Leotard_Justaucorps-11803-08-1_Athea-RT2.jpg\"},{\"@type\":\"BreadcrumbList\",\"@id\":\"https:\\\/\\\/ervy.ch\\\/produkt\\\/turnanzug-athea-1\\\/#breadcrumb\",\"itemListElement\":[{\"@type\":\"ListItem\",\"position\":1,\"name\":\"Startseite\",\"item\":\"https:\\\/\\\/ervy.ch\\\/\"},{\"@type\":\"ListItem\",\"position\":2,\"name\":\"Shop\",\"item\":\"https:\\\/\\\/ervy.ch\\\/shop\\\/\"},{\"@type\":\"ListItem\",\"position\":3,\"name\":\"Turnanzug ATHEA\\\/1\"}]},{\"@type\":\"WebSite\",\"@id\":\"https:\\\/\\\/ervy.ch\\\/#website\",\"url\":\"https:\\\/\\\/ervy.ch\\\/\",\"name\":\"Turnanz\u00fcge Made in Germany\",\"description\":\"ERVY Schweiz-Vertretung\",\"publisher\":{\"@id\":\"https:\\\/\\\/ervy.ch\\\/#organization\"},\"potentialAction\":[{\"@type\":\"SearchAction\",\"target\":{\"@type\":\"EntryPoint\",\"urlTemplate\":\"https:\\\/\\\/ervy.ch\\\/?s={search_term_string}\"},\"query-input\":{\"@type\":\"PropertyValueSpecification\",\"valueRequired\":true,\"valueName\":\"search_term_string\"}}],\"inLanguage\":\"en-US\"},{\"@type\":\"Organization\",\"@id\":\"https:\\\/\\\/ervy.ch\\\/#organization\",\"name\":\"ERVY Sports Fashion GmbH\",\"url\":\"https:\\\/\\\/ervy.ch\\\/\",\"logo\":{\"@type\":\"ImageObject\",\"inLanguage\":\"en-US\",\"@id\":\"https:\\\/\\\/ervy.ch\\\/#\\\/schema\\\/logo\\\/image\\\/\",\"url\":\"https:\\\/\\\/ervy.ch\\\/wp-content\\\/uploads\\\/2021\\\/03\\\/cropped-ERVY-Logo_JUST-SPORTS_Hintergrund_300x300.png\",\"contentUrl\":\"https:\\\/\\\/ervy.ch\\\/wp-content\\\/uploads\\\/2021\\\/03\\\/cropped-ERVY-Logo_JUST-SPORTS_Hintergrund_300x300.png\",\"width\":512,\"height\":512,\"caption\":\"ERVY Sports Fashion GmbH\"},\"image\":{\"@id\":\"https:\\\/\\\/ervy.ch\\\/#\\\/schema\\\/logo\\\/image\\\/\"},\"sameAs\":[\"https:\\\/\\\/www.facebook.com\\\/ERVYSportsFashion\",\"https:\\\/\\\/www.instagram.com\\\/ervy_sports_fashion\\\/?hl=de\",\"https:\\\/\\\/www.pinterest.de\\\/ervysportsfashion\\\/\",\"https:\\\/\\\/www.youtube.com\\\/channel\\\/UCwzRAG_B8mAIfVPXGwfdYhA\",\"https:\\\/\\\/www.tiktok.com\\\/@ervysports\"]}]}<\/script>\n<meta property=\"og:availability\" content=\"instock\" \/>\n<meta property=\"product:availability\" content=\"instock\" \/>\n<meta property=\"product:retailer_item_id\" content=\"11803.08\/1\" \/>\n<meta property=\"product:condition\" content=\"new\" \/>\n<!-- \/ Yoast SEO Premium plugin. -->","yoast_head_json":{"title":"Turnanzug ATHEA\/1 - Turnanz\u00fcge Made in Germany","robots":{"index":"index","follow":"follow","max-snippet":"max-snippet:-1","max-image-preview":"max-image-preview:large","max-video-preview":"max-video-preview:-1"},"canonical":"https:\/\/ervy.ch\/produkt\/turnanzug-athea-1\/","og_locale":"en_US","og_type":"article","og_title":"Turnanzug ATHEA\/1","og_description":"Lang\u00e4rmliger Turnanzug mit einem runden Halsausschnitt, T\u00fcllbereich oben mit Futterstoff Strasssmotive: B392 vorne, G393 am rechten \u00c4rmel  Du ben\u00f6tigst eine andere Gr\u00f6\u00dfe? Kontaktiere uns direkt f\u00fcr eine Bestellung als\u00a0Sonderanfertigung, welche von R\u00fcckgabe und Umtausch ausgeschlossen ist.","og_url":"https:\/\/ervy.ch\/produkt\/turnanzug-athea-1\/","og_site_name":"Turnanz\u00fcge Made in Germany","article_publisher":"https:\/\/www.facebook.com\/ERVYSportsFashion","article_modified_time":"2025-07-01T06:11:15+00:00","og_image":[{"width":700,"height":1000,"url":"https:\/\/ervy.ch\/wp-content\/uploads\/2021\/03\/ERVY_Turnanzug_Leotard_Justaucorps-11803-08-1_Athea-VT.jpg","type":"image\/jpeg"}],"twitter_card":"summary_large_image","twitter_misc":{"Availability":"In stock"},"schema":{"@context":"https:\/\/schema.org","@graph":[{"@type":"WebPage","@id":"https:\/\/ervy.ch\/produkt\/turnanzug-athea-1\/","url":"https:\/\/ervy.ch\/produkt\/turnanzug-athea-1\/","name":"Turnanzug ATHEA\/1 - Turnanz\u00fcge Made in Germany","isPartOf":{"@id":"https:\/\/ervy.ch\/#website"},"primaryImageOfPage":{"@id":"https:\/\/ervy.ch\/produkt\/turnanzug-athea-1\/#primaryimage"},"image":{"@id":"https:\/\/ervy.ch\/produkt\/turnanzug-athea-1\/#primaryimage"},"thumbnailUrl":"https:\/\/ervy.ch\/wp-content\/uploads\/2021\/03\/ERVY_Turnanzug_Leotard_Justaucorps-11803-08-1_Athea-VT.jpg","datePublished":"2021-03-22T14:10:25+00:00","dateModified":"2025-07-01T06:11:15+00:00","breadcrumb":{"@id":"https:\/\/ervy.ch\/produkt\/turnanzug-athea-1\/#breadcrumb"},"inLanguage":"en-US","potentialAction":[{"@type":"ReadAction","target":["https:\/\/ervy.ch\/produkt\/turnanzug-athea-1\/"]}]},{"@type":"ImageObject","inLanguage":"en-US","@id":"https:\/\/ervy.ch\/produkt\/turnanzug-athea-1\/#primaryimage","url":"https:\/\/ervy.ch\/wp-content\/uploads\/2021\/03\/ERVY_Turnanzug_Leotard_Justaucorps-11803-08-1_Athea-VT.jpg","contentUrl":"https:\/\/ervy.ch\/wp-content\/uploads\/2021\/03\/ERVY_Turnanzug_Leotard_Justaucorps-11803-08-1_Athea-VT.jpg","width":700,"height":1000,"caption":"https:\/\/ervy.ch\/wp-content\/uploads\/2021\/03\/ERVY_Turnanzug_Leotard_Justaucorps-11803-08-1_Athea-RT2.jpg"},{"@type":"BreadcrumbList","@id":"https:\/\/ervy.ch\/produkt\/turnanzug-athea-1\/#breadcrumb","itemListElement":[{"@type":"ListItem","position":1,"name":"Startseite","item":"https:\/\/ervy.ch\/"},{"@type":"ListItem","position":2,"name":"Shop","item":"https:\/\/ervy.ch\/shop\/"},{"@type":"ListItem","position":3,"name":"Turnanzug ATHEA\/1"}]},{"@type":"WebSite","@id":"https:\/\/ervy.ch\/#website","url":"https:\/\/ervy.ch\/","name":"Turnanz\u00fcge Made in Germany","description":"ERVY Schweiz-Vertretung","publisher":{"@id":"https:\/\/ervy.ch\/#organization"},"potentialAction":[{"@type":"SearchAction","target":{"@type":"EntryPoint","urlTemplate":"https:\/\/ervy.ch\/?s={search_term_string}"},"query-input":{"@type":"PropertyValueSpecification","valueRequired":true,"valueName":"search_term_string"}}],"inLanguage":"en-US"},{"@type":"Organization","@id":"https:\/\/ervy.ch\/#organization","name":"ERVY Sports Fashion GmbH","url":"https:\/\/ervy.ch\/","logo":{"@type":"ImageObject","inLanguage":"en-US","@id":"https:\/\/ervy.ch\/#\/schema\/logo\/image\/","url":"https:\/\/ervy.ch\/wp-content\/uploads\/2021\/03\/cropped-ERVY-Logo_JUST-SPORTS_Hintergrund_300x300.png","contentUrl":"https:\/\/ervy.ch\/wp-content\/uploads\/2021\/03\/cropped-ERVY-Logo_JUST-SPORTS_Hintergrund_300x300.png","width":512,"height":512,"caption":"ERVY Sports Fashion GmbH"},"image":{"@id":"https:\/\/ervy.ch\/#\/schema\/logo\/image\/"},"sameAs":["https:\/\/www.facebook.com\/ERVYSportsFashion","https:\/\/www.instagram.com\/ervy_sports_fashion\/?hl=de","https:\/\/www.pinterest.de\/ervysportsfashion\/","https:\/\/www.youtube.com\/channel\/UCwzRAG_B8mAIfVPXGwfdYhA","https:\/\/www.tiktok.com\/@ervysports"]}]},"og_availability":"instock","product_availability":"instock","product_retailer_item_id":"11803.08\/1","product_condition":"new"},"_links":{"self":[{"href":"https:\/\/ervy.ch\/en\/wp-json\/wp\/v2\/product\/8948","targetHints":{"allow":["GET"]}}],"collection":[{"href":"https:\/\/ervy.ch\/en\/wp-json\/wp\/v2\/product"}],"about":[{"href":"https:\/\/ervy.ch\/en\/wp-json\/wp\/v2\/types\/product"}],"wp:featuredmedia":[{"embeddable":true,"href":"https:\/\/ervy.ch\/en\/wp-json\/wp\/v2\/media\/8951"}],"wp:attachment":[{"href":"https:\/\/ervy.ch\/en\/wp-json\/wp\/v2\/media?parent=8948"}],"wp:term":[{"taxonomy":"product_brand","embeddable":true,"href":"https:\/\/ervy.ch\/en\/wp-json\/wp\/v2\/product_brand?post=8948"},{"taxonomy":"product_cat","embeddable":true,"href":"https:\/\/ervy.ch\/en\/wp-json\/wp\/v2\/product_cat?post=8948"},{"taxonomy":"product_tag","embeddable":true,"href":"https:\/\/ervy.ch\/en\/wp-json\/wp\/v2\/product_tag?post=8948"}],"curies":[{"name":"wp","href":"https:\/\/api.w.org\/{rel}","templated":true}]}}