{"id":8854,"date":"2021-03-19T10:05:21","date_gmt":"2021-03-19T09:05:21","guid":{"rendered":"https:\/\/ervy.de\/?post_type=product&#038;p=8854"},"modified":"2025-07-01T09:56:44","modified_gmt":"2025-07-01T07:56:44","slug":"turnanzug-phoebe-4","status":"publish","type":"product","link":"https:\/\/ervy.ch\/en\/product\/turnanzug-phoebe-4\/","title":{"rendered":"Turnanzug PHOEBE\/4"},"content":{"rendered":"<h3>Materialien und Farben:<\/h3>\n<table style=\"border-collapse: collapse; width: 100%;\">\n<tbody>\n<tr>\n<td style=\"width: 33.3333%;\"><strong>Lack Shine:<br \/>\n<\/strong>82% Polyamid<br \/>\n18% Elasthan<\/td>\n<td style=\"width: 33.3333%;\"><strong>Farbe C1<br \/>\nFarbe C3 + Halseinfassung (HB)<\/strong><\/td>\n<td style=\"width: 33.3333%;\"><strong>16U2-tinte<br \/>\n16K4-hellrot<\/strong><\/td>\n<\/tr>\n<tr>\n<td style=\"width: 33.3333%;\"><strong>T\u00fcll elastisch:<\/strong><br \/>\n92% Polyamid<br \/>\n8% Elasthan<\/td>\n<td style=\"width: 33.3333%;\"><strong>Farbe C2<\/strong><\/td>\n<td style=\"width: 33.3333%;\"><strong>02U2-tinte<\/strong><\/td>\n<\/tr>\n<tr>\n<td style=\"width: 33.3333%;\"><strong>Lack Shine:<br \/>\n<\/strong>82% Polyester<br \/>\n18% Elasthan<\/td>\n<td style=\"width: 33.3333%;\"><strong>Farbe C4<\/strong><\/td>\n<td style=\"width: 33.3333%;\"><strong>16D1-wei\u00df<\/strong><\/td>\n<\/tr>\n<tr>\n<td style=\"width: 33.3333%;\"><strong>Futterstoff Mikrofaser:<\/strong><br \/>\n90% Polyamid<br \/>\n10% Elasthan<\/td>\n<td style=\"width: 33.3333%;\"><strong>Farbe C5<\/strong><\/td>\n<td style=\"width: 33.3333%;\"><strong>03G2-haut<\/strong><\/td>\n<\/tr>\n<\/tbody>\n<\/table>\n","protected":false},"excerpt":{"rendered":"<p>Lang\u00e4rmliger Turnanzug mit einem V-Halsausschnitt, T\u00fcllbereich oben mit Futterstoff<br \/>\nStrassmotive: R380 vorne, R381 an beiden Armen<\/p>\n<p>Wundersch\u00f6ner dunkelblauer Turnanzug mit blauen T\u00fcllarmen und roten dynamischen Applikation am Arm, \u00fcber der Brust und im R\u00fccken.<\/p>\n<p>Du ben\u00f6tigst eine andere Gr\u00f6\u00dfe? Kontaktiere uns direkt f\u00fcr eine Bestellung als\u00a0Sonderanfertigung, welche von R\u00fcckgabe und Umtausch ausgeschlossen ist.<\/p>\n","protected":false},"featured_media":8857,"template":"","meta":[],"product_brand":[],"product_cat":[132,142,147,1698,126,86,90,85],"product_tag":[620,515,514,364,520],"class_list":{"0":"post-8854","1":"product","2":"type-product","3":"status-publish","4":"has-post-thumbnail","6":"product_cat-akrobatik","7":"product_cat-kunstrad","8":"product_cat-rhoenrad","9":"product_cat-lagerartikel","10":"product_cat-teamgym","11":"product_cat-trampolin","12":"product_cat-turnanzuege-fuer-training-und-wettkampf","13":"product_cat-turnbekleidung-kinder-und-erwachsene","14":"product_tag-gymnastikanzug","15":"product_tag-justaucorps","16":"product_tag-leotard","17":"product_tag-turnanzug","18":"product_tag-turnpakje","19":"pa_farbe-haut","20":"pa_farbe-hellrot","21":"pa_farbe-tinte","22":"pa_farbe-weiss","23":"pa_geschlecht-frauen","24":"pa_geschlecht-maedchen","25":"pa_groesse-793","26":"pa_grundfarbe-blau","27":"pa_grundfarbe-rot","28":"pa_grundfarbe-weiss","29":"pa_material-lack-shine","30":"pa_material-mikrofaser","31":"pa_material-tuell-elastisch","32":"pa_produktart-turnanzug","33":"pa_sportart-akrobatik","34":"pa_sportart-kunstrad","35":"pa_sportart-rhoenrad","36":"pa_sportart-teamgym","37":"pa_sportart-trampolin","38":"pa_sportart-turnen","39":"pa_veredelung-strass","40":"pa_weitere-ausfuehrung-mit-futterstoff","42":"first","43":"instock","44":"taxable","45":"shipping-taxable","46":"purchasable","47":"product-type-variable"},"yoast_head":"<!-- This site is optimized with the Yoast SEO Premium plugin v27.3 (Yoast SEO v27.4) - https:\/\/yoast.com\/product\/yoast-seo-premium-wordpress\/ -->\n<title>Turnanzug PHOEBE\/4 - Turnanz\u00fcge Made in Germany<\/title>\n<meta name=\"robots\" content=\"index, follow, max-snippet:-1, max-image-preview:large, max-video-preview:-1\" \/>\n<link rel=\"canonical\" href=\"https:\/\/ervy.ch\/produkt\/turnanzug-phoebe-4\/\" \/>\n<meta property=\"og:locale\" content=\"en_US\" \/>\n<meta property=\"og:type\" content=\"article\" \/>\n<meta property=\"og:title\" content=\"Turnanzug PHOEBE\/4\" \/>\n<meta property=\"og:description\" content=\"Lang\u00e4rmliger Turnanzug mit einem V-Halsausschnitt, T\u00fcllbereich oben mit Futterstoff Strassmotive: R380 vorne, R381 an beiden Armen  Wundersch\u00f6ner dunkelblauer Turnanzug mit blauen T\u00fcllarmen und roten dynamischen Applikation am Arm, \u00fcber der Brust und im R\u00fccken.  Du ben\u00f6tigst eine andere Gr\u00f6\u00dfe? Kontaktiere uns direkt f\u00fcr eine Bestellung als\u00a0Sonderanfertigung, welche von R\u00fcckgabe und Umtausch ausgeschlossen ist.\" \/>\n<meta property=\"og:url\" content=\"https:\/\/ervy.ch\/produkt\/turnanzug-phoebe-4\/\" \/>\n<meta property=\"og:site_name\" content=\"Turnanz\u00fcge Made in Germany\" \/>\n<meta property=\"article:publisher\" content=\"https:\/\/www.facebook.com\/ERVYSportsFashion\" \/>\n<meta property=\"article:modified_time\" content=\"2025-07-01T07:56:44+00:00\" \/>\n<meta property=\"og:image\" content=\"https:\/\/ervy.ch\/wp-content\/uploads\/2021\/03\/11729.08_4_Phoebe-VT.jpg\" \/>\n\t<meta property=\"og:image:width\" content=\"700\" \/>\n\t<meta property=\"og:image:height\" content=\"1000\" \/>\n\t<meta property=\"og:image:type\" content=\"image\/jpeg\" \/>\n<meta name=\"twitter:card\" content=\"summary_large_image\" \/>\n<meta name=\"twitter:label1\" content=\"Availability\" \/>\n\t<meta name=\"twitter:data1\" content=\"In stock\" \/>\n<script type=\"application\/ld+json\" class=\"yoast-schema-graph\">{\"@context\":\"https:\\\/\\\/schema.org\",\"@graph\":[{\"@type\":\"WebPage\",\"@id\":\"https:\\\/\\\/ervy.ch\\\/produkt\\\/turnanzug-phoebe-4\\\/\",\"url\":\"https:\\\/\\\/ervy.ch\\\/produkt\\\/turnanzug-phoebe-4\\\/\",\"name\":\"Turnanzug PHOEBE\\\/4 - Turnanz\u00fcge Made in Germany\",\"isPartOf\":{\"@id\":\"https:\\\/\\\/ervy.ch\\\/#website\"},\"primaryImageOfPage\":{\"@id\":\"https:\\\/\\\/ervy.ch\\\/produkt\\\/turnanzug-phoebe-4\\\/#primaryimage\"},\"image\":{\"@id\":\"https:\\\/\\\/ervy.ch\\\/produkt\\\/turnanzug-phoebe-4\\\/#primaryimage\"},\"thumbnailUrl\":\"https:\\\/\\\/ervy.ch\\\/wp-content\\\/uploads\\\/2021\\\/03\\\/11729.08_4_Phoebe-VT.jpg\",\"datePublished\":\"2021-03-19T09:05:21+00:00\",\"dateModified\":\"2025-07-01T07:56:44+00:00\",\"breadcrumb\":{\"@id\":\"https:\\\/\\\/ervy.ch\\\/produkt\\\/turnanzug-phoebe-4\\\/#breadcrumb\"},\"inLanguage\":\"en-US\",\"potentialAction\":[{\"@type\":\"ReadAction\",\"target\":[\"https:\\\/\\\/ervy.ch\\\/produkt\\\/turnanzug-phoebe-4\\\/\"]}]},{\"@type\":\"ImageObject\",\"inLanguage\":\"en-US\",\"@id\":\"https:\\\/\\\/ervy.ch\\\/produkt\\\/turnanzug-phoebe-4\\\/#primaryimage\",\"url\":\"https:\\\/\\\/ervy.ch\\\/wp-content\\\/uploads\\\/2021\\\/03\\\/11729.08_4_Phoebe-VT.jpg\",\"contentUrl\":\"https:\\\/\\\/ervy.ch\\\/wp-content\\\/uploads\\\/2021\\\/03\\\/11729.08_4_Phoebe-VT.jpg\",\"width\":700,\"height\":1000,\"caption\":\"Turnanzug, Wettkampfanzug, Gymnastikanzug, justaucorps, leotard, turnpakje\"},{\"@type\":\"BreadcrumbList\",\"@id\":\"https:\\\/\\\/ervy.ch\\\/produkt\\\/turnanzug-phoebe-4\\\/#breadcrumb\",\"itemListElement\":[{\"@type\":\"ListItem\",\"position\":1,\"name\":\"Startseite\",\"item\":\"https:\\\/\\\/ervy.ch\\\/\"},{\"@type\":\"ListItem\",\"position\":2,\"name\":\"Shop\",\"item\":\"https:\\\/\\\/ervy.ch\\\/shop\\\/\"},{\"@type\":\"ListItem\",\"position\":3,\"name\":\"Turnanzug PHOEBE\\\/4\"}]},{\"@type\":\"WebSite\",\"@id\":\"https:\\\/\\\/ervy.ch\\\/#website\",\"url\":\"https:\\\/\\\/ervy.ch\\\/\",\"name\":\"Turnanz\u00fcge Made in Germany\",\"description\":\"ERVY Schweiz-Vertretung\",\"publisher\":{\"@id\":\"https:\\\/\\\/ervy.ch\\\/#organization\"},\"potentialAction\":[{\"@type\":\"SearchAction\",\"target\":{\"@type\":\"EntryPoint\",\"urlTemplate\":\"https:\\\/\\\/ervy.ch\\\/?s={search_term_string}\"},\"query-input\":{\"@type\":\"PropertyValueSpecification\",\"valueRequired\":true,\"valueName\":\"search_term_string\"}}],\"inLanguage\":\"en-US\"},{\"@type\":\"Organization\",\"@id\":\"https:\\\/\\\/ervy.ch\\\/#organization\",\"name\":\"ERVY Sports Fashion GmbH\",\"url\":\"https:\\\/\\\/ervy.ch\\\/\",\"logo\":{\"@type\":\"ImageObject\",\"inLanguage\":\"en-US\",\"@id\":\"https:\\\/\\\/ervy.ch\\\/#\\\/schema\\\/logo\\\/image\\\/\",\"url\":\"https:\\\/\\\/ervy.ch\\\/wp-content\\\/uploads\\\/2021\\\/03\\\/cropped-ERVY-Logo_JUST-SPORTS_Hintergrund_300x300.png\",\"contentUrl\":\"https:\\\/\\\/ervy.ch\\\/wp-content\\\/uploads\\\/2021\\\/03\\\/cropped-ERVY-Logo_JUST-SPORTS_Hintergrund_300x300.png\",\"width\":512,\"height\":512,\"caption\":\"ERVY Sports Fashion GmbH\"},\"image\":{\"@id\":\"https:\\\/\\\/ervy.ch\\\/#\\\/schema\\\/logo\\\/image\\\/\"},\"sameAs\":[\"https:\\\/\\\/www.facebook.com\\\/ERVYSportsFashion\",\"https:\\\/\\\/www.instagram.com\\\/ervy_sports_fashion\\\/?hl=de\",\"https:\\\/\\\/www.pinterest.de\\\/ervysportsfashion\\\/\",\"https:\\\/\\\/www.youtube.com\\\/channel\\\/UCwzRAG_B8mAIfVPXGwfdYhA\",\"https:\\\/\\\/www.tiktok.com\\\/@ervysports\"]}]}<\/script>\n<meta property=\"og:availability\" content=\"instock\" \/>\n<meta property=\"product:availability\" content=\"instock\" \/>\n<meta property=\"product:retailer_item_id\" content=\"11729.08\/4\" \/>\n<meta property=\"product:condition\" content=\"new\" \/>\n<!-- \/ Yoast SEO Premium plugin. -->","yoast_head_json":{"title":"Turnanzug PHOEBE\/4 - Turnanz\u00fcge Made in Germany","robots":{"index":"index","follow":"follow","max-snippet":"max-snippet:-1","max-image-preview":"max-image-preview:large","max-video-preview":"max-video-preview:-1"},"canonical":"https:\/\/ervy.ch\/produkt\/turnanzug-phoebe-4\/","og_locale":"en_US","og_type":"article","og_title":"Turnanzug PHOEBE\/4","og_description":"Lang\u00e4rmliger Turnanzug mit einem V-Halsausschnitt, T\u00fcllbereich oben mit Futterstoff Strassmotive: R380 vorne, R381 an beiden Armen  Wundersch\u00f6ner dunkelblauer Turnanzug mit blauen T\u00fcllarmen und roten dynamischen Applikation am Arm, \u00fcber der Brust und im R\u00fccken.  Du ben\u00f6tigst eine andere Gr\u00f6\u00dfe? Kontaktiere uns direkt f\u00fcr eine Bestellung als\u00a0Sonderanfertigung, welche von R\u00fcckgabe und Umtausch ausgeschlossen ist.","og_url":"https:\/\/ervy.ch\/produkt\/turnanzug-phoebe-4\/","og_site_name":"Turnanz\u00fcge Made in Germany","article_publisher":"https:\/\/www.facebook.com\/ERVYSportsFashion","article_modified_time":"2025-07-01T07:56:44+00:00","og_image":[{"width":700,"height":1000,"url":"https:\/\/ervy.ch\/wp-content\/uploads\/2021\/03\/11729.08_4_Phoebe-VT.jpg","type":"image\/jpeg"}],"twitter_card":"summary_large_image","twitter_misc":{"Availability":"In stock"},"schema":{"@context":"https:\/\/schema.org","@graph":[{"@type":"WebPage","@id":"https:\/\/ervy.ch\/produkt\/turnanzug-phoebe-4\/","url":"https:\/\/ervy.ch\/produkt\/turnanzug-phoebe-4\/","name":"Turnanzug PHOEBE\/4 - Turnanz\u00fcge Made in Germany","isPartOf":{"@id":"https:\/\/ervy.ch\/#website"},"primaryImageOfPage":{"@id":"https:\/\/ervy.ch\/produkt\/turnanzug-phoebe-4\/#primaryimage"},"image":{"@id":"https:\/\/ervy.ch\/produkt\/turnanzug-phoebe-4\/#primaryimage"},"thumbnailUrl":"https:\/\/ervy.ch\/wp-content\/uploads\/2021\/03\/11729.08_4_Phoebe-VT.jpg","datePublished":"2021-03-19T09:05:21+00:00","dateModified":"2025-07-01T07:56:44+00:00","breadcrumb":{"@id":"https:\/\/ervy.ch\/produkt\/turnanzug-phoebe-4\/#breadcrumb"},"inLanguage":"en-US","potentialAction":[{"@type":"ReadAction","target":["https:\/\/ervy.ch\/produkt\/turnanzug-phoebe-4\/"]}]},{"@type":"ImageObject","inLanguage":"en-US","@id":"https:\/\/ervy.ch\/produkt\/turnanzug-phoebe-4\/#primaryimage","url":"https:\/\/ervy.ch\/wp-content\/uploads\/2021\/03\/11729.08_4_Phoebe-VT.jpg","contentUrl":"https:\/\/ervy.ch\/wp-content\/uploads\/2021\/03\/11729.08_4_Phoebe-VT.jpg","width":700,"height":1000,"caption":"Turnanzug, Wettkampfanzug, Gymnastikanzug, justaucorps, leotard, turnpakje"},{"@type":"BreadcrumbList","@id":"https:\/\/ervy.ch\/produkt\/turnanzug-phoebe-4\/#breadcrumb","itemListElement":[{"@type":"ListItem","position":1,"name":"Startseite","item":"https:\/\/ervy.ch\/"},{"@type":"ListItem","position":2,"name":"Shop","item":"https:\/\/ervy.ch\/shop\/"},{"@type":"ListItem","position":3,"name":"Turnanzug PHOEBE\/4"}]},{"@type":"WebSite","@id":"https:\/\/ervy.ch\/#website","url":"https:\/\/ervy.ch\/","name":"Turnanz\u00fcge Made in Germany","description":"ERVY Schweiz-Vertretung","publisher":{"@id":"https:\/\/ervy.ch\/#organization"},"potentialAction":[{"@type":"SearchAction","target":{"@type":"EntryPoint","urlTemplate":"https:\/\/ervy.ch\/?s={search_term_string}"},"query-input":{"@type":"PropertyValueSpecification","valueRequired":true,"valueName":"search_term_string"}}],"inLanguage":"en-US"},{"@type":"Organization","@id":"https:\/\/ervy.ch\/#organization","name":"ERVY Sports Fashion GmbH","url":"https:\/\/ervy.ch\/","logo":{"@type":"ImageObject","inLanguage":"en-US","@id":"https:\/\/ervy.ch\/#\/schema\/logo\/image\/","url":"https:\/\/ervy.ch\/wp-content\/uploads\/2021\/03\/cropped-ERVY-Logo_JUST-SPORTS_Hintergrund_300x300.png","contentUrl":"https:\/\/ervy.ch\/wp-content\/uploads\/2021\/03\/cropped-ERVY-Logo_JUST-SPORTS_Hintergrund_300x300.png","width":512,"height":512,"caption":"ERVY Sports Fashion GmbH"},"image":{"@id":"https:\/\/ervy.ch\/#\/schema\/logo\/image\/"},"sameAs":["https:\/\/www.facebook.com\/ERVYSportsFashion","https:\/\/www.instagram.com\/ervy_sports_fashion\/?hl=de","https:\/\/www.pinterest.de\/ervysportsfashion\/","https:\/\/www.youtube.com\/channel\/UCwzRAG_B8mAIfVPXGwfdYhA","https:\/\/www.tiktok.com\/@ervysports"]}]},"og_availability":"instock","product_availability":"instock","product_retailer_item_id":"11729.08\/4","product_condition":"new"},"_links":{"self":[{"href":"https:\/\/ervy.ch\/en\/wp-json\/wp\/v2\/product\/8854","targetHints":{"allow":["GET"]}}],"collection":[{"href":"https:\/\/ervy.ch\/en\/wp-json\/wp\/v2\/product"}],"about":[{"href":"https:\/\/ervy.ch\/en\/wp-json\/wp\/v2\/types\/product"}],"wp:featuredmedia":[{"embeddable":true,"href":"https:\/\/ervy.ch\/en\/wp-json\/wp\/v2\/media\/8857"}],"wp:attachment":[{"href":"https:\/\/ervy.ch\/en\/wp-json\/wp\/v2\/media?parent=8854"}],"wp:term":[{"taxonomy":"product_brand","embeddable":true,"href":"https:\/\/ervy.ch\/en\/wp-json\/wp\/v2\/product_brand?post=8854"},{"taxonomy":"product_cat","embeddable":true,"href":"https:\/\/ervy.ch\/en\/wp-json\/wp\/v2\/product_cat?post=8854"},{"taxonomy":"product_tag","embeddable":true,"href":"https:\/\/ervy.ch\/en\/wp-json\/wp\/v2\/product_tag?post=8854"}],"curies":[{"name":"wp","href":"https:\/\/api.w.org\/{rel}","templated":true}]}}