{"id":8023,"date":"2021-03-12T10:28:06","date_gmt":"2021-03-12T09:28:06","guid":{"rendered":"https:\/\/ervy.de\/?post_type=product&#038;p=8023"},"modified":"2025-07-01T07:56:10","modified_gmt":"2025-07-01T05:56:10","slug":"dunkelblauer-maedchen-damen-turnanzug-meropa-3","status":"publish","type":"product","link":"https:\/\/ervy.ch\/en\/product\/dunkelblauer-maedchen-damen-turnanzug-meropa-3\/","title":{"rendered":"Turnanzug MEROPA\/3"},"content":{"rendered":"<p><strong><span style=\"font-size: 18px;\">Materialien und Farben:<br \/>\n<\/span><\/strong><\/p>\n<table style=\"border-collapse: collapse; width: 100%;\">\n<tbody>\n<tr>\n<td style=\"width: 33.3333%;\"><strong>Lack Shine:<\/strong><br \/>\n82% Polyamid<br \/>\n18% Elasthan<\/td>\n<td style=\"width: 33.3333%;\"><strong>Farbe<\/strong><strong> C1<\/strong><strong>\u00a0+<\/strong><strong>Halseinfassung (HB)<\/strong><\/td>\n<td style=\"width: 33.3333%;\"><strong>16U2-tinte<\/strong><\/td>\n<\/tr>\n<tr>\n<td style=\"width: 33.3333%;\"><strong>T\u00fcll elastisch:<\/strong><br \/>\n92% Polyamid<br \/>\n8% Elasthan<\/td>\n<td style=\"width: 33.3333%;\"><strong>Farbe C2<\/strong><\/td>\n<td style=\"width: 33.3333%;\"><strong>02U2-tinte<\/strong><\/td>\n<\/tr>\n<tr>\n<td style=\"width: 33.3333%;\"><strong>Lack Multicolor:<\/strong><br \/>\n80% Polyamid<br \/>\n20% Elasthan<\/td>\n<td style=\"width: 33.3333%;\"><strong>Farbe C3<\/strong><\/td>\n<td style=\"width: 33.3333%;\"><strong>33A3-silber<\/strong><\/td>\n<\/tr>\n<tr>\n<td style=\"width: 33.3333%;\"><strong>Mikrofaser Futterstoff:<\/strong><br \/>\n90% Polyamid<br \/>\n10% Elasthan<\/td>\n<td style=\"width: 33.3333%;\"><strong>Farbe C4<\/strong><\/td>\n<td style=\"width: 33.3333%;\"><strong>03G2-haut<\/strong><\/td>\n<\/tr>\n<\/tbody>\n<\/table>\n","protected":false},"excerpt":{"rendered":"<p>Dunkelblauer Turnanzug mit langen \u00c4rmeln aus transparentem T\u00fcll, einem U-Boot Halsausschnitt vorne und einem tiefen Rundhalsausschnitt hinten.<br \/>\nDer elegante Damenturnanzug ist im Oberteil mit hautfarbigem Mikrofaser Material gef\u00fcttert, f\u00fcr idealen Komfort und einen blickdichten Auftritt. Eine sch\u00f6ne Strassverzierung macht das Dress zum gl\u00e4nzenden Blickpunkt.<br \/>\nStrassmotive: O595 vorne, R596 hinten, V597 an beiden \u00c4rmeln<\/p>\n<p>Du ben\u00f6tigst eine andere Gr\u00f6\u00dfe? Kontaktiere uns direkt f\u00fcr eine Bestellung als\u00a0Sonderanfertigung, welche von R\u00fcckgabe und Umtausch ausgeschlossen ist.<\/p>\n","protected":false},"featured_media":8026,"template":"","meta":[],"product_brand":[],"product_cat":[132,147,777,1698,86,90,85],"product_tag":[515,514,522,364,520],"class_list":{"0":"post-8023","1":"product","2":"type-product","3":"status-publish","4":"has-post-thumbnail","6":"product_cat-akrobatik","7":"product_cat-rhoenrad","8":"product_cat-shop","9":"product_cat-lagerartikel","10":"product_cat-trampolin","11":"product_cat-turnanzuege-fuer-training-und-wettkampf","12":"product_cat-turnbekleidung-kinder-und-erwachsene","13":"product_tag-justaucorps","14":"product_tag-leotard","15":"product_tag-printleotard","16":"product_tag-turnanzug","17":"product_tag-turnpakje","18":"pa_farbe-silber","19":"pa_farbe-tinte","20":"pa_geschlecht-frauen","21":"pa_geschlecht-maedchen","22":"pa_groesse-786","23":"pa_groesse-787","24":"pa_groesse-788","25":"pa_groesse-789","26":"pa_groesse-790","27":"pa_groesse-791","28":"pa_groesse-792","29":"pa_groesse-793","30":"pa_groesse-794","31":"pa_groesse-795","32":"pa_groesse-796","33":"pa_groesse-797","34":"pa_groesse-798","35":"pa_groesse-799","36":"pa_grundfarbe-blau","37":"pa_grundfarbe-grau","38":"pa_material-lack-multicolor","39":"pa_material-lack-shine","40":"pa_material-tuell-elastisch","41":"pa_produktart-turnanzug","42":"pa_veredelung-strass","43":"pa_weitere-ausfuehrung-mit-futterstoff","45":"first","46":"onbackorder","47":"taxable","48":"shipping-taxable","49":"purchasable","50":"product-type-variable"},"yoast_head":"<!-- This site is optimized with the Yoast SEO Premium plugin v27.5 (Yoast SEO v27.5) - https:\/\/yoast.com\/product\/yoast-seo-premium-wordpress\/ -->\n<title>Turnanzug MEROPA\/3 - Turnanz\u00fcge Made in Germany<\/title>\n<meta name=\"description\" content=\"Dunkelblauer Turnanzug mit langen T\u00fcll\u00e4rmeln f\u00fcr M\u00e4dchen und Damen. Der elegante Turnanzug MEROPA\/3 \u00fcberzeugt bei jedem Wettkampf.\" \/>\n<meta name=\"robots\" content=\"index, follow, max-snippet:-1, max-image-preview:large, max-video-preview:-1\" \/>\n<link rel=\"canonical\" href=\"https:\/\/ervy.ch\/produkt\/dunkelblauer-maedchen-damen-turnanzug-meropa-3\/\" \/>\n<meta property=\"og:locale\" content=\"en_US\" \/>\n<meta property=\"og:type\" content=\"article\" \/>\n<meta property=\"og:title\" content=\"Turnanzug MEROPA\/3\" \/>\n<meta property=\"og:description\" content=\"Dunkelblauer Turnanzug mit langen T\u00fcll\u00e4rmeln f\u00fcr M\u00e4dchen und Damen. Der elegante Turnanzug MEROPA\/3 \u00fcberzeugt bei jedem Wettkampf.\" \/>\n<meta property=\"og:url\" content=\"https:\/\/ervy.ch\/produkt\/dunkelblauer-maedchen-damen-turnanzug-meropa-3\/\" \/>\n<meta property=\"og:site_name\" content=\"Turnanz\u00fcge Made in Germany\" \/>\n<meta property=\"article:publisher\" content=\"https:\/\/www.facebook.com\/ERVYSportsFashion\" \/>\n<meta property=\"article:modified_time\" content=\"2025-07-01T05:56:10+00:00\" \/>\n<meta property=\"og:image\" content=\"https:\/\/ervy.ch\/wp-content\/uploads\/2021\/03\/11659-08_3_MEROPA_VT.jpg\" \/>\n\t<meta property=\"og:image:width\" content=\"700\" \/>\n\t<meta property=\"og:image:height\" content=\"1000\" \/>\n\t<meta property=\"og:image:type\" content=\"image\/jpeg\" \/>\n<meta name=\"twitter:card\" content=\"summary_large_image\" \/>\n<meta name=\"twitter:label1\" content=\"Availability\" \/>\n\t<meta name=\"twitter:data1\" content=\"On backorder\" \/>\n<script type=\"application\/ld+json\" class=\"yoast-schema-graph\">{\"@context\":\"https:\\\/\\\/schema.org\",\"@graph\":[{\"@type\":\"WebPage\",\"@id\":\"https:\\\/\\\/ervy.ch\\\/produkt\\\/dunkelblauer-maedchen-damen-turnanzug-meropa-3\\\/\",\"url\":\"https:\\\/\\\/ervy.ch\\\/produkt\\\/dunkelblauer-maedchen-damen-turnanzug-meropa-3\\\/\",\"name\":\"Turnanzug MEROPA\\\/3 - Turnanz\u00fcge Made in Germany\",\"isPartOf\":{\"@id\":\"https:\\\/\\\/ervy.ch\\\/#website\"},\"primaryImageOfPage\":{\"@id\":\"https:\\\/\\\/ervy.ch\\\/produkt\\\/dunkelblauer-maedchen-damen-turnanzug-meropa-3\\\/#primaryimage\"},\"image\":{\"@id\":\"https:\\\/\\\/ervy.ch\\\/produkt\\\/dunkelblauer-maedchen-damen-turnanzug-meropa-3\\\/#primaryimage\"},\"thumbnailUrl\":\"https:\\\/\\\/ervy.ch\\\/wp-content\\\/uploads\\\/2021\\\/03\\\/11659-08_3_MEROPA_VT.jpg\",\"datePublished\":\"2021-03-12T09:28:06+00:00\",\"dateModified\":\"2025-07-01T05:56:10+00:00\",\"description\":\"Dunkelblauer Turnanzug mit langen T\u00fcll\u00e4rmeln f\u00fcr M\u00e4dchen und Damen. Der elegante Turnanzug MEROPA\\\/3 \u00fcberzeugt bei jedem Wettkampf.\",\"breadcrumb\":{\"@id\":\"https:\\\/\\\/ervy.ch\\\/produkt\\\/dunkelblauer-maedchen-damen-turnanzug-meropa-3\\\/#breadcrumb\"},\"inLanguage\":\"en-US\",\"potentialAction\":[{\"@type\":\"ReadAction\",\"target\":[\"https:\\\/\\\/ervy.ch\\\/produkt\\\/dunkelblauer-maedchen-damen-turnanzug-meropa-3\\\/\"]}]},{\"@type\":\"ImageObject\",\"inLanguage\":\"en-US\",\"@id\":\"https:\\\/\\\/ervy.ch\\\/produkt\\\/dunkelblauer-maedchen-damen-turnanzug-meropa-3\\\/#primaryimage\",\"url\":\"https:\\\/\\\/ervy.ch\\\/wp-content\\\/uploads\\\/2021\\\/03\\\/11659-08_3_MEROPA_VT.jpg\",\"contentUrl\":\"https:\\\/\\\/ervy.ch\\\/wp-content\\\/uploads\\\/2021\\\/03\\\/11659-08_3_MEROPA_VT.jpg\",\"width\":700,\"height\":1000,\"caption\":\"Turnanzug, Wettkampfanzug, Gymnastikanzug, justaucorps, leotard, turnpakje\"},{\"@type\":\"BreadcrumbList\",\"@id\":\"https:\\\/\\\/ervy.ch\\\/produkt\\\/dunkelblauer-maedchen-damen-turnanzug-meropa-3\\\/#breadcrumb\",\"itemListElement\":[{\"@type\":\"ListItem\",\"position\":1,\"name\":\"Startseite\",\"item\":\"https:\\\/\\\/ervy.ch\\\/\"},{\"@type\":\"ListItem\",\"position\":2,\"name\":\"Shop\",\"item\":\"https:\\\/\\\/ervy.ch\\\/shop\\\/\"},{\"@type\":\"ListItem\",\"position\":3,\"name\":\"Turnanzug MEROPA\\\/3\"}]},{\"@type\":\"WebSite\",\"@id\":\"https:\\\/\\\/ervy.ch\\\/#website\",\"url\":\"https:\\\/\\\/ervy.ch\\\/\",\"name\":\"Turnanz\u00fcge Made in Germany\",\"description\":\"ERVY Schweiz-Vertretung\",\"publisher\":{\"@id\":\"https:\\\/\\\/ervy.ch\\\/#organization\"},\"potentialAction\":[{\"@type\":\"SearchAction\",\"target\":{\"@type\":\"EntryPoint\",\"urlTemplate\":\"https:\\\/\\\/ervy.ch\\\/?s={search_term_string}\"},\"query-input\":{\"@type\":\"PropertyValueSpecification\",\"valueRequired\":true,\"valueName\":\"search_term_string\"}}],\"inLanguage\":\"en-US\"},{\"@type\":\"Organization\",\"@id\":\"https:\\\/\\\/ervy.ch\\\/#organization\",\"name\":\"ERVY Sports Fashion GmbH\",\"url\":\"https:\\\/\\\/ervy.ch\\\/\",\"logo\":{\"@type\":\"ImageObject\",\"inLanguage\":\"en-US\",\"@id\":\"https:\\\/\\\/ervy.ch\\\/#\\\/schema\\\/logo\\\/image\\\/\",\"url\":\"https:\\\/\\\/ervy.ch\\\/wp-content\\\/uploads\\\/2021\\\/03\\\/cropped-ERVY-Logo_JUST-SPORTS_Hintergrund_300x300.png\",\"contentUrl\":\"https:\\\/\\\/ervy.ch\\\/wp-content\\\/uploads\\\/2021\\\/03\\\/cropped-ERVY-Logo_JUST-SPORTS_Hintergrund_300x300.png\",\"width\":512,\"height\":512,\"caption\":\"ERVY Sports Fashion GmbH\"},\"image\":{\"@id\":\"https:\\\/\\\/ervy.ch\\\/#\\\/schema\\\/logo\\\/image\\\/\"},\"sameAs\":[\"https:\\\/\\\/www.facebook.com\\\/ERVYSportsFashion\",\"https:\\\/\\\/www.instagram.com\\\/ervy_sports_fashion\\\/?hl=de\",\"https:\\\/\\\/www.pinterest.de\\\/ervysportsfashion\\\/\",\"https:\\\/\\\/www.youtube.com\\\/channel\\\/UCwzRAG_B8mAIfVPXGwfdYhA\",\"https:\\\/\\\/www.tiktok.com\\\/@ervysports\"]}]}<\/script>\n<meta property=\"og:availability\" content=\"backorder\" \/>\n<meta property=\"product:availability\" content=\"available for order\" \/>\n<meta property=\"product:retailer_item_id\" content=\"11659.08\/3\" \/>\n<meta property=\"product:condition\" content=\"new\" \/>\n<!-- \/ Yoast SEO Premium plugin. -->","yoast_head_json":{"title":"Turnanzug MEROPA\/3 - Turnanz\u00fcge Made in Germany","description":"Dunkelblauer Turnanzug mit langen T\u00fcll\u00e4rmeln f\u00fcr M\u00e4dchen und Damen. Der elegante Turnanzug MEROPA\/3 \u00fcberzeugt bei jedem Wettkampf.","robots":{"index":"index","follow":"follow","max-snippet":"max-snippet:-1","max-image-preview":"max-image-preview:large","max-video-preview":"max-video-preview:-1"},"canonical":"https:\/\/ervy.ch\/produkt\/dunkelblauer-maedchen-damen-turnanzug-meropa-3\/","og_locale":"en_US","og_type":"article","og_title":"Turnanzug MEROPA\/3","og_description":"Dunkelblauer Turnanzug mit langen T\u00fcll\u00e4rmeln f\u00fcr M\u00e4dchen und Damen. Der elegante Turnanzug MEROPA\/3 \u00fcberzeugt bei jedem Wettkampf.","og_url":"https:\/\/ervy.ch\/produkt\/dunkelblauer-maedchen-damen-turnanzug-meropa-3\/","og_site_name":"Turnanz\u00fcge Made in Germany","article_publisher":"https:\/\/www.facebook.com\/ERVYSportsFashion","article_modified_time":"2025-07-01T05:56:10+00:00","og_image":[{"width":700,"height":1000,"url":"https:\/\/ervy.ch\/wp-content\/uploads\/2021\/03\/11659-08_3_MEROPA_VT.jpg","type":"image\/jpeg"}],"twitter_card":"summary_large_image","twitter_misc":{"Availability":"On backorder"},"schema":{"@context":"https:\/\/schema.org","@graph":[{"@type":"WebPage","@id":"https:\/\/ervy.ch\/produkt\/dunkelblauer-maedchen-damen-turnanzug-meropa-3\/","url":"https:\/\/ervy.ch\/produkt\/dunkelblauer-maedchen-damen-turnanzug-meropa-3\/","name":"Turnanzug MEROPA\/3 - Turnanz\u00fcge Made in Germany","isPartOf":{"@id":"https:\/\/ervy.ch\/#website"},"primaryImageOfPage":{"@id":"https:\/\/ervy.ch\/produkt\/dunkelblauer-maedchen-damen-turnanzug-meropa-3\/#primaryimage"},"image":{"@id":"https:\/\/ervy.ch\/produkt\/dunkelblauer-maedchen-damen-turnanzug-meropa-3\/#primaryimage"},"thumbnailUrl":"https:\/\/ervy.ch\/wp-content\/uploads\/2021\/03\/11659-08_3_MEROPA_VT.jpg","datePublished":"2021-03-12T09:28:06+00:00","dateModified":"2025-07-01T05:56:10+00:00","description":"Dunkelblauer Turnanzug mit langen T\u00fcll\u00e4rmeln f\u00fcr M\u00e4dchen und Damen. Der elegante Turnanzug MEROPA\/3 \u00fcberzeugt bei jedem Wettkampf.","breadcrumb":{"@id":"https:\/\/ervy.ch\/produkt\/dunkelblauer-maedchen-damen-turnanzug-meropa-3\/#breadcrumb"},"inLanguage":"en-US","potentialAction":[{"@type":"ReadAction","target":["https:\/\/ervy.ch\/produkt\/dunkelblauer-maedchen-damen-turnanzug-meropa-3\/"]}]},{"@type":"ImageObject","inLanguage":"en-US","@id":"https:\/\/ervy.ch\/produkt\/dunkelblauer-maedchen-damen-turnanzug-meropa-3\/#primaryimage","url":"https:\/\/ervy.ch\/wp-content\/uploads\/2021\/03\/11659-08_3_MEROPA_VT.jpg","contentUrl":"https:\/\/ervy.ch\/wp-content\/uploads\/2021\/03\/11659-08_3_MEROPA_VT.jpg","width":700,"height":1000,"caption":"Turnanzug, Wettkampfanzug, Gymnastikanzug, justaucorps, leotard, turnpakje"},{"@type":"BreadcrumbList","@id":"https:\/\/ervy.ch\/produkt\/dunkelblauer-maedchen-damen-turnanzug-meropa-3\/#breadcrumb","itemListElement":[{"@type":"ListItem","position":1,"name":"Startseite","item":"https:\/\/ervy.ch\/"},{"@type":"ListItem","position":2,"name":"Shop","item":"https:\/\/ervy.ch\/shop\/"},{"@type":"ListItem","position":3,"name":"Turnanzug MEROPA\/3"}]},{"@type":"WebSite","@id":"https:\/\/ervy.ch\/#website","url":"https:\/\/ervy.ch\/","name":"Turnanz\u00fcge Made in Germany","description":"ERVY Schweiz-Vertretung","publisher":{"@id":"https:\/\/ervy.ch\/#organization"},"potentialAction":[{"@type":"SearchAction","target":{"@type":"EntryPoint","urlTemplate":"https:\/\/ervy.ch\/?s={search_term_string}"},"query-input":{"@type":"PropertyValueSpecification","valueRequired":true,"valueName":"search_term_string"}}],"inLanguage":"en-US"},{"@type":"Organization","@id":"https:\/\/ervy.ch\/#organization","name":"ERVY Sports Fashion GmbH","url":"https:\/\/ervy.ch\/","logo":{"@type":"ImageObject","inLanguage":"en-US","@id":"https:\/\/ervy.ch\/#\/schema\/logo\/image\/","url":"https:\/\/ervy.ch\/wp-content\/uploads\/2021\/03\/cropped-ERVY-Logo_JUST-SPORTS_Hintergrund_300x300.png","contentUrl":"https:\/\/ervy.ch\/wp-content\/uploads\/2021\/03\/cropped-ERVY-Logo_JUST-SPORTS_Hintergrund_300x300.png","width":512,"height":512,"caption":"ERVY Sports Fashion GmbH"},"image":{"@id":"https:\/\/ervy.ch\/#\/schema\/logo\/image\/"},"sameAs":["https:\/\/www.facebook.com\/ERVYSportsFashion","https:\/\/www.instagram.com\/ervy_sports_fashion\/?hl=de","https:\/\/www.pinterest.de\/ervysportsfashion\/","https:\/\/www.youtube.com\/channel\/UCwzRAG_B8mAIfVPXGwfdYhA","https:\/\/www.tiktok.com\/@ervysports"]}]},"og_availability":"backorder","product_availability":"available for order","product_retailer_item_id":"11659.08\/3","product_condition":"new"},"_links":{"self":[{"href":"https:\/\/ervy.ch\/en\/wp-json\/wp\/v2\/product\/8023","targetHints":{"allow":["GET"]}}],"collection":[{"href":"https:\/\/ervy.ch\/en\/wp-json\/wp\/v2\/product"}],"about":[{"href":"https:\/\/ervy.ch\/en\/wp-json\/wp\/v2\/types\/product"}],"wp:featuredmedia":[{"embeddable":true,"href":"https:\/\/ervy.ch\/en\/wp-json\/wp\/v2\/media\/8026"}],"wp:attachment":[{"href":"https:\/\/ervy.ch\/en\/wp-json\/wp\/v2\/media?parent=8023"}],"wp:term":[{"taxonomy":"product_brand","embeddable":true,"href":"https:\/\/ervy.ch\/en\/wp-json\/wp\/v2\/product_brand?post=8023"},{"taxonomy":"product_cat","embeddable":true,"href":"https:\/\/ervy.ch\/en\/wp-json\/wp\/v2\/product_cat?post=8023"},{"taxonomy":"product_tag","embeddable":true,"href":"https:\/\/ervy.ch\/en\/wp-json\/wp\/v2\/product_tag?post=8023"}],"curies":[{"name":"wp","href":"https:\/\/api.w.org\/{rel}","templated":true}]}}