{"id":7973,"date":"2021-03-11T15:33:12","date_gmt":"2021-03-11T14:33:12","guid":{"rendered":"https:\/\/ervy.de\/?post_type=product&#038;p=7973"},"modified":"2025-07-01T08:45:08","modified_gmt":"2025-07-01T06:45:08","slug":"blauer-wettkampfanzug-sarena-4-flammenmuster-strass-3-4-arm","status":"publish","type":"product","link":"https:\/\/ervy.ch\/en\/product\/blauer-wettkampfanzug-sarena-4-flammenmuster-strass-3-4-arm\/","title":{"rendered":"Blauer Wettkampfanzug SARENA\/4"},"content":{"rendered":"<ul>\n<li>Der blaue Wettkampfanzug SARENA\/4 mit \u00be-Am ist ein echter Blickfang im Wettkampf und Show-Auftritt..<\/li>\n<li>Den Turnanzug SARENA\/4 kannst du in Kinder- oder Erwachsenengr\u00f6\u00dfen bestellen. Weitere Gr\u00f6\u00dfen sind auf <a href=\"\/?page_id=900\"><strong>Anfrage<\/strong><\/a> und gegen Mehrpreis m\u00f6glich.<\/li>\n<li>M\u00f6chtest du den Turnanzug f\u00fcr M\u00e4dchen und Frauen ohne Arm oder mit langen Armen? Kein Problem! <a href=\"\/?page_id=900\"><strong>Schreib uns!<\/strong><\/a><\/li>\n<li>Selbstverst\u00e4ndlich kannst du den blauen Turnanzug SARENA\/4 jederzeit personalisieren. W\u00e4hle hierzu deine Wunschmaterialien und Farben aus dem breiten <a href=\"\/?page_id=1006\"><strong>Stoffsortiment<\/strong><\/a>. Dar\u00fcber hinaus kannst du den Wettkampfanzug auf Wunsch auch mit <a href=\"\/?page_id=5639\"><strong>Pailletten<\/strong><\/a> anstelle von Strass bestellen. Personalisierungen kannst du \u00fcber unseren <a href=\"https:\/\/ervy.ch\/heaendlersuche\/\"><strong>Fachhandel<\/strong><\/a> vornehmen.<\/li>\n<\/ul>\n<h3>Materialien und Farben:<\/h3>\n<table style=\"border-collapse: collapse; width: 100%;\">\n<tbody>\n<tr>\n<td style=\"width: 33.3333%;\"><strong><a href=\"\/?p=1418\">Polyamid gl\u00e4nzend:<\/a><br \/>\n<\/strong>82% Polyamid<br \/>\n18% Elasthan<\/td>\n<td style=\"width: 33.3333%;\"><strong>Farbe C1<\/strong><\/td>\n<td style=\"width: 33.3333%;\"><strong>01U2-tinte<\/strong><\/td>\n<\/tr>\n<tr>\n<td style=\"width: 33.3333%;\"><a href=\"\/?p=3192\"><strong>Lack Shine:<\/strong><\/a><br \/>\n82% Polyamid<br \/>\n18% Elasthan<\/td>\n<td style=\"width: 33.3333%;\"><strong>Farbe C2 + Armeinfassung (AB)<\/strong><br \/>\n<strong>Farbe C3<\/strong><\/td>\n<td style=\"width: 33.3333%;\"><strong>16U1-marine<br \/>\n16A3-silber<\/strong><\/td>\n<\/tr>\n<\/tbody>\n<\/table>\n","protected":false},"excerpt":{"rendered":"<p>Der <strong>blaue<\/strong> Wettkampfanzug SARENA\/4 mit 3\/4-langen \u00c4rmeln, einem U-Boot Halsausschnitt vorne und tiefen Rundhals hinten. Der Turnanzug SARENA\/4 ist in zwei Blaut\u00f6nen kombiniert, die <strong>perfekt<\/strong> miteinander<strong> harmonieren.<\/strong> Der Turnanzug <strong>\u00fcberzeugt<\/strong> optisch mit einem <strong>flammenf\u00f6rmigen Muster<\/strong>. Das <b>wei\u00dfe Motiv <\/b>in der Mitte ist ein <strong>echter Blickfang<\/strong> und <strong>unterstreicht<\/strong> gleichzeitig die einzelnen <strong>Turnbewegungen.<\/strong><\/p>\n<p>Der gl\u00e4nzend blaue Turnanzug SARENA\/4 ist mit ein<strong> kreatives Strassmuster<\/strong> im Vorderteil unten (B546), Strasssteinen an beiden Armen (O439) und einzelnen Strasspartien auf dem Lackstoff im oberen Vorderteil und im R\u00fcckenteil versehen. Ein Design mit<strong> Glanz<\/strong> und <strong>Kreativit\u00e4t<\/strong> f\u00fcr jeden <strong>Auftritt<\/strong> und <strong>Wettkampf.<\/strong><\/p>\n<p>Dieses Produkt wird in deiner <strong>Wunschgr\u00f6\u00dfe<\/strong> und deiner <strong>Zusammenstellung<\/strong> eigens f\u00fcr dich angefertigt. Es handelt sich somit um eine <strong>Sonderanfertigung<\/strong>, welche von <strong>R\u00fcckgabe <\/strong>und <strong>Umtausch ausgeschlossen<\/strong> ist.<\/p>\n","protected":false},"featured_media":7970,"template":"","meta":[],"product_brand":[],"product_cat":[777,1698,90],"product_tag":[1313,756,945,1363,620,515,514,1235,1406,364,938,1058,1409,1376,1374,1375,934,1364,1372,1410,520,512],"class_list":{"0":"post-7973","1":"product","2":"type-product","3":"status-publish","4":"has-post-thumbnail","6":"product_cat-shop","7":"product_cat-lagerartikel","8":"product_cat-turnanzuege-fuer-training-und-wettkampf","9":"product_tag-blauer-turnanzug","10":"product_tag-dressli","11":"product_tag-gymnastics-leotard","12":"product_tag-gymnastik-anzuege","13":"product_tag-gymnastikanzug","14":"product_tag-justaucorps","15":"product_tag-leotard","16":"product_tag-leotard-for-girls","17":"product_tag-maedchen-turnanzug","18":"product_tag-turnanzug","19":"product_tag-turnanzug-3-4-arm","20":"product_tag-turnanzug-damen","21":"product_tag-turnanzug-frauen","22":"product_tag-turnanzug-kinder-maedchen","23":"product_tag-turnanzuege-fuer-kinder","24":"product_tag-turnanzuege-fuer-maedchen","25":"product_tag-turnbody","26":"product_tag-turner-anzug","27":"product_tag-turner-anzuege","28":"product_tag-turnoutfit","29":"product_tag-turnpakje","30":"product_tag-wettkampfanzug","31":"pa_armlaenge-3-4-arm","32":"pa_farbe-marine","33":"pa_farbe-silber","34":"pa_farbe-tinte","35":"pa_groesse-786","36":"pa_groesse-787","37":"pa_groesse-788","38":"pa_groesse-789","39":"pa_groesse-790","40":"pa_groesse-791","41":"pa_groesse-792","42":"pa_groesse-793","43":"pa_groesse-794","44":"pa_groesse-795","45":"pa_groesse-796","46":"pa_groesse-797","47":"pa_groesse-798","48":"pa_groesse-799","49":"pa_grundfarbe-blau","50":"pa_halsformen-u-boot-ausschnitt","51":"pa_material-lack-shine","52":"pa_material-polyamid-glaenzend","53":"pa_produktart-turnanzug","54":"pa_veredelung-strass","56":"first","57":"onbackorder","58":"taxable","59":"shipping-taxable","60":"purchasable","61":"product-type-variable"},"yoast_head":"<!-- This site is optimized with the Yoast SEO Premium plugin v27.5 (Yoast SEO v27.5) - https:\/\/yoast.com\/product\/yoast-seo-premium-wordpress\/ -->\n<title>Blauer Wettkampfanzug SARENA\/4 - Turnanz\u00fcge Made in Germany<\/title>\n<meta name=\"description\" content=\"Blauer Wettkampfanzug SARENA\/4 mit 3\/4-Arm. Flammenmotiv wei\u00df in der Mitte. Strass vorne, hinten, Arme. F\u00fcr Wettkampf und Show-Auftritte.\" \/>\n<meta name=\"robots\" content=\"index, follow, max-snippet:-1, max-image-preview:large, max-video-preview:-1\" \/>\n<link rel=\"canonical\" href=\"https:\/\/ervy.ch\/product\/blauer-wettkampfanzug-sarena-4-flammenmuster-strass-3-4-arm\/\" \/>\n<meta property=\"og:locale\" content=\"en_US\" \/>\n<meta property=\"og:type\" content=\"article\" \/>\n<meta property=\"og:title\" content=\"Blauer Wettkampfanzug SARENA\/4\" \/>\n<meta property=\"og:description\" content=\"Blauer Wettkampfanzug SARENA\/4 mit 3\/4-Arm. Flammenmotiv wei\u00df in der Mitte. Strass vorne, hinten, Arme. F\u00fcr Wettkampf und Show-Auftritte.\" \/>\n<meta property=\"og:url\" content=\"https:\/\/ervy.ch\/product\/blauer-wettkampfanzug-sarena-4-flammenmuster-strass-3-4-arm\/\" \/>\n<meta property=\"og:site_name\" content=\"Turnanz\u00fcge Made in Germany\" \/>\n<meta property=\"article:publisher\" content=\"https:\/\/www.facebook.com\/ERVYSportsFashion\" \/>\n<meta property=\"article:modified_time\" content=\"2025-07-01T06:45:08+00:00\" \/>\n<meta property=\"og:image\" content=\"https:\/\/ervy.ch\/wp-content\/uploads\/2021\/03\/TURNANZUG_VT_SARENA-4_11845-09-scaled.jpg\" \/>\n\t<meta property=\"og:image:width\" content=\"1792\" \/>\n\t<meta property=\"og:image:height\" content=\"2560\" \/>\n\t<meta property=\"og:image:type\" content=\"image\/jpeg\" \/>\n<meta name=\"twitter:card\" content=\"summary_large_image\" \/>\n<meta name=\"twitter:label1\" content=\"Availability\" \/>\n\t<meta name=\"twitter:data1\" content=\"On backorder\" \/>\n<script type=\"application\/ld+json\" class=\"yoast-schema-graph\">{\"@context\":\"https:\\\/\\\/schema.org\",\"@graph\":[{\"@type\":\"WebPage\",\"@id\":\"https:\\\/\\\/ervy.ch\\\/product\\\/blauer-wettkampfanzug-sarena-4-flammenmuster-strass-3-4-arm\\\/\",\"url\":\"https:\\\/\\\/ervy.ch\\\/product\\\/blauer-wettkampfanzug-sarena-4-flammenmuster-strass-3-4-arm\\\/\",\"name\":\"Blauer Wettkampfanzug SARENA\\\/4 - Turnanz\u00fcge Made in Germany\",\"isPartOf\":{\"@id\":\"https:\\\/\\\/ervy.ch\\\/#website\"},\"primaryImageOfPage\":{\"@id\":\"https:\\\/\\\/ervy.ch\\\/product\\\/blauer-wettkampfanzug-sarena-4-flammenmuster-strass-3-4-arm\\\/#primaryimage\"},\"image\":{\"@id\":\"https:\\\/\\\/ervy.ch\\\/product\\\/blauer-wettkampfanzug-sarena-4-flammenmuster-strass-3-4-arm\\\/#primaryimage\"},\"thumbnailUrl\":\"https:\\\/\\\/ervy.ch\\\/wp-content\\\/uploads\\\/2021\\\/03\\\/TURNANZUG_VT_SARENA-4_11845-09-scaled.jpg\",\"datePublished\":\"2021-03-11T14:33:12+00:00\",\"dateModified\":\"2025-07-01T06:45:08+00:00\",\"description\":\"Blauer Wettkampfanzug SARENA\\\/4 mit 3\\\/4-Arm. Flammenmotiv wei\u00df in der Mitte. Strass vorne, hinten, Arme. F\u00fcr Wettkampf und Show-Auftritte.\",\"breadcrumb\":{\"@id\":\"https:\\\/\\\/ervy.ch\\\/product\\\/blauer-wettkampfanzug-sarena-4-flammenmuster-strass-3-4-arm\\\/#breadcrumb\"},\"inLanguage\":\"en-US\",\"potentialAction\":[{\"@type\":\"ReadAction\",\"target\":[\"https:\\\/\\\/ervy.ch\\\/product\\\/blauer-wettkampfanzug-sarena-4-flammenmuster-strass-3-4-arm\\\/\"]}]},{\"@type\":\"ImageObject\",\"inLanguage\":\"en-US\",\"@id\":\"https:\\\/\\\/ervy.ch\\\/product\\\/blauer-wettkampfanzug-sarena-4-flammenmuster-strass-3-4-arm\\\/#primaryimage\",\"url\":\"https:\\\/\\\/ervy.ch\\\/wp-content\\\/uploads\\\/2021\\\/03\\\/TURNANZUG_VT_SARENA-4_11845-09-scaled.jpg\",\"contentUrl\":\"https:\\\/\\\/ervy.ch\\\/wp-content\\\/uploads\\\/2021\\\/03\\\/TURNANZUG_VT_SARENA-4_11845-09-scaled.jpg\",\"width\":1792,\"height\":2560,\"caption\":\"Turnanzug, Wettkampfanzug, Gymnastikanzug, justaucorps, leotard, turnpakje\"},{\"@type\":\"BreadcrumbList\",\"@id\":\"https:\\\/\\\/ervy.ch\\\/product\\\/blauer-wettkampfanzug-sarena-4-flammenmuster-strass-3-4-arm\\\/#breadcrumb\",\"itemListElement\":[{\"@type\":\"ListItem\",\"position\":1,\"name\":\"Startseite\",\"item\":\"https:\\\/\\\/ervy.ch\\\/\"},{\"@type\":\"ListItem\",\"position\":2,\"name\":\"Shop\",\"item\":\"https:\\\/\\\/ervy.ch\\\/shop\\\/\"},{\"@type\":\"ListItem\",\"position\":3,\"name\":\"Blauer Wettkampfanzug SARENA\\\/4\"}]},{\"@type\":\"WebSite\",\"@id\":\"https:\\\/\\\/ervy.ch\\\/#website\",\"url\":\"https:\\\/\\\/ervy.ch\\\/\",\"name\":\"Turnanz\u00fcge Made in Germany\",\"description\":\"ERVY Schweiz-Vertretung\",\"publisher\":{\"@id\":\"https:\\\/\\\/ervy.ch\\\/#organization\"},\"potentialAction\":[{\"@type\":\"SearchAction\",\"target\":{\"@type\":\"EntryPoint\",\"urlTemplate\":\"https:\\\/\\\/ervy.ch\\\/?s={search_term_string}\"},\"query-input\":{\"@type\":\"PropertyValueSpecification\",\"valueRequired\":true,\"valueName\":\"search_term_string\"}}],\"inLanguage\":\"en-US\"},{\"@type\":\"Organization\",\"@id\":\"https:\\\/\\\/ervy.ch\\\/#organization\",\"name\":\"ERVY Sports Fashion GmbH\",\"url\":\"https:\\\/\\\/ervy.ch\\\/\",\"logo\":{\"@type\":\"ImageObject\",\"inLanguage\":\"en-US\",\"@id\":\"https:\\\/\\\/ervy.ch\\\/#\\\/schema\\\/logo\\\/image\\\/\",\"url\":\"https:\\\/\\\/ervy.ch\\\/wp-content\\\/uploads\\\/2021\\\/03\\\/cropped-ERVY-Logo_JUST-SPORTS_Hintergrund_300x300.png\",\"contentUrl\":\"https:\\\/\\\/ervy.ch\\\/wp-content\\\/uploads\\\/2021\\\/03\\\/cropped-ERVY-Logo_JUST-SPORTS_Hintergrund_300x300.png\",\"width\":512,\"height\":512,\"caption\":\"ERVY Sports Fashion GmbH\"},\"image\":{\"@id\":\"https:\\\/\\\/ervy.ch\\\/#\\\/schema\\\/logo\\\/image\\\/\"},\"sameAs\":[\"https:\\\/\\\/www.facebook.com\\\/ERVYSportsFashion\",\"https:\\\/\\\/www.instagram.com\\\/ervy_sports_fashion\\\/?hl=de\",\"https:\\\/\\\/www.pinterest.de\\\/ervysportsfashion\\\/\",\"https:\\\/\\\/www.youtube.com\\\/channel\\\/UCwzRAG_B8mAIfVPXGwfdYhA\",\"https:\\\/\\\/www.tiktok.com\\\/@ervysports\"]}]}<\/script>\n<meta property=\"og:availability\" content=\"backorder\" \/>\n<meta property=\"product:availability\" content=\"available for order\" \/>\n<meta property=\"product:retailer_item_id\" content=\"11845.09\/4\" \/>\n<meta property=\"product:condition\" content=\"new\" \/>\n<!-- \/ Yoast SEO Premium plugin. -->","yoast_head_json":{"title":"Blauer Wettkampfanzug SARENA\/4 - Turnanz\u00fcge Made in Germany","description":"Blauer Wettkampfanzug SARENA\/4 mit 3\/4-Arm. Flammenmotiv wei\u00df in der Mitte. Strass vorne, hinten, Arme. F\u00fcr Wettkampf und Show-Auftritte.","robots":{"index":"index","follow":"follow","max-snippet":"max-snippet:-1","max-image-preview":"max-image-preview:large","max-video-preview":"max-video-preview:-1"},"canonical":"https:\/\/ervy.ch\/product\/blauer-wettkampfanzug-sarena-4-flammenmuster-strass-3-4-arm\/","og_locale":"en_US","og_type":"article","og_title":"Blauer Wettkampfanzug SARENA\/4","og_description":"Blauer Wettkampfanzug SARENA\/4 mit 3\/4-Arm. Flammenmotiv wei\u00df in der Mitte. Strass vorne, hinten, Arme. F\u00fcr Wettkampf und Show-Auftritte.","og_url":"https:\/\/ervy.ch\/product\/blauer-wettkampfanzug-sarena-4-flammenmuster-strass-3-4-arm\/","og_site_name":"Turnanz\u00fcge Made in Germany","article_publisher":"https:\/\/www.facebook.com\/ERVYSportsFashion","article_modified_time":"2025-07-01T06:45:08+00:00","og_image":[{"width":1792,"height":2560,"url":"https:\/\/ervy.ch\/wp-content\/uploads\/2021\/03\/TURNANZUG_VT_SARENA-4_11845-09-scaled.jpg","type":"image\/jpeg"}],"twitter_card":"summary_large_image","twitter_misc":{"Availability":"On backorder"},"schema":{"@context":"https:\/\/schema.org","@graph":[{"@type":"WebPage","@id":"https:\/\/ervy.ch\/product\/blauer-wettkampfanzug-sarena-4-flammenmuster-strass-3-4-arm\/","url":"https:\/\/ervy.ch\/product\/blauer-wettkampfanzug-sarena-4-flammenmuster-strass-3-4-arm\/","name":"Blauer Wettkampfanzug SARENA\/4 - Turnanz\u00fcge Made in Germany","isPartOf":{"@id":"https:\/\/ervy.ch\/#website"},"primaryImageOfPage":{"@id":"https:\/\/ervy.ch\/product\/blauer-wettkampfanzug-sarena-4-flammenmuster-strass-3-4-arm\/#primaryimage"},"image":{"@id":"https:\/\/ervy.ch\/product\/blauer-wettkampfanzug-sarena-4-flammenmuster-strass-3-4-arm\/#primaryimage"},"thumbnailUrl":"https:\/\/ervy.ch\/wp-content\/uploads\/2021\/03\/TURNANZUG_VT_SARENA-4_11845-09-scaled.jpg","datePublished":"2021-03-11T14:33:12+00:00","dateModified":"2025-07-01T06:45:08+00:00","description":"Blauer Wettkampfanzug SARENA\/4 mit 3\/4-Arm. Flammenmotiv wei\u00df in der Mitte. Strass vorne, hinten, Arme. F\u00fcr Wettkampf und Show-Auftritte.","breadcrumb":{"@id":"https:\/\/ervy.ch\/product\/blauer-wettkampfanzug-sarena-4-flammenmuster-strass-3-4-arm\/#breadcrumb"},"inLanguage":"en-US","potentialAction":[{"@type":"ReadAction","target":["https:\/\/ervy.ch\/product\/blauer-wettkampfanzug-sarena-4-flammenmuster-strass-3-4-arm\/"]}]},{"@type":"ImageObject","inLanguage":"en-US","@id":"https:\/\/ervy.ch\/product\/blauer-wettkampfanzug-sarena-4-flammenmuster-strass-3-4-arm\/#primaryimage","url":"https:\/\/ervy.ch\/wp-content\/uploads\/2021\/03\/TURNANZUG_VT_SARENA-4_11845-09-scaled.jpg","contentUrl":"https:\/\/ervy.ch\/wp-content\/uploads\/2021\/03\/TURNANZUG_VT_SARENA-4_11845-09-scaled.jpg","width":1792,"height":2560,"caption":"Turnanzug, Wettkampfanzug, Gymnastikanzug, justaucorps, leotard, turnpakje"},{"@type":"BreadcrumbList","@id":"https:\/\/ervy.ch\/product\/blauer-wettkampfanzug-sarena-4-flammenmuster-strass-3-4-arm\/#breadcrumb","itemListElement":[{"@type":"ListItem","position":1,"name":"Startseite","item":"https:\/\/ervy.ch\/"},{"@type":"ListItem","position":2,"name":"Shop","item":"https:\/\/ervy.ch\/shop\/"},{"@type":"ListItem","position":3,"name":"Blauer Wettkampfanzug SARENA\/4"}]},{"@type":"WebSite","@id":"https:\/\/ervy.ch\/#website","url":"https:\/\/ervy.ch\/","name":"Turnanz\u00fcge Made in Germany","description":"ERVY Schweiz-Vertretung","publisher":{"@id":"https:\/\/ervy.ch\/#organization"},"potentialAction":[{"@type":"SearchAction","target":{"@type":"EntryPoint","urlTemplate":"https:\/\/ervy.ch\/?s={search_term_string}"},"query-input":{"@type":"PropertyValueSpecification","valueRequired":true,"valueName":"search_term_string"}}],"inLanguage":"en-US"},{"@type":"Organization","@id":"https:\/\/ervy.ch\/#organization","name":"ERVY Sports Fashion GmbH","url":"https:\/\/ervy.ch\/","logo":{"@type":"ImageObject","inLanguage":"en-US","@id":"https:\/\/ervy.ch\/#\/schema\/logo\/image\/","url":"https:\/\/ervy.ch\/wp-content\/uploads\/2021\/03\/cropped-ERVY-Logo_JUST-SPORTS_Hintergrund_300x300.png","contentUrl":"https:\/\/ervy.ch\/wp-content\/uploads\/2021\/03\/cropped-ERVY-Logo_JUST-SPORTS_Hintergrund_300x300.png","width":512,"height":512,"caption":"ERVY Sports Fashion GmbH"},"image":{"@id":"https:\/\/ervy.ch\/#\/schema\/logo\/image\/"},"sameAs":["https:\/\/www.facebook.com\/ERVYSportsFashion","https:\/\/www.instagram.com\/ervy_sports_fashion\/?hl=de","https:\/\/www.pinterest.de\/ervysportsfashion\/","https:\/\/www.youtube.com\/channel\/UCwzRAG_B8mAIfVPXGwfdYhA","https:\/\/www.tiktok.com\/@ervysports"]}]},"og_availability":"backorder","product_availability":"available for order","product_retailer_item_id":"11845.09\/4","product_condition":"new"},"_links":{"self":[{"href":"https:\/\/ervy.ch\/en\/wp-json\/wp\/v2\/product\/7973","targetHints":{"allow":["GET"]}}],"collection":[{"href":"https:\/\/ervy.ch\/en\/wp-json\/wp\/v2\/product"}],"about":[{"href":"https:\/\/ervy.ch\/en\/wp-json\/wp\/v2\/types\/product"}],"wp:featuredmedia":[{"embeddable":true,"href":"https:\/\/ervy.ch\/en\/wp-json\/wp\/v2\/media\/7970"}],"wp:attachment":[{"href":"https:\/\/ervy.ch\/en\/wp-json\/wp\/v2\/media?parent=7973"}],"wp:term":[{"taxonomy":"product_brand","embeddable":true,"href":"https:\/\/ervy.ch\/en\/wp-json\/wp\/v2\/product_brand?post=7973"},{"taxonomy":"product_cat","embeddable":true,"href":"https:\/\/ervy.ch\/en\/wp-json\/wp\/v2\/product_cat?post=7973"},{"taxonomy":"product_tag","embeddable":true,"href":"https:\/\/ervy.ch\/en\/wp-json\/wp\/v2\/product_tag?post=7973"}],"curies":[{"name":"wp","href":"https:\/\/api.w.org\/{rel}","templated":true}]}}