{"id":7891,"date":"2021-03-11T14:22:28","date_gmt":"2021-03-11T13:22:28","guid":{"rendered":"https:\/\/ervy.de\/?post_type=product&#038;p=7891"},"modified":"2025-07-01T09:25:21","modified_gmt":"2025-07-01T07:25:21","slug":"turnanzug-diamond-4","status":"publish","type":"product","link":"https:\/\/ervy.ch\/en\/product\/turnanzug-diamond-4\/","title":{"rendered":"Turnanzug DIAMOND\/4"},"content":{"rendered":"<p><span style=\"font-size: 18px;\"><strong>Materialien und Farben:<\/strong><\/span><\/p>\n<table style=\"border-collapse: collapse; width: 100%;\">\n<tbody>\n<tr>\n<td style=\"width: 33.3333%;\"><strong>Lack Shine:<\/strong><br \/>\n82% Polyamid<br \/>\n18% Elasthan<\/td>\n<td style=\"width: 33.3333%;\"><strong>Farbe C1<\/strong><\/td>\n<td style=\"width: 33.3333%;\"><strong>16A1-schwarz<\/strong><\/td>\n<\/tr>\n<tr>\n<td style=\"width: 33.3333%;\"><strong>Lack Glitzer:<br \/>\n<\/strong>80% Polyamid<br \/>\n20% Elasthan<\/td>\n<td style=\"width: 33.3333%;\"><strong>Farbe C2<\/strong><\/td>\n<td style=\"width: 33.3333%;\"><strong>18W4-caribic-ombreshine-marine<\/strong><\/td>\n<\/tr>\n<tr>\n<td style=\"width: 33.3333%;\"><strong>T\u00fcll elastisch:<br \/>\n<\/strong>92% Polyamid<br \/>\n8% Elasthan<\/td>\n<td style=\"width: 33.3333%;\"><strong>Farbe C3<\/strong><\/td>\n<td style=\"width: 33.3333%;\"><strong>02A1-schwarz<\/strong><\/td>\n<\/tr>\n<tr>\n<td style=\"width: 33.3333%;\"><strong>Mikrofaser Futterstoff:<br \/>\n<\/strong>90% Polyamid<br \/>\n10% Elasthan<\/td>\n<td style=\"width: 33.3333%;\"><strong>Farbe C4<\/strong><\/td>\n<td style=\"width: 33.3333%;\"><strong>03G2-haut<\/strong><\/td>\n<\/tr>\n<\/tbody>\n<\/table>\n<p>&nbsp;<\/p>\n","protected":false},"excerpt":{"rendered":"<p>Turnanzug mit 3\/4-langen Armen und einem runden Halsausschnitt<br \/>\nStrassmotive: V492 vorne Mitte, G493 vorne oben, G494 hinten oben, einzelne Strasssteine an beiden \u00c4rmeln<\/p>\n<p>Ein gl\u00e4nzender Auftritt ist dir mit diesem Turnanzug sicher! Die verstreuten Strasssteine auf den Armen im Material T\u00fcll-schwarz gibt dem Anzug eine besondere Note.<br \/>\nDer Farbverlauf in Lack-Shine vorne in der Mitte macht den Anzug erst richtig speziell.<\/p>\n<p>Du ben\u00f6tigst eine andere Gr\u00f6\u00dfe? Kontaktiere uns direkt f\u00fcr eine Bestellung als\u00a0Sonderanfertigung, welche von R\u00fcckgabe und Umtausch ausgeschlossen ist.<\/p>\n<p>&nbsp;<\/p>\n","protected":false},"featured_media":7866,"template":"","meta":[],"product_brand":[],"product_cat":[132,142,147,1698,126,86,90,85],"product_tag":[515,514,499,522,364,520],"class_list":{"0":"post-7891","1":"product","2":"type-product","3":"status-publish","4":"has-post-thumbnail","6":"product_cat-akrobatik","7":"product_cat-kunstrad","8":"product_cat-rhoenrad","9":"product_cat-lagerartikel","10":"product_cat-teamgym","11":"product_cat-trampolin","12":"product_cat-turnanzuege-fuer-training-und-wettkampf","13":"product_cat-turnbekleidung-kinder-und-erwachsene","14":"product_tag-justaucorps","15":"product_tag-leotard","16":"product_tag-print","17":"product_tag-printleotard","18":"product_tag-turnanzug","19":"product_tag-turnpakje","20":"pa_farbe-caribic-ombreshine-marine","21":"pa_farbe-haut","22":"pa_farbe-schwarz","23":"pa_geschlecht-frauen","24":"pa_geschlecht-maedchen","25":"pa_groesse-793","26":"pa_grundfarbe-blau","27":"pa_grundfarbe-schwarz","28":"pa_material-lack-glitzer","29":"pa_material-lack-shine","30":"pa_material-mikrofaser","31":"pa_material-tuell-elastisch","32":"pa_produktart-turnanzug","33":"pa_sportart-akrobatik","34":"pa_sportart-kunstrad","35":"pa_sportart-rhoenrad","36":"pa_sportart-teamgym","37":"pa_sportart-trampolin","38":"pa_sportart-turnen","39":"pa_styles-ombre","40":"pa_veredelung-strass","41":"pa_weitere-ausfuehrung-mit-futterstoff","43":"first","44":"instock","45":"taxable","46":"shipping-taxable","47":"purchasable","48":"product-type-variable"},"yoast_head":"<!-- This site is optimized with the Yoast SEO Premium plugin v27.5 (Yoast SEO v27.5) - https:\/\/yoast.com\/product\/yoast-seo-premium-wordpress\/ -->\n<title>Turnanzug DIAMOND\/4 - Turnanz\u00fcge Made in Germany<\/title>\n<meta name=\"robots\" content=\"index, follow, max-snippet:-1, max-image-preview:large, max-video-preview:-1\" \/>\n<link rel=\"canonical\" href=\"https:\/\/ervy.ch\/produkt\/turnanzug-diamond-4\/\" \/>\n<meta property=\"og:locale\" content=\"en_US\" \/>\n<meta property=\"og:type\" content=\"article\" \/>\n<meta property=\"og:title\" content=\"Turnanzug DIAMOND\/4\" \/>\n<meta property=\"og:description\" content=\"Turnanzug mit 3\/4-langen Armen und einem runden Halsausschnitt Strassmotive: V492 vorne Mitte, G493 vorne oben, G494 hinten oben, einzelne Strasssteine an beiden \u00c4rmeln  Ein gl\u00e4nzender Auftritt ist dir mit diesem Turnanzug sicher! Die verstreuten Strasssteine auf den Armen im Material T\u00fcll-schwarz gibt dem Anzug eine besondere Note. Der Farbverlauf in Lack-Shine vorne in der Mitte macht den Anzug erst richtig speziell.  Du ben\u00f6tigst eine andere Gr\u00f6\u00dfe? Kontaktiere uns direkt f\u00fcr eine Bestellung als\u00a0Sonderanfertigung, welche von R\u00fcckgabe und Umtausch ausgeschlossen ist.  &nbsp;\" \/>\n<meta property=\"og:url\" content=\"https:\/\/ervy.ch\/produkt\/turnanzug-diamond-4\/\" \/>\n<meta property=\"og:site_name\" content=\"Turnanz\u00fcge Made in Germany\" \/>\n<meta property=\"article:publisher\" content=\"https:\/\/www.facebook.com\/ERVYSportsFashion\" \/>\n<meta property=\"article:modified_time\" content=\"2025-07-01T07:25:21+00:00\" \/>\n<meta property=\"og:image\" content=\"https:\/\/ervy.ch\/wp-content\/uploads\/2021\/03\/TURNANZUG_VT_DIAMOND-4_11611-09-scaled.jpg\" \/>\n\t<meta property=\"og:image:width\" content=\"1792\" \/>\n\t<meta property=\"og:image:height\" content=\"2560\" \/>\n\t<meta property=\"og:image:type\" content=\"image\/jpeg\" \/>\n<meta name=\"twitter:card\" content=\"summary_large_image\" \/>\n<meta name=\"twitter:label1\" content=\"Availability\" \/>\n\t<meta name=\"twitter:data1\" content=\"In stock\" \/>\n<script type=\"application\/ld+json\" class=\"yoast-schema-graph\">{\"@context\":\"https:\\\/\\\/schema.org\",\"@graph\":[{\"@type\":\"WebPage\",\"@id\":\"https:\\\/\\\/ervy.ch\\\/produkt\\\/turnanzug-diamond-4\\\/\",\"url\":\"https:\\\/\\\/ervy.ch\\\/produkt\\\/turnanzug-diamond-4\\\/\",\"name\":\"Turnanzug DIAMOND\\\/4 - Turnanz\u00fcge Made in Germany\",\"isPartOf\":{\"@id\":\"https:\\\/\\\/ervy.ch\\\/#website\"},\"primaryImageOfPage\":{\"@id\":\"https:\\\/\\\/ervy.ch\\\/produkt\\\/turnanzug-diamond-4\\\/#primaryimage\"},\"image\":{\"@id\":\"https:\\\/\\\/ervy.ch\\\/produkt\\\/turnanzug-diamond-4\\\/#primaryimage\"},\"thumbnailUrl\":\"https:\\\/\\\/ervy.ch\\\/wp-content\\\/uploads\\\/2021\\\/03\\\/TURNANZUG_VT_DIAMOND-4_11611-09-scaled.jpg\",\"datePublished\":\"2021-03-11T13:22:28+00:00\",\"dateModified\":\"2025-07-01T07:25:21+00:00\",\"breadcrumb\":{\"@id\":\"https:\\\/\\\/ervy.ch\\\/produkt\\\/turnanzug-diamond-4\\\/#breadcrumb\"},\"inLanguage\":\"en-US\",\"potentialAction\":[{\"@type\":\"ReadAction\",\"target\":[\"https:\\\/\\\/ervy.ch\\\/produkt\\\/turnanzug-diamond-4\\\/\"]}]},{\"@type\":\"ImageObject\",\"inLanguage\":\"en-US\",\"@id\":\"https:\\\/\\\/ervy.ch\\\/produkt\\\/turnanzug-diamond-4\\\/#primaryimage\",\"url\":\"https:\\\/\\\/ervy.ch\\\/wp-content\\\/uploads\\\/2021\\\/03\\\/TURNANZUG_VT_DIAMOND-4_11611-09-scaled.jpg\",\"contentUrl\":\"https:\\\/\\\/ervy.ch\\\/wp-content\\\/uploads\\\/2021\\\/03\\\/TURNANZUG_VT_DIAMOND-4_11611-09-scaled.jpg\",\"width\":1792,\"height\":2560,\"caption\":\"Turnanzug, Wettkampfanzug, Gymnastikanzug, justaucorps, leotard, turnpakje\"},{\"@type\":\"BreadcrumbList\",\"@id\":\"https:\\\/\\\/ervy.ch\\\/produkt\\\/turnanzug-diamond-4\\\/#breadcrumb\",\"itemListElement\":[{\"@type\":\"ListItem\",\"position\":1,\"name\":\"Startseite\",\"item\":\"https:\\\/\\\/ervy.ch\\\/\"},{\"@type\":\"ListItem\",\"position\":2,\"name\":\"Shop\",\"item\":\"https:\\\/\\\/ervy.ch\\\/shop\\\/\"},{\"@type\":\"ListItem\",\"position\":3,\"name\":\"Turnanzug DIAMOND\\\/4\"}]},{\"@type\":\"WebSite\",\"@id\":\"https:\\\/\\\/ervy.ch\\\/#website\",\"url\":\"https:\\\/\\\/ervy.ch\\\/\",\"name\":\"Turnanz\u00fcge Made in Germany\",\"description\":\"ERVY Schweiz-Vertretung\",\"publisher\":{\"@id\":\"https:\\\/\\\/ervy.ch\\\/#organization\"},\"potentialAction\":[{\"@type\":\"SearchAction\",\"target\":{\"@type\":\"EntryPoint\",\"urlTemplate\":\"https:\\\/\\\/ervy.ch\\\/?s={search_term_string}\"},\"query-input\":{\"@type\":\"PropertyValueSpecification\",\"valueRequired\":true,\"valueName\":\"search_term_string\"}}],\"inLanguage\":\"en-US\"},{\"@type\":\"Organization\",\"@id\":\"https:\\\/\\\/ervy.ch\\\/#organization\",\"name\":\"ERVY Sports Fashion GmbH\",\"url\":\"https:\\\/\\\/ervy.ch\\\/\",\"logo\":{\"@type\":\"ImageObject\",\"inLanguage\":\"en-US\",\"@id\":\"https:\\\/\\\/ervy.ch\\\/#\\\/schema\\\/logo\\\/image\\\/\",\"url\":\"https:\\\/\\\/ervy.ch\\\/wp-content\\\/uploads\\\/2021\\\/03\\\/cropped-ERVY-Logo_JUST-SPORTS_Hintergrund_300x300.png\",\"contentUrl\":\"https:\\\/\\\/ervy.ch\\\/wp-content\\\/uploads\\\/2021\\\/03\\\/cropped-ERVY-Logo_JUST-SPORTS_Hintergrund_300x300.png\",\"width\":512,\"height\":512,\"caption\":\"ERVY Sports Fashion GmbH\"},\"image\":{\"@id\":\"https:\\\/\\\/ervy.ch\\\/#\\\/schema\\\/logo\\\/image\\\/\"},\"sameAs\":[\"https:\\\/\\\/www.facebook.com\\\/ERVYSportsFashion\",\"https:\\\/\\\/www.instagram.com\\\/ervy_sports_fashion\\\/?hl=de\",\"https:\\\/\\\/www.pinterest.de\\\/ervysportsfashion\\\/\",\"https:\\\/\\\/www.youtube.com\\\/channel\\\/UCwzRAG_B8mAIfVPXGwfdYhA\",\"https:\\\/\\\/www.tiktok.com\\\/@ervysports\"]}]}<\/script>\n<meta property=\"og:availability\" content=\"instock\" \/>\n<meta property=\"product:availability\" content=\"instock\" \/>\n<meta property=\"product:retailer_item_id\" content=\"11611.09\/4\" \/>\n<meta property=\"product:condition\" content=\"new\" \/>\n<!-- \/ Yoast SEO Premium plugin. -->","yoast_head_json":{"title":"Turnanzug DIAMOND\/4 - Turnanz\u00fcge Made in Germany","robots":{"index":"index","follow":"follow","max-snippet":"max-snippet:-1","max-image-preview":"max-image-preview:large","max-video-preview":"max-video-preview:-1"},"canonical":"https:\/\/ervy.ch\/produkt\/turnanzug-diamond-4\/","og_locale":"en_US","og_type":"article","og_title":"Turnanzug DIAMOND\/4","og_description":"Turnanzug mit 3\/4-langen Armen und einem runden Halsausschnitt Strassmotive: V492 vorne Mitte, G493 vorne oben, G494 hinten oben, einzelne Strasssteine an beiden \u00c4rmeln  Ein gl\u00e4nzender Auftritt ist dir mit diesem Turnanzug sicher! Die verstreuten Strasssteine auf den Armen im Material T\u00fcll-schwarz gibt dem Anzug eine besondere Note. Der Farbverlauf in Lack-Shine vorne in der Mitte macht den Anzug erst richtig speziell.  Du ben\u00f6tigst eine andere Gr\u00f6\u00dfe? Kontaktiere uns direkt f\u00fcr eine Bestellung als\u00a0Sonderanfertigung, welche von R\u00fcckgabe und Umtausch ausgeschlossen ist.  &nbsp;","og_url":"https:\/\/ervy.ch\/produkt\/turnanzug-diamond-4\/","og_site_name":"Turnanz\u00fcge Made in Germany","article_publisher":"https:\/\/www.facebook.com\/ERVYSportsFashion","article_modified_time":"2025-07-01T07:25:21+00:00","og_image":[{"width":1792,"height":2560,"url":"https:\/\/ervy.ch\/wp-content\/uploads\/2021\/03\/TURNANZUG_VT_DIAMOND-4_11611-09-scaled.jpg","type":"image\/jpeg"}],"twitter_card":"summary_large_image","twitter_misc":{"Availability":"In stock"},"schema":{"@context":"https:\/\/schema.org","@graph":[{"@type":"WebPage","@id":"https:\/\/ervy.ch\/produkt\/turnanzug-diamond-4\/","url":"https:\/\/ervy.ch\/produkt\/turnanzug-diamond-4\/","name":"Turnanzug DIAMOND\/4 - Turnanz\u00fcge Made in Germany","isPartOf":{"@id":"https:\/\/ervy.ch\/#website"},"primaryImageOfPage":{"@id":"https:\/\/ervy.ch\/produkt\/turnanzug-diamond-4\/#primaryimage"},"image":{"@id":"https:\/\/ervy.ch\/produkt\/turnanzug-diamond-4\/#primaryimage"},"thumbnailUrl":"https:\/\/ervy.ch\/wp-content\/uploads\/2021\/03\/TURNANZUG_VT_DIAMOND-4_11611-09-scaled.jpg","datePublished":"2021-03-11T13:22:28+00:00","dateModified":"2025-07-01T07:25:21+00:00","breadcrumb":{"@id":"https:\/\/ervy.ch\/produkt\/turnanzug-diamond-4\/#breadcrumb"},"inLanguage":"en-US","potentialAction":[{"@type":"ReadAction","target":["https:\/\/ervy.ch\/produkt\/turnanzug-diamond-4\/"]}]},{"@type":"ImageObject","inLanguage":"en-US","@id":"https:\/\/ervy.ch\/produkt\/turnanzug-diamond-4\/#primaryimage","url":"https:\/\/ervy.ch\/wp-content\/uploads\/2021\/03\/TURNANZUG_VT_DIAMOND-4_11611-09-scaled.jpg","contentUrl":"https:\/\/ervy.ch\/wp-content\/uploads\/2021\/03\/TURNANZUG_VT_DIAMOND-4_11611-09-scaled.jpg","width":1792,"height":2560,"caption":"Turnanzug, Wettkampfanzug, Gymnastikanzug, justaucorps, leotard, turnpakje"},{"@type":"BreadcrumbList","@id":"https:\/\/ervy.ch\/produkt\/turnanzug-diamond-4\/#breadcrumb","itemListElement":[{"@type":"ListItem","position":1,"name":"Startseite","item":"https:\/\/ervy.ch\/"},{"@type":"ListItem","position":2,"name":"Shop","item":"https:\/\/ervy.ch\/shop\/"},{"@type":"ListItem","position":3,"name":"Turnanzug DIAMOND\/4"}]},{"@type":"WebSite","@id":"https:\/\/ervy.ch\/#website","url":"https:\/\/ervy.ch\/","name":"Turnanz\u00fcge Made in Germany","description":"ERVY Schweiz-Vertretung","publisher":{"@id":"https:\/\/ervy.ch\/#organization"},"potentialAction":[{"@type":"SearchAction","target":{"@type":"EntryPoint","urlTemplate":"https:\/\/ervy.ch\/?s={search_term_string}"},"query-input":{"@type":"PropertyValueSpecification","valueRequired":true,"valueName":"search_term_string"}}],"inLanguage":"en-US"},{"@type":"Organization","@id":"https:\/\/ervy.ch\/#organization","name":"ERVY Sports Fashion GmbH","url":"https:\/\/ervy.ch\/","logo":{"@type":"ImageObject","inLanguage":"en-US","@id":"https:\/\/ervy.ch\/#\/schema\/logo\/image\/","url":"https:\/\/ervy.ch\/wp-content\/uploads\/2021\/03\/cropped-ERVY-Logo_JUST-SPORTS_Hintergrund_300x300.png","contentUrl":"https:\/\/ervy.ch\/wp-content\/uploads\/2021\/03\/cropped-ERVY-Logo_JUST-SPORTS_Hintergrund_300x300.png","width":512,"height":512,"caption":"ERVY Sports Fashion GmbH"},"image":{"@id":"https:\/\/ervy.ch\/#\/schema\/logo\/image\/"},"sameAs":["https:\/\/www.facebook.com\/ERVYSportsFashion","https:\/\/www.instagram.com\/ervy_sports_fashion\/?hl=de","https:\/\/www.pinterest.de\/ervysportsfashion\/","https:\/\/www.youtube.com\/channel\/UCwzRAG_B8mAIfVPXGwfdYhA","https:\/\/www.tiktok.com\/@ervysports"]}]},"og_availability":"instock","product_availability":"instock","product_retailer_item_id":"11611.09\/4","product_condition":"new"},"_links":{"self":[{"href":"https:\/\/ervy.ch\/en\/wp-json\/wp\/v2\/product\/7891","targetHints":{"allow":["GET"]}}],"collection":[{"href":"https:\/\/ervy.ch\/en\/wp-json\/wp\/v2\/product"}],"about":[{"href":"https:\/\/ervy.ch\/en\/wp-json\/wp\/v2\/types\/product"}],"wp:featuredmedia":[{"embeddable":true,"href":"https:\/\/ervy.ch\/en\/wp-json\/wp\/v2\/media\/7866"}],"wp:attachment":[{"href":"https:\/\/ervy.ch\/en\/wp-json\/wp\/v2\/media?parent=7891"}],"wp:term":[{"taxonomy":"product_brand","embeddable":true,"href":"https:\/\/ervy.ch\/en\/wp-json\/wp\/v2\/product_brand?post=7891"},{"taxonomy":"product_cat","embeddable":true,"href":"https:\/\/ervy.ch\/en\/wp-json\/wp\/v2\/product_cat?post=7891"},{"taxonomy":"product_tag","embeddable":true,"href":"https:\/\/ervy.ch\/en\/wp-json\/wp\/v2\/product_tag?post=7891"}],"curies":[{"name":"wp","href":"https:\/\/api.w.org\/{rel}","templated":true}]}}