{"id":6735,"date":"2021-02-23T09:23:55","date_gmt":"2021-02-23T08:23:55","guid":{"rendered":"https:\/\/ervy.de\/?post_type=product&#038;p=6735"},"modified":"2026-02-06T16:18:50","modified_gmt":"2026-02-06T15:18:50","slug":"turnanzug-celia1","status":"publish","type":"product","link":"https:\/\/ervy.ch\/en\/product\/turnanzug-celia1\/","title":{"rendered":"Turnanzug CELIA\/1"},"content":{"rendered":"<h3>Materialien und Farben:<\/h3>\n<table style=\"border-collapse: collapse; width: 100%; height: 214px;\">\n<tbody>\n<tr style=\"height: 72px;\">\n<td style=\"width: 33.3333%; height: 72px;\"><strong>Lack Shine:<\/strong><br \/>\n82% Polyamid<br \/>\n18% Elasthan<\/td>\n<td style=\"width: 33.3333%; height: 72px;\"><strong>Farbe C1<\/strong><\/td>\n<td style=\"width: 33.3333%; height: 72px;\"><strong>16R9-petrol<\/strong><\/td>\n<\/tr>\n<tr style=\"height: 72px;\">\n<td style=\"width: 33.3333%; height: 72px;\"><strong>Polyamid matt:<\/strong><br \/>\n82% Polyamid<br \/>\n18% Elasthan<\/td>\n<td style=\"width: 33.3333%; height: 72px;\"><strong>Farbe C2<\/strong><\/td>\n<td style=\"width: 33.3333%; height: 72px;\"><strong>01T2\/L-smaragd<\/strong><\/td>\n<\/tr>\n<tr style=\"height: 70px;\">\n<td style=\"width: 33.3333%; height: 70px;\"><strong>Igloo:<br \/>\n<\/strong>87% Polyester<br \/>\n13% Elasthan<\/td>\n<td style=\"width: 33.3333%; height: 70px;\"><strong>Farbe C3<\/strong><\/td>\n<td style=\"width: 33.3333%; height: 70px;\"><strong>29D1-wei\u00df<\/strong><\/td>\n<\/tr>\n<\/tbody>\n<\/table>\n","protected":false},"excerpt":{"rendered":"<p>Lang\u00e4rmliger Turnanzug mit einem asymmetrischen Halsausschnitt<br \/>\nStrassmotive: B637 vorne, R638 linker Arm, R639 rechter Arm<\/p>\n<p>Wundersch\u00f6ner Anzug in der Farbe Petrol mit sch\u00f6nem Motiv. Die Farbkombination petrol und smaragd l\u00e4sst das Design so richtig zur Geltung kommen.<\/p>\n<p>Der Turnanzug ist ein richtiger Hingucker. Der asymmetrische Halsausschnitt l\u00e4sst diesen Anzug einzigartig wirken.<\/p>\n<p>Du ben\u00f6tigst eine andere Gr\u00f6\u00dfe? Kontaktiere uns direkt f\u00fcr eine Bestellung als\u00a0Sonderanfertigung, welche von R\u00fcckgabe und Umtausch ausgeschlossen ist.<\/p>\n","protected":false},"featured_media":6738,"template":"","meta":[],"product_brand":[],"product_cat":[132,142,147,1698,126,86,90,85],"product_tag":[515,514,364,520],"class_list":{"0":"post-6735","1":"product","2":"type-product","3":"status-publish","4":"has-post-thumbnail","6":"product_cat-akrobatik","7":"product_cat-kunstrad","8":"product_cat-rhoenrad","9":"product_cat-lagerartikel","10":"product_cat-teamgym","11":"product_cat-trampolin","12":"product_cat-turnanzuege-fuer-training-und-wettkampf","13":"product_cat-turnbekleidung-kinder-und-erwachsene","14":"product_tag-justaucorps","15":"product_tag-leotard","16":"product_tag-turnanzug","17":"product_tag-turnpakje","18":"pa_farbe-petrol","19":"pa_farbe-smaragd","20":"pa_farbe-weiss","21":"pa_geschlecht-frauen","22":"pa_geschlecht-maedchen","23":"pa_groesse-792","24":"pa_groesse-793","25":"pa_groesse-794","26":"pa_groesse-795","27":"pa_groesse-796","28":"pa_groesse-797","29":"pa_grundfarbe-blau","30":"pa_grundfarbe-gruen","31":"pa_grundfarbe-weiss","32":"pa_material-igloo","33":"pa_material-lack-shine","34":"pa_material-polyamid-matt","35":"pa_produktart-turnanzug","36":"pa_sportart-akrobatik","37":"pa_sportart-kunstrad","38":"pa_sportart-rhoenrad","39":"pa_sportart-teamgym","40":"pa_sportart-trampolin","41":"pa_sportart-turnen","42":"pa_veredelung-strass","44":"first","45":"instock","46":"taxable","47":"shipping-taxable","48":"purchasable","49":"product-type-variable"},"yoast_head":"<!-- This site is optimized with the Yoast SEO Premium plugin v27.5 (Yoast SEO v27.5) - https:\/\/yoast.com\/product\/yoast-seo-premium-wordpress\/ -->\n<title>Turnanzug CELIA\/1 - Turnanz\u00fcge Made in Germany<\/title>\n<meta name=\"robots\" content=\"index, follow, max-snippet:-1, max-image-preview:large, max-video-preview:-1\" \/>\n<link rel=\"canonical\" href=\"https:\/\/ervy.ch\/produkt\/turnanzug-celia1\/\" \/>\n<meta property=\"og:locale\" content=\"en_US\" \/>\n<meta property=\"og:type\" content=\"article\" \/>\n<meta property=\"og:title\" content=\"Turnanzug CELIA\/1\" \/>\n<meta property=\"og:description\" content=\"Lang\u00e4rmliger Turnanzug mit einem asymmetrischen Halsausschnitt Strassmotive: B637 vorne, R638 linker Arm, R639 rechter Arm  Wundersch\u00f6ner Anzug in der Farbe Petrol mit sch\u00f6nem Motiv. Die Farbkombination petrol und smaragd l\u00e4sst das Design so richtig zur Geltung kommen.  Der Turnanzug ist ein richtiger Hingucker. Der asymmetrische Halsausschnitt l\u00e4sst diesen Anzug einzigartig wirken.  Du ben\u00f6tigst eine andere Gr\u00f6\u00dfe? Kontaktiere uns direkt f\u00fcr eine Bestellung als\u00a0Sonderanfertigung, welche von R\u00fcckgabe und Umtausch ausgeschlossen ist.\" \/>\n<meta property=\"og:url\" content=\"https:\/\/ervy.ch\/produkt\/turnanzug-celia1\/\" \/>\n<meta property=\"og:site_name\" content=\"Turnanz\u00fcge Made in Germany\" \/>\n<meta property=\"article:publisher\" content=\"https:\/\/www.facebook.com\/ERVYSportsFashion\" \/>\n<meta property=\"article:modified_time\" content=\"2026-02-06T15:18:50+00:00\" \/>\n<meta property=\"og:image\" content=\"https:\/\/ervy.ch\/wp-content\/uploads\/2021\/02\/11903-08_1_CELIA_VT.jpg\" \/>\n\t<meta property=\"og:image:width\" content=\"700\" \/>\n\t<meta property=\"og:image:height\" content=\"1000\" \/>\n\t<meta property=\"og:image:type\" content=\"image\/jpeg\" \/>\n<meta name=\"twitter:card\" content=\"summary_large_image\" \/>\n<meta name=\"twitter:label1\" content=\"Availability\" \/>\n\t<meta name=\"twitter:data1\" content=\"In stock\" \/>\n<script type=\"application\/ld+json\" class=\"yoast-schema-graph\">{\"@context\":\"https:\\\/\\\/schema.org\",\"@graph\":[{\"@type\":\"WebPage\",\"@id\":\"https:\\\/\\\/ervy.ch\\\/produkt\\\/turnanzug-celia1\\\/\",\"url\":\"https:\\\/\\\/ervy.ch\\\/produkt\\\/turnanzug-celia1\\\/\",\"name\":\"Turnanzug CELIA\\\/1 - Turnanz\u00fcge Made in Germany\",\"isPartOf\":{\"@id\":\"https:\\\/\\\/ervy.ch\\\/#website\"},\"primaryImageOfPage\":{\"@id\":\"https:\\\/\\\/ervy.ch\\\/produkt\\\/turnanzug-celia1\\\/#primaryimage\"},\"image\":{\"@id\":\"https:\\\/\\\/ervy.ch\\\/produkt\\\/turnanzug-celia1\\\/#primaryimage\"},\"thumbnailUrl\":\"https:\\\/\\\/ervy.ch\\\/wp-content\\\/uploads\\\/2021\\\/02\\\/11903-08_1_CELIA_VT.jpg\",\"datePublished\":\"2021-02-23T08:23:55+00:00\",\"dateModified\":\"2026-02-06T15:18:50+00:00\",\"breadcrumb\":{\"@id\":\"https:\\\/\\\/ervy.ch\\\/produkt\\\/turnanzug-celia1\\\/#breadcrumb\"},\"inLanguage\":\"en-US\",\"potentialAction\":[{\"@type\":\"ReadAction\",\"target\":[\"https:\\\/\\\/ervy.ch\\\/produkt\\\/turnanzug-celia1\\\/\"]}]},{\"@type\":\"ImageObject\",\"inLanguage\":\"en-US\",\"@id\":\"https:\\\/\\\/ervy.ch\\\/produkt\\\/turnanzug-celia1\\\/#primaryimage\",\"url\":\"https:\\\/\\\/ervy.ch\\\/wp-content\\\/uploads\\\/2021\\\/02\\\/11903-08_1_CELIA_VT.jpg\",\"contentUrl\":\"https:\\\/\\\/ervy.ch\\\/wp-content\\\/uploads\\\/2021\\\/02\\\/11903-08_1_CELIA_VT.jpg\",\"width\":700,\"height\":1000,\"caption\":\"Turnanzug, Wettkampfanzug, Gymnastikanzug, justaucorps, leotard, turnpakje\"},{\"@type\":\"BreadcrumbList\",\"@id\":\"https:\\\/\\\/ervy.ch\\\/produkt\\\/turnanzug-celia1\\\/#breadcrumb\",\"itemListElement\":[{\"@type\":\"ListItem\",\"position\":1,\"name\":\"Startseite\",\"item\":\"https:\\\/\\\/ervy.ch\\\/\"},{\"@type\":\"ListItem\",\"position\":2,\"name\":\"Shop\",\"item\":\"https:\\\/\\\/ervy.ch\\\/shop\\\/\"},{\"@type\":\"ListItem\",\"position\":3,\"name\":\"Turnanzug CELIA\\\/1\"}]},{\"@type\":\"WebSite\",\"@id\":\"https:\\\/\\\/ervy.ch\\\/#website\",\"url\":\"https:\\\/\\\/ervy.ch\\\/\",\"name\":\"Turnanz\u00fcge Made in Germany\",\"description\":\"ERVY Schweiz-Vertretung\",\"publisher\":{\"@id\":\"https:\\\/\\\/ervy.ch\\\/#organization\"},\"potentialAction\":[{\"@type\":\"SearchAction\",\"target\":{\"@type\":\"EntryPoint\",\"urlTemplate\":\"https:\\\/\\\/ervy.ch\\\/?s={search_term_string}\"},\"query-input\":{\"@type\":\"PropertyValueSpecification\",\"valueRequired\":true,\"valueName\":\"search_term_string\"}}],\"inLanguage\":\"en-US\"},{\"@type\":\"Organization\",\"@id\":\"https:\\\/\\\/ervy.ch\\\/#organization\",\"name\":\"ERVY Sports Fashion GmbH\",\"url\":\"https:\\\/\\\/ervy.ch\\\/\",\"logo\":{\"@type\":\"ImageObject\",\"inLanguage\":\"en-US\",\"@id\":\"https:\\\/\\\/ervy.ch\\\/#\\\/schema\\\/logo\\\/image\\\/\",\"url\":\"https:\\\/\\\/ervy.ch\\\/wp-content\\\/uploads\\\/2021\\\/03\\\/cropped-ERVY-Logo_JUST-SPORTS_Hintergrund_300x300.png\",\"contentUrl\":\"https:\\\/\\\/ervy.ch\\\/wp-content\\\/uploads\\\/2021\\\/03\\\/cropped-ERVY-Logo_JUST-SPORTS_Hintergrund_300x300.png\",\"width\":512,\"height\":512,\"caption\":\"ERVY Sports Fashion GmbH\"},\"image\":{\"@id\":\"https:\\\/\\\/ervy.ch\\\/#\\\/schema\\\/logo\\\/image\\\/\"},\"sameAs\":[\"https:\\\/\\\/www.facebook.com\\\/ERVYSportsFashion\",\"https:\\\/\\\/www.instagram.com\\\/ervy_sports_fashion\\\/?hl=de\",\"https:\\\/\\\/www.pinterest.de\\\/ervysportsfashion\\\/\",\"https:\\\/\\\/www.youtube.com\\\/channel\\\/UCwzRAG_B8mAIfVPXGwfdYhA\",\"https:\\\/\\\/www.tiktok.com\\\/@ervysports\"]}]}<\/script>\n<meta property=\"og:availability\" content=\"instock\" \/>\n<meta property=\"product:availability\" content=\"instock\" \/>\n<meta property=\"product:retailer_item_id\" content=\"11903.08\/1\" \/>\n<meta property=\"product:condition\" content=\"new\" \/>\n<!-- \/ Yoast SEO Premium plugin. -->","yoast_head_json":{"title":"Turnanzug CELIA\/1 - Turnanz\u00fcge Made in Germany","robots":{"index":"index","follow":"follow","max-snippet":"max-snippet:-1","max-image-preview":"max-image-preview:large","max-video-preview":"max-video-preview:-1"},"canonical":"https:\/\/ervy.ch\/produkt\/turnanzug-celia1\/","og_locale":"en_US","og_type":"article","og_title":"Turnanzug CELIA\/1","og_description":"Lang\u00e4rmliger Turnanzug mit einem asymmetrischen Halsausschnitt Strassmotive: B637 vorne, R638 linker Arm, R639 rechter Arm  Wundersch\u00f6ner Anzug in der Farbe Petrol mit sch\u00f6nem Motiv. Die Farbkombination petrol und smaragd l\u00e4sst das Design so richtig zur Geltung kommen.  Der Turnanzug ist ein richtiger Hingucker. Der asymmetrische Halsausschnitt l\u00e4sst diesen Anzug einzigartig wirken.  Du ben\u00f6tigst eine andere Gr\u00f6\u00dfe? Kontaktiere uns direkt f\u00fcr eine Bestellung als\u00a0Sonderanfertigung, welche von R\u00fcckgabe und Umtausch ausgeschlossen ist.","og_url":"https:\/\/ervy.ch\/produkt\/turnanzug-celia1\/","og_site_name":"Turnanz\u00fcge Made in Germany","article_publisher":"https:\/\/www.facebook.com\/ERVYSportsFashion","article_modified_time":"2026-02-06T15:18:50+00:00","og_image":[{"width":700,"height":1000,"url":"https:\/\/ervy.ch\/wp-content\/uploads\/2021\/02\/11903-08_1_CELIA_VT.jpg","type":"image\/jpeg"}],"twitter_card":"summary_large_image","twitter_misc":{"Availability":"In stock"},"schema":{"@context":"https:\/\/schema.org","@graph":[{"@type":"WebPage","@id":"https:\/\/ervy.ch\/produkt\/turnanzug-celia1\/","url":"https:\/\/ervy.ch\/produkt\/turnanzug-celia1\/","name":"Turnanzug CELIA\/1 - Turnanz\u00fcge Made in Germany","isPartOf":{"@id":"https:\/\/ervy.ch\/#website"},"primaryImageOfPage":{"@id":"https:\/\/ervy.ch\/produkt\/turnanzug-celia1\/#primaryimage"},"image":{"@id":"https:\/\/ervy.ch\/produkt\/turnanzug-celia1\/#primaryimage"},"thumbnailUrl":"https:\/\/ervy.ch\/wp-content\/uploads\/2021\/02\/11903-08_1_CELIA_VT.jpg","datePublished":"2021-02-23T08:23:55+00:00","dateModified":"2026-02-06T15:18:50+00:00","breadcrumb":{"@id":"https:\/\/ervy.ch\/produkt\/turnanzug-celia1\/#breadcrumb"},"inLanguage":"en-US","potentialAction":[{"@type":"ReadAction","target":["https:\/\/ervy.ch\/produkt\/turnanzug-celia1\/"]}]},{"@type":"ImageObject","inLanguage":"en-US","@id":"https:\/\/ervy.ch\/produkt\/turnanzug-celia1\/#primaryimage","url":"https:\/\/ervy.ch\/wp-content\/uploads\/2021\/02\/11903-08_1_CELIA_VT.jpg","contentUrl":"https:\/\/ervy.ch\/wp-content\/uploads\/2021\/02\/11903-08_1_CELIA_VT.jpg","width":700,"height":1000,"caption":"Turnanzug, Wettkampfanzug, Gymnastikanzug, justaucorps, leotard, turnpakje"},{"@type":"BreadcrumbList","@id":"https:\/\/ervy.ch\/produkt\/turnanzug-celia1\/#breadcrumb","itemListElement":[{"@type":"ListItem","position":1,"name":"Startseite","item":"https:\/\/ervy.ch\/"},{"@type":"ListItem","position":2,"name":"Shop","item":"https:\/\/ervy.ch\/shop\/"},{"@type":"ListItem","position":3,"name":"Turnanzug CELIA\/1"}]},{"@type":"WebSite","@id":"https:\/\/ervy.ch\/#website","url":"https:\/\/ervy.ch\/","name":"Turnanz\u00fcge Made in Germany","description":"ERVY Schweiz-Vertretung","publisher":{"@id":"https:\/\/ervy.ch\/#organization"},"potentialAction":[{"@type":"SearchAction","target":{"@type":"EntryPoint","urlTemplate":"https:\/\/ervy.ch\/?s={search_term_string}"},"query-input":{"@type":"PropertyValueSpecification","valueRequired":true,"valueName":"search_term_string"}}],"inLanguage":"en-US"},{"@type":"Organization","@id":"https:\/\/ervy.ch\/#organization","name":"ERVY Sports Fashion GmbH","url":"https:\/\/ervy.ch\/","logo":{"@type":"ImageObject","inLanguage":"en-US","@id":"https:\/\/ervy.ch\/#\/schema\/logo\/image\/","url":"https:\/\/ervy.ch\/wp-content\/uploads\/2021\/03\/cropped-ERVY-Logo_JUST-SPORTS_Hintergrund_300x300.png","contentUrl":"https:\/\/ervy.ch\/wp-content\/uploads\/2021\/03\/cropped-ERVY-Logo_JUST-SPORTS_Hintergrund_300x300.png","width":512,"height":512,"caption":"ERVY Sports Fashion GmbH"},"image":{"@id":"https:\/\/ervy.ch\/#\/schema\/logo\/image\/"},"sameAs":["https:\/\/www.facebook.com\/ERVYSportsFashion","https:\/\/www.instagram.com\/ervy_sports_fashion\/?hl=de","https:\/\/www.pinterest.de\/ervysportsfashion\/","https:\/\/www.youtube.com\/channel\/UCwzRAG_B8mAIfVPXGwfdYhA","https:\/\/www.tiktok.com\/@ervysports"]}]},"og_availability":"instock","product_availability":"instock","product_retailer_item_id":"11903.08\/1","product_condition":"new"},"_links":{"self":[{"href":"https:\/\/ervy.ch\/en\/wp-json\/wp\/v2\/product\/6735","targetHints":{"allow":["GET"]}}],"collection":[{"href":"https:\/\/ervy.ch\/en\/wp-json\/wp\/v2\/product"}],"about":[{"href":"https:\/\/ervy.ch\/en\/wp-json\/wp\/v2\/types\/product"}],"wp:featuredmedia":[{"embeddable":true,"href":"https:\/\/ervy.ch\/en\/wp-json\/wp\/v2\/media\/6738"}],"wp:attachment":[{"href":"https:\/\/ervy.ch\/en\/wp-json\/wp\/v2\/media?parent=6735"}],"wp:term":[{"taxonomy":"product_brand","embeddable":true,"href":"https:\/\/ervy.ch\/en\/wp-json\/wp\/v2\/product_brand?post=6735"},{"taxonomy":"product_cat","embeddable":true,"href":"https:\/\/ervy.ch\/en\/wp-json\/wp\/v2\/product_cat?post=6735"},{"taxonomy":"product_tag","embeddable":true,"href":"https:\/\/ervy.ch\/en\/wp-json\/wp\/v2\/product_tag?post=6735"}],"curies":[{"name":"wp","href":"https:\/\/api.w.org\/{rel}","templated":true}]}}