{"id":4579,"date":"2020-11-05T14:16:29","date_gmt":"2020-11-05T13:16:29","guid":{"rendered":"https:\/\/ervy.de\/?post_type=product&#038;p=4579"},"modified":"2025-03-25T15:17:50","modified_gmt":"2025-03-25T14:17:50","slug":"turnanzug-pina-5","status":"publish","type":"product","link":"https:\/\/ervy.ch\/en\/product\/turnanzug-pina-5\/","title":{"rendered":"Turnanzug PINA\/5"},"content":{"rendered":"<h3>Materialien und Farben:<\/h3>\n<table style=\"border-collapse: collapse; width: 100%;\">\n<tbody>\n<tr>\n<td style=\"width: 33.3333%;\"><strong>Lack Glitzer:<\/strong><br \/>\n80% Polyamid<br \/>\n20% Elasthan<\/td>\n<td style=\"width: 33.3333%;\"><strong>Farbe C1<\/strong><\/td>\n<td style=\"width: 33.3333%;\"><strong>18JH-pink-ombreshine-violett<\/strong><\/td>\n<\/tr>\n<tr>\n<td style=\"width: 33.3333%;\"><strong>Igloo:<\/strong><br \/>\n87% Polyester<br \/>\n13% Elasthan<\/td>\n<td style=\"width: 33.3333%;\"><strong>Farbe C2<\/strong><\/td>\n<td style=\"width: 33.3333%;\"><strong>29D1-wei\u00df<\/strong><\/td>\n<\/tr>\n<tr>\n<td style=\"width: 33.3333%;\"><strong>Igloo Print:<\/strong><br \/>\n87% Polyester<br \/>\n13% Elasthan<\/td>\n<td style=\"width: 33.3333%;\"><strong>Farbe C3<\/strong><\/td>\n<td style=\"width: 33.3333%;\"><strong>48JP-wei\u00df-ombre-pink<\/strong><\/td>\n<\/tr>\n<\/tbody>\n<\/table>\n","protected":false},"excerpt":{"rendered":"<p>Lang\u00e4rmliger Turnanzug mit einem U-Boot-Ausschnitt<br \/>\nStrassmotive: O429 vorne, R430 hinten, B431 an beiden \u00c4rmeln<\/p>\n<p>Knalliger Turnanzug in pink-violett mit dynamischen Flammenmotiv auf der Brust!<br \/>\nSch\u00f6ne Strassmotive auch im Flammendesign im Vorderteil sowie auf den Armen.<\/p>\n<p><strong>Bitte beachte<\/strong>, dass<strong> bedruckte Turnanz\u00fcge <\/strong><strong>wei\u00dfes Pilling bilden k\u00f6nnen<\/strong>. Das sind <strong>Flusen\/Kn\u00f6tchen<\/strong>, die <strong>bei Ber\u00fchrung mit rauen Gegenst\u00e4nden<\/strong> (z.B. Klett) auf der Materialoberfl\u00e4che entstehen k\u00f6nnen. Dadurch, dass das Grundmaterial des Turnanzuges wei\u00df ist, ist auch das Pilling wei\u00df und somit st\u00e4rker sichtbar als bei garngef\u00e4rbten Materialien.<\/p>\n<p>Du ben\u00f6tigst eine andere Gr\u00f6\u00dfe? Kontaktiere uns direkt f\u00fcr eine Bestellung als\u00a0Sonderanfertigung, welche von R\u00fcckgabe und Umtausch ausgeschlossen ist.<\/p>\n","protected":false},"featured_media":4582,"template":"","meta":[],"product_brand":[],"product_cat":[132,142,147,1698,126,86,90,85],"product_tag":[620,515,514,364,520],"class_list":{"0":"post-4579","1":"product","2":"type-product","3":"status-publish","4":"has-post-thumbnail","6":"product_cat-akrobatik","7":"product_cat-kunstrad","8":"product_cat-rhoenrad","9":"product_cat-lagerartikel","10":"product_cat-teamgym","11":"product_cat-trampolin","12":"product_cat-turnanzuege-fuer-training-und-wettkampf","13":"product_cat-turnbekleidung-kinder-und-erwachsene","14":"product_tag-gymnastikanzug","15":"product_tag-justaucorps","16":"product_tag-leotard","17":"product_tag-turnanzug","18":"product_tag-turnpakje","19":"pa_farbe-pink-ombreshine-violett","20":"pa_farbe-weiss","21":"pa_farbe-weiss-ombre-pink","22":"pa_geschlecht-frauen","23":"pa_geschlecht-maedchen","24":"pa_groesse-791","25":"pa_grundfarbe-lila","26":"pa_grundfarbe-pink","27":"pa_grundfarbe-weiss","28":"pa_material-igloo","29":"pa_material-igloo-print","30":"pa_material-lack-glitzer","31":"pa_produktart-turnanzug","32":"pa_sportart-akrobatik","33":"pa_sportart-kunstrad","34":"pa_sportart-rhoenrad","35":"pa_sportart-teamgym","36":"pa_sportart-trampolin","37":"pa_sportart-turnen","38":"pa_styles-ombre","39":"pa_veredelung-strass","41":"first","42":"instock","43":"taxable","44":"shipping-taxable","45":"purchasable","46":"product-type-variable"},"yoast_head":"<!-- This site is optimized with the Yoast SEO Premium plugin v27.5 (Yoast SEO v27.5) - https:\/\/yoast.com\/product\/yoast-seo-premium-wordpress\/ -->\n<title>Turnanzug PINA\/5 - Turnanz\u00fcge Made in Germany<\/title>\n<meta name=\"robots\" content=\"index, follow, max-snippet:-1, max-image-preview:large, max-video-preview:-1\" \/>\n<link rel=\"canonical\" href=\"https:\/\/ervy.ch\/produkt\/turnanzug-pina-5\/\" \/>\n<meta property=\"og:locale\" content=\"en_US\" \/>\n<meta property=\"og:type\" content=\"article\" \/>\n<meta property=\"og:title\" content=\"Turnanzug PINA\/5\" \/>\n<meta property=\"og:description\" content=\"Lang\u00e4rmliger Turnanzug mit einem U-Boot-Ausschnitt Strassmotive: O429 vorne, R430 hinten, B431 an beiden \u00c4rmeln  Knalliger Turnanzug in pink-violett mit dynamischen Flammenmotiv auf der Brust! Sch\u00f6ne Strassmotive auch im Flammendesign im Vorderteil sowie auf den Armen.  Bitte beachte, dass bedruckte Turnanz\u00fcge wei\u00dfes Pilling bilden k\u00f6nnen. Das sind Flusen\/Kn\u00f6tchen, die bei Ber\u00fchrung mit rauen Gegenst\u00e4nden (z.B. Klett) auf der Materialoberfl\u00e4che entstehen k\u00f6nnen. Dadurch, dass das Grundmaterial des Turnanzuges wei\u00df ist, ist auch das Pilling wei\u00df und somit st\u00e4rker sichtbar als bei garngef\u00e4rbten Materialien.  Du ben\u00f6tigst eine andere Gr\u00f6\u00dfe? Kontaktiere uns direkt f\u00fcr eine Bestellung als\u00a0Sonderanfertigung, welche von R\u00fcckgabe und Umtausch ausgeschlossen ist.\" \/>\n<meta property=\"og:url\" content=\"https:\/\/ervy.ch\/produkt\/turnanzug-pina-5\/\" \/>\n<meta property=\"og:site_name\" content=\"Turnanz\u00fcge Made in Germany\" \/>\n<meta property=\"article:publisher\" content=\"https:\/\/www.facebook.com\/ERVYSportsFashion\" \/>\n<meta property=\"article:modified_time\" content=\"2025-03-25T14:17:50+00:00\" \/>\n<meta property=\"og:image\" content=\"https:\/\/ervy.ch\/wp-content\/uploads\/2020\/11\/TURNANZUG_VT_PINA-5_11833-08-scaled.jpg\" \/>\n\t<meta property=\"og:image:width\" content=\"1792\" \/>\n\t<meta property=\"og:image:height\" content=\"2560\" \/>\n\t<meta property=\"og:image:type\" content=\"image\/jpeg\" \/>\n<meta name=\"twitter:card\" content=\"summary_large_image\" \/>\n<meta name=\"twitter:label1\" content=\"Availability\" \/>\n\t<meta name=\"twitter:data1\" content=\"In stock\" \/>\n<script type=\"application\/ld+json\" class=\"yoast-schema-graph\">{\"@context\":\"https:\\\/\\\/schema.org\",\"@graph\":[{\"@type\":\"WebPage\",\"@id\":\"https:\\\/\\\/ervy.ch\\\/produkt\\\/turnanzug-pina-5\\\/\",\"url\":\"https:\\\/\\\/ervy.ch\\\/produkt\\\/turnanzug-pina-5\\\/\",\"name\":\"Turnanzug PINA\\\/5 - Turnanz\u00fcge Made in Germany\",\"isPartOf\":{\"@id\":\"https:\\\/\\\/ervy.ch\\\/#website\"},\"primaryImageOfPage\":{\"@id\":\"https:\\\/\\\/ervy.ch\\\/produkt\\\/turnanzug-pina-5\\\/#primaryimage\"},\"image\":{\"@id\":\"https:\\\/\\\/ervy.ch\\\/produkt\\\/turnanzug-pina-5\\\/#primaryimage\"},\"thumbnailUrl\":\"https:\\\/\\\/ervy.ch\\\/wp-content\\\/uploads\\\/2020\\\/11\\\/TURNANZUG_VT_PINA-5_11833-08-scaled.jpg\",\"datePublished\":\"2020-11-05T13:16:29+00:00\",\"dateModified\":\"2025-03-25T14:17:50+00:00\",\"breadcrumb\":{\"@id\":\"https:\\\/\\\/ervy.ch\\\/produkt\\\/turnanzug-pina-5\\\/#breadcrumb\"},\"inLanguage\":\"en-US\",\"potentialAction\":[{\"@type\":\"ReadAction\",\"target\":[\"https:\\\/\\\/ervy.ch\\\/produkt\\\/turnanzug-pina-5\\\/\"]}]},{\"@type\":\"ImageObject\",\"inLanguage\":\"en-US\",\"@id\":\"https:\\\/\\\/ervy.ch\\\/produkt\\\/turnanzug-pina-5\\\/#primaryimage\",\"url\":\"https:\\\/\\\/ervy.ch\\\/wp-content\\\/uploads\\\/2020\\\/11\\\/TURNANZUG_VT_PINA-5_11833-08-scaled.jpg\",\"contentUrl\":\"https:\\\/\\\/ervy.ch\\\/wp-content\\\/uploads\\\/2020\\\/11\\\/TURNANZUG_VT_PINA-5_11833-08-scaled.jpg\",\"width\":1792,\"height\":2560,\"caption\":\"Turnanzug, Wettkampfanzug, Gymnastikanzug, justaucorps, leotard, turnpakje\"},{\"@type\":\"BreadcrumbList\",\"@id\":\"https:\\\/\\\/ervy.ch\\\/produkt\\\/turnanzug-pina-5\\\/#breadcrumb\",\"itemListElement\":[{\"@type\":\"ListItem\",\"position\":1,\"name\":\"Startseite\",\"item\":\"https:\\\/\\\/ervy.ch\\\/\"},{\"@type\":\"ListItem\",\"position\":2,\"name\":\"Shop\",\"item\":\"https:\\\/\\\/ervy.ch\\\/shop\\\/\"},{\"@type\":\"ListItem\",\"position\":3,\"name\":\"Turnanzug PINA\\\/5\"}]},{\"@type\":\"WebSite\",\"@id\":\"https:\\\/\\\/ervy.ch\\\/#website\",\"url\":\"https:\\\/\\\/ervy.ch\\\/\",\"name\":\"Turnanz\u00fcge Made in Germany\",\"description\":\"ERVY Schweiz-Vertretung\",\"publisher\":{\"@id\":\"https:\\\/\\\/ervy.ch\\\/#organization\"},\"potentialAction\":[{\"@type\":\"SearchAction\",\"target\":{\"@type\":\"EntryPoint\",\"urlTemplate\":\"https:\\\/\\\/ervy.ch\\\/?s={search_term_string}\"},\"query-input\":{\"@type\":\"PropertyValueSpecification\",\"valueRequired\":true,\"valueName\":\"search_term_string\"}}],\"inLanguage\":\"en-US\"},{\"@type\":\"Organization\",\"@id\":\"https:\\\/\\\/ervy.ch\\\/#organization\",\"name\":\"ERVY Sports Fashion GmbH\",\"url\":\"https:\\\/\\\/ervy.ch\\\/\",\"logo\":{\"@type\":\"ImageObject\",\"inLanguage\":\"en-US\",\"@id\":\"https:\\\/\\\/ervy.ch\\\/#\\\/schema\\\/logo\\\/image\\\/\",\"url\":\"https:\\\/\\\/ervy.ch\\\/wp-content\\\/uploads\\\/2021\\\/03\\\/cropped-ERVY-Logo_JUST-SPORTS_Hintergrund_300x300.png\",\"contentUrl\":\"https:\\\/\\\/ervy.ch\\\/wp-content\\\/uploads\\\/2021\\\/03\\\/cropped-ERVY-Logo_JUST-SPORTS_Hintergrund_300x300.png\",\"width\":512,\"height\":512,\"caption\":\"ERVY Sports Fashion GmbH\"},\"image\":{\"@id\":\"https:\\\/\\\/ervy.ch\\\/#\\\/schema\\\/logo\\\/image\\\/\"},\"sameAs\":[\"https:\\\/\\\/www.facebook.com\\\/ERVYSportsFashion\",\"https:\\\/\\\/www.instagram.com\\\/ervy_sports_fashion\\\/?hl=de\",\"https:\\\/\\\/www.pinterest.de\\\/ervysportsfashion\\\/\",\"https:\\\/\\\/www.youtube.com\\\/channel\\\/UCwzRAG_B8mAIfVPXGwfdYhA\",\"https:\\\/\\\/www.tiktok.com\\\/@ervysports\"]}]}<\/script>\n<meta property=\"og:availability\" content=\"instock\" \/>\n<meta property=\"product:availability\" content=\"instock\" \/>\n<meta property=\"product:retailer_item_id\" content=\"11833.08\/5\" \/>\n<meta property=\"product:condition\" content=\"new\" \/>\n<!-- \/ Yoast SEO Premium plugin. -->","yoast_head_json":{"title":"Turnanzug PINA\/5 - Turnanz\u00fcge Made in Germany","robots":{"index":"index","follow":"follow","max-snippet":"max-snippet:-1","max-image-preview":"max-image-preview:large","max-video-preview":"max-video-preview:-1"},"canonical":"https:\/\/ervy.ch\/produkt\/turnanzug-pina-5\/","og_locale":"en_US","og_type":"article","og_title":"Turnanzug PINA\/5","og_description":"Lang\u00e4rmliger Turnanzug mit einem U-Boot-Ausschnitt Strassmotive: O429 vorne, R430 hinten, B431 an beiden \u00c4rmeln  Knalliger Turnanzug in pink-violett mit dynamischen Flammenmotiv auf der Brust! Sch\u00f6ne Strassmotive auch im Flammendesign im Vorderteil sowie auf den Armen.  Bitte beachte, dass bedruckte Turnanz\u00fcge wei\u00dfes Pilling bilden k\u00f6nnen. Das sind Flusen\/Kn\u00f6tchen, die bei Ber\u00fchrung mit rauen Gegenst\u00e4nden (z.B. Klett) auf der Materialoberfl\u00e4che entstehen k\u00f6nnen. Dadurch, dass das Grundmaterial des Turnanzuges wei\u00df ist, ist auch das Pilling wei\u00df und somit st\u00e4rker sichtbar als bei garngef\u00e4rbten Materialien.  Du ben\u00f6tigst eine andere Gr\u00f6\u00dfe? Kontaktiere uns direkt f\u00fcr eine Bestellung als\u00a0Sonderanfertigung, welche von R\u00fcckgabe und Umtausch ausgeschlossen ist.","og_url":"https:\/\/ervy.ch\/produkt\/turnanzug-pina-5\/","og_site_name":"Turnanz\u00fcge Made in Germany","article_publisher":"https:\/\/www.facebook.com\/ERVYSportsFashion","article_modified_time":"2025-03-25T14:17:50+00:00","og_image":[{"width":1792,"height":2560,"url":"https:\/\/ervy.ch\/wp-content\/uploads\/2020\/11\/TURNANZUG_VT_PINA-5_11833-08-scaled.jpg","type":"image\/jpeg"}],"twitter_card":"summary_large_image","twitter_misc":{"Availability":"In stock"},"schema":{"@context":"https:\/\/schema.org","@graph":[{"@type":"WebPage","@id":"https:\/\/ervy.ch\/produkt\/turnanzug-pina-5\/","url":"https:\/\/ervy.ch\/produkt\/turnanzug-pina-5\/","name":"Turnanzug PINA\/5 - Turnanz\u00fcge Made in Germany","isPartOf":{"@id":"https:\/\/ervy.ch\/#website"},"primaryImageOfPage":{"@id":"https:\/\/ervy.ch\/produkt\/turnanzug-pina-5\/#primaryimage"},"image":{"@id":"https:\/\/ervy.ch\/produkt\/turnanzug-pina-5\/#primaryimage"},"thumbnailUrl":"https:\/\/ervy.ch\/wp-content\/uploads\/2020\/11\/TURNANZUG_VT_PINA-5_11833-08-scaled.jpg","datePublished":"2020-11-05T13:16:29+00:00","dateModified":"2025-03-25T14:17:50+00:00","breadcrumb":{"@id":"https:\/\/ervy.ch\/produkt\/turnanzug-pina-5\/#breadcrumb"},"inLanguage":"en-US","potentialAction":[{"@type":"ReadAction","target":["https:\/\/ervy.ch\/produkt\/turnanzug-pina-5\/"]}]},{"@type":"ImageObject","inLanguage":"en-US","@id":"https:\/\/ervy.ch\/produkt\/turnanzug-pina-5\/#primaryimage","url":"https:\/\/ervy.ch\/wp-content\/uploads\/2020\/11\/TURNANZUG_VT_PINA-5_11833-08-scaled.jpg","contentUrl":"https:\/\/ervy.ch\/wp-content\/uploads\/2020\/11\/TURNANZUG_VT_PINA-5_11833-08-scaled.jpg","width":1792,"height":2560,"caption":"Turnanzug, Wettkampfanzug, Gymnastikanzug, justaucorps, leotard, turnpakje"},{"@type":"BreadcrumbList","@id":"https:\/\/ervy.ch\/produkt\/turnanzug-pina-5\/#breadcrumb","itemListElement":[{"@type":"ListItem","position":1,"name":"Startseite","item":"https:\/\/ervy.ch\/"},{"@type":"ListItem","position":2,"name":"Shop","item":"https:\/\/ervy.ch\/shop\/"},{"@type":"ListItem","position":3,"name":"Turnanzug PINA\/5"}]},{"@type":"WebSite","@id":"https:\/\/ervy.ch\/#website","url":"https:\/\/ervy.ch\/","name":"Turnanz\u00fcge Made in Germany","description":"ERVY Schweiz-Vertretung","publisher":{"@id":"https:\/\/ervy.ch\/#organization"},"potentialAction":[{"@type":"SearchAction","target":{"@type":"EntryPoint","urlTemplate":"https:\/\/ervy.ch\/?s={search_term_string}"},"query-input":{"@type":"PropertyValueSpecification","valueRequired":true,"valueName":"search_term_string"}}],"inLanguage":"en-US"},{"@type":"Organization","@id":"https:\/\/ervy.ch\/#organization","name":"ERVY Sports Fashion GmbH","url":"https:\/\/ervy.ch\/","logo":{"@type":"ImageObject","inLanguage":"en-US","@id":"https:\/\/ervy.ch\/#\/schema\/logo\/image\/","url":"https:\/\/ervy.ch\/wp-content\/uploads\/2021\/03\/cropped-ERVY-Logo_JUST-SPORTS_Hintergrund_300x300.png","contentUrl":"https:\/\/ervy.ch\/wp-content\/uploads\/2021\/03\/cropped-ERVY-Logo_JUST-SPORTS_Hintergrund_300x300.png","width":512,"height":512,"caption":"ERVY Sports Fashion GmbH"},"image":{"@id":"https:\/\/ervy.ch\/#\/schema\/logo\/image\/"},"sameAs":["https:\/\/www.facebook.com\/ERVYSportsFashion","https:\/\/www.instagram.com\/ervy_sports_fashion\/?hl=de","https:\/\/www.pinterest.de\/ervysportsfashion\/","https:\/\/www.youtube.com\/channel\/UCwzRAG_B8mAIfVPXGwfdYhA","https:\/\/www.tiktok.com\/@ervysports"]}]},"og_availability":"instock","product_availability":"instock","product_retailer_item_id":"11833.08\/5","product_condition":"new"},"_links":{"self":[{"href":"https:\/\/ervy.ch\/en\/wp-json\/wp\/v2\/product\/4579","targetHints":{"allow":["GET"]}}],"collection":[{"href":"https:\/\/ervy.ch\/en\/wp-json\/wp\/v2\/product"}],"about":[{"href":"https:\/\/ervy.ch\/en\/wp-json\/wp\/v2\/types\/product"}],"wp:featuredmedia":[{"embeddable":true,"href":"https:\/\/ervy.ch\/en\/wp-json\/wp\/v2\/media\/4582"}],"wp:attachment":[{"href":"https:\/\/ervy.ch\/en\/wp-json\/wp\/v2\/media?parent=4579"}],"wp:term":[{"taxonomy":"product_brand","embeddable":true,"href":"https:\/\/ervy.ch\/en\/wp-json\/wp\/v2\/product_brand?post=4579"},{"taxonomy":"product_cat","embeddable":true,"href":"https:\/\/ervy.ch\/en\/wp-json\/wp\/v2\/product_cat?post=4579"},{"taxonomy":"product_tag","embeddable":true,"href":"https:\/\/ervy.ch\/en\/wp-json\/wp\/v2\/product_tag?post=4579"}],"curies":[{"name":"wp","href":"https:\/\/api.w.org\/{rel}","templated":true}]}}