{"id":45549,"date":"2024-08-17T15:42:32","date_gmt":"2024-08-17T13:42:32","guid":{"rendered":"https:\/\/ervy.ch\/?post_type=product&#038;p=45549"},"modified":"2024-11-14T17:09:56","modified_gmt":"2024-11-14T16:09:56","slug":"turnanzug-apollonia-1-mit-print-3-4-arm","status":"publish","type":"product","link":"https:\/\/ervy.ch\/en\/product\/turnanzug-apollonia-1-mit-print-3-4-arm\/","title":{"rendered":"Turnanzug APOLLONIA\/1 mit Print &#8211; 3\/4-Arm"},"content":{"rendered":"<p style=\"padding-left: 40px;\"><strong>Passform<br \/>\n<\/strong><strong>Modelgr\u00f6\u00dfe: <\/strong>Unser Model ist 167 cm gro\u00df und tr\u00e4gt Gr\u00f6\u00dfe 34<br \/>\n<strong>Brustumfang:<\/strong> 83 cm<br \/>\n<strong>Taillenumfang:<\/strong> 68 cm<br \/>\n<strong>H\u00fcftumfang:<\/strong> 83 cm<\/p>\n<ul>\n<li>Ob Wettkampf oder Show-Aufritt, der Turnanzug APOLLONIA\/1 mit Print l\u00e4sst dich immer gl\u00e4nzen.<\/li>\n<li>Den Wettkampfanzug kannst du in Kinder- oder Erwachsenengr\u00f6\u00dfen bestellen. Weitere Gr\u00f6\u00dfen sind auf <strong><a href=\"\/?page_id=900\">Anfrage<\/a><\/strong> und gegen Mehrpreis m\u00f6glich.<\/li>\n<li>M\u00f6chtest du den Damen Turnanzug<br \/>\n<strong>mit langen Armen, ohne Arm<\/strong><br \/>\n<strong>mit Bein<\/strong>,<br \/>\n<strong>mit\u00a0<a href=\"\/?page_id=5639\">Pailletten<\/a><\/strong><br \/>\noder aus<strong> anderen\u00a0<a href=\"\/?page_id=1006\">Stoffen und Farben<\/a><\/strong>?<br \/>\nKein Problem. Schreib uns \u00fcber das\u00a0<strong><a href=\"\/?page_id=900\">Kontaktformular<\/a><\/strong>\u00a0oder kontaktiere einen unserer\u00a0<strong><a href=\"\/?page_id=5238\">Fachh\u00e4ndler.<\/a><\/strong><\/li>\n<\/ul>\n<h3>Materialien und Farben des Damen Turnanzuges:<\/h3>\n<h3><a href=\"https:\/\/ervy.de\/wp-content\/uploads\/2023\/03\/ERVY_APOLLONIA_11958-09_1_Stoffe_Farben.jpg\"><img fetchpriority=\"high\" decoding=\"async\" class=\"wp-image-52786 alignleft\" src=\"https:\/\/ervy.de\/wp-content\/uploads\/2023\/03\/ERVY_APOLLONIA_11958-09_1_Stoffe_Farben.jpg\" alt=\"Farbkennzeichnung APOLLONIA\" width=\"298\" height=\"425\" \/><\/a><\/h3>\n<table style=\"border-collapse: collapse; width: 65.5066%; height: 187px;\">\n<tbody>\n<tr style=\"height: 67px;\">\n<td style=\"width: 14.3158%; height: 53px;\"><a href=\"\/?p=3192\"><strong>Lack Shine:<\/strong><\/a><br \/>\n82% Polyamid<br \/>\n18% Elasthan<\/td>\n<td style=\"width: 27.5729%; height: 53px;\"><strong>Farbe C1 + Arm- und Halseinfassung (AHB)<\/strong><\/p>\n<p><strong>Farbe C3<\/strong><\/td>\n<td style=\"width: 19.9139%; height: 53px;\"><strong>16A1-schwarz<\/strong><\/p>\n<p><strong>16A3-silber<\/strong><\/td>\n<\/tr>\n<tr style=\"height: 67px;\">\n<td style=\"width: 14.3158%; height: 67px;\"><strong>T\u00fcll Ompreprint:<\/strong><br \/>\n85% Polyester<br \/>\n15% Elasthan<\/td>\n<td style=\"width: 27.5729%; height: 67px;\"><strong>Farbe C2<br \/>\n<\/strong><\/td>\n<td style=\"width: 19.9139%; height: 67px;\"><b>51UA-schwarz-ombre-hellblau<\/b><\/td>\n<\/tr>\n<tr style=\"height: 67px;\">\n<td style=\"width: 14.3158%; height: 67px;\"><strong>F\u00fctterung <a href=\"\/?p=1439\">Mikrofaser<\/a>:<\/strong><br \/>\n90% Polyamid<br \/>\n10% Elasthan<\/td>\n<td style=\"width: 27.5729%; height: 67px;\"><strong>Farbe C4<br \/>\n<\/strong><\/td>\n<td style=\"width: 19.9139%; height: 67px;\"><strong>03G2-haut<\/strong><\/td>\n<\/tr>\n<\/tbody>\n<\/table>\n","protected":false},"excerpt":{"rendered":"<p>Der Turnanzug APOLLONIA\/1 mit Print vereint<strong> Komfort<\/strong> und <strong>Design.<\/strong> Mit seinem V-Ausschnitt vorne und hinten <strong>betont<\/strong> er geschickt das <strong>Dekollet\u00e9<\/strong> und <strong>R\u00fccken.<\/strong> Die <strong>Eins\u00e4tze oben<\/strong> sind<strong> gef\u00fcttert<\/strong> und bieten einen <strong>angenehmen Tragekomfort.<\/strong> In blau-schwarz gehalten und mit<strong> funkelnden Strass<\/strong> verziert, ist dieser Anzug <strong>sportlich<\/strong> und <strong>elegant<\/strong> zugleich. Besonders auff\u00e4llig sind die <strong>\u00c4rmel<\/strong> mit ihrem einzigartigen <strong>Print-Farbverlauf<\/strong>, der f\u00fcr einen besonderen Look sorgt.<\/p>\n<p>Du ben\u00f6tigst eine <strong>andere Gr\u00f6\u00dfe<\/strong>? Kontaktiere uns direkt f\u00fcr eine Bestellung als\u00a0<strong>Sonderanfertigung<\/strong>, welche von <strong>R\u00fcckgabe <\/strong>und <strong>Umtausch ausgeschlossen<\/strong> ist.<\/p>\n","protected":false},"featured_media":45565,"template":"","meta":[],"product_brand":[],"product_cat":[81,1104,777,1698,90],"product_tag":[1699,367,1378,945,1100,515,514,1235,1059,522,364,1407,1058,1409,1448,1376,1057,944,1700,1578,934,520,512],"class_list":{"0":"post-45549","1":"product","2":"type-product","3":"status-publish","4":"has-post-thumbnail","6":"product_cat-frauen-maedchen","7":"product_cat-masters-edition-2022-23","8":"product_cat-shop","9":"product_cat-lagerartikel","10":"product_cat-turnanzuege-fuer-training-und-wettkampf","11":"product_tag-damen-turnanzug","12":"product_tag-gymnastics","13":"product_tag-gymnastics-kleidung","14":"product_tag-gymnastics-leotard","15":"product_tag-gymnastikdragt","16":"product_tag-justaucorps","17":"product_tag-leotard","18":"product_tag-leotard-for-girls","19":"product_tag-print-turnanzug","20":"product_tag-printleotard","21":"product_tag-turnanzug","22":"product_tag-turnanzug-blau","23":"product_tag-turnanzug-damen","24":"product_tag-turnanzug-frauen","25":"product_tag-turnanzug-kinder","26":"product_tag-turnanzug-kinder-maedchen","27":"product_tag-turnanzug-maedchen","28":"product_tag-turnanzug-schwarz","29":"product_tag-turnanzuege-kinder","30":"product_tag-turnbekleidung-maedchen","31":"product_tag-turnbody","32":"product_tag-turnpakje","33":"product_tag-wettkampfanzug","34":"pa_armlaenge-3-4-arm","35":"pa_farbe-schwarz","36":"pa_farbe-schwarz-ombre-hellblau","37":"pa_groesse-786","38":"pa_groesse-787","39":"pa_groesse-788","40":"pa_groesse-789","41":"pa_groesse-790","42":"pa_groesse-791","43":"pa_groesse-792","44":"pa_groesse-793","45":"pa_groesse-794","46":"pa_groesse-795","47":"pa_groesse-796","48":"pa_groesse-797","49":"pa_groesse-798","50":"pa_groesse-799","51":"pa_grundfarbe-blau","52":"pa_grundfarbe-schwarz","53":"pa_halsformen-v-ausschnitt","54":"pa_material-lack-shine","55":"pa_material-tuell-ombreprint","56":"pa_produktart-turnanzug","57":"pa_veredelung-strass","58":"pa_weitere-ausfuehrung-mit-futterstoff","60":"first","61":"onbackorder","62":"taxable","63":"shipping-taxable","64":"purchasable","65":"product-type-variable"},"yoast_head":"<!-- This site is optimized with the Yoast SEO Premium plugin v27.5 (Yoast SEO v27.5) - https:\/\/yoast.com\/product\/yoast-seo-premium-wordpress\/ -->\n<title>Turnanzug APOLLONIA\/1 mit Print - 3\/4-Arm - Turnanz\u00fcge Made in Germany<\/title>\n<meta name=\"description\" content=\"Mache dich bereit zu gl\u00e4nzen: Turnanzug APOLLONIA\/1 mit Print in den Farben Blau-Schwarz mit funkelnden Strass-Details. Sportlich-elegante Damen Turnanzug.\" \/>\n<meta name=\"robots\" content=\"index, follow, max-snippet:-1, max-image-preview:large, max-video-preview:-1\" \/>\n<link rel=\"canonical\" href=\"https:\/\/ervy.ch\/produkt\/turnanzug-apollonia-1-mit-print-3-4-arm\/\" \/>\n<meta property=\"og:locale\" content=\"en_US\" \/>\n<meta property=\"og:type\" content=\"article\" \/>\n<meta property=\"og:title\" content=\"Turnanzug APOLLONIA\/1 mit Print - 3\/4-Arm\" \/>\n<meta property=\"og:description\" content=\"Mache dich bereit zu gl\u00e4nzen: Turnanzug APOLLONIA\/1 mit Print in den Farben Blau-Schwarz mit funkelnden Strass-Details. Sportlich-elegante Damen Turnanzug.\" \/>\n<meta property=\"og:url\" content=\"https:\/\/ervy.ch\/produkt\/turnanzug-apollonia-1-mit-print-3-4-arm\/\" \/>\n<meta property=\"og:site_name\" content=\"Turnanz\u00fcge Made in Germany\" \/>\n<meta property=\"article:publisher\" content=\"https:\/\/www.facebook.com\/ERVYSportsFashion\" \/>\n<meta property=\"article:modified_time\" content=\"2024-11-14T16:09:56+00:00\" \/>\n<meta property=\"og:image\" content=\"https:\/\/ervy.ch\/wp-content\/uploads\/2024\/08\/ERVY_Turnanzug_Wettkampfanzug_Turnbody_APOLLONIA_11958-09_1_VT.jpg\" \/>\n\t<meta property=\"og:image:width\" content=\"700\" \/>\n\t<meta property=\"og:image:height\" content=\"1000\" \/>\n\t<meta property=\"og:image:type\" content=\"image\/jpeg\" \/>\n<meta name=\"twitter:card\" content=\"summary_large_image\" \/>\n<meta name=\"twitter:label1\" content=\"Availability\" \/>\n\t<meta name=\"twitter:data1\" content=\"On backorder\" \/>\n<script type=\"application\/ld+json\" class=\"yoast-schema-graph\">{\"@context\":\"https:\\\/\\\/schema.org\",\"@graph\":[{\"@type\":\"WebPage\",\"@id\":\"https:\\\/\\\/ervy.ch\\\/produkt\\\/turnanzug-apollonia-1-mit-print-3-4-arm\\\/\",\"url\":\"https:\\\/\\\/ervy.ch\\\/produkt\\\/turnanzug-apollonia-1-mit-print-3-4-arm\\\/\",\"name\":\"Turnanzug APOLLONIA\\\/1 mit Print - 3\\\/4-Arm - Turnanz\u00fcge Made in Germany\",\"isPartOf\":{\"@id\":\"https:\\\/\\\/ervy.ch\\\/#website\"},\"primaryImageOfPage\":{\"@id\":\"https:\\\/\\\/ervy.ch\\\/produkt\\\/turnanzug-apollonia-1-mit-print-3-4-arm\\\/#primaryimage\"},\"image\":{\"@id\":\"https:\\\/\\\/ervy.ch\\\/produkt\\\/turnanzug-apollonia-1-mit-print-3-4-arm\\\/#primaryimage\"},\"thumbnailUrl\":\"https:\\\/\\\/ervy.ch\\\/wp-content\\\/uploads\\\/2024\\\/08\\\/ERVY_Turnanzug_Wettkampfanzug_Turnbody_APOLLONIA_11958-09_1_VT.jpg\",\"datePublished\":\"2024-08-17T13:42:32+00:00\",\"dateModified\":\"2024-11-14T16:09:56+00:00\",\"description\":\"Mache dich bereit zu gl\u00e4nzen: Turnanzug APOLLONIA\\\/1 mit Print in den Farben Blau-Schwarz mit funkelnden Strass-Details. Sportlich-elegante Damen Turnanzug.\",\"breadcrumb\":{\"@id\":\"https:\\\/\\\/ervy.ch\\\/produkt\\\/turnanzug-apollonia-1-mit-print-3-4-arm\\\/#breadcrumb\"},\"inLanguage\":\"en-US\",\"potentialAction\":[{\"@type\":\"ReadAction\",\"target\":[\"https:\\\/\\\/ervy.ch\\\/produkt\\\/turnanzug-apollonia-1-mit-print-3-4-arm\\\/\"]}]},{\"@type\":\"ImageObject\",\"inLanguage\":\"en-US\",\"@id\":\"https:\\\/\\\/ervy.ch\\\/produkt\\\/turnanzug-apollonia-1-mit-print-3-4-arm\\\/#primaryimage\",\"url\":\"https:\\\/\\\/ervy.ch\\\/wp-content\\\/uploads\\\/2024\\\/08\\\/ERVY_Turnanzug_Wettkampfanzug_Turnbody_APOLLONIA_11958-09_1_VT.jpg\",\"contentUrl\":\"https:\\\/\\\/ervy.ch\\\/wp-content\\\/uploads\\\/2024\\\/08\\\/ERVY_Turnanzug_Wettkampfanzug_Turnbody_APOLLONIA_11958-09_1_VT.jpg\",\"width\":700,\"height\":1000},{\"@type\":\"BreadcrumbList\",\"@id\":\"https:\\\/\\\/ervy.ch\\\/produkt\\\/turnanzug-apollonia-1-mit-print-3-4-arm\\\/#breadcrumb\",\"itemListElement\":[{\"@type\":\"ListItem\",\"position\":1,\"name\":\"Startseite\",\"item\":\"https:\\\/\\\/ervy.ch\\\/\"},{\"@type\":\"ListItem\",\"position\":2,\"name\":\"Shop\",\"item\":\"https:\\\/\\\/ervy.ch\\\/shop\\\/\"},{\"@type\":\"ListItem\",\"position\":3,\"name\":\"Turnanzug APOLLONIA\\\/1 mit Print &#8211; 3\\\/4-Arm\"}]},{\"@type\":\"WebSite\",\"@id\":\"https:\\\/\\\/ervy.ch\\\/#website\",\"url\":\"https:\\\/\\\/ervy.ch\\\/\",\"name\":\"Turnanz\u00fcge Made in Germany\",\"description\":\"ERVY Schweiz-Vertretung\",\"publisher\":{\"@id\":\"https:\\\/\\\/ervy.ch\\\/#organization\"},\"potentialAction\":[{\"@type\":\"SearchAction\",\"target\":{\"@type\":\"EntryPoint\",\"urlTemplate\":\"https:\\\/\\\/ervy.ch\\\/?s={search_term_string}\"},\"query-input\":{\"@type\":\"PropertyValueSpecification\",\"valueRequired\":true,\"valueName\":\"search_term_string\"}}],\"inLanguage\":\"en-US\"},{\"@type\":\"Organization\",\"@id\":\"https:\\\/\\\/ervy.ch\\\/#organization\",\"name\":\"ERVY Sports Fashion GmbH\",\"url\":\"https:\\\/\\\/ervy.ch\\\/\",\"logo\":{\"@type\":\"ImageObject\",\"inLanguage\":\"en-US\",\"@id\":\"https:\\\/\\\/ervy.ch\\\/#\\\/schema\\\/logo\\\/image\\\/\",\"url\":\"https:\\\/\\\/ervy.ch\\\/wp-content\\\/uploads\\\/2021\\\/03\\\/cropped-ERVY-Logo_JUST-SPORTS_Hintergrund_300x300.png\",\"contentUrl\":\"https:\\\/\\\/ervy.ch\\\/wp-content\\\/uploads\\\/2021\\\/03\\\/cropped-ERVY-Logo_JUST-SPORTS_Hintergrund_300x300.png\",\"width\":512,\"height\":512,\"caption\":\"ERVY Sports Fashion GmbH\"},\"image\":{\"@id\":\"https:\\\/\\\/ervy.ch\\\/#\\\/schema\\\/logo\\\/image\\\/\"},\"sameAs\":[\"https:\\\/\\\/www.facebook.com\\\/ERVYSportsFashion\",\"https:\\\/\\\/www.instagram.com\\\/ervy_sports_fashion\\\/?hl=de\",\"https:\\\/\\\/www.pinterest.de\\\/ervysportsfashion\\\/\",\"https:\\\/\\\/www.youtube.com\\\/channel\\\/UCwzRAG_B8mAIfVPXGwfdYhA\",\"https:\\\/\\\/www.tiktok.com\\\/@ervysports\"]}]}<\/script>\n<meta property=\"og:availability\" content=\"backorder\" \/>\n<meta property=\"product:availability\" content=\"available for order\" \/>\n<meta property=\"product:retailer_item_id\" content=\"11958.09\/1\" \/>\n<meta property=\"product:condition\" content=\"new\" \/>\n<!-- \/ Yoast SEO Premium plugin. -->","yoast_head_json":{"title":"Turnanzug APOLLONIA\/1 mit Print - 3\/4-Arm - Turnanz\u00fcge Made in Germany","description":"Mache dich bereit zu gl\u00e4nzen: Turnanzug APOLLONIA\/1 mit Print in den Farben Blau-Schwarz mit funkelnden Strass-Details. Sportlich-elegante Damen Turnanzug.","robots":{"index":"index","follow":"follow","max-snippet":"max-snippet:-1","max-image-preview":"max-image-preview:large","max-video-preview":"max-video-preview:-1"},"canonical":"https:\/\/ervy.ch\/produkt\/turnanzug-apollonia-1-mit-print-3-4-arm\/","og_locale":"en_US","og_type":"article","og_title":"Turnanzug APOLLONIA\/1 mit Print - 3\/4-Arm","og_description":"Mache dich bereit zu gl\u00e4nzen: Turnanzug APOLLONIA\/1 mit Print in den Farben Blau-Schwarz mit funkelnden Strass-Details. Sportlich-elegante Damen Turnanzug.","og_url":"https:\/\/ervy.ch\/produkt\/turnanzug-apollonia-1-mit-print-3-4-arm\/","og_site_name":"Turnanz\u00fcge Made in Germany","article_publisher":"https:\/\/www.facebook.com\/ERVYSportsFashion","article_modified_time":"2024-11-14T16:09:56+00:00","og_image":[{"width":700,"height":1000,"url":"https:\/\/ervy.ch\/wp-content\/uploads\/2024\/08\/ERVY_Turnanzug_Wettkampfanzug_Turnbody_APOLLONIA_11958-09_1_VT.jpg","type":"image\/jpeg"}],"twitter_card":"summary_large_image","twitter_misc":{"Availability":"On backorder"},"schema":{"@context":"https:\/\/schema.org","@graph":[{"@type":"WebPage","@id":"https:\/\/ervy.ch\/produkt\/turnanzug-apollonia-1-mit-print-3-4-arm\/","url":"https:\/\/ervy.ch\/produkt\/turnanzug-apollonia-1-mit-print-3-4-arm\/","name":"Turnanzug APOLLONIA\/1 mit Print - 3\/4-Arm - Turnanz\u00fcge Made in Germany","isPartOf":{"@id":"https:\/\/ervy.ch\/#website"},"primaryImageOfPage":{"@id":"https:\/\/ervy.ch\/produkt\/turnanzug-apollonia-1-mit-print-3-4-arm\/#primaryimage"},"image":{"@id":"https:\/\/ervy.ch\/produkt\/turnanzug-apollonia-1-mit-print-3-4-arm\/#primaryimage"},"thumbnailUrl":"https:\/\/ervy.ch\/wp-content\/uploads\/2024\/08\/ERVY_Turnanzug_Wettkampfanzug_Turnbody_APOLLONIA_11958-09_1_VT.jpg","datePublished":"2024-08-17T13:42:32+00:00","dateModified":"2024-11-14T16:09:56+00:00","description":"Mache dich bereit zu gl\u00e4nzen: Turnanzug APOLLONIA\/1 mit Print in den Farben Blau-Schwarz mit funkelnden Strass-Details. Sportlich-elegante Damen Turnanzug.","breadcrumb":{"@id":"https:\/\/ervy.ch\/produkt\/turnanzug-apollonia-1-mit-print-3-4-arm\/#breadcrumb"},"inLanguage":"en-US","potentialAction":[{"@type":"ReadAction","target":["https:\/\/ervy.ch\/produkt\/turnanzug-apollonia-1-mit-print-3-4-arm\/"]}]},{"@type":"ImageObject","inLanguage":"en-US","@id":"https:\/\/ervy.ch\/produkt\/turnanzug-apollonia-1-mit-print-3-4-arm\/#primaryimage","url":"https:\/\/ervy.ch\/wp-content\/uploads\/2024\/08\/ERVY_Turnanzug_Wettkampfanzug_Turnbody_APOLLONIA_11958-09_1_VT.jpg","contentUrl":"https:\/\/ervy.ch\/wp-content\/uploads\/2024\/08\/ERVY_Turnanzug_Wettkampfanzug_Turnbody_APOLLONIA_11958-09_1_VT.jpg","width":700,"height":1000},{"@type":"BreadcrumbList","@id":"https:\/\/ervy.ch\/produkt\/turnanzug-apollonia-1-mit-print-3-4-arm\/#breadcrumb","itemListElement":[{"@type":"ListItem","position":1,"name":"Startseite","item":"https:\/\/ervy.ch\/"},{"@type":"ListItem","position":2,"name":"Shop","item":"https:\/\/ervy.ch\/shop\/"},{"@type":"ListItem","position":3,"name":"Turnanzug APOLLONIA\/1 mit Print &#8211; 3\/4-Arm"}]},{"@type":"WebSite","@id":"https:\/\/ervy.ch\/#website","url":"https:\/\/ervy.ch\/","name":"Turnanz\u00fcge Made in Germany","description":"ERVY Schweiz-Vertretung","publisher":{"@id":"https:\/\/ervy.ch\/#organization"},"potentialAction":[{"@type":"SearchAction","target":{"@type":"EntryPoint","urlTemplate":"https:\/\/ervy.ch\/?s={search_term_string}"},"query-input":{"@type":"PropertyValueSpecification","valueRequired":true,"valueName":"search_term_string"}}],"inLanguage":"en-US"},{"@type":"Organization","@id":"https:\/\/ervy.ch\/#organization","name":"ERVY Sports Fashion GmbH","url":"https:\/\/ervy.ch\/","logo":{"@type":"ImageObject","inLanguage":"en-US","@id":"https:\/\/ervy.ch\/#\/schema\/logo\/image\/","url":"https:\/\/ervy.ch\/wp-content\/uploads\/2021\/03\/cropped-ERVY-Logo_JUST-SPORTS_Hintergrund_300x300.png","contentUrl":"https:\/\/ervy.ch\/wp-content\/uploads\/2021\/03\/cropped-ERVY-Logo_JUST-SPORTS_Hintergrund_300x300.png","width":512,"height":512,"caption":"ERVY Sports Fashion GmbH"},"image":{"@id":"https:\/\/ervy.ch\/#\/schema\/logo\/image\/"},"sameAs":["https:\/\/www.facebook.com\/ERVYSportsFashion","https:\/\/www.instagram.com\/ervy_sports_fashion\/?hl=de","https:\/\/www.pinterest.de\/ervysportsfashion\/","https:\/\/www.youtube.com\/channel\/UCwzRAG_B8mAIfVPXGwfdYhA","https:\/\/www.tiktok.com\/@ervysports"]}]},"og_availability":"backorder","product_availability":"available for order","product_retailer_item_id":"11958.09\/1","product_condition":"new"},"_links":{"self":[{"href":"https:\/\/ervy.ch\/en\/wp-json\/wp\/v2\/product\/45549","targetHints":{"allow":["GET"]}}],"collection":[{"href":"https:\/\/ervy.ch\/en\/wp-json\/wp\/v2\/product"}],"about":[{"href":"https:\/\/ervy.ch\/en\/wp-json\/wp\/v2\/types\/product"}],"wp:featuredmedia":[{"embeddable":true,"href":"https:\/\/ervy.ch\/en\/wp-json\/wp\/v2\/media\/45565"}],"wp:attachment":[{"href":"https:\/\/ervy.ch\/en\/wp-json\/wp\/v2\/media?parent=45549"}],"wp:term":[{"taxonomy":"product_brand","embeddable":true,"href":"https:\/\/ervy.ch\/en\/wp-json\/wp\/v2\/product_brand?post=45549"},{"taxonomy":"product_cat","embeddable":true,"href":"https:\/\/ervy.ch\/en\/wp-json\/wp\/v2\/product_cat?post=45549"},{"taxonomy":"product_tag","embeddable":true,"href":"https:\/\/ervy.ch\/en\/wp-json\/wp\/v2\/product_tag?post=45549"}],"curies":[{"name":"wp","href":"https:\/\/api.w.org\/{rel}","templated":true}]}}