{"id":42091,"date":"2022-09-23T10:08:05","date_gmt":"2022-09-23T08:08:05","guid":{"rendered":"https:\/\/ervy.de\/?post_type=product&#038;p=42091"},"modified":"2026-03-29T15:33:17","modified_gmt":"2026-03-29T13:33:17","slug":"blau-gruener-turnanzug-ianna-6-aermellos-strass-linienmuster","status":"publish","type":"product","link":"https:\/\/ervy.ch\/en\/product\/blau-gruener-turnanzug-ianna-6-aermellos-strass-linienmuster\/","title":{"rendered":"Blau-Gr\u00fcner Turnanzug IANNA\/6 &#8211; \u00e4rmellos"},"content":{"rendered":"<p style=\"padding-left: 40px;\"><strong>Passform<\/strong><strong><br \/>\nModelgr\u00f6\u00dfe: <\/strong>Unser Model ist 157 cm gro\u00df und tr\u00e4gt Gr\u00f6\u00dfe 34<\/p>\n<ul>\n<li>Blau-Gr\u00fcner Turnanzug IANNA\/6 \u00e4rmellos ist wie geschaffen f\u00fcr <strong>Training<\/strong> und <strong>Wettkampf.<\/strong><\/li>\n<li>M\u00f6chtest du den Gymnastikanzug IANNA\/6 in <strong>weiteren Gr\u00f6\u00dfen<\/strong>, mit <strong><a href=\"\/?page_id=5639\">Pailletten<\/a><\/strong> oder aus anderen <strong><strong><a href=\"\/?page_id=1006\">Stoffen<\/a><\/strong><\/strong>? Kein Problem!<strong> <a href=\"\/?page_id=900\">Schreib uns!<\/a><\/strong><\/li>\n<li><strong>F\u00fcr Team-Gym:<\/strong> Du kannst den Frauen\/M\u00e4dchen-Turnanzug IANNA\/6 <strong>farblich passend<\/strong> zum M\u00e4nner\/Jungen-<strong><a href=\"\/?p=6008\">Turntrikot IAN\/5<\/a> <\/strong>bestellen.<\/li>\n<\/ul>\n<h3>Materialien und Farben des Gymnastikanzuges IANNA\/6:<\/h3>\n<table style=\"border-collapse: collapse; width: 100%;\">\n<tbody>\n<tr>\n<td style=\"width: 33.3333%;\"><strong>Igloo Print:<\/strong><br \/>\n87% Polyester<br \/>\n13% Elasthan<\/td>\n<td style=\"width: 33.3333%;\"><strong>Farbe C1<\/strong><\/td>\n<td style=\"width: 33.3333%;\"><strong>48RL-ianna-print-6<\/strong><\/td>\n<\/tr>\n<tr>\n<td style=\"width: 33.3333%;\"><a href=\"\/?p=1418\"><strong>Polyamid gl\u00e4nzend:<\/strong><\/a><br \/>\n82% Polyamid<br \/>\n18% Elasthan<\/td>\n<td style=\"width: 33.3333%;\"><strong>Halsb\u00fcndchen (HB)<br \/>\n<\/strong><\/td>\n<td style=\"width: 33.3333%;\"><strong>01A1-schwarz<\/strong><\/td>\n<\/tr>\n<\/tbody>\n<\/table>\n","protected":false},"excerpt":{"rendered":"<p><strong>Blau-Gr\u00fcner<\/strong> Turnanzug IANNA\/6 \u00e4rmellos, mit Rundhals vorne und tiefen Rundhals hinten. Gymnastikanzug IANNA\/6 <strong>bedruckt<\/strong> mit <strong>geschwungenen Linien<\/strong> und <strong>Farbverlauf<\/strong> in Blau-Gr\u00fcn. Ein sportlicher Turnanzug, der <strong>bequem<\/strong> und <strong>dynamisch<\/strong> ist. Gymnastikanzug f\u00fcr M\u00e4dchen mit<b> funkelndem Strass<\/b> im Vorderteil (R710). Der Turnanzug IANNA\/6 auch in Langarm und 3\/4-Arm.<\/p>\n<p><strong>Bitte beachte<\/strong>, dass<strong> bedruckte Turnanz\u00fcge<\/strong> <strong>wei\u00dfes Pilling bilden k\u00f6nnen<\/strong>. Das sind <strong>Flusen\/Kn\u00f6tchen<\/strong>, die <strong>bei Ber\u00fchrung mit rauen Gegenst\u00e4nden<\/strong> (z.B. Klett) auf der Materialoberfl\u00e4che entstehen k\u00f6nnen. Dadurch, dass das Grundmaterial des Turnanzuges wei\u00df ist, ist auch das Pilling wei\u00df und somit st\u00e4rker sichtbar als bei garngef\u00e4rbten Materialien.<\/p>\n<p>Du ben\u00f6tigst eine andere Gr\u00f6\u00dfe? Kontaktiere uns direkt f\u00fcr eine Bestellung als\u00a0Sonderanfertigung, welche von R\u00fcckgabe und Umtausch ausgeschlossen ist.<\/p>\n","protected":false},"featured_media":42118,"template":"","meta":[],"product_brand":[],"product_cat":[1104,777,1698,90],"product_tag":[1200,1432,367,1378,945,620,1362,1450,1371,1157,1579,1100,515,514,1235,926,1196,1153,364,1058,1409,1448,1057,940,1578,934,520,1072,512],"class_list":{"0":"post-42091","1":"product","2":"type-product","3":"status-publish","4":"has-post-thumbnail","6":"product_cat-masters-edition-2022-23","7":"product_cat-shop","8":"product_cat-lagerartikel","9":"product_cat-turnanzuege-fuer-training-und-wettkampf","10":"product_tag-aermelloser-turnanzug","11":"product_tag-blue-leotard","12":"product_tag-gymnastics","13":"product_tag-gymnastics-kleidung","14":"product_tag-gymnastics-leotard","15":"product_tag-gymnastikanzug","16":"product_tag-gymnastikanzug-damen","17":"product_tag-gymnastikanzug-fuer-maedchen","18":"product_tag-gymnastikanzug-kinder","19":"product_tag-gymnastikanzug-ohne-arm","20":"product_tag-gymnastikanzuege","21":"product_tag-gymnastikdragt","22":"product_tag-justaucorps","23":"product_tag-leotard","24":"product_tag-leotard-for-girls","25":"product_tag-sportgymnastikanzug","26":"product_tag-training-leotard","27":"product_tag-trainingsturnanzug","28":"product_tag-turnanzug","29":"product_tag-turnanzug-damen","30":"product_tag-turnanzug-frauen","31":"product_tag-turnanzug-kinder","32":"product_tag-turnanzug-maedchen","33":"product_tag-turnanzug-ohne-arm","34":"product_tag-turnbekleidung-maedchen","35":"product_tag-turnbody","36":"product_tag-turnpakje","37":"product_tag-turntraining","38":"product_tag-wettkampfanzug","39":"pa_armlaenge-aermellos","40":"pa_farbe-ianna-print-6","41":"pa_farbe-schwarz","42":"pa_groesse-786","43":"pa_groesse-787","44":"pa_groesse-788","45":"pa_groesse-789","46":"pa_groesse-790","47":"pa_groesse-791","48":"pa_groesse-792","49":"pa_groesse-793","50":"pa_groesse-794","51":"pa_groesse-795","52":"pa_groesse-796","53":"pa_groesse-797","54":"pa_groesse-798","55":"pa_groesse-799","56":"pa_grundfarbe-blau","57":"pa_grundfarbe-weiss","58":"pa_halsformen-rundhalsausschnitt","59":"pa_material-igloo-print","60":"pa_material-polyamid-glaenzend","61":"pa_produktart-turnanzug","62":"pa_styles-neuheiten","63":"pa_styles-print","64":"pa_veredelung-strass","65":"pa_veredelung-sublimation","67":"first","68":"onbackorder","69":"taxable","70":"shipping-taxable","71":"purchasable","72":"product-type-variable"},"yoast_head":"<!-- This site is optimized with the Yoast SEO Premium plugin v27.5 (Yoast SEO v27.5) - https:\/\/yoast.com\/product\/yoast-seo-premium-wordpress\/ -->\n<title>Blau-Gr\u00fcner Turnanzug IANNA\/6 - \u00e4rmellos - Turnanz\u00fcge Made in Germany<\/title>\n<meta name=\"description\" content=\"Blau-Gr\u00fcner Turnanzug IANNA\/6 - \u00e4rmellos. Gymnastikanzug mit geschwungenen Linien und Strass vorne. F\u00fcr Turnen, Team-Gymnastik. Auch mit Langarm und 3\/4-Arm\" \/>\n<meta name=\"robots\" content=\"index, follow, max-snippet:-1, max-image-preview:large, max-video-preview:-1\" \/>\n<link rel=\"canonical\" href=\"https:\/\/ervy.ch\/produkt\/blau-gruener-turnanzug-ianna-6-aermellos-strass-linienmuster\/\" \/>\n<meta property=\"og:locale\" content=\"en_US\" \/>\n<meta property=\"og:type\" content=\"article\" \/>\n<meta property=\"og:title\" content=\"Blau-Gr\u00fcner Turnanzug IANNA\/6 - \u00e4rmellos\" \/>\n<meta property=\"og:description\" content=\"Blau-Gr\u00fcner Turnanzug IANNA\/6 - \u00e4rmellos. Gymnastikanzug mit geschwungenen Linien und Strass vorne. F\u00fcr Turnen, Team-Gymnastik. Auch mit Langarm und 3\/4-Arm\" \/>\n<meta property=\"og:url\" content=\"https:\/\/ervy.ch\/produkt\/blau-gruener-turnanzug-ianna-6-aermellos-strass-linienmuster\/\" \/>\n<meta property=\"og:site_name\" content=\"Turnanz\u00fcge Made in Germany\" \/>\n<meta property=\"article:publisher\" content=\"https:\/\/www.facebook.com\/ERVYSportsFashion\" \/>\n<meta property=\"article:modified_time\" content=\"2026-03-29T13:33:17+00:00\" \/>\n<meta property=\"og:image\" content=\"https:\/\/ervy.ch\/wp-content\/uploads\/2022\/09\/ERVY_IANNA_11949-07_6_VT2-Image.jpg\" \/>\n\t<meta property=\"og:image:width\" content=\"700\" \/>\n\t<meta property=\"og:image:height\" content=\"1000\" \/>\n\t<meta property=\"og:image:type\" content=\"image\/jpeg\" \/>\n<meta name=\"twitter:card\" content=\"summary_large_image\" \/>\n<meta name=\"twitter:label1\" content=\"Availability\" \/>\n\t<meta name=\"twitter:data1\" content=\"On backorder\" \/>\n<script type=\"application\/ld+json\" class=\"yoast-schema-graph\">{\"@context\":\"https:\\\/\\\/schema.org\",\"@graph\":[{\"@type\":\"WebPage\",\"@id\":\"https:\\\/\\\/ervy.ch\\\/produkt\\\/blau-gruener-turnanzug-ianna-6-aermellos-strass-linienmuster\\\/\",\"url\":\"https:\\\/\\\/ervy.ch\\\/produkt\\\/blau-gruener-turnanzug-ianna-6-aermellos-strass-linienmuster\\\/\",\"name\":\"Blau-Gr\u00fcner Turnanzug IANNA\\\/6 - \u00e4rmellos - Turnanz\u00fcge Made in Germany\",\"isPartOf\":{\"@id\":\"https:\\\/\\\/ervy.ch\\\/#website\"},\"primaryImageOfPage\":{\"@id\":\"https:\\\/\\\/ervy.ch\\\/produkt\\\/blau-gruener-turnanzug-ianna-6-aermellos-strass-linienmuster\\\/#primaryimage\"},\"image\":{\"@id\":\"https:\\\/\\\/ervy.ch\\\/produkt\\\/blau-gruener-turnanzug-ianna-6-aermellos-strass-linienmuster\\\/#primaryimage\"},\"thumbnailUrl\":\"https:\\\/\\\/ervy.ch\\\/wp-content\\\/uploads\\\/2022\\\/09\\\/ERVY_IANNA_11949-07_6_VT2-Image.jpg\",\"datePublished\":\"2022-09-23T08:08:05+00:00\",\"dateModified\":\"2026-03-29T13:33:17+00:00\",\"description\":\"Blau-Gr\u00fcner Turnanzug IANNA\\\/6 - \u00e4rmellos. Gymnastikanzug mit geschwungenen Linien und Strass vorne. F\u00fcr Turnen, Team-Gymnastik. Auch mit Langarm und 3\\\/4-Arm\",\"breadcrumb\":{\"@id\":\"https:\\\/\\\/ervy.ch\\\/produkt\\\/blau-gruener-turnanzug-ianna-6-aermellos-strass-linienmuster\\\/#breadcrumb\"},\"inLanguage\":\"en-US\",\"potentialAction\":[{\"@type\":\"ReadAction\",\"target\":[\"https:\\\/\\\/ervy.ch\\\/produkt\\\/blau-gruener-turnanzug-ianna-6-aermellos-strass-linienmuster\\\/\"]}]},{\"@type\":\"ImageObject\",\"inLanguage\":\"en-US\",\"@id\":\"https:\\\/\\\/ervy.ch\\\/produkt\\\/blau-gruener-turnanzug-ianna-6-aermellos-strass-linienmuster\\\/#primaryimage\",\"url\":\"https:\\\/\\\/ervy.ch\\\/wp-content\\\/uploads\\\/2022\\\/09\\\/ERVY_IANNA_11949-07_6_VT2-Image.jpg\",\"contentUrl\":\"https:\\\/\\\/ervy.ch\\\/wp-content\\\/uploads\\\/2022\\\/09\\\/ERVY_IANNA_11949-07_6_VT2-Image.jpg\",\"width\":700,\"height\":1000,\"caption\":\"ERVY Blau-Gr\u00fcner Turnanzug IANNA\\\/6 \u00e4rmellos mit Druck, Farbverlauf und Strass\"},{\"@type\":\"BreadcrumbList\",\"@id\":\"https:\\\/\\\/ervy.ch\\\/produkt\\\/blau-gruener-turnanzug-ianna-6-aermellos-strass-linienmuster\\\/#breadcrumb\",\"itemListElement\":[{\"@type\":\"ListItem\",\"position\":1,\"name\":\"Startseite\",\"item\":\"https:\\\/\\\/ervy.ch\\\/\"},{\"@type\":\"ListItem\",\"position\":2,\"name\":\"Shop\",\"item\":\"https:\\\/\\\/ervy.ch\\\/shop\\\/\"},{\"@type\":\"ListItem\",\"position\":3,\"name\":\"Blau-Gr\u00fcner Turnanzug IANNA\\\/6 &#8211; \u00e4rmellos\"}]},{\"@type\":\"WebSite\",\"@id\":\"https:\\\/\\\/ervy.ch\\\/#website\",\"url\":\"https:\\\/\\\/ervy.ch\\\/\",\"name\":\"Turnanz\u00fcge Made in Germany\",\"description\":\"ERVY Schweiz-Vertretung\",\"publisher\":{\"@id\":\"https:\\\/\\\/ervy.ch\\\/#organization\"},\"potentialAction\":[{\"@type\":\"SearchAction\",\"target\":{\"@type\":\"EntryPoint\",\"urlTemplate\":\"https:\\\/\\\/ervy.ch\\\/?s={search_term_string}\"},\"query-input\":{\"@type\":\"PropertyValueSpecification\",\"valueRequired\":true,\"valueName\":\"search_term_string\"}}],\"inLanguage\":\"en-US\"},{\"@type\":\"Organization\",\"@id\":\"https:\\\/\\\/ervy.ch\\\/#organization\",\"name\":\"ERVY Sports Fashion GmbH\",\"url\":\"https:\\\/\\\/ervy.ch\\\/\",\"logo\":{\"@type\":\"ImageObject\",\"inLanguage\":\"en-US\",\"@id\":\"https:\\\/\\\/ervy.ch\\\/#\\\/schema\\\/logo\\\/image\\\/\",\"url\":\"https:\\\/\\\/ervy.ch\\\/wp-content\\\/uploads\\\/2021\\\/03\\\/cropped-ERVY-Logo_JUST-SPORTS_Hintergrund_300x300.png\",\"contentUrl\":\"https:\\\/\\\/ervy.ch\\\/wp-content\\\/uploads\\\/2021\\\/03\\\/cropped-ERVY-Logo_JUST-SPORTS_Hintergrund_300x300.png\",\"width\":512,\"height\":512,\"caption\":\"ERVY Sports Fashion GmbH\"},\"image\":{\"@id\":\"https:\\\/\\\/ervy.ch\\\/#\\\/schema\\\/logo\\\/image\\\/\"},\"sameAs\":[\"https:\\\/\\\/www.facebook.com\\\/ERVYSportsFashion\",\"https:\\\/\\\/www.instagram.com\\\/ervy_sports_fashion\\\/?hl=de\",\"https:\\\/\\\/www.pinterest.de\\\/ervysportsfashion\\\/\",\"https:\\\/\\\/www.youtube.com\\\/channel\\\/UCwzRAG_B8mAIfVPXGwfdYhA\",\"https:\\\/\\\/www.tiktok.com\\\/@ervysports\"]}]}<\/script>\n<meta property=\"og:availability\" content=\"backorder\" \/>\n<meta property=\"product:availability\" content=\"available for order\" \/>\n<meta property=\"product:retailer_item_id\" content=\"11949.07\/6\" \/>\n<meta property=\"product:condition\" content=\"new\" \/>\n<!-- \/ Yoast SEO Premium plugin. -->","yoast_head_json":{"title":"Blau-Gr\u00fcner Turnanzug IANNA\/6 - \u00e4rmellos - Turnanz\u00fcge Made in Germany","description":"Blau-Gr\u00fcner Turnanzug IANNA\/6 - \u00e4rmellos. Gymnastikanzug mit geschwungenen Linien und Strass vorne. F\u00fcr Turnen, Team-Gymnastik. Auch mit Langarm und 3\/4-Arm","robots":{"index":"index","follow":"follow","max-snippet":"max-snippet:-1","max-image-preview":"max-image-preview:large","max-video-preview":"max-video-preview:-1"},"canonical":"https:\/\/ervy.ch\/produkt\/blau-gruener-turnanzug-ianna-6-aermellos-strass-linienmuster\/","og_locale":"en_US","og_type":"article","og_title":"Blau-Gr\u00fcner Turnanzug IANNA\/6 - \u00e4rmellos","og_description":"Blau-Gr\u00fcner Turnanzug IANNA\/6 - \u00e4rmellos. Gymnastikanzug mit geschwungenen Linien und Strass vorne. F\u00fcr Turnen, Team-Gymnastik. Auch mit Langarm und 3\/4-Arm","og_url":"https:\/\/ervy.ch\/produkt\/blau-gruener-turnanzug-ianna-6-aermellos-strass-linienmuster\/","og_site_name":"Turnanz\u00fcge Made in Germany","article_publisher":"https:\/\/www.facebook.com\/ERVYSportsFashion","article_modified_time":"2026-03-29T13:33:17+00:00","og_image":[{"width":700,"height":1000,"url":"https:\/\/ervy.ch\/wp-content\/uploads\/2022\/09\/ERVY_IANNA_11949-07_6_VT2-Image.jpg","type":"image\/jpeg"}],"twitter_card":"summary_large_image","twitter_misc":{"Availability":"On backorder"},"schema":{"@context":"https:\/\/schema.org","@graph":[{"@type":"WebPage","@id":"https:\/\/ervy.ch\/produkt\/blau-gruener-turnanzug-ianna-6-aermellos-strass-linienmuster\/","url":"https:\/\/ervy.ch\/produkt\/blau-gruener-turnanzug-ianna-6-aermellos-strass-linienmuster\/","name":"Blau-Gr\u00fcner Turnanzug IANNA\/6 - \u00e4rmellos - Turnanz\u00fcge Made in Germany","isPartOf":{"@id":"https:\/\/ervy.ch\/#website"},"primaryImageOfPage":{"@id":"https:\/\/ervy.ch\/produkt\/blau-gruener-turnanzug-ianna-6-aermellos-strass-linienmuster\/#primaryimage"},"image":{"@id":"https:\/\/ervy.ch\/produkt\/blau-gruener-turnanzug-ianna-6-aermellos-strass-linienmuster\/#primaryimage"},"thumbnailUrl":"https:\/\/ervy.ch\/wp-content\/uploads\/2022\/09\/ERVY_IANNA_11949-07_6_VT2-Image.jpg","datePublished":"2022-09-23T08:08:05+00:00","dateModified":"2026-03-29T13:33:17+00:00","description":"Blau-Gr\u00fcner Turnanzug IANNA\/6 - \u00e4rmellos. Gymnastikanzug mit geschwungenen Linien und Strass vorne. F\u00fcr Turnen, Team-Gymnastik. Auch mit Langarm und 3\/4-Arm","breadcrumb":{"@id":"https:\/\/ervy.ch\/produkt\/blau-gruener-turnanzug-ianna-6-aermellos-strass-linienmuster\/#breadcrumb"},"inLanguage":"en-US","potentialAction":[{"@type":"ReadAction","target":["https:\/\/ervy.ch\/produkt\/blau-gruener-turnanzug-ianna-6-aermellos-strass-linienmuster\/"]}]},{"@type":"ImageObject","inLanguage":"en-US","@id":"https:\/\/ervy.ch\/produkt\/blau-gruener-turnanzug-ianna-6-aermellos-strass-linienmuster\/#primaryimage","url":"https:\/\/ervy.ch\/wp-content\/uploads\/2022\/09\/ERVY_IANNA_11949-07_6_VT2-Image.jpg","contentUrl":"https:\/\/ervy.ch\/wp-content\/uploads\/2022\/09\/ERVY_IANNA_11949-07_6_VT2-Image.jpg","width":700,"height":1000,"caption":"ERVY Blau-Gr\u00fcner Turnanzug IANNA\/6 \u00e4rmellos mit Druck, Farbverlauf und Strass"},{"@type":"BreadcrumbList","@id":"https:\/\/ervy.ch\/produkt\/blau-gruener-turnanzug-ianna-6-aermellos-strass-linienmuster\/#breadcrumb","itemListElement":[{"@type":"ListItem","position":1,"name":"Startseite","item":"https:\/\/ervy.ch\/"},{"@type":"ListItem","position":2,"name":"Shop","item":"https:\/\/ervy.ch\/shop\/"},{"@type":"ListItem","position":3,"name":"Blau-Gr\u00fcner Turnanzug IANNA\/6 &#8211; \u00e4rmellos"}]},{"@type":"WebSite","@id":"https:\/\/ervy.ch\/#website","url":"https:\/\/ervy.ch\/","name":"Turnanz\u00fcge Made in Germany","description":"ERVY Schweiz-Vertretung","publisher":{"@id":"https:\/\/ervy.ch\/#organization"},"potentialAction":[{"@type":"SearchAction","target":{"@type":"EntryPoint","urlTemplate":"https:\/\/ervy.ch\/?s={search_term_string}"},"query-input":{"@type":"PropertyValueSpecification","valueRequired":true,"valueName":"search_term_string"}}],"inLanguage":"en-US"},{"@type":"Organization","@id":"https:\/\/ervy.ch\/#organization","name":"ERVY Sports Fashion GmbH","url":"https:\/\/ervy.ch\/","logo":{"@type":"ImageObject","inLanguage":"en-US","@id":"https:\/\/ervy.ch\/#\/schema\/logo\/image\/","url":"https:\/\/ervy.ch\/wp-content\/uploads\/2021\/03\/cropped-ERVY-Logo_JUST-SPORTS_Hintergrund_300x300.png","contentUrl":"https:\/\/ervy.ch\/wp-content\/uploads\/2021\/03\/cropped-ERVY-Logo_JUST-SPORTS_Hintergrund_300x300.png","width":512,"height":512,"caption":"ERVY Sports Fashion GmbH"},"image":{"@id":"https:\/\/ervy.ch\/#\/schema\/logo\/image\/"},"sameAs":["https:\/\/www.facebook.com\/ERVYSportsFashion","https:\/\/www.instagram.com\/ervy_sports_fashion\/?hl=de","https:\/\/www.pinterest.de\/ervysportsfashion\/","https:\/\/www.youtube.com\/channel\/UCwzRAG_B8mAIfVPXGwfdYhA","https:\/\/www.tiktok.com\/@ervysports"]}]},"og_availability":"backorder","product_availability":"available for order","product_retailer_item_id":"11949.07\/6","product_condition":"new"},"_links":{"self":[{"href":"https:\/\/ervy.ch\/en\/wp-json\/wp\/v2\/product\/42091","targetHints":{"allow":["GET"]}}],"collection":[{"href":"https:\/\/ervy.ch\/en\/wp-json\/wp\/v2\/product"}],"about":[{"href":"https:\/\/ervy.ch\/en\/wp-json\/wp\/v2\/types\/product"}],"wp:featuredmedia":[{"embeddable":true,"href":"https:\/\/ervy.ch\/en\/wp-json\/wp\/v2\/media\/42118"}],"wp:attachment":[{"href":"https:\/\/ervy.ch\/en\/wp-json\/wp\/v2\/media?parent=42091"}],"wp:term":[{"taxonomy":"product_brand","embeddable":true,"href":"https:\/\/ervy.ch\/en\/wp-json\/wp\/v2\/product_brand?post=42091"},{"taxonomy":"product_cat","embeddable":true,"href":"https:\/\/ervy.ch\/en\/wp-json\/wp\/v2\/product_cat?post=42091"},{"taxonomy":"product_tag","embeddable":true,"href":"https:\/\/ervy.ch\/en\/wp-json\/wp\/v2\/product_tag?post=42091"}],"curies":[{"name":"wp","href":"https:\/\/api.w.org\/{rel}","templated":true}]}}