{"id":41964,"date":"2022-09-22T11:51:55","date_gmt":"2022-09-22T09:51:55","guid":{"rendered":"https:\/\/ervy.de\/?post_type=product&#038;p=41964"},"modified":"2025-07-01T08:42:01","modified_gmt":"2025-07-01T06:42:01","slug":"dynamischer-turnanzug-genna-1-tuell-langarm-linien-strass","status":"publish","type":"product","link":"https:\/\/ervy.ch\/en\/product\/dynamischer-turnanzug-genna-1-tuell-langarm-linien-strass\/","title":{"rendered":"Dynamischer Turnanzug GENNA\/1"},"content":{"rendered":"<p style=\"padding-left: 40px;\"><strong>Passform<\/strong><strong><br \/>\nModelgr\u00f6\u00dfe: <\/strong>Unser Model ist 167 cm gro\u00df und tr\u00e4gt Gr\u00f6\u00dfe 34<br \/>\n<strong>Brustumfang:<\/strong> 83 cm<br \/>\n<strong>Taillenumfang:<\/strong> 68 cm<br \/>\n<strong>H\u00fcftumfang:<\/strong> 83 cm<\/p>\n<ul>\n<li><strong>Dynamischer<\/strong> Turnanzug GENNA\/1 f\u00fcr<strong> Wettk\u00e4mpfe<\/strong> und <strong>Show-Auftritte<\/strong>. Der Turnanzug ist f\u00fcr M\u00e4dchen und Frauen.<\/li>\n<li>Den langarm Turnanzug f\u00fcr Damen kannst du in Kinder- oder Erwachsenengr\u00f6\u00dfen bestellen. Weitere Gr\u00f6\u00dfen sind auf <strong><a href=\"\/?page_id=900\">Anfrage<\/a><\/strong> und gegen Mehrpreis m\u00f6glich.<\/li>\n<li>M\u00f6chtest du den Turnanzug GENNA\/1 ohne Arm, 3\/4-Arm oder mit Pailletten? Kein Problem! <a href=\"\/?page_id=900\"><strong>Schreib uns!<\/strong><\/a><\/li>\n<\/ul>\n<h3>Materialien und Farben des Turnanzuges f\u00fcr Damen langarm:<\/h3>\n<table style=\"border-collapse: collapse; width: 100%; height: 268px;\">\n<tbody>\n<tr style=\"height: 67px;\">\n<td style=\"width: 33.3333%; height: 67px;\"><a href=\"\/?p=3192\"><strong>Lack Shine:<\/strong><\/a><br \/>\n82% Polyamid<br \/>\n18% Elasthan<\/td>\n<td style=\"width: 33.3333%; height: 67px;\"><strong>Farbe C1<\/strong><\/p>\n<p><strong>Farbe C3<\/strong><\/td>\n<td style=\"width: 33.3333%; height: 67px;\"><strong>16X5-dunkelamethyst<\/strong><\/p>\n<p><strong>16G1-gold<\/strong><\/td>\n<\/tr>\n<tr style=\"height: 67px;\">\n<td style=\"width: 33.3333%; height: 67px;\"><a href=\"\/?p=1435\"><strong>T\u00fcll elastisch:<\/strong><\/a><br \/>\n92% Polyamid<br \/>\n8% Elasthan<\/td>\n<td style=\"width: 33.3333%; height: 67px;\"><strong>Farbe C2<\/strong><\/td>\n<td style=\"width: 33.3333%; height: 67px;\"><strong>02A1-schwarz<\/strong><\/td>\n<\/tr>\n<tr style=\"height: 67px;\">\n<td style=\"width: 33.3333%; height: 67px;\"><strong><a href=\"\/?p=1439\">Mikrofaser<\/a> F\u00fctterung:<\/strong><br \/>\n90% Polyamid<br \/>\n10% Elasthan<\/td>\n<td style=\"width: 33.3333%; height: 67px;\"><strong>Farbe C4<\/strong><\/td>\n<td style=\"width: 33.3333%; height: 67px;\"><strong>03G2-haut<\/strong><\/td>\n<\/tr>\n<\/tbody>\n<\/table>\n<p>&nbsp;<\/p>\n","protected":false},"excerpt":{"rendered":"<p><b>Dynamischer Turnanzug GENNA\/1 <\/b>mit verspieltem Design. Der Turnanzug GENNA\/1 hat lange \u00c4rmel und einen Rundhalsausschnitt. Der Wettkampfanzug ist mit<strong> elegantem\u00a0T\u00fcll<\/strong> versehen. Die <strong>T\u00fclleins\u00e4tze<\/strong> im Oberteil sind mit einem <strong>atmungsaktiven <\/strong>und <strong>weichen<\/strong> <strong>Mikrofasermaterial gef\u00fcttert<\/strong>.<\/p>\n<p>Die geschwungenen <strong>Linien<\/strong> in Gold <strong>unterstreichen<\/strong> die <strong>eleganten Bewegungen<\/strong> seiner Tr\u00e4gerin. Ein starker Turnanzug mit bezaubernden <strong>orangen Strasssteinen<\/strong> im Vorderteil (R737), im R\u00fcckenteil (R738) und an den \u00c4rmeln (B739).<\/p>\n<p>Du ben\u00f6tigst eine andere Gr\u00f6\u00dfe? Kontaktiere uns direkt f\u00fcr eine Bestellung als\u00a0Sonderanfertigung, welche von R\u00fcckgabe und Umtausch ausgeschlossen ist.<\/p>\n","protected":false},"featured_media":41989,"template":"","meta":[],"product_brand":[],"product_cat":[1104,777,1698,90],"product_tag":[945,1100,515,1478,514,1235,1482,1406,364,1058,1512,1408,1156,1204,1427,1081,1448,939,1057,1203,1509,934,520,512],"class_list":{"0":"post-41964","1":"product","2":"type-product","3":"status-publish","4":"has-post-thumbnail","6":"product_cat-masters-edition-2022-23","7":"product_cat-shop","8":"product_cat-lagerartikel","9":"product_cat-turnanzuege-fuer-training-und-wettkampf","10":"product_tag-gymnastics-leotard","11":"product_tag-gymnastikdragt","12":"product_tag-justaucorps","13":"product_tag-langarm-turnanzug","14":"product_tag-leotard","15":"product_tag-leotard-for-girls","16":"product_tag-leotard-gymnastique","17":"product_tag-maedchen-turnanzug","18":"product_tag-turnanzug","19":"product_tag-turnanzug-damen","20":"product_tag-turnanzug-damen-ervy","21":"product_tag-turnanzug-damen-langarm","22":"product_tag-turnanzug-fuer-damen","23":"product_tag-turnanzug-fuer-damen-und-maedchen","24":"product_tag-turnanzug-fuer-erwachsene","25":"product_tag-turnanzug-fuer-maedchen","26":"product_tag-turnanzug-kinder","27":"product_tag-turnanzug-langarm","28":"product_tag-turnanzug-maedchen","29":"product_tag-turnanzug-mit-tuell","30":"product_tag-turnanzug-wettkampf","31":"product_tag-turnbody","32":"product_tag-turnpakje","33":"product_tag-wettkampfanzug","34":"pa_armlaenge-langarm","35":"pa_farbe-dunkelamethyst","36":"pa_farbe-gold","37":"pa_farbe-haut","38":"pa_farbe-schwarz","39":"pa_groesse-786","40":"pa_groesse-787","41":"pa_groesse-788","42":"pa_groesse-789","43":"pa_groesse-790","44":"pa_groesse-791","45":"pa_groesse-792","46":"pa_groesse-793","47":"pa_groesse-794","48":"pa_groesse-795","49":"pa_groesse-796","50":"pa_groesse-797","51":"pa_groesse-798","52":"pa_groesse-799","53":"pa_grundfarbe-schwarz","54":"pa_halsformen-rundhalsausschnitt","55":"pa_material-lack-shine","56":"pa_material-mikrofaser","57":"pa_material-tuell-elastisch","58":"pa_produktart-turnanzug","59":"pa_styles-neuheiten","60":"pa_veredelung-strass","61":"pa_weitere-ausfuehrung-mit-futterstoff","63":"first","64":"onbackorder","65":"taxable","66":"shipping-taxable","67":"purchasable","68":"product-type-variable"},"yoast_head":"<!-- This site is optimized with the Yoast SEO Premium plugin v27.5 (Yoast SEO v27.5) - https:\/\/yoast.com\/product\/yoast-seo-premium-wordpress\/ -->\n<title>Dynamischer Turnanzug GENNA\/1 - Turnanz\u00fcge Made in Germany<\/title>\n<meta name=\"description\" content=\"Dynamischer Turnanzug mit T\u00fcll und einem geschwungenem Muster. Turnanzug GENNA\/1 f\u00fcr Damen\/M\u00e4dchen langarm mit Strass. In vielen Gr\u00f6\u00dfen. Made in Germany\" \/>\n<meta name=\"robots\" content=\"index, follow, max-snippet:-1, max-image-preview:large, max-video-preview:-1\" \/>\n<link rel=\"canonical\" href=\"https:\/\/ervy.ch\/produkt\/dynamischer-turnanzug-genna-1-tuell-langarm-linien-strass\/\" \/>\n<meta property=\"og:locale\" content=\"en_US\" \/>\n<meta property=\"og:type\" content=\"article\" \/>\n<meta property=\"og:title\" content=\"Dynamischer Turnanzug GENNA\/1\" \/>\n<meta property=\"og:description\" content=\"Dynamischer Turnanzug mit T\u00fcll und einem geschwungenem Muster. Turnanzug GENNA\/1 f\u00fcr Damen\/M\u00e4dchen langarm mit Strass. In vielen Gr\u00f6\u00dfen. Made in Germany\" \/>\n<meta property=\"og:url\" content=\"https:\/\/ervy.ch\/produkt\/dynamischer-turnanzug-genna-1-tuell-langarm-linien-strass\/\" \/>\n<meta property=\"og:site_name\" content=\"Turnanz\u00fcge Made in Germany\" \/>\n<meta property=\"article:publisher\" content=\"https:\/\/www.facebook.com\/ERVYSportsFashion\" \/>\n<meta property=\"article:modified_time\" content=\"2025-07-01T06:42:01+00:00\" \/>\n<meta property=\"og:image\" content=\"https:\/\/ervy.ch\/wp-content\/uploads\/2022\/09\/ERVY_GENNA_11962-08_1_VT3.jpg\" \/>\n\t<meta property=\"og:image:width\" content=\"700\" \/>\n\t<meta property=\"og:image:height\" content=\"1000\" \/>\n\t<meta property=\"og:image:type\" content=\"image\/jpeg\" \/>\n<meta name=\"twitter:card\" content=\"summary_large_image\" \/>\n<meta name=\"twitter:label1\" content=\"Availability\" \/>\n\t<meta name=\"twitter:data1\" content=\"On backorder\" \/>\n<script type=\"application\/ld+json\" class=\"yoast-schema-graph\">{\"@context\":\"https:\\\/\\\/schema.org\",\"@graph\":[{\"@type\":\"WebPage\",\"@id\":\"https:\\\/\\\/ervy.ch\\\/produkt\\\/dynamischer-turnanzug-genna-1-tuell-langarm-linien-strass\\\/\",\"url\":\"https:\\\/\\\/ervy.ch\\\/produkt\\\/dynamischer-turnanzug-genna-1-tuell-langarm-linien-strass\\\/\",\"name\":\"Dynamischer Turnanzug GENNA\\\/1 - Turnanz\u00fcge Made in Germany\",\"isPartOf\":{\"@id\":\"https:\\\/\\\/ervy.ch\\\/#website\"},\"primaryImageOfPage\":{\"@id\":\"https:\\\/\\\/ervy.ch\\\/produkt\\\/dynamischer-turnanzug-genna-1-tuell-langarm-linien-strass\\\/#primaryimage\"},\"image\":{\"@id\":\"https:\\\/\\\/ervy.ch\\\/produkt\\\/dynamischer-turnanzug-genna-1-tuell-langarm-linien-strass\\\/#primaryimage\"},\"thumbnailUrl\":\"https:\\\/\\\/ervy.ch\\\/wp-content\\\/uploads\\\/2022\\\/09\\\/ERVY_GENNA_11962-08_1_VT3.jpg\",\"datePublished\":\"2022-09-22T09:51:55+00:00\",\"dateModified\":\"2025-07-01T06:42:01+00:00\",\"description\":\"Dynamischer Turnanzug mit T\u00fcll und einem geschwungenem Muster. Turnanzug GENNA\\\/1 f\u00fcr Damen\\\/M\u00e4dchen langarm mit Strass. In vielen Gr\u00f6\u00dfen. Made in Germany\",\"breadcrumb\":{\"@id\":\"https:\\\/\\\/ervy.ch\\\/produkt\\\/dynamischer-turnanzug-genna-1-tuell-langarm-linien-strass\\\/#breadcrumb\"},\"inLanguage\":\"en-US\",\"potentialAction\":[{\"@type\":\"ReadAction\",\"target\":[\"https:\\\/\\\/ervy.ch\\\/produkt\\\/dynamischer-turnanzug-genna-1-tuell-langarm-linien-strass\\\/\"]}]},{\"@type\":\"ImageObject\",\"inLanguage\":\"en-US\",\"@id\":\"https:\\\/\\\/ervy.ch\\\/produkt\\\/dynamischer-turnanzug-genna-1-tuell-langarm-linien-strass\\\/#primaryimage\",\"url\":\"https:\\\/\\\/ervy.ch\\\/wp-content\\\/uploads\\\/2022\\\/09\\\/ERVY_GENNA_11962-08_1_VT3.jpg\",\"contentUrl\":\"https:\\\/\\\/ervy.ch\\\/wp-content\\\/uploads\\\/2022\\\/09\\\/ERVY_GENNA_11962-08_1_VT3.jpg\",\"width\":700,\"height\":1000},{\"@type\":\"BreadcrumbList\",\"@id\":\"https:\\\/\\\/ervy.ch\\\/produkt\\\/dynamischer-turnanzug-genna-1-tuell-langarm-linien-strass\\\/#breadcrumb\",\"itemListElement\":[{\"@type\":\"ListItem\",\"position\":1,\"name\":\"Startseite\",\"item\":\"https:\\\/\\\/ervy.ch\\\/\"},{\"@type\":\"ListItem\",\"position\":2,\"name\":\"Shop\",\"item\":\"https:\\\/\\\/ervy.ch\\\/shop\\\/\"},{\"@type\":\"ListItem\",\"position\":3,\"name\":\"Dynamischer Turnanzug GENNA\\\/1\"}]},{\"@type\":\"WebSite\",\"@id\":\"https:\\\/\\\/ervy.ch\\\/#website\",\"url\":\"https:\\\/\\\/ervy.ch\\\/\",\"name\":\"Turnanz\u00fcge Made in Germany\",\"description\":\"ERVY Schweiz-Vertretung\",\"publisher\":{\"@id\":\"https:\\\/\\\/ervy.ch\\\/#organization\"},\"potentialAction\":[{\"@type\":\"SearchAction\",\"target\":{\"@type\":\"EntryPoint\",\"urlTemplate\":\"https:\\\/\\\/ervy.ch\\\/?s={search_term_string}\"},\"query-input\":{\"@type\":\"PropertyValueSpecification\",\"valueRequired\":true,\"valueName\":\"search_term_string\"}}],\"inLanguage\":\"en-US\"},{\"@type\":\"Organization\",\"@id\":\"https:\\\/\\\/ervy.ch\\\/#organization\",\"name\":\"ERVY Sports Fashion GmbH\",\"url\":\"https:\\\/\\\/ervy.ch\\\/\",\"logo\":{\"@type\":\"ImageObject\",\"inLanguage\":\"en-US\",\"@id\":\"https:\\\/\\\/ervy.ch\\\/#\\\/schema\\\/logo\\\/image\\\/\",\"url\":\"https:\\\/\\\/ervy.ch\\\/wp-content\\\/uploads\\\/2021\\\/03\\\/cropped-ERVY-Logo_JUST-SPORTS_Hintergrund_300x300.png\",\"contentUrl\":\"https:\\\/\\\/ervy.ch\\\/wp-content\\\/uploads\\\/2021\\\/03\\\/cropped-ERVY-Logo_JUST-SPORTS_Hintergrund_300x300.png\",\"width\":512,\"height\":512,\"caption\":\"ERVY Sports Fashion GmbH\"},\"image\":{\"@id\":\"https:\\\/\\\/ervy.ch\\\/#\\\/schema\\\/logo\\\/image\\\/\"},\"sameAs\":[\"https:\\\/\\\/www.facebook.com\\\/ERVYSportsFashion\",\"https:\\\/\\\/www.instagram.com\\\/ervy_sports_fashion\\\/?hl=de\",\"https:\\\/\\\/www.pinterest.de\\\/ervysportsfashion\\\/\",\"https:\\\/\\\/www.youtube.com\\\/channel\\\/UCwzRAG_B8mAIfVPXGwfdYhA\",\"https:\\\/\\\/www.tiktok.com\\\/@ervysports\"]}]}<\/script>\n<meta property=\"og:availability\" content=\"backorder\" \/>\n<meta property=\"product:availability\" content=\"available for order\" \/>\n<meta property=\"product:retailer_item_id\" content=\"11962.08\/1\" \/>\n<meta property=\"product:condition\" content=\"new\" \/>\n<!-- \/ Yoast SEO Premium plugin. -->","yoast_head_json":{"title":"Dynamischer Turnanzug GENNA\/1 - Turnanz\u00fcge Made in Germany","description":"Dynamischer Turnanzug mit T\u00fcll und einem geschwungenem Muster. Turnanzug GENNA\/1 f\u00fcr Damen\/M\u00e4dchen langarm mit Strass. In vielen Gr\u00f6\u00dfen. Made in Germany","robots":{"index":"index","follow":"follow","max-snippet":"max-snippet:-1","max-image-preview":"max-image-preview:large","max-video-preview":"max-video-preview:-1"},"canonical":"https:\/\/ervy.ch\/produkt\/dynamischer-turnanzug-genna-1-tuell-langarm-linien-strass\/","og_locale":"en_US","og_type":"article","og_title":"Dynamischer Turnanzug GENNA\/1","og_description":"Dynamischer Turnanzug mit T\u00fcll und einem geschwungenem Muster. Turnanzug GENNA\/1 f\u00fcr Damen\/M\u00e4dchen langarm mit Strass. In vielen Gr\u00f6\u00dfen. Made in Germany","og_url":"https:\/\/ervy.ch\/produkt\/dynamischer-turnanzug-genna-1-tuell-langarm-linien-strass\/","og_site_name":"Turnanz\u00fcge Made in Germany","article_publisher":"https:\/\/www.facebook.com\/ERVYSportsFashion","article_modified_time":"2025-07-01T06:42:01+00:00","og_image":[{"width":700,"height":1000,"url":"https:\/\/ervy.ch\/wp-content\/uploads\/2022\/09\/ERVY_GENNA_11962-08_1_VT3.jpg","type":"image\/jpeg"}],"twitter_card":"summary_large_image","twitter_misc":{"Availability":"On backorder"},"schema":{"@context":"https:\/\/schema.org","@graph":[{"@type":"WebPage","@id":"https:\/\/ervy.ch\/produkt\/dynamischer-turnanzug-genna-1-tuell-langarm-linien-strass\/","url":"https:\/\/ervy.ch\/produkt\/dynamischer-turnanzug-genna-1-tuell-langarm-linien-strass\/","name":"Dynamischer Turnanzug GENNA\/1 - Turnanz\u00fcge Made in Germany","isPartOf":{"@id":"https:\/\/ervy.ch\/#website"},"primaryImageOfPage":{"@id":"https:\/\/ervy.ch\/produkt\/dynamischer-turnanzug-genna-1-tuell-langarm-linien-strass\/#primaryimage"},"image":{"@id":"https:\/\/ervy.ch\/produkt\/dynamischer-turnanzug-genna-1-tuell-langarm-linien-strass\/#primaryimage"},"thumbnailUrl":"https:\/\/ervy.ch\/wp-content\/uploads\/2022\/09\/ERVY_GENNA_11962-08_1_VT3.jpg","datePublished":"2022-09-22T09:51:55+00:00","dateModified":"2025-07-01T06:42:01+00:00","description":"Dynamischer Turnanzug mit T\u00fcll und einem geschwungenem Muster. Turnanzug GENNA\/1 f\u00fcr Damen\/M\u00e4dchen langarm mit Strass. In vielen Gr\u00f6\u00dfen. Made in Germany","breadcrumb":{"@id":"https:\/\/ervy.ch\/produkt\/dynamischer-turnanzug-genna-1-tuell-langarm-linien-strass\/#breadcrumb"},"inLanguage":"en-US","potentialAction":[{"@type":"ReadAction","target":["https:\/\/ervy.ch\/produkt\/dynamischer-turnanzug-genna-1-tuell-langarm-linien-strass\/"]}]},{"@type":"ImageObject","inLanguage":"en-US","@id":"https:\/\/ervy.ch\/produkt\/dynamischer-turnanzug-genna-1-tuell-langarm-linien-strass\/#primaryimage","url":"https:\/\/ervy.ch\/wp-content\/uploads\/2022\/09\/ERVY_GENNA_11962-08_1_VT3.jpg","contentUrl":"https:\/\/ervy.ch\/wp-content\/uploads\/2022\/09\/ERVY_GENNA_11962-08_1_VT3.jpg","width":700,"height":1000},{"@type":"BreadcrumbList","@id":"https:\/\/ervy.ch\/produkt\/dynamischer-turnanzug-genna-1-tuell-langarm-linien-strass\/#breadcrumb","itemListElement":[{"@type":"ListItem","position":1,"name":"Startseite","item":"https:\/\/ervy.ch\/"},{"@type":"ListItem","position":2,"name":"Shop","item":"https:\/\/ervy.ch\/shop\/"},{"@type":"ListItem","position":3,"name":"Dynamischer Turnanzug GENNA\/1"}]},{"@type":"WebSite","@id":"https:\/\/ervy.ch\/#website","url":"https:\/\/ervy.ch\/","name":"Turnanz\u00fcge Made in Germany","description":"ERVY Schweiz-Vertretung","publisher":{"@id":"https:\/\/ervy.ch\/#organization"},"potentialAction":[{"@type":"SearchAction","target":{"@type":"EntryPoint","urlTemplate":"https:\/\/ervy.ch\/?s={search_term_string}"},"query-input":{"@type":"PropertyValueSpecification","valueRequired":true,"valueName":"search_term_string"}}],"inLanguage":"en-US"},{"@type":"Organization","@id":"https:\/\/ervy.ch\/#organization","name":"ERVY Sports Fashion GmbH","url":"https:\/\/ervy.ch\/","logo":{"@type":"ImageObject","inLanguage":"en-US","@id":"https:\/\/ervy.ch\/#\/schema\/logo\/image\/","url":"https:\/\/ervy.ch\/wp-content\/uploads\/2021\/03\/cropped-ERVY-Logo_JUST-SPORTS_Hintergrund_300x300.png","contentUrl":"https:\/\/ervy.ch\/wp-content\/uploads\/2021\/03\/cropped-ERVY-Logo_JUST-SPORTS_Hintergrund_300x300.png","width":512,"height":512,"caption":"ERVY Sports Fashion GmbH"},"image":{"@id":"https:\/\/ervy.ch\/#\/schema\/logo\/image\/"},"sameAs":["https:\/\/www.facebook.com\/ERVYSportsFashion","https:\/\/www.instagram.com\/ervy_sports_fashion\/?hl=de","https:\/\/www.pinterest.de\/ervysportsfashion\/","https:\/\/www.youtube.com\/channel\/UCwzRAG_B8mAIfVPXGwfdYhA","https:\/\/www.tiktok.com\/@ervysports"]}]},"og_availability":"backorder","product_availability":"available for order","product_retailer_item_id":"11962.08\/1","product_condition":"new"},"_links":{"self":[{"href":"https:\/\/ervy.ch\/en\/wp-json\/wp\/v2\/product\/41964","targetHints":{"allow":["GET"]}}],"collection":[{"href":"https:\/\/ervy.ch\/en\/wp-json\/wp\/v2\/product"}],"about":[{"href":"https:\/\/ervy.ch\/en\/wp-json\/wp\/v2\/types\/product"}],"wp:featuredmedia":[{"embeddable":true,"href":"https:\/\/ervy.ch\/en\/wp-json\/wp\/v2\/media\/41989"}],"wp:attachment":[{"href":"https:\/\/ervy.ch\/en\/wp-json\/wp\/v2\/media?parent=41964"}],"wp:term":[{"taxonomy":"product_brand","embeddable":true,"href":"https:\/\/ervy.ch\/en\/wp-json\/wp\/v2\/product_brand?post=41964"},{"taxonomy":"product_cat","embeddable":true,"href":"https:\/\/ervy.ch\/en\/wp-json\/wp\/v2\/product_cat?post=41964"},{"taxonomy":"product_tag","embeddable":true,"href":"https:\/\/ervy.ch\/en\/wp-json\/wp\/v2\/product_tag?post=41964"}],"curies":[{"name":"wp","href":"https:\/\/api.w.org\/{rel}","templated":true}]}}