{"id":41929,"date":"2022-09-22T09:39:17","date_gmt":"2022-09-22T07:39:17","guid":{"rendered":"https:\/\/ervy.de\/?post_type=product&#038;p=41929"},"modified":"2025-07-01T08:40:33","modified_gmt":"2025-07-01T06:40:33","slug":"schwarzer-turnanzug-ruth-1-tuell-print-gefuettert-3-4-arm-strass","status":"publish","type":"product","link":"https:\/\/ervy.ch\/en\/product\/schwarzer-turnanzug-ruth-1-tuell-print-gefuettert-3-4-arm-strass\/","title":{"rendered":"Schwarzer Turnanzug RUTH\/1 mit T\u00fcll-Print"},"content":{"rendered":"<p style=\"padding-left: 40px;\"><strong>Passform<\/strong><strong><br \/>\nModelgr\u00f6\u00dfe: <\/strong>Unser Model ist 157 cm gro\u00df und tr\u00e4gt Gr\u00f6\u00dfe 34<\/p>\n<ul>\n<li>Schwarzer Turnanzug RUTH\/1 mit T\u00fcll ist das <strong>Highlight<\/strong> einer <strong>jeden K\u00fcr<\/strong> ob beim <strong>Turnen,<\/strong> bei der <strong>Akrobatik,<\/strong> beim<strong> Rh\u00f6nrad-Turnen<\/strong> oder bei der<strong> Team Gymnastik.<\/strong><\/li>\n<li>Den Turnanzug f\u00fcr M\u00e4dchen und Damen kannst du in Kinder- oder Erwachsenengr\u00f6\u00dfen bestellen. Weitere Gr\u00f6\u00dfen sind auf <strong><a href=\"\/?page_id=900\">Anfrage<\/a><\/strong> und gegen Mehrpreis m\u00f6glich.<\/li>\n<li>M\u00f6chtest du den Turnanzug ohne Arm, langen Armen oder mit Pailletten? Kein Problem! <a href=\"\/?page_id=900\"><strong>Schreib uns!<\/strong><\/a><\/li>\n<\/ul>\n<h3>Materialien und Farben des Turnanzuges f\u00fcr M\u00e4dchen und Frauen:<\/h3>\n<table style=\"border-collapse: collapse; width: 100%; height: 335px;\">\n<tbody>\n<tr style=\"height: 67px;\">\n<td style=\"width: 33.3333%; height: 67px;\"><a href=\"\/?p=1418\"><strong>Polyamid gl\u00e4nzend:<\/strong><\/a><br \/>\n82% Polyamid<br \/>\n18% Elasthan<\/td>\n<td style=\"width: 33.3333%; height: 67px;\"><strong>Farbe C1<\/strong><\/td>\n<td style=\"width: 33.3333%; height: 67px;\"><b>01A1-schwarz<\/b><\/td>\n<\/tr>\n<tr style=\"height: 67px;\">\n<td style=\"width: 33.3333%; height: 67px;\"><a href=\"\/?p=1435\"><strong>T\u00fcll elastisch:<\/strong><\/a><br \/>\n92% Polyamid<br \/>\n8% Elasthan<\/td>\n<td style=\"width: 33.3333%; height: 67px;\"><strong>Farbe C2<\/strong><\/p>\n<p><strong>Farbe C3<\/strong><\/td>\n<td style=\"width: 33.3333%; height: 67px;\"><strong>02D1-wei\u00df<\/strong><\/p>\n<p><strong>02A2-graphit<\/strong><\/td>\n<\/tr>\n<tr style=\"height: 67px;\">\n<td style=\"width: 33.3333%; height: 67px;\"><strong>T\u00fcll Ombreprint:<\/strong><br \/>\n85% Polyester<br \/>\n15% Elasthan<\/td>\n<td style=\"width: 33.3333%; height: 67px;\"><strong>Farbe C4<\/strong><\/td>\n<td style=\"width: 33.3333%; height: 67px;\"><strong>51BP-graphit-ombre-wei\u00df<\/strong><\/td>\n<\/tr>\n<tr style=\"height: 67px;\">\n<td style=\"width: 33.3333%; height: 67px;\"><strong><a href=\"\/?p=1439\">Mikrofaser<\/a> F\u00fctterung:<\/strong><br \/>\n90% Polyamid<br \/>\n10% Elasthan<\/td>\n<td style=\"width: 33.3333%; height: 67px;\"><strong>Farbe C5<\/strong><\/td>\n<td style=\"width: 33.3333%; height: 67px;\"><strong>03G2-haut<\/strong><\/td>\n<\/tr>\n<\/tbody>\n<\/table>\n<p>&nbsp;<\/p>\n","protected":false},"excerpt":{"rendered":"<p>Traumhafter Turnanzug RUTH\/1 mit <strong>viel Strass und zartem, elegantem T\u00fcll<\/strong> an den \u00c4rmeln und im Oberteil. Die transparenten Eins\u00e4tze im <strong>Oberteil<\/strong> sind <strong>gef\u00fcttert<\/strong>. Die <strong>F\u00fctterung<\/strong>\u00a0besteht aus einem\u00a0<strong>atmungsaktiven Mikrofasermaterial.<\/strong> Der Wettkampfanzug hat 3\/4 Arme, einen U-Boot-Halsausschnitt und breite Armb\u00fcndchen.<\/p>\n<p><span class=\"a-list-item\">Turnanzug f\u00fcr Damen mit <strong>optimaler Bewegungsfreiheit<\/strong>. <strong>Leicht<\/strong>, und <strong>angenehm<\/strong> zu tragen. Der Wettkampfanzug ist <strong>elegant<\/strong> und mit<strong> liebevoller Strassverarbeitung<\/strong> im Vorderteil (V758), und an den \u00c4rmeln unten (W759).<\/span><\/p>\n<p>Dieses Produkt wird in deiner <strong>Wunschgr\u00f6\u00dfe<\/strong> und deiner <strong>Zusammenstellung<\/strong> eigens f\u00fcr dich angefertigt. Es handelt sich somit um eine <strong>Sonderanfertigung<\/strong>, welche von <strong>R\u00fcckgabe <\/strong>und <strong>Umtausch ausgeschlossen<\/strong> ist.<\/p>\n","protected":false},"featured_media":42301,"template":"","meta":[],"product_brand":[],"product_cat":[1104,777,1698,90],"product_tag":[1488,945,1100,515,1434,1457,514,1235,1482,1059,522,364,938,1058,1512,1156,1204,1427,1081,1448,1057,1203,944,1509,934,520,512],"class_list":{"0":"post-41929","1":"product","2":"type-product","3":"status-publish","4":"has-post-thumbnail","6":"product_cat-masters-edition-2022-23","7":"product_cat-shop","8":"product_cat-lagerartikel","9":"product_cat-turnanzuege-fuer-training-und-wettkampf","10":"product_tag-bedruckter-turnanzug","11":"product_tag-gymnastics-leotard","12":"product_tag-gymnastikdragt","13":"product_tag-justaucorps","14":"product_tag-justaucorps-sublime","15":"product_tag-kinder-turnanzug","16":"product_tag-leotard","17":"product_tag-leotard-for-girls","18":"product_tag-leotard-gymnastique","19":"product_tag-print-turnanzug","20":"product_tag-printleotard","21":"product_tag-turnanzug","22":"product_tag-turnanzug-3-4-arm","23":"product_tag-turnanzug-damen","24":"product_tag-turnanzug-damen-ervy","25":"product_tag-turnanzug-fuer-damen","26":"product_tag-turnanzug-fuer-damen-und-maedchen","27":"product_tag-turnanzug-fuer-erwachsene","28":"product_tag-turnanzug-fuer-maedchen","29":"product_tag-turnanzug-kinder","30":"product_tag-turnanzug-maedchen","31":"product_tag-turnanzug-mit-tuell","32":"product_tag-turnanzug-schwarz","33":"product_tag-turnanzug-wettkampf","34":"product_tag-turnbody","35":"product_tag-turnpakje","36":"product_tag-wettkampfanzug","37":"pa_armlaenge-3-4-arm","38":"pa_farbe-graphit","39":"pa_farbe-graphit-ombre-weiss","40":"pa_farbe-haut","41":"pa_farbe-schwarz","42":"pa_farbe-weiss","43":"pa_groesse-786","44":"pa_groesse-787","45":"pa_groesse-788","46":"pa_groesse-789","47":"pa_groesse-790","48":"pa_groesse-791","49":"pa_groesse-792","50":"pa_groesse-793","51":"pa_groesse-794","52":"pa_groesse-795","53":"pa_groesse-796","54":"pa_groesse-797","55":"pa_groesse-798","56":"pa_groesse-799","57":"pa_grundfarbe-schwarz","58":"pa_halsformen-u-boot-ausschnitt","59":"pa_material-mikrofaser","60":"pa_material-polyamid-glaenzend","61":"pa_material-tuell-elastisch","62":"pa_material-tuell-ombreprint","63":"pa_produktart-turnanzug","64":"pa_styles-neuheiten","65":"pa_styles-ombre","66":"pa_styles-print","67":"pa_veredelung-strass","68":"pa_veredelung-sublimation","69":"pa_weitere-ausfuehrung-mit-futterstoff","71":"first","72":"onbackorder","73":"taxable","74":"shipping-taxable","75":"purchasable","76":"product-type-variable"},"yoast_head":"<!-- This site is optimized with the Yoast SEO Premium plugin v27.5 (Yoast SEO v27.5) - https:\/\/yoast.com\/product\/yoast-seo-premium-wordpress\/ -->\n<title>Schwarzer Turnanzug RUTH\/1 mit T\u00fcll-Print - Turnanz\u00fcge Made in Germany<\/title>\n<meta name=\"description\" content=\"Schwarzer Turnanzug RUTH\/1 mit T\u00fcll bedruckt. Turnanzug f\u00fcr M\u00e4dchen und Frauen mit 3\/4-Arm und einem atemberaubenden Strassmotiv. Turnanzug mit Eleganz.\" \/>\n<meta name=\"robots\" content=\"index, follow, max-snippet:-1, max-image-preview:large, max-video-preview:-1\" \/>\n<link rel=\"canonical\" href=\"https:\/\/ervy.ch\/product\/schwarzer-turnanzug-ruth-1-tuell-print-gefuettert-3-4-arm-strass\/\" \/>\n<meta property=\"og:locale\" content=\"en_US\" \/>\n<meta property=\"og:type\" content=\"article\" \/>\n<meta property=\"og:title\" content=\"Schwarzer Turnanzug RUTH\/1 mit T\u00fcll-Print\" \/>\n<meta property=\"og:description\" content=\"Schwarzer Turnanzug RUTH\/1 mit T\u00fcll bedruckt. Turnanzug f\u00fcr M\u00e4dchen und Frauen mit 3\/4-Arm und einem atemberaubenden Strassmotiv. Turnanzug mit Eleganz.\" \/>\n<meta property=\"og:url\" content=\"https:\/\/ervy.ch\/product\/schwarzer-turnanzug-ruth-1-tuell-print-gefuettert-3-4-arm-strass\/\" \/>\n<meta property=\"og:site_name\" content=\"Turnanz\u00fcge Made in Germany\" \/>\n<meta property=\"article:publisher\" content=\"https:\/\/www.facebook.com\/ERVYSportsFashion\" \/>\n<meta property=\"article:modified_time\" content=\"2025-07-01T06:40:33+00:00\" \/>\n<meta property=\"og:image\" content=\"https:\/\/ervy.ch\/wp-content\/uploads\/2022\/09\/ERVY_RUTH_11969-09_1_VT6_grau.jpg\" \/>\n\t<meta property=\"og:image:width\" content=\"700\" \/>\n\t<meta property=\"og:image:height\" content=\"1000\" \/>\n\t<meta property=\"og:image:type\" content=\"image\/jpeg\" \/>\n<meta name=\"twitter:card\" content=\"summary_large_image\" \/>\n<meta name=\"twitter:label1\" content=\"Availability\" \/>\n\t<meta name=\"twitter:data1\" content=\"On backorder\" \/>\n<script type=\"application\/ld+json\" class=\"yoast-schema-graph\">{\"@context\":\"https:\\\/\\\/schema.org\",\"@graph\":[{\"@type\":\"WebPage\",\"@id\":\"https:\\\/\\\/ervy.ch\\\/product\\\/schwarzer-turnanzug-ruth-1-tuell-print-gefuettert-3-4-arm-strass\\\/\",\"url\":\"https:\\\/\\\/ervy.ch\\\/product\\\/schwarzer-turnanzug-ruth-1-tuell-print-gefuettert-3-4-arm-strass\\\/\",\"name\":\"Schwarzer Turnanzug RUTH\\\/1 mit T\u00fcll-Print - Turnanz\u00fcge Made in Germany\",\"isPartOf\":{\"@id\":\"https:\\\/\\\/ervy.ch\\\/#website\"},\"primaryImageOfPage\":{\"@id\":\"https:\\\/\\\/ervy.ch\\\/product\\\/schwarzer-turnanzug-ruth-1-tuell-print-gefuettert-3-4-arm-strass\\\/#primaryimage\"},\"image\":{\"@id\":\"https:\\\/\\\/ervy.ch\\\/product\\\/schwarzer-turnanzug-ruth-1-tuell-print-gefuettert-3-4-arm-strass\\\/#primaryimage\"},\"thumbnailUrl\":\"https:\\\/\\\/ervy.ch\\\/wp-content\\\/uploads\\\/2022\\\/09\\\/ERVY_RUTH_11969-09_1_VT6_grau.jpg\",\"datePublished\":\"2022-09-22T07:39:17+00:00\",\"dateModified\":\"2025-07-01T06:40:33+00:00\",\"description\":\"Schwarzer Turnanzug RUTH\\\/1 mit T\u00fcll bedruckt. Turnanzug f\u00fcr M\u00e4dchen und Frauen mit 3\\\/4-Arm und einem atemberaubenden Strassmotiv. Turnanzug mit Eleganz.\",\"breadcrumb\":{\"@id\":\"https:\\\/\\\/ervy.ch\\\/product\\\/schwarzer-turnanzug-ruth-1-tuell-print-gefuettert-3-4-arm-strass\\\/#breadcrumb\"},\"inLanguage\":\"en-US\",\"potentialAction\":[{\"@type\":\"ReadAction\",\"target\":[\"https:\\\/\\\/ervy.ch\\\/product\\\/schwarzer-turnanzug-ruth-1-tuell-print-gefuettert-3-4-arm-strass\\\/\"]}]},{\"@type\":\"ImageObject\",\"inLanguage\":\"en-US\",\"@id\":\"https:\\\/\\\/ervy.ch\\\/product\\\/schwarzer-turnanzug-ruth-1-tuell-print-gefuettert-3-4-arm-strass\\\/#primaryimage\",\"url\":\"https:\\\/\\\/ervy.ch\\\/wp-content\\\/uploads\\\/2022\\\/09\\\/ERVY_RUTH_11969-09_1_VT6_grau.jpg\",\"contentUrl\":\"https:\\\/\\\/ervy.ch\\\/wp-content\\\/uploads\\\/2022\\\/09\\\/ERVY_RUTH_11969-09_1_VT6_grau.jpg\",\"width\":700,\"height\":1000,\"caption\":\"ERVY Turnanzug f\u00fcr Frauen und M\u00e4dchen in Schwarz mit T\u00fcll \u00c4rmeln und mittig des Oberteil, gef\u00fcttert. M\u00e4dchen Turnanzug mit Strass\"},{\"@type\":\"BreadcrumbList\",\"@id\":\"https:\\\/\\\/ervy.ch\\\/product\\\/schwarzer-turnanzug-ruth-1-tuell-print-gefuettert-3-4-arm-strass\\\/#breadcrumb\",\"itemListElement\":[{\"@type\":\"ListItem\",\"position\":1,\"name\":\"Startseite\",\"item\":\"https:\\\/\\\/ervy.ch\\\/\"},{\"@type\":\"ListItem\",\"position\":2,\"name\":\"Shop\",\"item\":\"https:\\\/\\\/ervy.ch\\\/shop\\\/\"},{\"@type\":\"ListItem\",\"position\":3,\"name\":\"Schwarzer Turnanzug RUTH\\\/1 mit T\u00fcll-Print\"}]},{\"@type\":\"WebSite\",\"@id\":\"https:\\\/\\\/ervy.ch\\\/#website\",\"url\":\"https:\\\/\\\/ervy.ch\\\/\",\"name\":\"Turnanz\u00fcge Made in Germany\",\"description\":\"ERVY Schweiz-Vertretung\",\"publisher\":{\"@id\":\"https:\\\/\\\/ervy.ch\\\/#organization\"},\"potentialAction\":[{\"@type\":\"SearchAction\",\"target\":{\"@type\":\"EntryPoint\",\"urlTemplate\":\"https:\\\/\\\/ervy.ch\\\/?s={search_term_string}\"},\"query-input\":{\"@type\":\"PropertyValueSpecification\",\"valueRequired\":true,\"valueName\":\"search_term_string\"}}],\"inLanguage\":\"en-US\"},{\"@type\":\"Organization\",\"@id\":\"https:\\\/\\\/ervy.ch\\\/#organization\",\"name\":\"ERVY Sports Fashion GmbH\",\"url\":\"https:\\\/\\\/ervy.ch\\\/\",\"logo\":{\"@type\":\"ImageObject\",\"inLanguage\":\"en-US\",\"@id\":\"https:\\\/\\\/ervy.ch\\\/#\\\/schema\\\/logo\\\/image\\\/\",\"url\":\"https:\\\/\\\/ervy.ch\\\/wp-content\\\/uploads\\\/2021\\\/03\\\/cropped-ERVY-Logo_JUST-SPORTS_Hintergrund_300x300.png\",\"contentUrl\":\"https:\\\/\\\/ervy.ch\\\/wp-content\\\/uploads\\\/2021\\\/03\\\/cropped-ERVY-Logo_JUST-SPORTS_Hintergrund_300x300.png\",\"width\":512,\"height\":512,\"caption\":\"ERVY Sports Fashion GmbH\"},\"image\":{\"@id\":\"https:\\\/\\\/ervy.ch\\\/#\\\/schema\\\/logo\\\/image\\\/\"},\"sameAs\":[\"https:\\\/\\\/www.facebook.com\\\/ERVYSportsFashion\",\"https:\\\/\\\/www.instagram.com\\\/ervy_sports_fashion\\\/?hl=de\",\"https:\\\/\\\/www.pinterest.de\\\/ervysportsfashion\\\/\",\"https:\\\/\\\/www.youtube.com\\\/channel\\\/UCwzRAG_B8mAIfVPXGwfdYhA\",\"https:\\\/\\\/www.tiktok.com\\\/@ervysports\"]}]}<\/script>\n<meta property=\"og:availability\" content=\"backorder\" \/>\n<meta property=\"product:availability\" content=\"available for order\" \/>\n<meta property=\"product:retailer_item_id\" content=\"11969.09\/1\" \/>\n<meta property=\"product:condition\" content=\"new\" \/>\n<!-- \/ Yoast SEO Premium plugin. -->","yoast_head_json":{"title":"Schwarzer Turnanzug RUTH\/1 mit T\u00fcll-Print - Turnanz\u00fcge Made in Germany","description":"Schwarzer Turnanzug RUTH\/1 mit T\u00fcll bedruckt. Turnanzug f\u00fcr M\u00e4dchen und Frauen mit 3\/4-Arm und einem atemberaubenden Strassmotiv. Turnanzug mit Eleganz.","robots":{"index":"index","follow":"follow","max-snippet":"max-snippet:-1","max-image-preview":"max-image-preview:large","max-video-preview":"max-video-preview:-1"},"canonical":"https:\/\/ervy.ch\/product\/schwarzer-turnanzug-ruth-1-tuell-print-gefuettert-3-4-arm-strass\/","og_locale":"en_US","og_type":"article","og_title":"Schwarzer Turnanzug RUTH\/1 mit T\u00fcll-Print","og_description":"Schwarzer Turnanzug RUTH\/1 mit T\u00fcll bedruckt. Turnanzug f\u00fcr M\u00e4dchen und Frauen mit 3\/4-Arm und einem atemberaubenden Strassmotiv. Turnanzug mit Eleganz.","og_url":"https:\/\/ervy.ch\/product\/schwarzer-turnanzug-ruth-1-tuell-print-gefuettert-3-4-arm-strass\/","og_site_name":"Turnanz\u00fcge Made in Germany","article_publisher":"https:\/\/www.facebook.com\/ERVYSportsFashion","article_modified_time":"2025-07-01T06:40:33+00:00","og_image":[{"width":700,"height":1000,"url":"https:\/\/ervy.ch\/wp-content\/uploads\/2022\/09\/ERVY_RUTH_11969-09_1_VT6_grau.jpg","type":"image\/jpeg"}],"twitter_card":"summary_large_image","twitter_misc":{"Availability":"On backorder"},"schema":{"@context":"https:\/\/schema.org","@graph":[{"@type":"WebPage","@id":"https:\/\/ervy.ch\/product\/schwarzer-turnanzug-ruth-1-tuell-print-gefuettert-3-4-arm-strass\/","url":"https:\/\/ervy.ch\/product\/schwarzer-turnanzug-ruth-1-tuell-print-gefuettert-3-4-arm-strass\/","name":"Schwarzer Turnanzug RUTH\/1 mit T\u00fcll-Print - Turnanz\u00fcge Made in Germany","isPartOf":{"@id":"https:\/\/ervy.ch\/#website"},"primaryImageOfPage":{"@id":"https:\/\/ervy.ch\/product\/schwarzer-turnanzug-ruth-1-tuell-print-gefuettert-3-4-arm-strass\/#primaryimage"},"image":{"@id":"https:\/\/ervy.ch\/product\/schwarzer-turnanzug-ruth-1-tuell-print-gefuettert-3-4-arm-strass\/#primaryimage"},"thumbnailUrl":"https:\/\/ervy.ch\/wp-content\/uploads\/2022\/09\/ERVY_RUTH_11969-09_1_VT6_grau.jpg","datePublished":"2022-09-22T07:39:17+00:00","dateModified":"2025-07-01T06:40:33+00:00","description":"Schwarzer Turnanzug RUTH\/1 mit T\u00fcll bedruckt. Turnanzug f\u00fcr M\u00e4dchen und Frauen mit 3\/4-Arm und einem atemberaubenden Strassmotiv. Turnanzug mit Eleganz.","breadcrumb":{"@id":"https:\/\/ervy.ch\/product\/schwarzer-turnanzug-ruth-1-tuell-print-gefuettert-3-4-arm-strass\/#breadcrumb"},"inLanguage":"en-US","potentialAction":[{"@type":"ReadAction","target":["https:\/\/ervy.ch\/product\/schwarzer-turnanzug-ruth-1-tuell-print-gefuettert-3-4-arm-strass\/"]}]},{"@type":"ImageObject","inLanguage":"en-US","@id":"https:\/\/ervy.ch\/product\/schwarzer-turnanzug-ruth-1-tuell-print-gefuettert-3-4-arm-strass\/#primaryimage","url":"https:\/\/ervy.ch\/wp-content\/uploads\/2022\/09\/ERVY_RUTH_11969-09_1_VT6_grau.jpg","contentUrl":"https:\/\/ervy.ch\/wp-content\/uploads\/2022\/09\/ERVY_RUTH_11969-09_1_VT6_grau.jpg","width":700,"height":1000,"caption":"ERVY Turnanzug f\u00fcr Frauen und M\u00e4dchen in Schwarz mit T\u00fcll \u00c4rmeln und mittig des Oberteil, gef\u00fcttert. M\u00e4dchen Turnanzug mit Strass"},{"@type":"BreadcrumbList","@id":"https:\/\/ervy.ch\/product\/schwarzer-turnanzug-ruth-1-tuell-print-gefuettert-3-4-arm-strass\/#breadcrumb","itemListElement":[{"@type":"ListItem","position":1,"name":"Startseite","item":"https:\/\/ervy.ch\/"},{"@type":"ListItem","position":2,"name":"Shop","item":"https:\/\/ervy.ch\/shop\/"},{"@type":"ListItem","position":3,"name":"Schwarzer Turnanzug RUTH\/1 mit T\u00fcll-Print"}]},{"@type":"WebSite","@id":"https:\/\/ervy.ch\/#website","url":"https:\/\/ervy.ch\/","name":"Turnanz\u00fcge Made in Germany","description":"ERVY Schweiz-Vertretung","publisher":{"@id":"https:\/\/ervy.ch\/#organization"},"potentialAction":[{"@type":"SearchAction","target":{"@type":"EntryPoint","urlTemplate":"https:\/\/ervy.ch\/?s={search_term_string}"},"query-input":{"@type":"PropertyValueSpecification","valueRequired":true,"valueName":"search_term_string"}}],"inLanguage":"en-US"},{"@type":"Organization","@id":"https:\/\/ervy.ch\/#organization","name":"ERVY Sports Fashion GmbH","url":"https:\/\/ervy.ch\/","logo":{"@type":"ImageObject","inLanguage":"en-US","@id":"https:\/\/ervy.ch\/#\/schema\/logo\/image\/","url":"https:\/\/ervy.ch\/wp-content\/uploads\/2021\/03\/cropped-ERVY-Logo_JUST-SPORTS_Hintergrund_300x300.png","contentUrl":"https:\/\/ervy.ch\/wp-content\/uploads\/2021\/03\/cropped-ERVY-Logo_JUST-SPORTS_Hintergrund_300x300.png","width":512,"height":512,"caption":"ERVY Sports Fashion GmbH"},"image":{"@id":"https:\/\/ervy.ch\/#\/schema\/logo\/image\/"},"sameAs":["https:\/\/www.facebook.com\/ERVYSportsFashion","https:\/\/www.instagram.com\/ervy_sports_fashion\/?hl=de","https:\/\/www.pinterest.de\/ervysportsfashion\/","https:\/\/www.youtube.com\/channel\/UCwzRAG_B8mAIfVPXGwfdYhA","https:\/\/www.tiktok.com\/@ervysports"]}]},"og_availability":"backorder","product_availability":"available for order","product_retailer_item_id":"11969.09\/1","product_condition":"new"},"_links":{"self":[{"href":"https:\/\/ervy.ch\/en\/wp-json\/wp\/v2\/product\/41929","targetHints":{"allow":["GET"]}}],"collection":[{"href":"https:\/\/ervy.ch\/en\/wp-json\/wp\/v2\/product"}],"about":[{"href":"https:\/\/ervy.ch\/en\/wp-json\/wp\/v2\/types\/product"}],"wp:featuredmedia":[{"embeddable":true,"href":"https:\/\/ervy.ch\/en\/wp-json\/wp\/v2\/media\/42301"}],"wp:attachment":[{"href":"https:\/\/ervy.ch\/en\/wp-json\/wp\/v2\/media?parent=41929"}],"wp:term":[{"taxonomy":"product_brand","embeddable":true,"href":"https:\/\/ervy.ch\/en\/wp-json\/wp\/v2\/product_brand?post=41929"},{"taxonomy":"product_cat","embeddable":true,"href":"https:\/\/ervy.ch\/en\/wp-json\/wp\/v2\/product_cat?post=41929"},{"taxonomy":"product_tag","embeddable":true,"href":"https:\/\/ervy.ch\/en\/wp-json\/wp\/v2\/product_tag?post=41929"}],"curies":[{"name":"wp","href":"https:\/\/api.w.org\/{rel}","templated":true}]}}