{"id":40626,"date":"2022-09-01T10:54:36","date_gmt":"2022-09-01T08:54:36","guid":{"rendered":"https:\/\/ervy.de\/?post_type=product&#038;p=40626"},"modified":"2025-07-06T12:28:52","modified_gmt":"2025-07-06T10:28:52","slug":"unisex-turnanzug-kurzarm-mit-rundhals-in-vielen-farben","status":"publish","type":"product","link":"https:\/\/ervy.ch\/en\/product\/unisex-turnanzug-kurzarm-mit-rundhals-in-vielen-farben\/","title":{"rendered":"Unisex Turnanzug kurzarm in vielen Farben"},"content":{"rendered":"<ul>\n<li>Unisex Turnanzug kurzarm in vielen Farben und in deinen Wunschmaterialien gestaltbar. Entdecke unser breites <strong><a href=\"\/?page_id=1006\">Stoff- und Farbsortiment<\/a>.<\/strong><\/li>\n<li>Du kannst den Basic Gymnastikanzug in Kinder- und Erwachsenengr\u00f6\u00dfen bestellen. Weitere Gr\u00f6\u00dfen sind auf <strong><a href=\"\/?page_id=900\">Anfrage<\/a><\/strong>\u00a0und gegen Mehrpreis m\u00f6glich.<\/li>\n<li>Dar\u00fcber hinaus kannst du den Unisex Turnanzug auf Wunsch auch mit <strong><a href=\"\/?page_id=5639\">Strass\/Pailletten<\/a><\/strong> oder mit einem<strong> <a href=\"\/?page_id=27889\">Motiv bedrucken<\/a> <\/strong>lassen.<\/li>\n<li>Personalisierungen kannst du \u00fcber unseren <strong><a href=\"https:\/\/ervy.ch\/heaendlersuche\/\">Fachhandel<\/a> <\/strong>vornehmen oder schicke uns eine Anfrage \u00fcber unser <strong><a href=\"\/?page_id=900\" target=\"_blank\" rel=\"noopener\">Kontaktformular<\/a><\/strong>.<\/li>\n<\/ul>\n<p><span style=\"font-size: 18px;\"><strong>Materialien und Farben des Gymnastikanzuges:<\/strong><\/span><\/p>\n<table style=\"width: 100%; height: 70px; border-collapse: collapse;\">\n<tbody>\n<tr style=\"height: 23px;\">\n<td style=\"width: 33.33%; height: 70px; vertical-align: top;\"><a href=\"\/?p=1418\"><strong>Polyamid gl\u00e4nzend:<\/strong><\/a><br \/>\n82% Polyamid<br \/>\n18% Elasthan<\/td>\n<td><strong>Farbe C1<\/strong><\/td>\n<td><strong>01A1-schwarz<\/strong><\/td>\n<\/tr>\n<tr style=\"height: 23px;\">\n<td style=\"width: 33.33%; height: 23px; vertical-align: top;\"><\/td>\n<td style=\"width: 33.33%; height: 23px; vertical-align: top;\"><\/td>\n<\/tr>\n<tr style=\"height: 24px;\">\n<td style=\"width: 33.33%; height: 24px; vertical-align: top;\"><\/td>\n<td style=\"width: 33.33%; height: 24px; vertical-align: top;\"><\/td>\n<\/tr>\n<\/tbody>\n<\/table>\n","protected":false},"excerpt":{"rendered":"<p>Unisex Turnanzug kurzarm (T-Shirt-Arm, 1\/4-Arm) aus <strong>gl\u00e4nzender Qualit\u00e4t<\/strong> mit Rundhals. <strong>W\u00e4hle<\/strong> aus, in welcher <strong>Farbe<\/strong> du deinen Turnanzug haben m\u00f6chtest. Auch kannst du den Basic Gymnastikanzug\u00a0 <strong>gegen Aufpreis ohne ERVY Logo<\/strong> bestellen. Den Gymnastikanzug erh\u00e4ltst du bei uns in <strong>Kindergr\u00f6\u00dfen und Erwachsenengr\u00f6\u00dfen<\/strong>.<\/p>\n<p>Der Unisex Turnanzug wird extra f\u00fcr dich in deiner <strong>Wunschfarbe<\/strong> und <strong>Gr\u00f6\u00dfe<\/strong> angefertigt. Es handelt sich um eine <strong>Sonderanfertigung<\/strong>. Daher sind\u00a0<strong>R\u00fccknahme oder Umtausch ausgeschlossen<\/strong>.<\/p>\n","protected":false},"featured_media":41263,"template":"","meta":[],"product_brand":[],"product_cat":[89,777],"product_tag":[933,906,620,936,1100,364,941,1082,937,935,934],"class_list":{"0":"post-40626","1":"product","2":"type-product","3":"status-publish","4":"has-post-thumbnail","6":"product_cat-basics-unisex-frauen-maenner-kinder","7":"product_cat-shop","8":"product_tag-basic-turnanzug","9":"product_tag-basicanzug-gymnastik","10":"product_tag-gymnastikanzug","11":"product_tag-gymnastikanzug-ohne-bein","12":"product_tag-gymnastikdragt","13":"product_tag-turnanzug","14":"product_tag-turnanzug-kurzarm","15":"product_tag-turnanzug-kurzaermelig","16":"product_tag-turnanzug-ohne-bein","17":"product_tag-turnbekleidung","18":"product_tag-turnbody","19":"pa_armlaenge-1-4-arm-kurzarm","20":"pa_farbe-schwarz","21":"pa_groesse-786","22":"pa_groesse-787","23":"pa_groesse-788","24":"pa_groesse-789","25":"pa_groesse-790","26":"pa_groesse-791","27":"pa_groesse-793","28":"pa_groesse-794","29":"pa_groesse-795","30":"pa_groesse-796","31":"pa_groesse-797","32":"pa_groesse-798","33":"pa_groesse-799","34":"pa_groesse-l","35":"pa_groesse-m","36":"pa_groesse-s","37":"pa_groesse-xl","38":"pa_groesse-xs","39":"pa_groesse-xxl","40":"pa_grundfarbe-schwarz","41":"pa_halsformen-rundhalsausschnitt","42":"pa_material-polyamid-glaenzend","43":"pa_produktart-gymnastikanzug","45":"first","46":"onbackorder","47":"taxable","48":"shipping-taxable","49":"purchasable","50":"product-type-variable"},"yoast_head":"<!-- This site is optimized with the Yoast SEO Premium plugin v26.9 (Yoast SEO v27.2) - https:\/\/yoast.com\/product\/yoast-seo-premium-wordpress\/ -->\n<title>Unisex Turnanzug kurzarm in vielen Farben - Turnanz\u00fcge Made in Germany<\/title>\n<meta name=\"description\" content=\"Unisex Basic Turnanzug kurzarm (T-Shirt-Arm) in vielen Farben. Gymnastikanzug mit Rundhals. ERVY Basic Turnanzug aus gl\u00e4nzender Qualit\u00e4t.\" \/>\n<meta name=\"robots\" content=\"index, follow, max-snippet:-1, max-image-preview:large, max-video-preview:-1\" \/>\n<link rel=\"canonical\" href=\"https:\/\/ervy.ch\/product\/unisex-turnanzug-kurzarm-mit-rundhals-in-vielen-farben\/\" \/>\n<meta property=\"og:locale\" content=\"en_US\" \/>\n<meta property=\"og:type\" content=\"article\" \/>\n<meta property=\"og:title\" content=\"Unisex Turnanzug kurzarm in vielen Farben\" \/>\n<meta property=\"og:description\" content=\"Unisex Basic Turnanzug kurzarm (T-Shirt-Arm) in vielen Farben. Gymnastikanzug mit Rundhals. ERVY Basic Turnanzug aus gl\u00e4nzender Qualit\u00e4t.\" \/>\n<meta property=\"og:url\" content=\"https:\/\/ervy.ch\/product\/unisex-turnanzug-kurzarm-mit-rundhals-in-vielen-farben\/\" \/>\n<meta property=\"og:site_name\" content=\"Turnanz\u00fcge Made in Germany\" \/>\n<meta property=\"article:publisher\" content=\"https:\/\/www.facebook.com\/ERVYSportsFashion\" \/>\n<meta property=\"article:modified_time\" content=\"2025-07-06T10:28:52+00:00\" \/>\n<meta property=\"og:image\" content=\"https:\/\/ervy.ch\/wp-content\/uploads\/2022\/09\/ERVY_BASICS_TURNANZUG_RUNDHALS_1-4-ARM_VT.jpg\" \/>\n\t<meta property=\"og:image:width\" content=\"700\" \/>\n\t<meta property=\"og:image:height\" content=\"1000\" \/>\n\t<meta property=\"og:image:type\" content=\"image\/jpeg\" \/>\n<meta name=\"twitter:card\" content=\"summary_large_image\" \/>\n<meta name=\"twitter:label1\" content=\"Availability\" \/>\n\t<meta name=\"twitter:data1\" content=\"On backorder\" \/>\n<script type=\"application\/ld+json\" class=\"yoast-schema-graph\">{\"@context\":\"https:\/\/schema.org\",\"@graph\":[{\"@type\":\"WebPage\",\"@id\":\"https:\/\/ervy.ch\/product\/unisex-turnanzug-kurzarm-mit-rundhals-in-vielen-farben\/\",\"url\":\"https:\/\/ervy.ch\/product\/unisex-turnanzug-kurzarm-mit-rundhals-in-vielen-farben\/\",\"name\":\"Unisex Turnanzug kurzarm in vielen Farben - Turnanz\u00fcge Made in Germany\",\"isPartOf\":{\"@id\":\"https:\/\/ervy.ch\/#website\"},\"primaryImageOfPage\":{\"@id\":\"https:\/\/ervy.ch\/product\/unisex-turnanzug-kurzarm-mit-rundhals-in-vielen-farben\/#primaryimage\"},\"image\":{\"@id\":\"https:\/\/ervy.ch\/product\/unisex-turnanzug-kurzarm-mit-rundhals-in-vielen-farben\/#primaryimage\"},\"thumbnailUrl\":\"https:\/\/ervy.ch\/wp-content\/uploads\/2022\/09\/ERVY_BASICS_TURNANZUG_RUNDHALS_1-4-ARM_VT.jpg\",\"datePublished\":\"2022-09-01T08:54:36+00:00\",\"dateModified\":\"2025-07-06T10:28:52+00:00\",\"description\":\"Unisex Basic Turnanzug kurzarm (T-Shirt-Arm) in vielen Farben. Gymnastikanzug mit Rundhals. ERVY Basic Turnanzug aus gl\u00e4nzender Qualit\u00e4t.\",\"breadcrumb\":{\"@id\":\"https:\/\/ervy.ch\/product\/unisex-turnanzug-kurzarm-mit-rundhals-in-vielen-farben\/#breadcrumb\"},\"inLanguage\":\"en-US\",\"potentialAction\":[{\"@type\":\"ReadAction\",\"target\":[\"https:\/\/ervy.ch\/product\/unisex-turnanzug-kurzarm-mit-rundhals-in-vielen-farben\/\"]}]},{\"@type\":\"ImageObject\",\"inLanguage\":\"en-US\",\"@id\":\"https:\/\/ervy.ch\/product\/unisex-turnanzug-kurzarm-mit-rundhals-in-vielen-farben\/#primaryimage\",\"url\":\"https:\/\/ervy.ch\/wp-content\/uploads\/2022\/09\/ERVY_BASICS_TURNANZUG_RUNDHALS_1-4-ARM_VT.jpg\",\"contentUrl\":\"https:\/\/ervy.ch\/wp-content\/uploads\/2022\/09\/ERVY_BASICS_TURNANZUG_RUNDHALS_1-4-ARM_VT.jpg\",\"width\":700,\"height\":1000,\"caption\":\"ERVY Einfarbiger Gymnastikanzug mit einviertel Arm, und hohem Bund\"},{\"@type\":\"BreadcrumbList\",\"@id\":\"https:\/\/ervy.ch\/product\/unisex-turnanzug-kurzarm-mit-rundhals-in-vielen-farben\/#breadcrumb\",\"itemListElement\":[{\"@type\":\"ListItem\",\"position\":1,\"name\":\"Startseite\",\"item\":\"https:\/\/ervy.ch\/\"},{\"@type\":\"ListItem\",\"position\":2,\"name\":\"Shop\",\"item\":\"https:\/\/ervy.ch\/shop\/\"},{\"@type\":\"ListItem\",\"position\":3,\"name\":\"Unisex Turnanzug kurzarm in vielen Farben\"}]},{\"@type\":\"WebSite\",\"@id\":\"https:\/\/ervy.ch\/#website\",\"url\":\"https:\/\/ervy.ch\/\",\"name\":\"Turnanz\u00fcge Made in Germany\",\"description\":\"ERVY Schweiz-Vertretung\",\"publisher\":{\"@id\":\"https:\/\/ervy.ch\/#organization\"},\"potentialAction\":[{\"@type\":\"SearchAction\",\"target\":{\"@type\":\"EntryPoint\",\"urlTemplate\":\"https:\/\/ervy.ch\/?s={search_term_string}\"},\"query-input\":{\"@type\":\"PropertyValueSpecification\",\"valueRequired\":true,\"valueName\":\"search_term_string\"}}],\"inLanguage\":\"en-US\"},{\"@type\":\"Organization\",\"@id\":\"https:\/\/ervy.ch\/#organization\",\"name\":\"ERVY Sports Fashion GmbH\",\"url\":\"https:\/\/ervy.ch\/\",\"logo\":{\"@type\":\"ImageObject\",\"inLanguage\":\"en-US\",\"@id\":\"https:\/\/ervy.ch\/#\/schema\/logo\/image\/\",\"url\":\"https:\/\/ervy.ch\/wp-content\/uploads\/2021\/03\/cropped-ERVY-Logo_JUST-SPORTS_Hintergrund_300x300.png\",\"contentUrl\":\"https:\/\/ervy.ch\/wp-content\/uploads\/2021\/03\/cropped-ERVY-Logo_JUST-SPORTS_Hintergrund_300x300.png\",\"width\":512,\"height\":512,\"caption\":\"ERVY Sports Fashion GmbH\"},\"image\":{\"@id\":\"https:\/\/ervy.ch\/#\/schema\/logo\/image\/\"},\"sameAs\":[\"https:\/\/www.facebook.com\/ERVYSportsFashion\",\"https:\/\/www.instagram.com\/ervy_sports_fashion\/?hl=de\",\"https:\/\/www.pinterest.de\/ervysportsfashion\/\",\"https:\/\/www.youtube.com\/channel\/UCwzRAG_B8mAIfVPXGwfdYhA\",\"https:\/\/www.tiktok.com\/@ervysports\"]}]}<\/script>\n<meta property=\"og:availability\" content=\"backorder\" \/>\n<meta property=\"product:availability\" content=\"available for order\" \/>\n<meta property=\"product:retailer_item_id\" content=\"01.12\" \/>\n<meta property=\"product:condition\" content=\"new\" \/>\n<!-- \/ Yoast SEO Premium plugin. -->","yoast_head_json":{"title":"Unisex Turnanzug kurzarm in vielen Farben - Turnanz\u00fcge Made in Germany","description":"Unisex Basic Turnanzug kurzarm (T-Shirt-Arm) in vielen Farben. Gymnastikanzug mit Rundhals. ERVY Basic Turnanzug aus gl\u00e4nzender Qualit\u00e4t.","robots":{"index":"index","follow":"follow","max-snippet":"max-snippet:-1","max-image-preview":"max-image-preview:large","max-video-preview":"max-video-preview:-1"},"canonical":"https:\/\/ervy.ch\/product\/unisex-turnanzug-kurzarm-mit-rundhals-in-vielen-farben\/","og_locale":"en_US","og_type":"article","og_title":"Unisex Turnanzug kurzarm in vielen Farben","og_description":"Unisex Basic Turnanzug kurzarm (T-Shirt-Arm) in vielen Farben. Gymnastikanzug mit Rundhals. ERVY Basic Turnanzug aus gl\u00e4nzender Qualit\u00e4t.","og_url":"https:\/\/ervy.ch\/product\/unisex-turnanzug-kurzarm-mit-rundhals-in-vielen-farben\/","og_site_name":"Turnanz\u00fcge Made in Germany","article_publisher":"https:\/\/www.facebook.com\/ERVYSportsFashion","article_modified_time":"2025-07-06T10:28:52+00:00","og_image":[{"width":700,"height":1000,"url":"https:\/\/ervy.ch\/wp-content\/uploads\/2022\/09\/ERVY_BASICS_TURNANZUG_RUNDHALS_1-4-ARM_VT.jpg","type":"image\/jpeg"}],"twitter_card":"summary_large_image","twitter_misc":{"Availability":"On backorder"},"schema":{"@context":"https:\/\/schema.org","@graph":[{"@type":"WebPage","@id":"https:\/\/ervy.ch\/product\/unisex-turnanzug-kurzarm-mit-rundhals-in-vielen-farben\/","url":"https:\/\/ervy.ch\/product\/unisex-turnanzug-kurzarm-mit-rundhals-in-vielen-farben\/","name":"Unisex Turnanzug kurzarm in vielen Farben - Turnanz\u00fcge Made in Germany","isPartOf":{"@id":"https:\/\/ervy.ch\/#website"},"primaryImageOfPage":{"@id":"https:\/\/ervy.ch\/product\/unisex-turnanzug-kurzarm-mit-rundhals-in-vielen-farben\/#primaryimage"},"image":{"@id":"https:\/\/ervy.ch\/product\/unisex-turnanzug-kurzarm-mit-rundhals-in-vielen-farben\/#primaryimage"},"thumbnailUrl":"https:\/\/ervy.ch\/wp-content\/uploads\/2022\/09\/ERVY_BASICS_TURNANZUG_RUNDHALS_1-4-ARM_VT.jpg","datePublished":"2022-09-01T08:54:36+00:00","dateModified":"2025-07-06T10:28:52+00:00","description":"Unisex Basic Turnanzug kurzarm (T-Shirt-Arm) in vielen Farben. Gymnastikanzug mit Rundhals. ERVY Basic Turnanzug aus gl\u00e4nzender Qualit\u00e4t.","breadcrumb":{"@id":"https:\/\/ervy.ch\/product\/unisex-turnanzug-kurzarm-mit-rundhals-in-vielen-farben\/#breadcrumb"},"inLanguage":"en-US","potentialAction":[{"@type":"ReadAction","target":["https:\/\/ervy.ch\/product\/unisex-turnanzug-kurzarm-mit-rundhals-in-vielen-farben\/"]}]},{"@type":"ImageObject","inLanguage":"en-US","@id":"https:\/\/ervy.ch\/product\/unisex-turnanzug-kurzarm-mit-rundhals-in-vielen-farben\/#primaryimage","url":"https:\/\/ervy.ch\/wp-content\/uploads\/2022\/09\/ERVY_BASICS_TURNANZUG_RUNDHALS_1-4-ARM_VT.jpg","contentUrl":"https:\/\/ervy.ch\/wp-content\/uploads\/2022\/09\/ERVY_BASICS_TURNANZUG_RUNDHALS_1-4-ARM_VT.jpg","width":700,"height":1000,"caption":"ERVY Einfarbiger Gymnastikanzug mit einviertel Arm, und hohem Bund"},{"@type":"BreadcrumbList","@id":"https:\/\/ervy.ch\/product\/unisex-turnanzug-kurzarm-mit-rundhals-in-vielen-farben\/#breadcrumb","itemListElement":[{"@type":"ListItem","position":1,"name":"Startseite","item":"https:\/\/ervy.ch\/"},{"@type":"ListItem","position":2,"name":"Shop","item":"https:\/\/ervy.ch\/shop\/"},{"@type":"ListItem","position":3,"name":"Unisex Turnanzug kurzarm in vielen Farben"}]},{"@type":"WebSite","@id":"https:\/\/ervy.ch\/#website","url":"https:\/\/ervy.ch\/","name":"Turnanz\u00fcge Made in Germany","description":"ERVY Schweiz-Vertretung","publisher":{"@id":"https:\/\/ervy.ch\/#organization"},"potentialAction":[{"@type":"SearchAction","target":{"@type":"EntryPoint","urlTemplate":"https:\/\/ervy.ch\/?s={search_term_string}"},"query-input":{"@type":"PropertyValueSpecification","valueRequired":true,"valueName":"search_term_string"}}],"inLanguage":"en-US"},{"@type":"Organization","@id":"https:\/\/ervy.ch\/#organization","name":"ERVY Sports Fashion GmbH","url":"https:\/\/ervy.ch\/","logo":{"@type":"ImageObject","inLanguage":"en-US","@id":"https:\/\/ervy.ch\/#\/schema\/logo\/image\/","url":"https:\/\/ervy.ch\/wp-content\/uploads\/2021\/03\/cropped-ERVY-Logo_JUST-SPORTS_Hintergrund_300x300.png","contentUrl":"https:\/\/ervy.ch\/wp-content\/uploads\/2021\/03\/cropped-ERVY-Logo_JUST-SPORTS_Hintergrund_300x300.png","width":512,"height":512,"caption":"ERVY Sports Fashion GmbH"},"image":{"@id":"https:\/\/ervy.ch\/#\/schema\/logo\/image\/"},"sameAs":["https:\/\/www.facebook.com\/ERVYSportsFashion","https:\/\/www.instagram.com\/ervy_sports_fashion\/?hl=de","https:\/\/www.pinterest.de\/ervysportsfashion\/","https:\/\/www.youtube.com\/channel\/UCwzRAG_B8mAIfVPXGwfdYhA","https:\/\/www.tiktok.com\/@ervysports"]}]},"og_availability":"backorder","product_availability":"available for order","product_retailer_item_id":"01.12","product_condition":"new"},"_links":{"self":[{"href":"https:\/\/ervy.ch\/en\/wp-json\/wp\/v2\/product\/40626","targetHints":{"allow":["GET"]}}],"collection":[{"href":"https:\/\/ervy.ch\/en\/wp-json\/wp\/v2\/product"}],"about":[{"href":"https:\/\/ervy.ch\/en\/wp-json\/wp\/v2\/types\/product"}],"wp:featuredmedia":[{"embeddable":true,"href":"https:\/\/ervy.ch\/en\/wp-json\/wp\/v2\/media\/41263"}],"wp:attachment":[{"href":"https:\/\/ervy.ch\/en\/wp-json\/wp\/v2\/media?parent=40626"}],"wp:term":[{"taxonomy":"product_brand","embeddable":true,"href":"https:\/\/ervy.ch\/en\/wp-json\/wp\/v2\/product_brand?post=40626"},{"taxonomy":"product_cat","embeddable":true,"href":"https:\/\/ervy.ch\/en\/wp-json\/wp\/v2\/product_cat?post=40626"},{"taxonomy":"product_tag","embeddable":true,"href":"https:\/\/ervy.ch\/en\/wp-json\/wp\/v2\/product_tag?post=40626"}],"curies":[{"name":"wp","href":"https:\/\/api.w.org\/{rel}","templated":true}]}}