{"id":33884,"date":"2022-04-06T08:21:09","date_gmt":"2022-04-06T06:21:09","guid":{"rendered":"https:\/\/ervy.de\/?post_type=product&#038;p=33884"},"modified":"2026-03-25T09:24:48","modified_gmt":"2026-03-25T08:24:48","slug":"armbinde-mit-startnummer-armnummer-voltigieren","status":"publish","type":"product","link":"https:\/\/ervy.ch\/en\/product\/armbinde-mit-startnummer-armnummer-voltigieren\/","title":{"rendered":"Armbinde mit Startnummer f\u00fcr Voltigierer"},"content":{"rendered":"<h3>Material und Farbe im gezeigten Beispiel:<\/h3>\n<table style=\"border-collapse: collapse; width: 100%;\">\n<tbody>\n<tr>\n<td style=\"width: 33.3333%;\"><strong><a href=\"\/?p=1418\" target=\"_blank\" rel=\"noopener\">Polyamid gl\u00e4nzend<\/a>:<\/strong><br \/>\n82% Polyamid<br \/>\n18% Elasthan<\/td>\n<td style=\"width: 33.3333%;\"><strong>Farbe C1<\/strong><\/td>\n<td style=\"width: 33.3333%;\"><strong>01L2-bordeaux<\/strong><strong><br \/>\n<\/strong><\/td>\n<\/tr>\n<\/tbody>\n<\/table>\n","protected":false},"excerpt":{"rendered":"<p><strong>Armbinde<\/strong> aus <strong>elastischem Material<\/strong> (Polyamid gl\u00e4nzend) mit <strong>Nummer<\/strong> aus Flexfolie. Die Armbinde mit Startnummer eignet sich <strong>ideal bei Wettk\u00e4mpfen<\/strong>, wie zum Beispiel dem Voltigiersport.<\/p>\n<p>Bestelle deine Armbinde in deiner <a href=\"https:\/\/ervy.ch\/portfolio\/stoffe-fuer-turnanzuege-turntrikots-voltigieranzuege-leggings-polyamid-mit-elasthan-lycra\/\" target=\"_blank\" rel=\"noopener\"><strong>Wunschfarbe<\/strong><\/a>. Selbstverst\u00e4ndlich kannst du auch die <a href=\"https:\/\/ervy.ch\/wir-bedrucken-dein-trikot\/\" target=\"_blank\" rel=\"noopener\"><strong>Nummer in anderen Farben<\/strong><\/a> w\u00e4hlen.<\/p>\n<p>Die Armbinde mit Startnummer wird auf deinen Wunsch hin gefertigt. Es handelt sich daher um eine <strong>Sonderanfertigung<\/strong>, die von <strong>R\u00fcckgabe und Umtausch ausgeschlossen<\/strong> ist.<\/p>\n<p><strong>Abmessungen<\/strong>: ca. 12 cm hoch, ca. 21cm im Umfang<\/p>\n","protected":false},"featured_media":33889,"template":"","meta":[],"product_brand":[],"product_cat":[112,101,777,125],"product_tag":[1322,1328,1326,1324,1321,1327,1325,1323],"class_list":{"0":"post-33884","1":"product","2":"type-product","3":"status-publish","4":"has-post-thumbnail","6":"product_cat-accessoires-2","7":"product_cat-accessoires-fuer-die-erfolgreiche-turnerin","8":"product_cat-shop","9":"product_cat-voltigieren","10":"product_tag-armbinde","11":"product_tag-armbinde-aus-elastischem-stoff","12":"product_tag-armbinde-fuer-voltis","13":"product_tag-armbinde-mit-startnummer","14":"product_tag-armnummer","15":"product_tag-armnummer-fuer-voltigierer","16":"product_tag-einzel-armnummer","17":"product_tag-startnummer","18":"pa_farbe-bordeaux","19":"pa_grundfarbe-rot","20":"pa_material-polyamid-glaenzend","21":"pa_nummer-1329","22":"pa_nummer-1330","23":"pa_nummer-1331","24":"pa_nummer-1332","25":"pa_nummer-1333","26":"pa_nummer-1334","27":"pa_nummer-1335","28":"pa_nummer-1336","29":"pa_nummer-1337","30":"pa_produktart-armbinde","31":"pa_produktart-armnummer","32":"pa_veredelung-flexdruck","34":"first","35":"onbackorder","36":"taxable","37":"shipping-taxable","38":"purchasable","39":"product-type-variable"},"yoast_head":"<!-- This site is optimized with the Yoast SEO Premium plugin v27.3 (Yoast SEO v27.4) - https:\/\/yoast.com\/product\/yoast-seo-premium-wordpress\/ -->\n<title>Armbinde mit Startnummer f\u00fcr Voltigierer - Turnanz\u00fcge Made in Germany<\/title>\n<meta name=\"description\" content=\"Elastische Armbinden mit Startnummer f\u00fcr Voltigierer. Die Armnummern sind in vielen Farben erh\u00e4ltlich. Ideal auch f\u00fcr andere Sportarten.\" \/>\n<meta name=\"robots\" content=\"index, follow, max-snippet:-1, max-image-preview:large, max-video-preview:-1\" \/>\n<link rel=\"canonical\" href=\"https:\/\/ervy.ch\/produkt\/armbinde-mit-startnummer-armnummer-voltigieren\/\" \/>\n<meta property=\"og:locale\" content=\"en_US\" \/>\n<meta property=\"og:type\" content=\"article\" \/>\n<meta property=\"og:title\" content=\"Armbinde mit Startnummer f\u00fcr Voltigierer\" \/>\n<meta property=\"og:description\" content=\"Elastische Armbinden mit Startnummer f\u00fcr Voltigierer. Die Armnummern sind in vielen Farben erh\u00e4ltlich. Ideal auch f\u00fcr andere Sportarten.\" \/>\n<meta property=\"og:url\" content=\"https:\/\/ervy.ch\/produkt\/armbinde-mit-startnummer-armnummer-voltigieren\/\" \/>\n<meta property=\"og:site_name\" content=\"Turnanz\u00fcge Made in Germany\" \/>\n<meta property=\"article:publisher\" content=\"https:\/\/www.facebook.com\/ERVYSportsFashion\" \/>\n<meta property=\"article:modified_time\" content=\"2026-03-25T08:24:48+00:00\" \/>\n<meta property=\"og:image\" content=\"https:\/\/ervy.ch\/wp-content\/uploads\/2022\/04\/ERVY_Accessoires_Armnummern_1-6.jpg\" \/>\n\t<meta property=\"og:image:width\" content=\"700\" \/>\n\t<meta property=\"og:image:height\" content=\"1000\" \/>\n\t<meta property=\"og:image:type\" content=\"image\/jpeg\" \/>\n<meta name=\"twitter:card\" content=\"summary_large_image\" \/>\n<meta name=\"twitter:label1\" content=\"Availability\" \/>\n\t<meta name=\"twitter:data1\" content=\"On backorder\" \/>\n<script type=\"application\/ld+json\" class=\"yoast-schema-graph\">{\"@context\":\"https:\\\/\\\/schema.org\",\"@graph\":[{\"@type\":\"WebPage\",\"@id\":\"https:\\\/\\\/ervy.ch\\\/produkt\\\/armbinde-mit-startnummer-armnummer-voltigieren\\\/\",\"url\":\"https:\\\/\\\/ervy.ch\\\/produkt\\\/armbinde-mit-startnummer-armnummer-voltigieren\\\/\",\"name\":\"Armbinde mit Startnummer f\u00fcr Voltigierer - Turnanz\u00fcge Made in Germany\",\"isPartOf\":{\"@id\":\"https:\\\/\\\/ervy.ch\\\/#website\"},\"primaryImageOfPage\":{\"@id\":\"https:\\\/\\\/ervy.ch\\\/produkt\\\/armbinde-mit-startnummer-armnummer-voltigieren\\\/#primaryimage\"},\"image\":{\"@id\":\"https:\\\/\\\/ervy.ch\\\/produkt\\\/armbinde-mit-startnummer-armnummer-voltigieren\\\/#primaryimage\"},\"thumbnailUrl\":\"https:\\\/\\\/ervy.ch\\\/wp-content\\\/uploads\\\/2022\\\/04\\\/ERVY_Accessoires_Armnummern_1-6.jpg\",\"datePublished\":\"2022-04-06T06:21:09+00:00\",\"dateModified\":\"2026-03-25T08:24:48+00:00\",\"description\":\"Elastische Armbinden mit Startnummer f\u00fcr Voltigierer. Die Armnummern sind in vielen Farben erh\u00e4ltlich. Ideal auch f\u00fcr andere Sportarten.\",\"breadcrumb\":{\"@id\":\"https:\\\/\\\/ervy.ch\\\/produkt\\\/armbinde-mit-startnummer-armnummer-voltigieren\\\/#breadcrumb\"},\"inLanguage\":\"en-US\",\"potentialAction\":[{\"@type\":\"ReadAction\",\"target\":[\"https:\\\/\\\/ervy.ch\\\/produkt\\\/armbinde-mit-startnummer-armnummer-voltigieren\\\/\"]}]},{\"@type\":\"ImageObject\",\"inLanguage\":\"en-US\",\"@id\":\"https:\\\/\\\/ervy.ch\\\/produkt\\\/armbinde-mit-startnummer-armnummer-voltigieren\\\/#primaryimage\",\"url\":\"https:\\\/\\\/ervy.ch\\\/wp-content\\\/uploads\\\/2022\\\/04\\\/ERVY_Accessoires_Armnummern_1-6.jpg\",\"contentUrl\":\"https:\\\/\\\/ervy.ch\\\/wp-content\\\/uploads\\\/2022\\\/04\\\/ERVY_Accessoires_Armnummern_1-6.jpg\",\"width\":700,\"height\":1000,\"caption\":\"Armnummern f\u00fcr Gruppen\"},{\"@type\":\"BreadcrumbList\",\"@id\":\"https:\\\/\\\/ervy.ch\\\/produkt\\\/armbinde-mit-startnummer-armnummer-voltigieren\\\/#breadcrumb\",\"itemListElement\":[{\"@type\":\"ListItem\",\"position\":1,\"name\":\"Startseite\",\"item\":\"https:\\\/\\\/ervy.ch\\\/\"},{\"@type\":\"ListItem\",\"position\":2,\"name\":\"Shop\",\"item\":\"https:\\\/\\\/ervy.ch\\\/shop\\\/\"},{\"@type\":\"ListItem\",\"position\":3,\"name\":\"Armbinde mit Startnummer f\u00fcr Voltigierer\"}]},{\"@type\":\"WebSite\",\"@id\":\"https:\\\/\\\/ervy.ch\\\/#website\",\"url\":\"https:\\\/\\\/ervy.ch\\\/\",\"name\":\"Turnanz\u00fcge Made in Germany\",\"description\":\"ERVY Schweiz-Vertretung\",\"publisher\":{\"@id\":\"https:\\\/\\\/ervy.ch\\\/#organization\"},\"potentialAction\":[{\"@type\":\"SearchAction\",\"target\":{\"@type\":\"EntryPoint\",\"urlTemplate\":\"https:\\\/\\\/ervy.ch\\\/?s={search_term_string}\"},\"query-input\":{\"@type\":\"PropertyValueSpecification\",\"valueRequired\":true,\"valueName\":\"search_term_string\"}}],\"inLanguage\":\"en-US\"},{\"@type\":\"Organization\",\"@id\":\"https:\\\/\\\/ervy.ch\\\/#organization\",\"name\":\"ERVY Sports Fashion GmbH\",\"url\":\"https:\\\/\\\/ervy.ch\\\/\",\"logo\":{\"@type\":\"ImageObject\",\"inLanguage\":\"en-US\",\"@id\":\"https:\\\/\\\/ervy.ch\\\/#\\\/schema\\\/logo\\\/image\\\/\",\"url\":\"https:\\\/\\\/ervy.ch\\\/wp-content\\\/uploads\\\/2021\\\/03\\\/cropped-ERVY-Logo_JUST-SPORTS_Hintergrund_300x300.png\",\"contentUrl\":\"https:\\\/\\\/ervy.ch\\\/wp-content\\\/uploads\\\/2021\\\/03\\\/cropped-ERVY-Logo_JUST-SPORTS_Hintergrund_300x300.png\",\"width\":512,\"height\":512,\"caption\":\"ERVY Sports Fashion GmbH\"},\"image\":{\"@id\":\"https:\\\/\\\/ervy.ch\\\/#\\\/schema\\\/logo\\\/image\\\/\"},\"sameAs\":[\"https:\\\/\\\/www.facebook.com\\\/ERVYSportsFashion\",\"https:\\\/\\\/www.instagram.com\\\/ervy_sports_fashion\\\/?hl=de\",\"https:\\\/\\\/www.pinterest.de\\\/ervysportsfashion\\\/\",\"https:\\\/\\\/www.youtube.com\\\/channel\\\/UCwzRAG_B8mAIfVPXGwfdYhA\",\"https:\\\/\\\/www.tiktok.com\\\/@ervysports\"]}]}<\/script>\n<meta property=\"og:availability\" content=\"backorder\" \/>\n<meta property=\"product:availability\" content=\"available for order\" \/>\n<meta property=\"product:retailer_item_id\" content=\"28486\/01-F\/1\" \/>\n<meta property=\"product:condition\" content=\"new\" \/>\n<!-- \/ Yoast SEO Premium plugin. -->","yoast_head_json":{"title":"Armbinde mit Startnummer f\u00fcr Voltigierer - Turnanz\u00fcge Made in Germany","description":"Elastische Armbinden mit Startnummer f\u00fcr Voltigierer. Die Armnummern sind in vielen Farben erh\u00e4ltlich. Ideal auch f\u00fcr andere Sportarten.","robots":{"index":"index","follow":"follow","max-snippet":"max-snippet:-1","max-image-preview":"max-image-preview:large","max-video-preview":"max-video-preview:-1"},"canonical":"https:\/\/ervy.ch\/produkt\/armbinde-mit-startnummer-armnummer-voltigieren\/","og_locale":"en_US","og_type":"article","og_title":"Armbinde mit Startnummer f\u00fcr Voltigierer","og_description":"Elastische Armbinden mit Startnummer f\u00fcr Voltigierer. Die Armnummern sind in vielen Farben erh\u00e4ltlich. Ideal auch f\u00fcr andere Sportarten.","og_url":"https:\/\/ervy.ch\/produkt\/armbinde-mit-startnummer-armnummer-voltigieren\/","og_site_name":"Turnanz\u00fcge Made in Germany","article_publisher":"https:\/\/www.facebook.com\/ERVYSportsFashion","article_modified_time":"2026-03-25T08:24:48+00:00","og_image":[{"width":700,"height":1000,"url":"https:\/\/ervy.ch\/wp-content\/uploads\/2022\/04\/ERVY_Accessoires_Armnummern_1-6.jpg","type":"image\/jpeg"}],"twitter_card":"summary_large_image","twitter_misc":{"Availability":"On backorder"},"schema":{"@context":"https:\/\/schema.org","@graph":[{"@type":"WebPage","@id":"https:\/\/ervy.ch\/produkt\/armbinde-mit-startnummer-armnummer-voltigieren\/","url":"https:\/\/ervy.ch\/produkt\/armbinde-mit-startnummer-armnummer-voltigieren\/","name":"Armbinde mit Startnummer f\u00fcr Voltigierer - Turnanz\u00fcge Made in Germany","isPartOf":{"@id":"https:\/\/ervy.ch\/#website"},"primaryImageOfPage":{"@id":"https:\/\/ervy.ch\/produkt\/armbinde-mit-startnummer-armnummer-voltigieren\/#primaryimage"},"image":{"@id":"https:\/\/ervy.ch\/produkt\/armbinde-mit-startnummer-armnummer-voltigieren\/#primaryimage"},"thumbnailUrl":"https:\/\/ervy.ch\/wp-content\/uploads\/2022\/04\/ERVY_Accessoires_Armnummern_1-6.jpg","datePublished":"2022-04-06T06:21:09+00:00","dateModified":"2026-03-25T08:24:48+00:00","description":"Elastische Armbinden mit Startnummer f\u00fcr Voltigierer. Die Armnummern sind in vielen Farben erh\u00e4ltlich. Ideal auch f\u00fcr andere Sportarten.","breadcrumb":{"@id":"https:\/\/ervy.ch\/produkt\/armbinde-mit-startnummer-armnummer-voltigieren\/#breadcrumb"},"inLanguage":"en-US","potentialAction":[{"@type":"ReadAction","target":["https:\/\/ervy.ch\/produkt\/armbinde-mit-startnummer-armnummer-voltigieren\/"]}]},{"@type":"ImageObject","inLanguage":"en-US","@id":"https:\/\/ervy.ch\/produkt\/armbinde-mit-startnummer-armnummer-voltigieren\/#primaryimage","url":"https:\/\/ervy.ch\/wp-content\/uploads\/2022\/04\/ERVY_Accessoires_Armnummern_1-6.jpg","contentUrl":"https:\/\/ervy.ch\/wp-content\/uploads\/2022\/04\/ERVY_Accessoires_Armnummern_1-6.jpg","width":700,"height":1000,"caption":"Armnummern f\u00fcr Gruppen"},{"@type":"BreadcrumbList","@id":"https:\/\/ervy.ch\/produkt\/armbinde-mit-startnummer-armnummer-voltigieren\/#breadcrumb","itemListElement":[{"@type":"ListItem","position":1,"name":"Startseite","item":"https:\/\/ervy.ch\/"},{"@type":"ListItem","position":2,"name":"Shop","item":"https:\/\/ervy.ch\/shop\/"},{"@type":"ListItem","position":3,"name":"Armbinde mit Startnummer f\u00fcr Voltigierer"}]},{"@type":"WebSite","@id":"https:\/\/ervy.ch\/#website","url":"https:\/\/ervy.ch\/","name":"Turnanz\u00fcge Made in Germany","description":"ERVY Schweiz-Vertretung","publisher":{"@id":"https:\/\/ervy.ch\/#organization"},"potentialAction":[{"@type":"SearchAction","target":{"@type":"EntryPoint","urlTemplate":"https:\/\/ervy.ch\/?s={search_term_string}"},"query-input":{"@type":"PropertyValueSpecification","valueRequired":true,"valueName":"search_term_string"}}],"inLanguage":"en-US"},{"@type":"Organization","@id":"https:\/\/ervy.ch\/#organization","name":"ERVY Sports Fashion GmbH","url":"https:\/\/ervy.ch\/","logo":{"@type":"ImageObject","inLanguage":"en-US","@id":"https:\/\/ervy.ch\/#\/schema\/logo\/image\/","url":"https:\/\/ervy.ch\/wp-content\/uploads\/2021\/03\/cropped-ERVY-Logo_JUST-SPORTS_Hintergrund_300x300.png","contentUrl":"https:\/\/ervy.ch\/wp-content\/uploads\/2021\/03\/cropped-ERVY-Logo_JUST-SPORTS_Hintergrund_300x300.png","width":512,"height":512,"caption":"ERVY Sports Fashion GmbH"},"image":{"@id":"https:\/\/ervy.ch\/#\/schema\/logo\/image\/"},"sameAs":["https:\/\/www.facebook.com\/ERVYSportsFashion","https:\/\/www.instagram.com\/ervy_sports_fashion\/?hl=de","https:\/\/www.pinterest.de\/ervysportsfashion\/","https:\/\/www.youtube.com\/channel\/UCwzRAG_B8mAIfVPXGwfdYhA","https:\/\/www.tiktok.com\/@ervysports"]}]},"og_availability":"backorder","product_availability":"available for order","product_retailer_item_id":"28486\/01-F\/1","product_condition":"new"},"_links":{"self":[{"href":"https:\/\/ervy.ch\/en\/wp-json\/wp\/v2\/product\/33884","targetHints":{"allow":["GET"]}}],"collection":[{"href":"https:\/\/ervy.ch\/en\/wp-json\/wp\/v2\/product"}],"about":[{"href":"https:\/\/ervy.ch\/en\/wp-json\/wp\/v2\/types\/product"}],"wp:featuredmedia":[{"embeddable":true,"href":"https:\/\/ervy.ch\/en\/wp-json\/wp\/v2\/media\/33889"}],"wp:attachment":[{"href":"https:\/\/ervy.ch\/en\/wp-json\/wp\/v2\/media?parent=33884"}],"wp:term":[{"taxonomy":"product_brand","embeddable":true,"href":"https:\/\/ervy.ch\/en\/wp-json\/wp\/v2\/product_brand?post=33884"},{"taxonomy":"product_cat","embeddable":true,"href":"https:\/\/ervy.ch\/en\/wp-json\/wp\/v2\/product_cat?post=33884"},{"taxonomy":"product_tag","embeddable":true,"href":"https:\/\/ervy.ch\/en\/wp-json\/wp\/v2\/product_tag?post=33884"}],"curies":[{"name":"wp","href":"https:\/\/api.w.org\/{rel}","templated":true}]}}