{"id":30703,"date":"2021-12-22T12:26:09","date_gmt":"2021-12-22T11:26:09","guid":{"rendered":"https:\/\/ervy.de\/?post_type=product&#038;p=30703"},"modified":"2024-11-14T17:15:54","modified_gmt":"2024-11-14T16:15:54","slug":"dance-pants-jazz-pants-cuba-ii-schwarz-tinte-weiss-kinder-und-erwachsenengroessen","status":"publish","type":"product","link":"https:\/\/ervy.ch\/en\/product\/dance-pants-jazz-pants-cuba-ii-schwarz-tinte-weiss-kinder-und-erwachsenengroessen\/","title":{"rendered":"DANCE PANTS CUBA II\/1 bis Gr\u00f6\u00dfe 5XL"},"content":{"rendered":"<h3>Materialien und Farben im gezeigten Bildbeispiel:<\/h3>\n<table style=\"border-collapse: collapse; width: 100%;\">\n<tbody>\n<tr>\n<td style=\"width: 33.3333%;\"><strong>Supplex\u00ae:<br \/>\n<\/strong>90% Polyamid<br \/>\n10% Elasthan<\/td>\n<td style=\"width: 33.3333%;\"><strong>Farbe C1<\/strong><\/td>\n<td style=\"width: 33.3333%;\"><strong>08A1-schwarz<\/strong><\/td>\n<\/tr>\n<tr>\n<td style=\"width: 33.3333%;\"><\/td>\n<td style=\"width: 33.3333%;\"><\/td>\n<td style=\"width: 33.3333%;\"><\/td>\n<\/tr>\n<\/tbody>\n<\/table>\n","protected":false},"excerpt":{"rendered":"<p>Dance Pants mit einem 35mm breitem Gummibund, der die H\u00fcfte bedeckt und den Bauchnabel frei l\u00e4sst. F\u00fcr eine <strong>bequeme Passform<\/strong> sorgt eine den Po <strong>betonende Passe<\/strong> sowie ein gerader Beinschnitt. Die Tanz- und Trainingshose CUBA besteht aus<strong> weichem<\/strong>, <strong>bi-elastischem<\/strong> SUPPLEX\u00ae, das sich auf der Haut wie Baumwolle anf\u00fchlt, jedoch die <strong>K\u00f6rperfeuchtigkeit<\/strong> viel schneller <strong>nach Au\u00dfen transportiert.<\/strong><\/p>\n<p>Die Dance Pants CUBA fertigen wir auf Deinen <strong>Wunsch<\/strong> gerne in der<strong> Farbe schwarz, dunkelblau (tinte)<\/strong> oder <strong>wei\u00df<\/strong>. Diese Tanzhose bieten wir ab der <strong>Kindergr\u00f6\u00dfe<\/strong> 104 bis hin zu der <strong>Erwachsenengr\u00f6\u00dfe 5XL<\/strong> an. Bitte beachte, dass es sich bei der Dance Pants um eine <strong>Sonderanfertigung<\/strong> handelt, die vom <strong>Umtausch<\/strong> und\/oder <strong>R\u00fcckgabe ausgeschlossen<\/strong> ist. Gerne helfen wir Dir bei der richtigen Gr\u00f6\u00dfenauswahl. Kontaktiere uns dazu einfach \u00fcber unseren Chat.<\/p>\n","protected":false},"featured_media":30641,"template":"","meta":[],"product_brand":[],"product_cat":[1232,777,1215],"product_tag":[998,999,530,509,648,817,1136,1001,1148,645,1025,644,613],"class_list":{"0":"post-30703","1":"product","2":"type-product","3":"status-publish","4":"has-post-thumbnail","6":"product_cat-pants-training-dance-ballett","7":"product_cat-shop","8":"product_cat-tanzkleidung","9":"product_tag-basic-pants","10":"product_tag-dance-pants","11":"product_tag-fitness","12":"product_tag-gym","13":"product_tag-hose","14":"product_tag-hosen","15":"product_tag-lange-hose","16":"product_tag-long-pants","17":"product_tag-pants","18":"product_tag-sporttight","19":"product_tag-tanzhose","20":"product_tag-tight","21":"product_tag-training","22":"pa_beinlaenge-lange-hose","23":"pa_farbe-schwarz","24":"pa_groesse-786","25":"pa_groesse-787","26":"pa_groesse-788","27":"pa_groesse-789","28":"pa_groesse-790","29":"pa_groesse-791","30":"pa_groesse-3xl","31":"pa_groesse-4xl","32":"pa_groesse-5xl","33":"pa_groesse-l","34":"pa_groesse-m","35":"pa_groesse-s","36":"pa_groesse-xl","37":"pa_groesse-xs","38":"pa_groesse-xxl","39":"pa_grundfarbe-schwarz","40":"pa_material-supplex","41":"pa_produktart-hose","43":"first","44":"onbackorder","45":"taxable","46":"shipping-taxable","47":"purchasable","48":"product-type-variable"},"yoast_head":"<!-- This site is optimized with the Yoast SEO Premium plugin v26.9 (Yoast SEO v27.2) - https:\/\/yoast.com\/product\/yoast-seo-premium-wordpress\/ -->\n<title>DANCE PANTS CUBA II\/1 bis Gr\u00f6\u00dfe 5XL - Turnanz\u00fcge Made in Germany<\/title>\n<meta name=\"description\" content=\"Gerade geschnittene Dance Pants in Kinder- und Erwachsenengr\u00f6\u00dfen aus weichem Supplex. Jazzpants in den Farben schwarz, tinte und wei\u00df.\" \/>\n<meta name=\"robots\" content=\"index, follow, max-snippet:-1, max-image-preview:large, max-video-preview:-1\" \/>\n<link rel=\"canonical\" href=\"https:\/\/ervy.ch\/produkt\/dance-pants-jazz-pants-cuba-ii-schwarz-tinte-weiss-kinder-und-erwachsenengroessen\/\" \/>\n<meta property=\"og:locale\" content=\"en_US\" \/>\n<meta property=\"og:type\" content=\"article\" \/>\n<meta property=\"og:title\" content=\"DANCE PANTS CUBA II\/1 bis Gr\u00f6\u00dfe 5XL\" \/>\n<meta property=\"og:description\" content=\"Gerade geschnittene Dance Pants in Kinder- und Erwachsenengr\u00f6\u00dfen aus weichem Supplex. Jazzpants in den Farben schwarz, tinte und wei\u00df.\" \/>\n<meta property=\"og:url\" content=\"https:\/\/ervy.ch\/produkt\/dance-pants-jazz-pants-cuba-ii-schwarz-tinte-weiss-kinder-und-erwachsenengroessen\/\" \/>\n<meta property=\"og:site_name\" content=\"Turnanz\u00fcge Made in Germany\" \/>\n<meta property=\"article:publisher\" content=\"https:\/\/www.facebook.com\/ERVYSportsFashion\" \/>\n<meta property=\"article:modified_time\" content=\"2024-11-14T16:15:54+00:00\" \/>\n<meta property=\"og:image\" content=\"https:\/\/ervy.ch\/wp-content\/uploads\/2021\/12\/ERVY_Turnanzuege_Ballettbekleidung_Dancewear_Tanzbekleidung_Body_017.jpg\" \/>\n\t<meta property=\"og:image:width\" content=\"535\" \/>\n\t<meta property=\"og:image:height\" content=\"900\" \/>\n\t<meta property=\"og:image:type\" content=\"image\/jpeg\" \/>\n<meta name=\"twitter:card\" content=\"summary_large_image\" \/>\n<meta name=\"twitter:label1\" content=\"Availability\" \/>\n\t<meta name=\"twitter:data1\" content=\"On backorder\" \/>\n<script type=\"application\/ld+json\" class=\"yoast-schema-graph\">{\"@context\":\"https:\/\/schema.org\",\"@graph\":[{\"@type\":\"WebPage\",\"@id\":\"https:\/\/ervy.ch\/produkt\/dance-pants-jazz-pants-cuba-ii-schwarz-tinte-weiss-kinder-und-erwachsenengroessen\/\",\"url\":\"https:\/\/ervy.ch\/produkt\/dance-pants-jazz-pants-cuba-ii-schwarz-tinte-weiss-kinder-und-erwachsenengroessen\/\",\"name\":\"DANCE PANTS CUBA II\/1 bis Gr\u00f6\u00dfe 5XL - Turnanz\u00fcge Made in Germany\",\"isPartOf\":{\"@id\":\"https:\/\/ervy.ch\/#website\"},\"primaryImageOfPage\":{\"@id\":\"https:\/\/ervy.ch\/produkt\/dance-pants-jazz-pants-cuba-ii-schwarz-tinte-weiss-kinder-und-erwachsenengroessen\/#primaryimage\"},\"image\":{\"@id\":\"https:\/\/ervy.ch\/produkt\/dance-pants-jazz-pants-cuba-ii-schwarz-tinte-weiss-kinder-und-erwachsenengroessen\/#primaryimage\"},\"thumbnailUrl\":\"https:\/\/ervy.ch\/wp-content\/uploads\/2021\/12\/ERVY_Turnanzuege_Ballettbekleidung_Dancewear_Tanzbekleidung_Body_017.jpg\",\"datePublished\":\"2021-12-22T11:26:09+00:00\",\"dateModified\":\"2024-11-14T16:15:54+00:00\",\"description\":\"Gerade geschnittene Dance Pants in Kinder- und Erwachsenengr\u00f6\u00dfen aus weichem Supplex. Jazzpants in den Farben schwarz, tinte und wei\u00df.\",\"breadcrumb\":{\"@id\":\"https:\/\/ervy.ch\/produkt\/dance-pants-jazz-pants-cuba-ii-schwarz-tinte-weiss-kinder-und-erwachsenengroessen\/#breadcrumb\"},\"inLanguage\":\"en-US\",\"potentialAction\":[{\"@type\":\"ReadAction\",\"target\":[\"https:\/\/ervy.ch\/produkt\/dance-pants-jazz-pants-cuba-ii-schwarz-tinte-weiss-kinder-und-erwachsenengroessen\/\"]}]},{\"@type\":\"ImageObject\",\"inLanguage\":\"en-US\",\"@id\":\"https:\/\/ervy.ch\/produkt\/dance-pants-jazz-pants-cuba-ii-schwarz-tinte-weiss-kinder-und-erwachsenengroessen\/#primaryimage\",\"url\":\"https:\/\/ervy.ch\/wp-content\/uploads\/2021\/12\/ERVY_Turnanzuege_Ballettbekleidung_Dancewear_Tanzbekleidung_Body_017.jpg\",\"contentUrl\":\"https:\/\/ervy.ch\/wp-content\/uploads\/2021\/12\/ERVY_Turnanzuege_Ballettbekleidung_Dancewear_Tanzbekleidung_Body_017.jpg\",\"width\":535,\"height\":900,\"caption\":\"Langes Top, Spaghettitr\u00e4ger, Innenbustier, orange\"},{\"@type\":\"BreadcrumbList\",\"@id\":\"https:\/\/ervy.ch\/produkt\/dance-pants-jazz-pants-cuba-ii-schwarz-tinte-weiss-kinder-und-erwachsenengroessen\/#breadcrumb\",\"itemListElement\":[{\"@type\":\"ListItem\",\"position\":1,\"name\":\"Startseite\",\"item\":\"https:\/\/ervy.ch\/\"},{\"@type\":\"ListItem\",\"position\":2,\"name\":\"Shop\",\"item\":\"https:\/\/ervy.ch\/shop\/\"},{\"@type\":\"ListItem\",\"position\":3,\"name\":\"DANCE PANTS CUBA II\/1 bis Gr\u00f6\u00dfe 5XL\"}]},{\"@type\":\"WebSite\",\"@id\":\"https:\/\/ervy.ch\/#website\",\"url\":\"https:\/\/ervy.ch\/\",\"name\":\"Turnanz\u00fcge Made in Germany\",\"description\":\"ERVY Schweiz-Vertretung\",\"publisher\":{\"@id\":\"https:\/\/ervy.ch\/#organization\"},\"potentialAction\":[{\"@type\":\"SearchAction\",\"target\":{\"@type\":\"EntryPoint\",\"urlTemplate\":\"https:\/\/ervy.ch\/?s={search_term_string}\"},\"query-input\":{\"@type\":\"PropertyValueSpecification\",\"valueRequired\":true,\"valueName\":\"search_term_string\"}}],\"inLanguage\":\"en-US\"},{\"@type\":\"Organization\",\"@id\":\"https:\/\/ervy.ch\/#organization\",\"name\":\"ERVY Sports Fashion GmbH\",\"url\":\"https:\/\/ervy.ch\/\",\"logo\":{\"@type\":\"ImageObject\",\"inLanguage\":\"en-US\",\"@id\":\"https:\/\/ervy.ch\/#\/schema\/logo\/image\/\",\"url\":\"https:\/\/ervy.ch\/wp-content\/uploads\/2021\/03\/cropped-ERVY-Logo_JUST-SPORTS_Hintergrund_300x300.png\",\"contentUrl\":\"https:\/\/ervy.ch\/wp-content\/uploads\/2021\/03\/cropped-ERVY-Logo_JUST-SPORTS_Hintergrund_300x300.png\",\"width\":512,\"height\":512,\"caption\":\"ERVY Sports Fashion GmbH\"},\"image\":{\"@id\":\"https:\/\/ervy.ch\/#\/schema\/logo\/image\/\"},\"sameAs\":[\"https:\/\/www.facebook.com\/ERVYSportsFashion\",\"https:\/\/www.instagram.com\/ervy_sports_fashion\/?hl=de\",\"https:\/\/www.pinterest.de\/ervysportsfashion\/\",\"https:\/\/www.youtube.com\/channel\/UCwzRAG_B8mAIfVPXGwfdYhA\",\"https:\/\/www.tiktok.com\/@ervysports\"]}]}<\/script>\n<meta property=\"og:availability\" content=\"backorder\" \/>\n<meta property=\"product:availability\" content=\"available for order\" \/>\n<meta property=\"product:retailer_item_id\" content=\"12353.06\/1\" \/>\n<meta property=\"product:condition\" content=\"new\" \/>\n<!-- \/ Yoast SEO Premium plugin. -->","yoast_head_json":{"title":"DANCE PANTS CUBA II\/1 bis Gr\u00f6\u00dfe 5XL - Turnanz\u00fcge Made in Germany","description":"Gerade geschnittene Dance Pants in Kinder- und Erwachsenengr\u00f6\u00dfen aus weichem Supplex. Jazzpants in den Farben schwarz, tinte und wei\u00df.","robots":{"index":"index","follow":"follow","max-snippet":"max-snippet:-1","max-image-preview":"max-image-preview:large","max-video-preview":"max-video-preview:-1"},"canonical":"https:\/\/ervy.ch\/produkt\/dance-pants-jazz-pants-cuba-ii-schwarz-tinte-weiss-kinder-und-erwachsenengroessen\/","og_locale":"en_US","og_type":"article","og_title":"DANCE PANTS CUBA II\/1 bis Gr\u00f6\u00dfe 5XL","og_description":"Gerade geschnittene Dance Pants in Kinder- und Erwachsenengr\u00f6\u00dfen aus weichem Supplex. Jazzpants in den Farben schwarz, tinte und wei\u00df.","og_url":"https:\/\/ervy.ch\/produkt\/dance-pants-jazz-pants-cuba-ii-schwarz-tinte-weiss-kinder-und-erwachsenengroessen\/","og_site_name":"Turnanz\u00fcge Made in Germany","article_publisher":"https:\/\/www.facebook.com\/ERVYSportsFashion","article_modified_time":"2024-11-14T16:15:54+00:00","og_image":[{"width":535,"height":900,"url":"https:\/\/ervy.ch\/wp-content\/uploads\/2021\/12\/ERVY_Turnanzuege_Ballettbekleidung_Dancewear_Tanzbekleidung_Body_017.jpg","type":"image\/jpeg"}],"twitter_card":"summary_large_image","twitter_misc":{"Availability":"On backorder"},"schema":{"@context":"https:\/\/schema.org","@graph":[{"@type":"WebPage","@id":"https:\/\/ervy.ch\/produkt\/dance-pants-jazz-pants-cuba-ii-schwarz-tinte-weiss-kinder-und-erwachsenengroessen\/","url":"https:\/\/ervy.ch\/produkt\/dance-pants-jazz-pants-cuba-ii-schwarz-tinte-weiss-kinder-und-erwachsenengroessen\/","name":"DANCE PANTS CUBA II\/1 bis Gr\u00f6\u00dfe 5XL - Turnanz\u00fcge Made in Germany","isPartOf":{"@id":"https:\/\/ervy.ch\/#website"},"primaryImageOfPage":{"@id":"https:\/\/ervy.ch\/produkt\/dance-pants-jazz-pants-cuba-ii-schwarz-tinte-weiss-kinder-und-erwachsenengroessen\/#primaryimage"},"image":{"@id":"https:\/\/ervy.ch\/produkt\/dance-pants-jazz-pants-cuba-ii-schwarz-tinte-weiss-kinder-und-erwachsenengroessen\/#primaryimage"},"thumbnailUrl":"https:\/\/ervy.ch\/wp-content\/uploads\/2021\/12\/ERVY_Turnanzuege_Ballettbekleidung_Dancewear_Tanzbekleidung_Body_017.jpg","datePublished":"2021-12-22T11:26:09+00:00","dateModified":"2024-11-14T16:15:54+00:00","description":"Gerade geschnittene Dance Pants in Kinder- und Erwachsenengr\u00f6\u00dfen aus weichem Supplex. Jazzpants in den Farben schwarz, tinte und wei\u00df.","breadcrumb":{"@id":"https:\/\/ervy.ch\/produkt\/dance-pants-jazz-pants-cuba-ii-schwarz-tinte-weiss-kinder-und-erwachsenengroessen\/#breadcrumb"},"inLanguage":"en-US","potentialAction":[{"@type":"ReadAction","target":["https:\/\/ervy.ch\/produkt\/dance-pants-jazz-pants-cuba-ii-schwarz-tinte-weiss-kinder-und-erwachsenengroessen\/"]}]},{"@type":"ImageObject","inLanguage":"en-US","@id":"https:\/\/ervy.ch\/produkt\/dance-pants-jazz-pants-cuba-ii-schwarz-tinte-weiss-kinder-und-erwachsenengroessen\/#primaryimage","url":"https:\/\/ervy.ch\/wp-content\/uploads\/2021\/12\/ERVY_Turnanzuege_Ballettbekleidung_Dancewear_Tanzbekleidung_Body_017.jpg","contentUrl":"https:\/\/ervy.ch\/wp-content\/uploads\/2021\/12\/ERVY_Turnanzuege_Ballettbekleidung_Dancewear_Tanzbekleidung_Body_017.jpg","width":535,"height":900,"caption":"Langes Top, Spaghettitr\u00e4ger, Innenbustier, orange"},{"@type":"BreadcrumbList","@id":"https:\/\/ervy.ch\/produkt\/dance-pants-jazz-pants-cuba-ii-schwarz-tinte-weiss-kinder-und-erwachsenengroessen\/#breadcrumb","itemListElement":[{"@type":"ListItem","position":1,"name":"Startseite","item":"https:\/\/ervy.ch\/"},{"@type":"ListItem","position":2,"name":"Shop","item":"https:\/\/ervy.ch\/shop\/"},{"@type":"ListItem","position":3,"name":"DANCE PANTS CUBA II\/1 bis Gr\u00f6\u00dfe 5XL"}]},{"@type":"WebSite","@id":"https:\/\/ervy.ch\/#website","url":"https:\/\/ervy.ch\/","name":"Turnanz\u00fcge Made in Germany","description":"ERVY Schweiz-Vertretung","publisher":{"@id":"https:\/\/ervy.ch\/#organization"},"potentialAction":[{"@type":"SearchAction","target":{"@type":"EntryPoint","urlTemplate":"https:\/\/ervy.ch\/?s={search_term_string}"},"query-input":{"@type":"PropertyValueSpecification","valueRequired":true,"valueName":"search_term_string"}}],"inLanguage":"en-US"},{"@type":"Organization","@id":"https:\/\/ervy.ch\/#organization","name":"ERVY Sports Fashion GmbH","url":"https:\/\/ervy.ch\/","logo":{"@type":"ImageObject","inLanguage":"en-US","@id":"https:\/\/ervy.ch\/#\/schema\/logo\/image\/","url":"https:\/\/ervy.ch\/wp-content\/uploads\/2021\/03\/cropped-ERVY-Logo_JUST-SPORTS_Hintergrund_300x300.png","contentUrl":"https:\/\/ervy.ch\/wp-content\/uploads\/2021\/03\/cropped-ERVY-Logo_JUST-SPORTS_Hintergrund_300x300.png","width":512,"height":512,"caption":"ERVY Sports Fashion GmbH"},"image":{"@id":"https:\/\/ervy.ch\/#\/schema\/logo\/image\/"},"sameAs":["https:\/\/www.facebook.com\/ERVYSportsFashion","https:\/\/www.instagram.com\/ervy_sports_fashion\/?hl=de","https:\/\/www.pinterest.de\/ervysportsfashion\/","https:\/\/www.youtube.com\/channel\/UCwzRAG_B8mAIfVPXGwfdYhA","https:\/\/www.tiktok.com\/@ervysports"]}]},"og_availability":"backorder","product_availability":"available for order","product_retailer_item_id":"12353.06\/1","product_condition":"new"},"_links":{"self":[{"href":"https:\/\/ervy.ch\/en\/wp-json\/wp\/v2\/product\/30703","targetHints":{"allow":["GET"]}}],"collection":[{"href":"https:\/\/ervy.ch\/en\/wp-json\/wp\/v2\/product"}],"about":[{"href":"https:\/\/ervy.ch\/en\/wp-json\/wp\/v2\/types\/product"}],"wp:featuredmedia":[{"embeddable":true,"href":"https:\/\/ervy.ch\/en\/wp-json\/wp\/v2\/media\/30641"}],"wp:attachment":[{"href":"https:\/\/ervy.ch\/en\/wp-json\/wp\/v2\/media?parent=30703"}],"wp:term":[{"taxonomy":"product_brand","embeddable":true,"href":"https:\/\/ervy.ch\/en\/wp-json\/wp\/v2\/product_brand?post=30703"},{"taxonomy":"product_cat","embeddable":true,"href":"https:\/\/ervy.ch\/en\/wp-json\/wp\/v2\/product_cat?post=30703"},{"taxonomy":"product_tag","embeddable":true,"href":"https:\/\/ervy.ch\/en\/wp-json\/wp\/v2\/product_tag?post=30703"}],"curies":[{"name":"wp","href":"https:\/\/api.w.org\/{rel}","templated":true}]}}