{"id":28968,"date":"2021-12-01T11:27:15","date_gmt":"2021-12-01T10:27:15","guid":{"rendered":"https:\/\/ervy.de\/?post_type=product&#038;p=28968"},"modified":"2025-07-01T10:08:56","modified_gmt":"2025-07-01T08:08:56","slug":"turnanzug-orion-2","status":"publish","type":"product","link":"https:\/\/ervy.ch\/en\/product\/turnanzug-orion-2\/","title":{"rendered":"Turnanzug ORION\/2"},"content":{"rendered":"<p><strong><span style=\"font-size: 18px;\">Materialien und Farben:<\/span><\/strong><\/p>\n<table style=\"border-collapse: collapse; width: 100%; height: 272px;\">\n<tbody>\n<tr style=\"height: 71px;\">\n<td style=\"width: 33.5988%; height: 71px;\"><strong>Lack Shine:<br \/>\n<\/strong>82% Polyamid<br \/>\n18% Elasthan<\/td>\n<td style=\"width: 33.1644%; height: 71px;\"><strong>Farbe C1 + AHB<br \/>\n<\/strong><\/td>\n<td style=\"width: 33.1644%; height: 71px;\"><b>16U2-tinte<\/b><\/td>\n<\/tr>\n<tr style=\"height: 71px;\">\n<td style=\"width: 33.5988%; height: 71px;\"><strong>T\u00fcll elastisch:<\/strong><br \/>\n92% Polyamid<br \/>\n8% Elasthan<\/td>\n<td style=\"width: 33.1644%; height: 71px;\"><strong>Farbe C2<\/strong><\/td>\n<td style=\"width: 33.1644%; height: 71px;\"><strong>02U2-tinte<\/strong><\/td>\n<\/tr>\n<tr style=\"height: 71px;\">\n<td style=\"width: 33.5988%; height: 58px;\"><strong>Mikrofaser:<\/strong><br \/>\n90% Polyamid<br \/>\n10% Elasthan<\/td>\n<td style=\"width: 33.1644%; height: 58px;\"><strong>Farbe C3: F\u00fctterung<\/strong><\/td>\n<td style=\"width: 33.1644%; height: 58px;\"><strong>03G2-haut<\/strong><\/td>\n<\/tr>\n<tr style=\"height: 72px;\">\n<td style=\"width: 33.5988%; height: 72px;\"><\/td>\n<td style=\"width: 33.1644%; height: 72px;\"><\/td>\n<td style=\"width: 33.1644%; height: 72px;\"><\/td>\n<\/tr>\n<\/tbody>\n<\/table>\n","protected":false},"excerpt":{"rendered":"<p>Ervy Turnanzug 3\/4 Arm mit einem V-Ausschnitt vorne und hinten. Auf der Vorderseite befindet sich \u00fcber dem Brustbereich ein T\u00fclleinsatz mit F\u00fctterung, sowie Strasssteine auf der gesamten Vorderseite und den \u00c4rmeln im unteren Bereich.<\/p>\n<p>Motiv: V120, B121<\/p>\n","protected":false},"featured_media":28646,"template":"","meta":[],"product_brand":[],"product_cat":[132,150,1698,90],"product_tag":[620,1093,1094,515,364,1058,1057,520,512],"class_list":{"0":"post-28968","1":"product","2":"type-product","3":"status-publish","4":"has-post-thumbnail","6":"product_cat-akrobatik","7":"product_cat-rsg","8":"product_cat-lagerartikel","9":"product_cat-turnanzuege-fuer-training-und-wettkampf","10":"product_tag-gymnastikanzug","11":"product_tag-gymnastikdrag","12":"product_tag-gymnastikdress","13":"product_tag-justaucorps","14":"product_tag-turnanzug","15":"product_tag-turnanzug-damen","16":"product_tag-turnanzug-maedchen","17":"product_tag-turnpakje","18":"product_tag-wettkampfanzug","19":"pa_farbe-haut","20":"pa_farbe-tinte","21":"pa_geschlecht-frauen","22":"pa_geschlecht-maedchen","23":"pa_groesse-787","24":"pa_groesse-788","25":"pa_groesse-789","26":"pa_groesse-790","27":"pa_groesse-791","28":"pa_groesse-l","29":"pa_groesse-m","30":"pa_groesse-s","31":"pa_groesse-xl","32":"pa_groesse-xs","33":"pa_groesse-xxl","34":"pa_grundfarbe-blau","35":"pa_material-lack-shine","36":"pa_material-mikrofaser","37":"pa_material-tuell-elastisch","38":"pa_produktart-turnanzug","40":"first","41":"instock","42":"taxable","43":"shipping-taxable","44":"purchasable","45":"product-type-variable"},"yoast_head":"<!-- This site is optimized with the Yoast SEO Premium plugin v27.5 (Yoast SEO v27.5) - https:\/\/yoast.com\/product\/yoast-seo-premium-wordpress\/ -->\n<title>Turnanzug ORION\/2 - Turnanz\u00fcge Made in Germany<\/title>\n<meta name=\"robots\" content=\"index, follow, max-snippet:-1, max-image-preview:large, max-video-preview:-1\" \/>\n<link rel=\"canonical\" href=\"https:\/\/ervy.ch\/produkt\/turnanzug-orion-2\/\" \/>\n<meta property=\"og:locale\" content=\"en_US\" \/>\n<meta property=\"og:type\" content=\"article\" \/>\n<meta property=\"og:title\" content=\"Turnanzug ORION\/2\" \/>\n<meta property=\"og:description\" content=\"Ervy Turnanzug 3\/4 Arm mit einem V-Ausschnitt vorne und hinten. Auf der Vorderseite befindet sich \u00fcber dem Brustbereich ein T\u00fclleinsatz mit F\u00fctterung, sowie Strasssteine auf der gesamten Vorderseite und den \u00c4rmeln im unteren Bereich.  Motiv: V120, B121\" \/>\n<meta property=\"og:url\" content=\"https:\/\/ervy.ch\/produkt\/turnanzug-orion-2\/\" \/>\n<meta property=\"og:site_name\" content=\"Turnanz\u00fcge Made in Germany\" \/>\n<meta property=\"article:publisher\" content=\"https:\/\/www.facebook.com\/ERVYSportsFashion\" \/>\n<meta property=\"article:modified_time\" content=\"2025-07-01T08:08:56+00:00\" \/>\n<meta property=\"og:image\" content=\"https:\/\/ervy.ch\/wp-content\/uploads\/2021\/11\/11668.09_2_Orion_VT.jpg\" \/>\n\t<meta property=\"og:image:width\" content=\"700\" \/>\n\t<meta property=\"og:image:height\" content=\"1000\" \/>\n\t<meta property=\"og:image:type\" content=\"image\/jpeg\" \/>\n<meta name=\"twitter:card\" content=\"summary_large_image\" \/>\n<meta name=\"twitter:label1\" content=\"Availability\" \/>\n\t<meta name=\"twitter:data1\" content=\"In stock\" \/>\n<script type=\"application\/ld+json\" class=\"yoast-schema-graph\">{\"@context\":\"https:\\\/\\\/schema.org\",\"@graph\":[{\"@type\":\"WebPage\",\"@id\":\"https:\\\/\\\/ervy.ch\\\/produkt\\\/turnanzug-orion-2\\\/\",\"url\":\"https:\\\/\\\/ervy.ch\\\/produkt\\\/turnanzug-orion-2\\\/\",\"name\":\"Turnanzug ORION\\\/2 - Turnanz\u00fcge Made in Germany\",\"isPartOf\":{\"@id\":\"https:\\\/\\\/ervy.ch\\\/#website\"},\"primaryImageOfPage\":{\"@id\":\"https:\\\/\\\/ervy.ch\\\/produkt\\\/turnanzug-orion-2\\\/#primaryimage\"},\"image\":{\"@id\":\"https:\\\/\\\/ervy.ch\\\/produkt\\\/turnanzug-orion-2\\\/#primaryimage\"},\"thumbnailUrl\":\"https:\\\/\\\/ervy.ch\\\/wp-content\\\/uploads\\\/2021\\\/11\\\/11668.09_2_Orion_VT.jpg\",\"datePublished\":\"2021-12-01T10:27:15+00:00\",\"dateModified\":\"2025-07-01T08:08:56+00:00\",\"breadcrumb\":{\"@id\":\"https:\\\/\\\/ervy.ch\\\/produkt\\\/turnanzug-orion-2\\\/#breadcrumb\"},\"inLanguage\":\"en-US\",\"potentialAction\":[{\"@type\":\"ReadAction\",\"target\":[\"https:\\\/\\\/ervy.ch\\\/produkt\\\/turnanzug-orion-2\\\/\"]}]},{\"@type\":\"ImageObject\",\"inLanguage\":\"en-US\",\"@id\":\"https:\\\/\\\/ervy.ch\\\/produkt\\\/turnanzug-orion-2\\\/#primaryimage\",\"url\":\"https:\\\/\\\/ervy.ch\\\/wp-content\\\/uploads\\\/2021\\\/11\\\/11668.09_2_Orion_VT.jpg\",\"contentUrl\":\"https:\\\/\\\/ervy.ch\\\/wp-content\\\/uploads\\\/2021\\\/11\\\/11668.09_2_Orion_VT.jpg\",\"width\":700,\"height\":1000,\"caption\":\"Turnanzug 3\\\/4 Arm in dunkelblau mit tollem Strassmotiv\"},{\"@type\":\"BreadcrumbList\",\"@id\":\"https:\\\/\\\/ervy.ch\\\/produkt\\\/turnanzug-orion-2\\\/#breadcrumb\",\"itemListElement\":[{\"@type\":\"ListItem\",\"position\":1,\"name\":\"Startseite\",\"item\":\"https:\\\/\\\/ervy.ch\\\/\"},{\"@type\":\"ListItem\",\"position\":2,\"name\":\"Shop\",\"item\":\"https:\\\/\\\/ervy.ch\\\/shop\\\/\"},{\"@type\":\"ListItem\",\"position\":3,\"name\":\"Turnanzug ORION\\\/2\"}]},{\"@type\":\"WebSite\",\"@id\":\"https:\\\/\\\/ervy.ch\\\/#website\",\"url\":\"https:\\\/\\\/ervy.ch\\\/\",\"name\":\"Turnanz\u00fcge Made in Germany\",\"description\":\"ERVY Schweiz-Vertretung\",\"publisher\":{\"@id\":\"https:\\\/\\\/ervy.ch\\\/#organization\"},\"potentialAction\":[{\"@type\":\"SearchAction\",\"target\":{\"@type\":\"EntryPoint\",\"urlTemplate\":\"https:\\\/\\\/ervy.ch\\\/?s={search_term_string}\"},\"query-input\":{\"@type\":\"PropertyValueSpecification\",\"valueRequired\":true,\"valueName\":\"search_term_string\"}}],\"inLanguage\":\"en-US\"},{\"@type\":\"Organization\",\"@id\":\"https:\\\/\\\/ervy.ch\\\/#organization\",\"name\":\"ERVY Sports Fashion GmbH\",\"url\":\"https:\\\/\\\/ervy.ch\\\/\",\"logo\":{\"@type\":\"ImageObject\",\"inLanguage\":\"en-US\",\"@id\":\"https:\\\/\\\/ervy.ch\\\/#\\\/schema\\\/logo\\\/image\\\/\",\"url\":\"https:\\\/\\\/ervy.ch\\\/wp-content\\\/uploads\\\/2021\\\/03\\\/cropped-ERVY-Logo_JUST-SPORTS_Hintergrund_300x300.png\",\"contentUrl\":\"https:\\\/\\\/ervy.ch\\\/wp-content\\\/uploads\\\/2021\\\/03\\\/cropped-ERVY-Logo_JUST-SPORTS_Hintergrund_300x300.png\",\"width\":512,\"height\":512,\"caption\":\"ERVY Sports Fashion GmbH\"},\"image\":{\"@id\":\"https:\\\/\\\/ervy.ch\\\/#\\\/schema\\\/logo\\\/image\\\/\"},\"sameAs\":[\"https:\\\/\\\/www.facebook.com\\\/ERVYSportsFashion\",\"https:\\\/\\\/www.instagram.com\\\/ervy_sports_fashion\\\/?hl=de\",\"https:\\\/\\\/www.pinterest.de\\\/ervysportsfashion\\\/\",\"https:\\\/\\\/www.youtube.com\\\/channel\\\/UCwzRAG_B8mAIfVPXGwfdYhA\",\"https:\\\/\\\/www.tiktok.com\\\/@ervysports\"]}]}<\/script>\n<meta property=\"og:availability\" content=\"instock\" \/>\n<meta property=\"product:availability\" content=\"instock\" \/>\n<meta property=\"product:retailer_item_id\" content=\"11668.09\/2\" \/>\n<meta property=\"product:condition\" content=\"new\" \/>\n<!-- \/ Yoast SEO Premium plugin. -->","yoast_head_json":{"title":"Turnanzug ORION\/2 - Turnanz\u00fcge Made in Germany","robots":{"index":"index","follow":"follow","max-snippet":"max-snippet:-1","max-image-preview":"max-image-preview:large","max-video-preview":"max-video-preview:-1"},"canonical":"https:\/\/ervy.ch\/produkt\/turnanzug-orion-2\/","og_locale":"en_US","og_type":"article","og_title":"Turnanzug ORION\/2","og_description":"Ervy Turnanzug 3\/4 Arm mit einem V-Ausschnitt vorne und hinten. Auf der Vorderseite befindet sich \u00fcber dem Brustbereich ein T\u00fclleinsatz mit F\u00fctterung, sowie Strasssteine auf der gesamten Vorderseite und den \u00c4rmeln im unteren Bereich.  Motiv: V120, B121","og_url":"https:\/\/ervy.ch\/produkt\/turnanzug-orion-2\/","og_site_name":"Turnanz\u00fcge Made in Germany","article_publisher":"https:\/\/www.facebook.com\/ERVYSportsFashion","article_modified_time":"2025-07-01T08:08:56+00:00","og_image":[{"width":700,"height":1000,"url":"https:\/\/ervy.ch\/wp-content\/uploads\/2021\/11\/11668.09_2_Orion_VT.jpg","type":"image\/jpeg"}],"twitter_card":"summary_large_image","twitter_misc":{"Availability":"In stock"},"schema":{"@context":"https:\/\/schema.org","@graph":[{"@type":"WebPage","@id":"https:\/\/ervy.ch\/produkt\/turnanzug-orion-2\/","url":"https:\/\/ervy.ch\/produkt\/turnanzug-orion-2\/","name":"Turnanzug ORION\/2 - Turnanz\u00fcge Made in Germany","isPartOf":{"@id":"https:\/\/ervy.ch\/#website"},"primaryImageOfPage":{"@id":"https:\/\/ervy.ch\/produkt\/turnanzug-orion-2\/#primaryimage"},"image":{"@id":"https:\/\/ervy.ch\/produkt\/turnanzug-orion-2\/#primaryimage"},"thumbnailUrl":"https:\/\/ervy.ch\/wp-content\/uploads\/2021\/11\/11668.09_2_Orion_VT.jpg","datePublished":"2021-12-01T10:27:15+00:00","dateModified":"2025-07-01T08:08:56+00:00","breadcrumb":{"@id":"https:\/\/ervy.ch\/produkt\/turnanzug-orion-2\/#breadcrumb"},"inLanguage":"en-US","potentialAction":[{"@type":"ReadAction","target":["https:\/\/ervy.ch\/produkt\/turnanzug-orion-2\/"]}]},{"@type":"ImageObject","inLanguage":"en-US","@id":"https:\/\/ervy.ch\/produkt\/turnanzug-orion-2\/#primaryimage","url":"https:\/\/ervy.ch\/wp-content\/uploads\/2021\/11\/11668.09_2_Orion_VT.jpg","contentUrl":"https:\/\/ervy.ch\/wp-content\/uploads\/2021\/11\/11668.09_2_Orion_VT.jpg","width":700,"height":1000,"caption":"Turnanzug 3\/4 Arm in dunkelblau mit tollem Strassmotiv"},{"@type":"BreadcrumbList","@id":"https:\/\/ervy.ch\/produkt\/turnanzug-orion-2\/#breadcrumb","itemListElement":[{"@type":"ListItem","position":1,"name":"Startseite","item":"https:\/\/ervy.ch\/"},{"@type":"ListItem","position":2,"name":"Shop","item":"https:\/\/ervy.ch\/shop\/"},{"@type":"ListItem","position":3,"name":"Turnanzug ORION\/2"}]},{"@type":"WebSite","@id":"https:\/\/ervy.ch\/#website","url":"https:\/\/ervy.ch\/","name":"Turnanz\u00fcge Made in Germany","description":"ERVY Schweiz-Vertretung","publisher":{"@id":"https:\/\/ervy.ch\/#organization"},"potentialAction":[{"@type":"SearchAction","target":{"@type":"EntryPoint","urlTemplate":"https:\/\/ervy.ch\/?s={search_term_string}"},"query-input":{"@type":"PropertyValueSpecification","valueRequired":true,"valueName":"search_term_string"}}],"inLanguage":"en-US"},{"@type":"Organization","@id":"https:\/\/ervy.ch\/#organization","name":"ERVY Sports Fashion GmbH","url":"https:\/\/ervy.ch\/","logo":{"@type":"ImageObject","inLanguage":"en-US","@id":"https:\/\/ervy.ch\/#\/schema\/logo\/image\/","url":"https:\/\/ervy.ch\/wp-content\/uploads\/2021\/03\/cropped-ERVY-Logo_JUST-SPORTS_Hintergrund_300x300.png","contentUrl":"https:\/\/ervy.ch\/wp-content\/uploads\/2021\/03\/cropped-ERVY-Logo_JUST-SPORTS_Hintergrund_300x300.png","width":512,"height":512,"caption":"ERVY Sports Fashion GmbH"},"image":{"@id":"https:\/\/ervy.ch\/#\/schema\/logo\/image\/"},"sameAs":["https:\/\/www.facebook.com\/ERVYSportsFashion","https:\/\/www.instagram.com\/ervy_sports_fashion\/?hl=de","https:\/\/www.pinterest.de\/ervysportsfashion\/","https:\/\/www.youtube.com\/channel\/UCwzRAG_B8mAIfVPXGwfdYhA","https:\/\/www.tiktok.com\/@ervysports"]}]},"og_availability":"instock","product_availability":"instock","product_retailer_item_id":"11668.09\/2","product_condition":"new"},"_links":{"self":[{"href":"https:\/\/ervy.ch\/en\/wp-json\/wp\/v2\/product\/28968","targetHints":{"allow":["GET"]}}],"collection":[{"href":"https:\/\/ervy.ch\/en\/wp-json\/wp\/v2\/product"}],"about":[{"href":"https:\/\/ervy.ch\/en\/wp-json\/wp\/v2\/types\/product"}],"wp:featuredmedia":[{"embeddable":true,"href":"https:\/\/ervy.ch\/en\/wp-json\/wp\/v2\/media\/28646"}],"wp:attachment":[{"href":"https:\/\/ervy.ch\/en\/wp-json\/wp\/v2\/media?parent=28968"}],"wp:term":[{"taxonomy":"product_brand","embeddable":true,"href":"https:\/\/ervy.ch\/en\/wp-json\/wp\/v2\/product_brand?post=28968"},{"taxonomy":"product_cat","embeddable":true,"href":"https:\/\/ervy.ch\/en\/wp-json\/wp\/v2\/product_cat?post=28968"},{"taxonomy":"product_tag","embeddable":true,"href":"https:\/\/ervy.ch\/en\/wp-json\/wp\/v2\/product_tag?post=28968"}],"curies":[{"name":"wp","href":"https:\/\/api.w.org\/{rel}","templated":true}]}}