{"id":28516,"date":"2021-11-24T08:58:54","date_gmt":"2021-11-24T07:58:54","guid":{"rendered":"https:\/\/ervy.de\/?post_type=product&#038;p=28516"},"modified":"2024-11-14T17:23:21","modified_gmt":"2024-11-14T16:23:21","slug":"turnanzug-enya-4-aermellos-schwarz-muster-flammen-pailletten","status":"publish","type":"product","link":"https:\/\/ervy.ch\/en\/product\/turnanzug-enya-4-aermellos-schwarz-muster-flammen-pailletten\/","title":{"rendered":"Turnanzug ENYA\/4"},"content":{"rendered":"<p style=\"padding-left: 40px;\"><strong>Passform<\/strong><b><br \/>\n<strong>Modelgr\u00f6\u00dfe: <\/strong><\/b>Unser Model ist 160 cm gro\u00df und tr\u00e4gt Gr\u00f6\u00dfe 34<br \/>\n<strong>Brustumfang:<\/strong> 90 cm<br \/>\n<strong>Taillenumfang:<\/strong> 70 cm<br \/>\n<strong>H\u00fcftumfang:<\/strong> 80 cm<\/p>\n<ul>\n<li>Der ausdrucksstarke Turnanzug ENYA\/4 mit einem feurigen Design und Pailletten l\u00e4sst dich bei jedem Auftritt und Wettkampf strahlen.<\/li>\n<li>Den Wettkampfanzug ENYA\/4 kannst du in Kinder- oder Erwachsenengr\u00f6\u00dfen bestellen. Weitere Gr\u00f6\u00dfen sind auf <a href=\"\/?page_id=900\">Anfrage<\/a> und gegen Mehrpreis m\u00f6glich.<\/li>\n<li>M\u00f6chtest du den Turnanzug mit 3\/4-Arm oder mit langen Armen? Kein Problem! <a href=\"\/?page_id=900\">Schreib uns!<\/a><\/li>\n<li>Selbstverst\u00e4ndlich kannst du den Turnanzug ENYA\/4 jederzeit personalisieren. W\u00e4hle hierzu Deine Wunschmaterialien und Farben aus dem breiten <a href=\"\/?page_id=1006\">Stoffsortiment<\/a>. Dar\u00fcber hinaus kannst du den Turnanzug auf Wunsch auch mit <a href=\"https:\/\/ervy.ch\/strass-pailletten-druck\/\">Strass \u00a0<\/a>anstelle von Pailletten oder ganz ohne Glitzer bestellen. Personalisierungen kannst du \u00fcber unseren <a href=\"https:\/\/ervy.ch\/heaendlersuche\/\">Fachhandel<\/a>\u00a0vornehmen.<\/li>\n<\/ul>\n<h3><\/h3>\n<table style=\"height: 333px; width: 99.2077%; border-collapse: collapse;\">\n<tbody>\n<tr style=\"height: 91px;\">\n<td style=\"width: 21.4507%; height: 10px;\"><strong><span style=\"font-size: 18px;\">Materialien und Farben:<\/span><\/strong><\/td>\n<td style=\"width: 24.7421%; height: 10px;\"><strong>\u00a0<\/strong><\/td>\n<td style=\"width: 23.1065%; height: 10px;\"><strong>\u00a0<\/strong><\/td>\n<td style=\"width: 55.27%; height: 333px;\" rowspan=\"5\">\n<p style=\"text-align: center;\"><strong><span style=\"font-size: 18px;\">Farbkennzeichnung<\/span><\/strong><\/p>\n<p><img fetchpriority=\"high\" decoding=\"async\" class=\"wp-image-33481\" src=\"https:\/\/ervy.ch\/wp-content\/uploads\/2022\/03\/ERVY_ENYA_11890-07_4_Stoffe-_Farben-210x300.jpg\" alt=\"ERVY Kennzeichnung Farben und Stoffe, Turnanzug ohne Arm, in schwarz mit Flammenapplikationen in orange\" width=\"400\" height=\"571\" srcset=\"https:\/\/ervy.ch\/wp-content\/uploads\/2022\/03\/ERVY_ENYA_11890-07_4_Stoffe-_Farben-400x571.jpg 400w, https:\/\/ervy.ch\/wp-content\/uploads\/2022\/03\/ERVY_ENYA_11890-07_4_Stoffe-_Farben-367x524.jpg 367w\" sizes=\"(max-width: 400px) 100vw, 400px\" \/><\/td>\n<\/tr>\n<tr style=\"height: 10px;\">\n<td style=\"width: 21.4507%; height: 123px;\"><strong>Polyamid matt:<\/strong><br \/>\n82% Polyamid<br \/>\n18% Elasthan<\/td>\n<td style=\"width: 24.7421%; height: 123px;\"><strong>Farbe C1<\/strong><\/td>\n<td style=\"width: 23.1065%; height: 123px;\"><strong>37A1-schwarz<\/strong><\/td>\n<\/tr>\n<tr style=\"height: 10px;\">\n<td style=\"width: 21.4507%; height: 10px;\"><a href=\"\/?p=3192\"><strong>Lack Shine:<\/strong><\/a><br \/>\n82% Polyamid<br \/>\n<span style=\"font-family: inherit; font-size: inherit;\">18% Elasthan<\/span><\/td>\n<td style=\"width: 24.7421%; height: 10px;\"><strong>Farbe C2<\/strong><\/p>\n<p><strong>Farbe C3<\/strong><\/td>\n<td style=\"width: 23.1065%; height: 10px;\"><strong>16O6-tangerine<\/strong><\/p>\n<p><strong>16N4-orange<\/strong><\/td>\n<\/tr>\n<tr style=\"height: 48px;\">\n<td style=\"width: 21.4507%; height: 10px;\"><strong>\u00a0<\/strong><\/td>\n<td style=\"width: 24.7421%; height: 10px;\"><\/td>\n<td style=\"width: 23.1065%; height: 10px;\"><\/td>\n<\/tr>\n<tr style=\"height: 83px;\">\n<td style=\"width: 21.4507%; height: 180px;\"><strong>\u00a0<\/strong><\/td>\n<td style=\"width: 24.7421%; height: 180px;\"><\/td>\n<td style=\"width: 23.1065%; height: 180px;\"><\/td>\n<\/tr>\n<\/tbody>\n<\/table>\n","protected":false},"excerpt":{"rendered":"<p>Turnanzug ENYA\/4 im <strong>feurigen Look<\/strong>. Der Wettkampfanzug ENYA\/4 besteht aus einem matten, schwarzen Hauptmaterial. Der Turnanzug ist \u00e4rmellos und hat einen runden Halsausschnitt vorne und hinten. F\u00fcr einen <strong>besonderen Effekt<\/strong> sorgt ein <strong>Paillettenmotiv<\/strong> auf der Brust (B614). Als <strong>glanzvoller Kontrast<\/strong> sorgt das flammenf\u00f6rmige Motiv im Oberteil. Damit ist der Turnanzug ein <strong>modischer<\/strong> und <strong>aussagekr\u00e4ftiger Hingucker<\/strong> bei jedem <strong>Training<\/strong> und <strong>Wettkampf<\/strong>.<\/p>\n<p>Dieses Produkt wird in deiner <strong>Wunschgr\u00f6\u00dfe<\/strong> und deiner <strong>Zusammenstellung<\/strong> eigens f\u00fcr dich angefertigt. Es handelt sich somit um eine <strong>Sonderanfertigung<\/strong>, welche von <strong>R\u00fcckgabe <\/strong>und <strong>Umtausch ausgeschlossen<\/strong> ist.<\/p>\n","protected":false},"featured_media":28521,"template":"","meta":[],"product_brand":[],"product_cat":[777,90],"product_tag":[945,620,1100,515,514,364,1058,1081,940,944,943,520],"class_list":{"0":"post-28516","1":"product","2":"type-product","3":"status-publish","4":"has-post-thumbnail","6":"product_cat-shop","7":"product_cat-turnanzuege-fuer-training-und-wettkampf","8":"product_tag-gymnastics-leotard","9":"product_tag-gymnastikanzug","10":"product_tag-gymnastikdragt","11":"product_tag-justaucorps","12":"product_tag-leotard","13":"product_tag-turnanzug","14":"product_tag-turnanzug-damen","15":"product_tag-turnanzug-fuer-maedchen","16":"product_tag-turnanzug-ohne-arm","17":"product_tag-turnanzug-schwarz","18":"product_tag-turnanzung-maedchen","19":"product_tag-turnpakje","20":"pa_armlaenge-aermellos","21":"pa_farbe-orange","22":"pa_farbe-schwarz","23":"pa_farbe-tangerine","24":"pa_groesse-786","25":"pa_groesse-787","26":"pa_groesse-788","27":"pa_groesse-789","28":"pa_groesse-790","29":"pa_groesse-791","30":"pa_groesse-792","31":"pa_groesse-793","32":"pa_groesse-794","33":"pa_groesse-795","34":"pa_groesse-796","35":"pa_groesse-797","36":"pa_groesse-798","37":"pa_groesse-799","38":"pa_grundfarbe-orange","39":"pa_grundfarbe-schwarz","40":"pa_halsformen-rundhalsausschnitt","41":"pa_material-lack-shine","42":"pa_material-polyamid-matt","43":"pa_produktart-turnanzug","44":"pa_styles-neuheiten","45":"pa_veredelung-pailletten","47":"first","48":"onbackorder","49":"taxable","50":"shipping-taxable","51":"purchasable","52":"product-type-variable"},"yoast_head":"<!-- This site is optimized with the Yoast SEO Premium plugin v26.9 (Yoast SEO v27.2) - https:\/\/yoast.com\/product\/yoast-seo-premium-wordpress\/ -->\n<title>Turnanzug ENYA\/4 - Turnanz\u00fcge Made in Germany<\/title>\n<meta name=\"description\" content=\"Turnanzug ENYA\/4 ohne Arm. Wettkampfanzug in schwarz mit Flammenmuster. Turnanzug mit Pailletten. F\u00fcr Training und Wettk\u00e4mpfe geeignet.\" \/>\n<meta name=\"robots\" content=\"index, follow, max-snippet:-1, max-image-preview:large, max-video-preview:-1\" \/>\n<link rel=\"canonical\" href=\"https:\/\/ervy.ch\/produkt\/turnanzug-enya-4-aermellos-schwarz-muster-flammen-pailletten\/\" \/>\n<meta property=\"og:locale\" content=\"en_US\" \/>\n<meta property=\"og:type\" content=\"article\" \/>\n<meta property=\"og:title\" content=\"Turnanzug ENYA\/4\" \/>\n<meta property=\"og:description\" content=\"Turnanzug ENYA\/4 ohne Arm. Wettkampfanzug in schwarz mit Flammenmuster. Turnanzug mit Pailletten. F\u00fcr Training und Wettk\u00e4mpfe geeignet.\" \/>\n<meta property=\"og:url\" content=\"https:\/\/ervy.ch\/produkt\/turnanzug-enya-4-aermellos-schwarz-muster-flammen-pailletten\/\" \/>\n<meta property=\"og:site_name\" content=\"Turnanz\u00fcge Made in Germany\" \/>\n<meta property=\"article:publisher\" content=\"https:\/\/www.facebook.com\/ERVYSportsFashion\" \/>\n<meta property=\"article:modified_time\" content=\"2024-11-14T16:23:21+00:00\" \/>\n<meta property=\"og:image\" content=\"https:\/\/ervy.ch\/wp-content\/uploads\/2021\/11\/ENYA_11890-07_4_ST_2.jpg\" \/>\n\t<meta property=\"og:image:width\" content=\"700\" \/>\n\t<meta property=\"og:image:height\" content=\"1000\" \/>\n\t<meta property=\"og:image:type\" content=\"image\/jpeg\" \/>\n<meta name=\"twitter:card\" content=\"summary_large_image\" \/>\n<meta name=\"twitter:label1\" content=\"Availability\" \/>\n\t<meta name=\"twitter:data1\" content=\"On backorder\" \/>\n<script type=\"application\/ld+json\" class=\"yoast-schema-graph\">{\"@context\":\"https:\/\/schema.org\",\"@graph\":[{\"@type\":\"WebPage\",\"@id\":\"https:\/\/ervy.ch\/produkt\/turnanzug-enya-4-aermellos-schwarz-muster-flammen-pailletten\/\",\"url\":\"https:\/\/ervy.ch\/produkt\/turnanzug-enya-4-aermellos-schwarz-muster-flammen-pailletten\/\",\"name\":\"Turnanzug ENYA\/4 - Turnanz\u00fcge Made in Germany\",\"isPartOf\":{\"@id\":\"https:\/\/ervy.ch\/#website\"},\"primaryImageOfPage\":{\"@id\":\"https:\/\/ervy.ch\/produkt\/turnanzug-enya-4-aermellos-schwarz-muster-flammen-pailletten\/#primaryimage\"},\"image\":{\"@id\":\"https:\/\/ervy.ch\/produkt\/turnanzug-enya-4-aermellos-schwarz-muster-flammen-pailletten\/#primaryimage\"},\"thumbnailUrl\":\"https:\/\/ervy.ch\/wp-content\/uploads\/2021\/11\/ENYA_11890-07_4_ST_2.jpg\",\"datePublished\":\"2021-11-24T07:58:54+00:00\",\"dateModified\":\"2024-11-14T16:23:21+00:00\",\"description\":\"Turnanzug ENYA\/4 ohne Arm. Wettkampfanzug in schwarz mit Flammenmuster. Turnanzug mit Pailletten. F\u00fcr Training und Wettk\u00e4mpfe geeignet.\",\"breadcrumb\":{\"@id\":\"https:\/\/ervy.ch\/produkt\/turnanzug-enya-4-aermellos-schwarz-muster-flammen-pailletten\/#breadcrumb\"},\"inLanguage\":\"en-US\",\"potentialAction\":[{\"@type\":\"ReadAction\",\"target\":[\"https:\/\/ervy.ch\/produkt\/turnanzug-enya-4-aermellos-schwarz-muster-flammen-pailletten\/\"]}]},{\"@type\":\"ImageObject\",\"inLanguage\":\"en-US\",\"@id\":\"https:\/\/ervy.ch\/produkt\/turnanzug-enya-4-aermellos-schwarz-muster-flammen-pailletten\/#primaryimage\",\"url\":\"https:\/\/ervy.ch\/wp-content\/uploads\/2021\/11\/ENYA_11890-07_4_ST_2.jpg\",\"contentUrl\":\"https:\/\/ervy.ch\/wp-content\/uploads\/2021\/11\/ENYA_11890-07_4_ST_2.jpg\",\"width\":700,\"height\":1000,\"caption\":\"Wettkampfanzug \u00e4rmellos, in schwarz, Flammen vorne und hinten, Pailletten vorne\"},{\"@type\":\"BreadcrumbList\",\"@id\":\"https:\/\/ervy.ch\/produkt\/turnanzug-enya-4-aermellos-schwarz-muster-flammen-pailletten\/#breadcrumb\",\"itemListElement\":[{\"@type\":\"ListItem\",\"position\":1,\"name\":\"Startseite\",\"item\":\"https:\/\/ervy.ch\/\"},{\"@type\":\"ListItem\",\"position\":2,\"name\":\"Shop\",\"item\":\"https:\/\/ervy.ch\/shop\/\"},{\"@type\":\"ListItem\",\"position\":3,\"name\":\"Turnanzug ENYA\/4\"}]},{\"@type\":\"WebSite\",\"@id\":\"https:\/\/ervy.ch\/#website\",\"url\":\"https:\/\/ervy.ch\/\",\"name\":\"Turnanz\u00fcge Made in Germany\",\"description\":\"ERVY Schweiz-Vertretung\",\"publisher\":{\"@id\":\"https:\/\/ervy.ch\/#organization\"},\"potentialAction\":[{\"@type\":\"SearchAction\",\"target\":{\"@type\":\"EntryPoint\",\"urlTemplate\":\"https:\/\/ervy.ch\/?s={search_term_string}\"},\"query-input\":{\"@type\":\"PropertyValueSpecification\",\"valueRequired\":true,\"valueName\":\"search_term_string\"}}],\"inLanguage\":\"en-US\"},{\"@type\":\"Organization\",\"@id\":\"https:\/\/ervy.ch\/#organization\",\"name\":\"ERVY Sports Fashion GmbH\",\"url\":\"https:\/\/ervy.ch\/\",\"logo\":{\"@type\":\"ImageObject\",\"inLanguage\":\"en-US\",\"@id\":\"https:\/\/ervy.ch\/#\/schema\/logo\/image\/\",\"url\":\"https:\/\/ervy.ch\/wp-content\/uploads\/2021\/03\/cropped-ERVY-Logo_JUST-SPORTS_Hintergrund_300x300.png\",\"contentUrl\":\"https:\/\/ervy.ch\/wp-content\/uploads\/2021\/03\/cropped-ERVY-Logo_JUST-SPORTS_Hintergrund_300x300.png\",\"width\":512,\"height\":512,\"caption\":\"ERVY Sports Fashion GmbH\"},\"image\":{\"@id\":\"https:\/\/ervy.ch\/#\/schema\/logo\/image\/\"},\"sameAs\":[\"https:\/\/www.facebook.com\/ERVYSportsFashion\",\"https:\/\/www.instagram.com\/ervy_sports_fashion\/?hl=de\",\"https:\/\/www.pinterest.de\/ervysportsfashion\/\",\"https:\/\/www.youtube.com\/channel\/UCwzRAG_B8mAIfVPXGwfdYhA\",\"https:\/\/www.tiktok.com\/@ervysports\"]}]}<\/script>\n<meta property=\"og:availability\" content=\"backorder\" \/>\n<meta property=\"product:availability\" content=\"available for order\" \/>\n<meta property=\"product:retailer_item_id\" content=\"11890.07\/4\" \/>\n<meta property=\"product:condition\" content=\"new\" \/>\n<!-- \/ Yoast SEO Premium plugin. -->","yoast_head_json":{"title":"Turnanzug ENYA\/4 - Turnanz\u00fcge Made in Germany","description":"Turnanzug ENYA\/4 ohne Arm. Wettkampfanzug in schwarz mit Flammenmuster. Turnanzug mit Pailletten. F\u00fcr Training und Wettk\u00e4mpfe geeignet.","robots":{"index":"index","follow":"follow","max-snippet":"max-snippet:-1","max-image-preview":"max-image-preview:large","max-video-preview":"max-video-preview:-1"},"canonical":"https:\/\/ervy.ch\/produkt\/turnanzug-enya-4-aermellos-schwarz-muster-flammen-pailletten\/","og_locale":"en_US","og_type":"article","og_title":"Turnanzug ENYA\/4","og_description":"Turnanzug ENYA\/4 ohne Arm. Wettkampfanzug in schwarz mit Flammenmuster. Turnanzug mit Pailletten. F\u00fcr Training und Wettk\u00e4mpfe geeignet.","og_url":"https:\/\/ervy.ch\/produkt\/turnanzug-enya-4-aermellos-schwarz-muster-flammen-pailletten\/","og_site_name":"Turnanz\u00fcge Made in Germany","article_publisher":"https:\/\/www.facebook.com\/ERVYSportsFashion","article_modified_time":"2024-11-14T16:23:21+00:00","og_image":[{"width":700,"height":1000,"url":"https:\/\/ervy.ch\/wp-content\/uploads\/2021\/11\/ENYA_11890-07_4_ST_2.jpg","type":"image\/jpeg"}],"twitter_card":"summary_large_image","twitter_misc":{"Availability":"On backorder"},"schema":{"@context":"https:\/\/schema.org","@graph":[{"@type":"WebPage","@id":"https:\/\/ervy.ch\/produkt\/turnanzug-enya-4-aermellos-schwarz-muster-flammen-pailletten\/","url":"https:\/\/ervy.ch\/produkt\/turnanzug-enya-4-aermellos-schwarz-muster-flammen-pailletten\/","name":"Turnanzug ENYA\/4 - Turnanz\u00fcge Made in Germany","isPartOf":{"@id":"https:\/\/ervy.ch\/#website"},"primaryImageOfPage":{"@id":"https:\/\/ervy.ch\/produkt\/turnanzug-enya-4-aermellos-schwarz-muster-flammen-pailletten\/#primaryimage"},"image":{"@id":"https:\/\/ervy.ch\/produkt\/turnanzug-enya-4-aermellos-schwarz-muster-flammen-pailletten\/#primaryimage"},"thumbnailUrl":"https:\/\/ervy.ch\/wp-content\/uploads\/2021\/11\/ENYA_11890-07_4_ST_2.jpg","datePublished":"2021-11-24T07:58:54+00:00","dateModified":"2024-11-14T16:23:21+00:00","description":"Turnanzug ENYA\/4 ohne Arm. Wettkampfanzug in schwarz mit Flammenmuster. Turnanzug mit Pailletten. F\u00fcr Training und Wettk\u00e4mpfe geeignet.","breadcrumb":{"@id":"https:\/\/ervy.ch\/produkt\/turnanzug-enya-4-aermellos-schwarz-muster-flammen-pailletten\/#breadcrumb"},"inLanguage":"en-US","potentialAction":[{"@type":"ReadAction","target":["https:\/\/ervy.ch\/produkt\/turnanzug-enya-4-aermellos-schwarz-muster-flammen-pailletten\/"]}]},{"@type":"ImageObject","inLanguage":"en-US","@id":"https:\/\/ervy.ch\/produkt\/turnanzug-enya-4-aermellos-schwarz-muster-flammen-pailletten\/#primaryimage","url":"https:\/\/ervy.ch\/wp-content\/uploads\/2021\/11\/ENYA_11890-07_4_ST_2.jpg","contentUrl":"https:\/\/ervy.ch\/wp-content\/uploads\/2021\/11\/ENYA_11890-07_4_ST_2.jpg","width":700,"height":1000,"caption":"Wettkampfanzug \u00e4rmellos, in schwarz, Flammen vorne und hinten, Pailletten vorne"},{"@type":"BreadcrumbList","@id":"https:\/\/ervy.ch\/produkt\/turnanzug-enya-4-aermellos-schwarz-muster-flammen-pailletten\/#breadcrumb","itemListElement":[{"@type":"ListItem","position":1,"name":"Startseite","item":"https:\/\/ervy.ch\/"},{"@type":"ListItem","position":2,"name":"Shop","item":"https:\/\/ervy.ch\/shop\/"},{"@type":"ListItem","position":3,"name":"Turnanzug ENYA\/4"}]},{"@type":"WebSite","@id":"https:\/\/ervy.ch\/#website","url":"https:\/\/ervy.ch\/","name":"Turnanz\u00fcge Made in Germany","description":"ERVY Schweiz-Vertretung","publisher":{"@id":"https:\/\/ervy.ch\/#organization"},"potentialAction":[{"@type":"SearchAction","target":{"@type":"EntryPoint","urlTemplate":"https:\/\/ervy.ch\/?s={search_term_string}"},"query-input":{"@type":"PropertyValueSpecification","valueRequired":true,"valueName":"search_term_string"}}],"inLanguage":"en-US"},{"@type":"Organization","@id":"https:\/\/ervy.ch\/#organization","name":"ERVY Sports Fashion GmbH","url":"https:\/\/ervy.ch\/","logo":{"@type":"ImageObject","inLanguage":"en-US","@id":"https:\/\/ervy.ch\/#\/schema\/logo\/image\/","url":"https:\/\/ervy.ch\/wp-content\/uploads\/2021\/03\/cropped-ERVY-Logo_JUST-SPORTS_Hintergrund_300x300.png","contentUrl":"https:\/\/ervy.ch\/wp-content\/uploads\/2021\/03\/cropped-ERVY-Logo_JUST-SPORTS_Hintergrund_300x300.png","width":512,"height":512,"caption":"ERVY Sports Fashion GmbH"},"image":{"@id":"https:\/\/ervy.ch\/#\/schema\/logo\/image\/"},"sameAs":["https:\/\/www.facebook.com\/ERVYSportsFashion","https:\/\/www.instagram.com\/ervy_sports_fashion\/?hl=de","https:\/\/www.pinterest.de\/ervysportsfashion\/","https:\/\/www.youtube.com\/channel\/UCwzRAG_B8mAIfVPXGwfdYhA","https:\/\/www.tiktok.com\/@ervysports"]}]},"og_availability":"backorder","product_availability":"available for order","product_retailer_item_id":"11890.07\/4","product_condition":"new"},"_links":{"self":[{"href":"https:\/\/ervy.ch\/en\/wp-json\/wp\/v2\/product\/28516","targetHints":{"allow":["GET"]}}],"collection":[{"href":"https:\/\/ervy.ch\/en\/wp-json\/wp\/v2\/product"}],"about":[{"href":"https:\/\/ervy.ch\/en\/wp-json\/wp\/v2\/types\/product"}],"wp:featuredmedia":[{"embeddable":true,"href":"https:\/\/ervy.ch\/en\/wp-json\/wp\/v2\/media\/28521"}],"wp:attachment":[{"href":"https:\/\/ervy.ch\/en\/wp-json\/wp\/v2\/media?parent=28516"}],"wp:term":[{"taxonomy":"product_brand","embeddable":true,"href":"https:\/\/ervy.ch\/en\/wp-json\/wp\/v2\/product_brand?post=28516"},{"taxonomy":"product_cat","embeddable":true,"href":"https:\/\/ervy.ch\/en\/wp-json\/wp\/v2\/product_cat?post=28516"},{"taxonomy":"product_tag","embeddable":true,"href":"https:\/\/ervy.ch\/en\/wp-json\/wp\/v2\/product_tag?post=28516"}],"curies":[{"name":"wp","href":"https:\/\/api.w.org\/{rel}","templated":true}]}}