{"id":25313,"date":"2021-10-20T09:20:46","date_gmt":"2021-10-20T07:20:46","guid":{"rendered":"https:\/\/ervy.de\/?post_type=product&#038;p=25313"},"modified":"2026-01-24T11:26:49","modified_gmt":"2026-01-24T10:26:49","slug":"wettkampfanzug-elsy-5-turnanzug-elegant-langarm-schwarz-silber-motiv-geschwungen-strass-glitzer","status":"publish","type":"product","link":"https:\/\/ervy.ch\/en\/product\/wettkampfanzug-elsy-5-turnanzug-elegant-langarm-schwarz-silber-motiv-geschwungen-strass-glitzer\/","title":{"rendered":"Wettkampfanzug ELSY\/5"},"content":{"rendered":"<ul>\n<li>Der Gala-Turnanzug ELSY\/5 ist wie geschaffen f\u00fcr Wettk\u00e4mpfe und Showauftritte.<\/li>\n<li>Den Wettkampfanzug ELSY\/5 kannst du in Kinder- oder Erwachsenengr\u00f6\u00dfen bestellen. Weitere Gr\u00f6\u00dfen sind auf <strong><a href=\"\/?page_id=900\">Anfrage<\/a> <\/strong>und gegen Mehrpreis m\u00f6glich.<\/li>\n<li>M\u00f6chtest du den Turnanzug ohne Arm oder mit langen Armen? Kein Problem! <strong><a href=\"\/?page_id=900\">Schreib uns!<\/a><\/strong><\/li>\n<li>Selbstverst\u00e4ndlich kannst du den Turnanzug ELSY\/5 jederzeit personalisieren. W\u00e4hle hierzu deine Wunschmaterialien und Farben aus dem breiten <strong><a href=\"\/?page_id=1006\">Stoffsortiment<\/a>.<\/strong> Dar\u00fcber hinaus kannst du den Wettkampfanzug auf Wunsch auch mit <strong><a href=\"https:\/\/ervy.ch\/strass-pailletten-druck\/\">Pailletten <\/a><\/strong>bestellen. Personalisierungen kannst du \u00fcber unseren<strong> <a href=\"https:\/\/ervy.ch\/heaendlersuche\/\">Fachhandel<\/a><\/strong>\u00a0vornehmen.<\/li>\n<\/ul>\n<p><span style=\"font-size: 18px;\"><strong>Materialien und Farben:<\/strong><\/span><\/p>\n<table style=\"border-collapse: collapse; width: 100%; height: 216px;\">\n<tbody>\n<tr style=\"height: 72px;\">\n<td style=\"width: 33.3333%; height: 72px;\"><a href=\"\/?p=3192\"><strong>Lack Shine:<\/strong><\/a><br \/>\n82% Polyamid<br \/>\n18% Elasthan<\/td>\n<td style=\"width: 33.3333%; height: 72px;\"><strong>Farbe C1<br \/>\nFarbe C3 + Arm &#8211; und Halseinfassung (AHB)<\/strong><\/td>\n<td style=\"width: 33.3333%; height: 72px;\"><strong>16A1-schwarz<br \/>\n16A2-graphit<\/strong><\/td>\n<\/tr>\n<tr style=\"height: 72px;\">\n<td style=\"width: 33.3333%; height: 72px;\"><a href=\"\/?p=1435\"><strong>T\u00fcll elastisch:<\/strong><\/a><br \/>\n92% Polyamid<br \/>\n8% Elasthan<\/td>\n<td style=\"width: 33.3333%; height: 72px;\"><strong>Farbe C2<\/strong><\/td>\n<td style=\"width: 33.3333%; height: 72px;\"><strong>02A1-schwarz<\/strong><\/td>\n<\/tr>\n<tr style=\"height: 72px;\">\n<td style=\"width: 33.3333%; height: 72px;\"><a href=\"\/?p=1439\"><strong>Mikrofaser:<\/strong><\/a><br \/>\n90% Polyamid<br \/>\n10% Elasthan<\/td>\n<td style=\"width: 33.3333%; height: 72px;\"><strong>Farbe C4 (F\u00fctterung)<\/strong><\/td>\n<td style=\"width: 33.3333%; height: 72px;\"><strong>03G2-haut<\/strong><\/td>\n<\/tr>\n<\/tbody>\n<\/table>\n","protected":false},"excerpt":{"rendered":"<p><strong>Eleganter<\/strong> schwarzer Wettkampfanzug ELSY\/5 mit 3\/4 langen \u00c4rmeln, die V-f\u00f6rmig enden. Der Turnanzug hat einen V-Ausschnitt vorne und breiten tiefen V-Halsausschnitt hinten. Der Turnanzug ist oberhalb der Brust, oberhalb des R\u00fcckens und an beiden Armen mit <strong>T\u00fcll<\/strong> versehen. Der T\u00fcllbereich oberhalb der Brust und im R\u00fccken ist <strong>mit Eins\u00e4tzen gef\u00fcttert<\/strong>. Der Wettkampfanzug ELSY\/5 mit <strong>geometrischen Formen<\/strong> besticht durch seine <strong>schlichte Eleganz.<\/strong><\/p>\n<p>Der <strong>glamour\u00f6se<\/strong> Turnanzug ELSY\/5 <strong>verzaubert<\/strong> mit vielen Strasssteinen. Der Wettkampfanzug ELSY\/5 hat einzelne Steine auf den Schultern vorne und hinten sowie im R\u00fccken. Ein\u00a0<strong>Strassmotiv<\/strong> auf der Brust (B041) und Strasssteinen auf beiden \u00c4rmeln (O439) und einzelne Strasssteine auf dem T\u00fcll im Oberteil vorne und hinten. In schwarz und graphit gehalten, kommt der <strong>Strass<\/strong> auf dem Turnanzug <strong>besonders gut zur Geltung<\/strong>.<\/p>\n<p>Dieses Produkt wird in deiner <strong>Wunschgr\u00f6\u00dfe<\/strong> und deiner <strong>Zusammenstellung<\/strong> eigens f\u00fcr dich angefertigt. Es handelt sich somit um eine <strong>Sonderanfertigung<\/strong>, welche von <strong>R\u00fcckgabe <\/strong>und <strong>Umtausch ausgeschlossen<\/strong> ist.<\/p>\n","protected":false},"featured_media":25314,"template":"","meta":[],"product_brand":[],"product_cat":[777,90],"product_tag":[945,515,947,946,514,364,944,943,520,512],"class_list":{"0":"post-25313","1":"product","2":"type-product","3":"status-publish","4":"has-post-thumbnail","6":"product_cat-shop","7":"product_cat-turnanzuege-fuer-training-und-wettkampf","8":"product_tag-gymnastics-leotard","9":"product_tag-justaucorps","10":"product_tag-justaucrops-gymnastique","11":"product_tag-justo","12":"product_tag-leotard","13":"product_tag-turnanzug","14":"product_tag-turnanzug-schwarz","15":"product_tag-turnanzung-maedchen","16":"product_tag-turnpakje","17":"product_tag-wettkampfanzug","18":"pa_armlaenge-3-4-arm","19":"pa_farbe-graphit","20":"pa_farbe-schwarz","21":"pa_groesse-786","22":"pa_groesse-787","23":"pa_groesse-788","24":"pa_groesse-789","25":"pa_groesse-790","26":"pa_groesse-791","27":"pa_groesse-792","28":"pa_groesse-793","29":"pa_groesse-794","30":"pa_groesse-795","31":"pa_groesse-796","32":"pa_groesse-797","33":"pa_groesse-798","34":"pa_groesse-799","35":"pa_grundfarbe-schwarz","36":"pa_halsformen-v-ausschnitt","37":"pa_material-lack-shine","38":"pa_material-mikrofaser","39":"pa_material-tuell-elastisch","40":"pa_produktart-turnanzug","41":"pa_veredelung-strass","43":"first","44":"onbackorder","45":"taxable","46":"shipping-taxable","47":"purchasable","48":"product-type-variable"},"yoast_head":"<!-- This site is optimized with the Yoast SEO Premium plugin v27.3 (Yoast SEO v27.4) - https:\/\/yoast.com\/product\/yoast-seo-premium-wordpress\/ -->\n<title>Wettkampfanzug ELSY\/5 - Turnanz\u00fcge Made in Germany<\/title>\n<meta name=\"description\" content=\"Wettkampfanzug ELSY\/5 mit 3\/4-Arm in schwarz. Eleganter Turnanzug mit grauen Streifen im Oberteil und Strass vorne, hinten und an den Armen.\" \/>\n<meta name=\"robots\" content=\"index, follow, max-snippet:-1, max-image-preview:large, max-video-preview:-1\" \/>\n<link rel=\"canonical\" href=\"https:\/\/ervy.ch\/produkt\/wettkampfanzug-elsy-5-turnanzug-elegant-langarm-schwarz-silber-motiv-geschwungen-strass-glitzer\/\" \/>\n<meta property=\"og:locale\" content=\"en_US\" \/>\n<meta property=\"og:type\" content=\"article\" \/>\n<meta property=\"og:title\" content=\"Wettkampfanzug ELSY\/5\" \/>\n<meta property=\"og:description\" content=\"Wettkampfanzug ELSY\/5 mit 3\/4-Arm in schwarz. Eleganter Turnanzug mit grauen Streifen im Oberteil und Strass vorne, hinten und an den Armen.\" \/>\n<meta property=\"og:url\" content=\"https:\/\/ervy.ch\/produkt\/wettkampfanzug-elsy-5-turnanzug-elegant-langarm-schwarz-silber-motiv-geschwungen-strass-glitzer\/\" \/>\n<meta property=\"og:site_name\" content=\"Turnanz\u00fcge Made in Germany\" \/>\n<meta property=\"article:publisher\" content=\"https:\/\/www.facebook.com\/ERVYSportsFashion\" \/>\n<meta property=\"article:modified_time\" content=\"2026-01-24T10:26:49+00:00\" \/>\n<meta property=\"og:image\" content=\"https:\/\/ervy.ch\/wp-content\/uploads\/2021\/10\/11807-09_5_ELSY_ST.jpg\" \/>\n\t<meta property=\"og:image:width\" content=\"700\" \/>\n\t<meta property=\"og:image:height\" content=\"1000\" \/>\n\t<meta property=\"og:image:type\" content=\"image\/jpeg\" \/>\n<meta name=\"twitter:card\" content=\"summary_large_image\" \/>\n<meta name=\"twitter:label1\" content=\"Availability\" \/>\n\t<meta name=\"twitter:data1\" content=\"On backorder\" \/>\n<script type=\"application\/ld+json\" class=\"yoast-schema-graph\">{\"@context\":\"https:\\\/\\\/schema.org\",\"@graph\":[{\"@type\":\"WebPage\",\"@id\":\"https:\\\/\\\/ervy.ch\\\/produkt\\\/wettkampfanzug-elsy-5-turnanzug-elegant-langarm-schwarz-silber-motiv-geschwungen-strass-glitzer\\\/\",\"url\":\"https:\\\/\\\/ervy.ch\\\/produkt\\\/wettkampfanzug-elsy-5-turnanzug-elegant-langarm-schwarz-silber-motiv-geschwungen-strass-glitzer\\\/\",\"name\":\"Wettkampfanzug ELSY\\\/5 - Turnanz\u00fcge Made in Germany\",\"isPartOf\":{\"@id\":\"https:\\\/\\\/ervy.ch\\\/#website\"},\"primaryImageOfPage\":{\"@id\":\"https:\\\/\\\/ervy.ch\\\/produkt\\\/wettkampfanzug-elsy-5-turnanzug-elegant-langarm-schwarz-silber-motiv-geschwungen-strass-glitzer\\\/#primaryimage\"},\"image\":{\"@id\":\"https:\\\/\\\/ervy.ch\\\/produkt\\\/wettkampfanzug-elsy-5-turnanzug-elegant-langarm-schwarz-silber-motiv-geschwungen-strass-glitzer\\\/#primaryimage\"},\"thumbnailUrl\":\"https:\\\/\\\/ervy.ch\\\/wp-content\\\/uploads\\\/2021\\\/10\\\/11807-09_5_ELSY_ST.jpg\",\"datePublished\":\"2021-10-20T07:20:46+00:00\",\"dateModified\":\"2026-01-24T10:26:49+00:00\",\"description\":\"Wettkampfanzug ELSY\\\/5 mit 3\\\/4-Arm in schwarz. Eleganter Turnanzug mit grauen Streifen im Oberteil und Strass vorne, hinten und an den Armen.\",\"breadcrumb\":{\"@id\":\"https:\\\/\\\/ervy.ch\\\/produkt\\\/wettkampfanzug-elsy-5-turnanzug-elegant-langarm-schwarz-silber-motiv-geschwungen-strass-glitzer\\\/#breadcrumb\"},\"inLanguage\":\"en-US\",\"potentialAction\":[{\"@type\":\"ReadAction\",\"target\":[\"https:\\\/\\\/ervy.ch\\\/produkt\\\/wettkampfanzug-elsy-5-turnanzug-elegant-langarm-schwarz-silber-motiv-geschwungen-strass-glitzer\\\/\"]}]},{\"@type\":\"ImageObject\",\"inLanguage\":\"en-US\",\"@id\":\"https:\\\/\\\/ervy.ch\\\/produkt\\\/wettkampfanzug-elsy-5-turnanzug-elegant-langarm-schwarz-silber-motiv-geschwungen-strass-glitzer\\\/#primaryimage\",\"url\":\"https:\\\/\\\/ervy.ch\\\/wp-content\\\/uploads\\\/2021\\\/10\\\/11807-09_5_ELSY_ST.jpg\",\"contentUrl\":\"https:\\\/\\\/ervy.ch\\\/wp-content\\\/uploads\\\/2021\\\/10\\\/11807-09_5_ELSY_ST.jpg\",\"width\":700,\"height\":1000,\"caption\":\"Turnanzug\\\/Wettkampfanzug langarm in schwarz mit Strasssteinen\"},{\"@type\":\"BreadcrumbList\",\"@id\":\"https:\\\/\\\/ervy.ch\\\/produkt\\\/wettkampfanzug-elsy-5-turnanzug-elegant-langarm-schwarz-silber-motiv-geschwungen-strass-glitzer\\\/#breadcrumb\",\"itemListElement\":[{\"@type\":\"ListItem\",\"position\":1,\"name\":\"Startseite\",\"item\":\"https:\\\/\\\/ervy.ch\\\/\"},{\"@type\":\"ListItem\",\"position\":2,\"name\":\"Shop\",\"item\":\"https:\\\/\\\/ervy.ch\\\/shop\\\/\"},{\"@type\":\"ListItem\",\"position\":3,\"name\":\"Wettkampfanzug ELSY\\\/5\"}]},{\"@type\":\"WebSite\",\"@id\":\"https:\\\/\\\/ervy.ch\\\/#website\",\"url\":\"https:\\\/\\\/ervy.ch\\\/\",\"name\":\"Turnanz\u00fcge Made in Germany\",\"description\":\"ERVY Schweiz-Vertretung\",\"publisher\":{\"@id\":\"https:\\\/\\\/ervy.ch\\\/#organization\"},\"potentialAction\":[{\"@type\":\"SearchAction\",\"target\":{\"@type\":\"EntryPoint\",\"urlTemplate\":\"https:\\\/\\\/ervy.ch\\\/?s={search_term_string}\"},\"query-input\":{\"@type\":\"PropertyValueSpecification\",\"valueRequired\":true,\"valueName\":\"search_term_string\"}}],\"inLanguage\":\"en-US\"},{\"@type\":\"Organization\",\"@id\":\"https:\\\/\\\/ervy.ch\\\/#organization\",\"name\":\"ERVY Sports Fashion GmbH\",\"url\":\"https:\\\/\\\/ervy.ch\\\/\",\"logo\":{\"@type\":\"ImageObject\",\"inLanguage\":\"en-US\",\"@id\":\"https:\\\/\\\/ervy.ch\\\/#\\\/schema\\\/logo\\\/image\\\/\",\"url\":\"https:\\\/\\\/ervy.ch\\\/wp-content\\\/uploads\\\/2021\\\/03\\\/cropped-ERVY-Logo_JUST-SPORTS_Hintergrund_300x300.png\",\"contentUrl\":\"https:\\\/\\\/ervy.ch\\\/wp-content\\\/uploads\\\/2021\\\/03\\\/cropped-ERVY-Logo_JUST-SPORTS_Hintergrund_300x300.png\",\"width\":512,\"height\":512,\"caption\":\"ERVY Sports Fashion GmbH\"},\"image\":{\"@id\":\"https:\\\/\\\/ervy.ch\\\/#\\\/schema\\\/logo\\\/image\\\/\"},\"sameAs\":[\"https:\\\/\\\/www.facebook.com\\\/ERVYSportsFashion\",\"https:\\\/\\\/www.instagram.com\\\/ervy_sports_fashion\\\/?hl=de\",\"https:\\\/\\\/www.pinterest.de\\\/ervysportsfashion\\\/\",\"https:\\\/\\\/www.youtube.com\\\/channel\\\/UCwzRAG_B8mAIfVPXGwfdYhA\",\"https:\\\/\\\/www.tiktok.com\\\/@ervysports\"]}]}<\/script>\n<meta property=\"og:availability\" content=\"backorder\" \/>\n<meta property=\"product:availability\" content=\"available for order\" \/>\n<meta property=\"product:retailer_item_id\" content=\"11807.09\/5\" \/>\n<meta property=\"product:condition\" content=\"new\" \/>\n<!-- \/ Yoast SEO Premium plugin. -->","yoast_head_json":{"title":"Wettkampfanzug ELSY\/5 - Turnanz\u00fcge Made in Germany","description":"Wettkampfanzug ELSY\/5 mit 3\/4-Arm in schwarz. Eleganter Turnanzug mit grauen Streifen im Oberteil und Strass vorne, hinten und an den Armen.","robots":{"index":"index","follow":"follow","max-snippet":"max-snippet:-1","max-image-preview":"max-image-preview:large","max-video-preview":"max-video-preview:-1"},"canonical":"https:\/\/ervy.ch\/produkt\/wettkampfanzug-elsy-5-turnanzug-elegant-langarm-schwarz-silber-motiv-geschwungen-strass-glitzer\/","og_locale":"en_US","og_type":"article","og_title":"Wettkampfanzug ELSY\/5","og_description":"Wettkampfanzug ELSY\/5 mit 3\/4-Arm in schwarz. Eleganter Turnanzug mit grauen Streifen im Oberteil und Strass vorne, hinten und an den Armen.","og_url":"https:\/\/ervy.ch\/produkt\/wettkampfanzug-elsy-5-turnanzug-elegant-langarm-schwarz-silber-motiv-geschwungen-strass-glitzer\/","og_site_name":"Turnanz\u00fcge Made in Germany","article_publisher":"https:\/\/www.facebook.com\/ERVYSportsFashion","article_modified_time":"2026-01-24T10:26:49+00:00","og_image":[{"width":700,"height":1000,"url":"https:\/\/ervy.ch\/wp-content\/uploads\/2021\/10\/11807-09_5_ELSY_ST.jpg","type":"image\/jpeg"}],"twitter_card":"summary_large_image","twitter_misc":{"Availability":"On backorder"},"schema":{"@context":"https:\/\/schema.org","@graph":[{"@type":"WebPage","@id":"https:\/\/ervy.ch\/produkt\/wettkampfanzug-elsy-5-turnanzug-elegant-langarm-schwarz-silber-motiv-geschwungen-strass-glitzer\/","url":"https:\/\/ervy.ch\/produkt\/wettkampfanzug-elsy-5-turnanzug-elegant-langarm-schwarz-silber-motiv-geschwungen-strass-glitzer\/","name":"Wettkampfanzug ELSY\/5 - Turnanz\u00fcge Made in Germany","isPartOf":{"@id":"https:\/\/ervy.ch\/#website"},"primaryImageOfPage":{"@id":"https:\/\/ervy.ch\/produkt\/wettkampfanzug-elsy-5-turnanzug-elegant-langarm-schwarz-silber-motiv-geschwungen-strass-glitzer\/#primaryimage"},"image":{"@id":"https:\/\/ervy.ch\/produkt\/wettkampfanzug-elsy-5-turnanzug-elegant-langarm-schwarz-silber-motiv-geschwungen-strass-glitzer\/#primaryimage"},"thumbnailUrl":"https:\/\/ervy.ch\/wp-content\/uploads\/2021\/10\/11807-09_5_ELSY_ST.jpg","datePublished":"2021-10-20T07:20:46+00:00","dateModified":"2026-01-24T10:26:49+00:00","description":"Wettkampfanzug ELSY\/5 mit 3\/4-Arm in schwarz. Eleganter Turnanzug mit grauen Streifen im Oberteil und Strass vorne, hinten und an den Armen.","breadcrumb":{"@id":"https:\/\/ervy.ch\/produkt\/wettkampfanzug-elsy-5-turnanzug-elegant-langarm-schwarz-silber-motiv-geschwungen-strass-glitzer\/#breadcrumb"},"inLanguage":"en-US","potentialAction":[{"@type":"ReadAction","target":["https:\/\/ervy.ch\/produkt\/wettkampfanzug-elsy-5-turnanzug-elegant-langarm-schwarz-silber-motiv-geschwungen-strass-glitzer\/"]}]},{"@type":"ImageObject","inLanguage":"en-US","@id":"https:\/\/ervy.ch\/produkt\/wettkampfanzug-elsy-5-turnanzug-elegant-langarm-schwarz-silber-motiv-geschwungen-strass-glitzer\/#primaryimage","url":"https:\/\/ervy.ch\/wp-content\/uploads\/2021\/10\/11807-09_5_ELSY_ST.jpg","contentUrl":"https:\/\/ervy.ch\/wp-content\/uploads\/2021\/10\/11807-09_5_ELSY_ST.jpg","width":700,"height":1000,"caption":"Turnanzug\/Wettkampfanzug langarm in schwarz mit Strasssteinen"},{"@type":"BreadcrumbList","@id":"https:\/\/ervy.ch\/produkt\/wettkampfanzug-elsy-5-turnanzug-elegant-langarm-schwarz-silber-motiv-geschwungen-strass-glitzer\/#breadcrumb","itemListElement":[{"@type":"ListItem","position":1,"name":"Startseite","item":"https:\/\/ervy.ch\/"},{"@type":"ListItem","position":2,"name":"Shop","item":"https:\/\/ervy.ch\/shop\/"},{"@type":"ListItem","position":3,"name":"Wettkampfanzug ELSY\/5"}]},{"@type":"WebSite","@id":"https:\/\/ervy.ch\/#website","url":"https:\/\/ervy.ch\/","name":"Turnanz\u00fcge Made in Germany","description":"ERVY Schweiz-Vertretung","publisher":{"@id":"https:\/\/ervy.ch\/#organization"},"potentialAction":[{"@type":"SearchAction","target":{"@type":"EntryPoint","urlTemplate":"https:\/\/ervy.ch\/?s={search_term_string}"},"query-input":{"@type":"PropertyValueSpecification","valueRequired":true,"valueName":"search_term_string"}}],"inLanguage":"en-US"},{"@type":"Organization","@id":"https:\/\/ervy.ch\/#organization","name":"ERVY Sports Fashion GmbH","url":"https:\/\/ervy.ch\/","logo":{"@type":"ImageObject","inLanguage":"en-US","@id":"https:\/\/ervy.ch\/#\/schema\/logo\/image\/","url":"https:\/\/ervy.ch\/wp-content\/uploads\/2021\/03\/cropped-ERVY-Logo_JUST-SPORTS_Hintergrund_300x300.png","contentUrl":"https:\/\/ervy.ch\/wp-content\/uploads\/2021\/03\/cropped-ERVY-Logo_JUST-SPORTS_Hintergrund_300x300.png","width":512,"height":512,"caption":"ERVY Sports Fashion GmbH"},"image":{"@id":"https:\/\/ervy.ch\/#\/schema\/logo\/image\/"},"sameAs":["https:\/\/www.facebook.com\/ERVYSportsFashion","https:\/\/www.instagram.com\/ervy_sports_fashion\/?hl=de","https:\/\/www.pinterest.de\/ervysportsfashion\/","https:\/\/www.youtube.com\/channel\/UCwzRAG_B8mAIfVPXGwfdYhA","https:\/\/www.tiktok.com\/@ervysports"]}]},"og_availability":"backorder","product_availability":"available for order","product_retailer_item_id":"11807.09\/5","product_condition":"new"},"_links":{"self":[{"href":"https:\/\/ervy.ch\/en\/wp-json\/wp\/v2\/product\/25313","targetHints":{"allow":["GET"]}}],"collection":[{"href":"https:\/\/ervy.ch\/en\/wp-json\/wp\/v2\/product"}],"about":[{"href":"https:\/\/ervy.ch\/en\/wp-json\/wp\/v2\/types\/product"}],"wp:featuredmedia":[{"embeddable":true,"href":"https:\/\/ervy.ch\/en\/wp-json\/wp\/v2\/media\/25314"}],"wp:attachment":[{"href":"https:\/\/ervy.ch\/en\/wp-json\/wp\/v2\/media?parent=25313"}],"wp:term":[{"taxonomy":"product_brand","embeddable":true,"href":"https:\/\/ervy.ch\/en\/wp-json\/wp\/v2\/product_brand?post=25313"},{"taxonomy":"product_cat","embeddable":true,"href":"https:\/\/ervy.ch\/en\/wp-json\/wp\/v2\/product_cat?post=25313"},{"taxonomy":"product_tag","embeddable":true,"href":"https:\/\/ervy.ch\/en\/wp-json\/wp\/v2\/product_tag?post=25313"}],"curies":[{"name":"wp","href":"https:\/\/api.w.org\/{rel}","templated":true}]}}