{"id":1227,"date":"2020-09-23T11:45:40","date_gmt":"2020-09-23T09:45:40","guid":{"rendered":"https:\/\/ervy.de\/?post_type=product&#038;p=1227"},"modified":"2025-07-01T09:36:09","modified_gmt":"2025-07-01T07:36:09","slug":"turnanzug-judika-2","status":"publish","type":"product","link":"https:\/\/ervy.ch\/en\/product\/turnanzug-judika-2\/","title":{"rendered":"Turnanzug JUDIKA\/2"},"content":{"rendered":"<p>Der elegante Turnanzug JUDIKA\/2 mit seinem k\u00fchlen und coolen Look ist wie geschaffen f\u00fcr eine Eisk\u00f6nigin bei Wettk\u00e4mpfen und Shows.<\/p>\n<p>Matte wei\u00dfe T\u00fcllbereiche unterstreichen den edlen eleganten Blauton-Verlauf des angesagten Lackmaterials. Der passende Farbverlauf in den \u00c4rmeln vollendet die starke Au\u00dfenwirkung. Gro\u00dfe geometrische Formen der Schnittelemente und Paillettenapplikationen wirken elektrisierend und futuristisch.<\/p>\n<p>Machen Sie Ihren Auftritt zu einem Statement mit dem ERVY Wettkampfanzug JUDIKA\/2!<\/p>\n<p>Wie alle Turnanz\u00fcge von ERVY kann dieser Wettkampfanzug auch in der lang\u00e4rmligen Ausf\u00fchrung bzw. ohne \u00c4rmel bestellt werden.<\/p>\n<p>Selbstverst\u00e4ndlich k\u00f6nnen Sie den Turnanzug JUDIKA\/2 von ERVY jederzeit personalisieren. W\u00e4hlen Sie hierzu Ihre Wunschmaterialien und Farben aus dem breiten ERVY Stoffsortiment. Bestimmen Sie selbst, ob ERVY Ihren individuellen Wettkampfanzug mit Strass, Pailletten oder ganz ohne Glitzer fertigen soll.<\/p>\n<p>Bestellungen und Preisanfragen f\u00fcr diesen Turnanzug richten Sie bitte an den ERVY Fachh\u00e4ndler.<\/p>\n<p>&nbsp;<\/p>\n<p><strong>Materialien und Farben:<\/strong><\/p>\n<table style=\"border-collapse: collapse; width: 100%;\">\n<tbody>\n<tr>\n<td style=\"width: 33.3333%;\"><strong><span style=\"font-size: 16px;\">Lack Glitzer:<\/span><\/strong><br \/>\n<span style=\"font-size: 16px;\">80% Polyamid<\/span><br \/>\n<span style=\"font-size: 16px;\">20% Elasthan<\/span><\/td>\n<td style=\"width: 33.3333%;\"><strong><span style=\"font-size: 16px;\">Farbe C1<\/span><\/strong><\/td>\n<td style=\"width: 33.3333%;\"><strong>18W4-caribic-ombreshine-marine<\/strong><\/td>\n<\/tr>\n<tr>\n<td style=\"width: 33.3333%;\"><strong><span style=\"font-size: 16px;\">T\u00fcll elastisch:<\/span><\/strong><br \/>\n<span style=\"font-size: 16px;\">92% Polyester<\/span><br \/>\n<span style=\"font-size: 16px;\">8% Elasthan<\/span><\/td>\n<td style=\"width: 33.3333%;\"><strong><span style=\"font-size: 16px;\">Farbe C2<\/span><\/strong><\/td>\n<td style=\"width: 33.3333%;\"><strong>02D1-wei\u00df<\/strong><\/td>\n<\/tr>\n<tr>\n<td style=\"width: 33.3333%;\"><span style=\"font-size: 16px;\"><b>Lack Shine:<br \/>\n<\/b>90% Polyamid<\/span><br \/>\n<span style=\"font-size: 16px;\">10% Elasthan<\/span><\/td>\n<td style=\"width: 33.3333%;\"><strong><span style=\"font-size: 16px;\">Farbe HB (Halseinfassung)<\/span><\/strong><\/td>\n<td style=\"width: 33.3333%;\"><strong>16T6-caribic<\/strong><\/td>\n<\/tr>\n<tr>\n<td style=\"width: 33.3333%;\"><strong><span style=\"font-size: 16px;\">Futterstoff Mikrofaser:<\/span><\/strong><br \/>\n<span style=\"font-size: 16px;\">90% Polyamid<\/span><br \/>\n<span style=\"font-size: 16px;\">10% Elasthan<\/span><\/td>\n<td style=\"width: 33.3333%;\"><strong><span style=\"font-size: 16px;\">Farbe C3<\/span><\/strong><\/td>\n<td style=\"width: 33.3333%;\"><strong>03G2-haut<\/strong><\/td>\n<\/tr>\n<tr>\n<td style=\"width: 33.3333%;\"><strong><span style=\"font-size: 16px;\"><b>T\u00fcll Ombreprint:<br \/>\n<\/b><\/span><\/strong><span style=\"font-size: 16px;\">85% Polyester<br \/>\n<\/span><span style=\"font-size: 16px;\">15% Elasthan<\/span><\/td>\n<td style=\"width: 33.3333%;\"><strong><span style=\"font-size: 16px;\">Farbe C4<\/span><\/strong><\/td>\n<td style=\"width: 33.3333%;\"><strong>51TF-wei\u00df-ombre-caribic<\/strong><\/td>\n<\/tr>\n<\/tbody>\n<\/table>\n<p>&nbsp;<\/p>\n","protected":false},"excerpt":{"rendered":"<p>Turnanzug mit 3\/4-langen \u00c4rmeln und einem V-Ausschnitt, T\u00fcllbereiche am Oberk\u00f6rper mit Futterstoff<br \/>\nPaillettenmotive: O630 vorne, O631 hinten<\/p>\n","protected":false},"featured_media":1228,"template":"","meta":[],"product_brand":[],"product_cat":[132,142,147,1698,126,86,90,85],"product_tag":[367,366,515,514,543,499,544,364,520,512],"class_list":{"0":"post-1227","1":"product","2":"type-product","3":"status-publish","4":"has-post-thumbnail","6":"product_cat-akrobatik","7":"product_cat-kunstrad","8":"product_cat-rhoenrad","9":"product_cat-lagerartikel","10":"product_cat-teamgym","11":"product_cat-trampolin","12":"product_cat-turnanzuege-fuer-training-und-wettkampf","13":"product_cat-turnbekleidung-kinder-und-erwachsene","14":"product_tag-gymnastics","15":"product_tag-gymnastik","16":"product_tag-justaucorps","17":"product_tag-leotard","18":"product_tag-pailletten","19":"product_tag-print","20":"product_tag-sequins","21":"product_tag-turnanzug","22":"product_tag-turnpakje","23":"product_tag-wettkampfanzug","24":"pa_farbe-caribic","25":"pa_farbe-caribic-ombreshine-marine","26":"pa_farbe-haut","27":"pa_farbe-weiss","28":"pa_farbe-weiss-ombre-caribic","29":"pa_geschlecht-frauen","30":"pa_geschlecht-maedchen","31":"pa_groesse-794","32":"pa_grundfarbe-blau","33":"pa_grundfarbe-weiss","34":"pa_material-lack-glitzer","35":"pa_material-lack-shine","36":"pa_material-mikrofaser","37":"pa_material-tuell-elastisch","38":"pa_produktart-turnanzug","39":"pa_sportart-akrobatik","40":"pa_sportart-kunstrad","41":"pa_sportart-rhoenrad","42":"pa_sportart-teamgym","43":"pa_sportart-trampolin","44":"pa_sportart-turnen","45":"pa_styles-ombre","46":"pa_styles-print","47":"pa_veredelung-pailletten","48":"pa_veredelung-sublimation","49":"pa_weitere-ausfuehrung-mit-futterstoff","51":"first","52":"instock","53":"taxable","54":"shipping-taxable","55":"purchasable","56":"product-type-variable"},"yoast_head":"<!-- This site is optimized with the Yoast SEO Premium plugin v26.9 (Yoast SEO v27.2) - https:\/\/yoast.com\/product\/yoast-seo-premium-wordpress\/ -->\n<title>Turnanzug JUDIKA\/2 - Turnanz\u00fcge Made in Germany<\/title>\n<meta name=\"robots\" content=\"index, follow, max-snippet:-1, max-image-preview:large, max-video-preview:-1\" \/>\n<link rel=\"canonical\" href=\"https:\/\/ervy.ch\/product\/turnanzug-judika-2\/\" \/>\n<meta property=\"og:locale\" content=\"en_US\" \/>\n<meta property=\"og:type\" content=\"article\" \/>\n<meta property=\"og:title\" content=\"Turnanzug JUDIKA\/2\" \/>\n<meta property=\"og:description\" content=\"Turnanzug mit 3\/4-langen \u00c4rmeln und einem V-Ausschnitt, T\u00fcllbereiche am Oberk\u00f6rper mit Futterstoff Paillettenmotive: O630 vorne, O631 hinten\" \/>\n<meta property=\"og:url\" content=\"https:\/\/ervy.ch\/product\/turnanzug-judika-2\/\" \/>\n<meta property=\"og:site_name\" content=\"Turnanz\u00fcge Made in Germany\" \/>\n<meta property=\"article:publisher\" content=\"https:\/\/www.facebook.com\/ERVYSportsFashion\" \/>\n<meta property=\"article:modified_time\" content=\"2025-07-01T07:36:09+00:00\" \/>\n<meta property=\"og:image\" content=\"https:\/\/ervy.ch\/wp-content\/uploads\/2020\/09\/11896-09_2_JUDIKA_VT.jpg\" \/>\n\t<meta property=\"og:image:width\" content=\"700\" \/>\n\t<meta property=\"og:image:height\" content=\"1000\" \/>\n\t<meta property=\"og:image:type\" content=\"image\/jpeg\" \/>\n<meta name=\"twitter:card\" content=\"summary_large_image\" \/>\n<meta name=\"twitter:label1\" content=\"Availability\" \/>\n\t<meta name=\"twitter:data1\" content=\"In stock\" \/>\n<script type=\"application\/ld+json\" class=\"yoast-schema-graph\">{\"@context\":\"https:\/\/schema.org\",\"@graph\":[{\"@type\":\"WebPage\",\"@id\":\"https:\/\/ervy.ch\/product\/turnanzug-judika-2\/\",\"url\":\"https:\/\/ervy.ch\/product\/turnanzug-judika-2\/\",\"name\":\"Turnanzug JUDIKA\/2 - Turnanz\u00fcge Made in Germany\",\"isPartOf\":{\"@id\":\"https:\/\/ervy.ch\/#website\"},\"primaryImageOfPage\":{\"@id\":\"https:\/\/ervy.ch\/product\/turnanzug-judika-2\/#primaryimage\"},\"image\":{\"@id\":\"https:\/\/ervy.ch\/product\/turnanzug-judika-2\/#primaryimage\"},\"thumbnailUrl\":\"https:\/\/ervy.ch\/wp-content\/uploads\/2020\/09\/11896-09_2_JUDIKA_VT.jpg\",\"datePublished\":\"2020-09-23T09:45:40+00:00\",\"dateModified\":\"2025-07-01T07:36:09+00:00\",\"breadcrumb\":{\"@id\":\"https:\/\/ervy.ch\/product\/turnanzug-judika-2\/#breadcrumb\"},\"inLanguage\":\"en-US\",\"potentialAction\":[{\"@type\":\"ReadAction\",\"target\":[\"https:\/\/ervy.ch\/product\/turnanzug-judika-2\/\"]}]},{\"@type\":\"ImageObject\",\"inLanguage\":\"en-US\",\"@id\":\"https:\/\/ervy.ch\/product\/turnanzug-judika-2\/#primaryimage\",\"url\":\"https:\/\/ervy.ch\/wp-content\/uploads\/2020\/09\/11896-09_2_JUDIKA_VT.jpg\",\"contentUrl\":\"https:\/\/ervy.ch\/wp-content\/uploads\/2020\/09\/11896-09_2_JUDIKA_VT.jpg\",\"width\":700,\"height\":1000},{\"@type\":\"BreadcrumbList\",\"@id\":\"https:\/\/ervy.ch\/product\/turnanzug-judika-2\/#breadcrumb\",\"itemListElement\":[{\"@type\":\"ListItem\",\"position\":1,\"name\":\"Startseite\",\"item\":\"https:\/\/ervy.ch\/\"},{\"@type\":\"ListItem\",\"position\":2,\"name\":\"Shop\",\"item\":\"https:\/\/ervy.ch\/shop\/\"},{\"@type\":\"ListItem\",\"position\":3,\"name\":\"Turnanzug JUDIKA\/2\"}]},{\"@type\":\"WebSite\",\"@id\":\"https:\/\/ervy.ch\/#website\",\"url\":\"https:\/\/ervy.ch\/\",\"name\":\"Turnanz\u00fcge Made in Germany\",\"description\":\"ERVY Schweiz-Vertretung\",\"publisher\":{\"@id\":\"https:\/\/ervy.ch\/#organization\"},\"potentialAction\":[{\"@type\":\"SearchAction\",\"target\":{\"@type\":\"EntryPoint\",\"urlTemplate\":\"https:\/\/ervy.ch\/?s={search_term_string}\"},\"query-input\":{\"@type\":\"PropertyValueSpecification\",\"valueRequired\":true,\"valueName\":\"search_term_string\"}}],\"inLanguage\":\"en-US\"},{\"@type\":\"Organization\",\"@id\":\"https:\/\/ervy.ch\/#organization\",\"name\":\"ERVY Sports Fashion GmbH\",\"url\":\"https:\/\/ervy.ch\/\",\"logo\":{\"@type\":\"ImageObject\",\"inLanguage\":\"en-US\",\"@id\":\"https:\/\/ervy.ch\/#\/schema\/logo\/image\/\",\"url\":\"https:\/\/ervy.ch\/wp-content\/uploads\/2021\/03\/cropped-ERVY-Logo_JUST-SPORTS_Hintergrund_300x300.png\",\"contentUrl\":\"https:\/\/ervy.ch\/wp-content\/uploads\/2021\/03\/cropped-ERVY-Logo_JUST-SPORTS_Hintergrund_300x300.png\",\"width\":512,\"height\":512,\"caption\":\"ERVY Sports Fashion GmbH\"},\"image\":{\"@id\":\"https:\/\/ervy.ch\/#\/schema\/logo\/image\/\"},\"sameAs\":[\"https:\/\/www.facebook.com\/ERVYSportsFashion\",\"https:\/\/www.instagram.com\/ervy_sports_fashion\/?hl=de\",\"https:\/\/www.pinterest.de\/ervysportsfashion\/\",\"https:\/\/www.youtube.com\/channel\/UCwzRAG_B8mAIfVPXGwfdYhA\",\"https:\/\/www.tiktok.com\/@ervysports\"]}]}<\/script>\n<meta property=\"og:availability\" content=\"instock\" \/>\n<meta property=\"product:availability\" content=\"instock\" \/>\n<meta property=\"product:retailer_item_id\" content=\"11896.09\/2\" \/>\n<meta property=\"product:condition\" content=\"new\" \/>\n<!-- \/ Yoast SEO Premium plugin. -->","yoast_head_json":{"title":"Turnanzug JUDIKA\/2 - Turnanz\u00fcge Made in Germany","robots":{"index":"index","follow":"follow","max-snippet":"max-snippet:-1","max-image-preview":"max-image-preview:large","max-video-preview":"max-video-preview:-1"},"canonical":"https:\/\/ervy.ch\/product\/turnanzug-judika-2\/","og_locale":"en_US","og_type":"article","og_title":"Turnanzug JUDIKA\/2","og_description":"Turnanzug mit 3\/4-langen \u00c4rmeln und einem V-Ausschnitt, T\u00fcllbereiche am Oberk\u00f6rper mit Futterstoff Paillettenmotive: O630 vorne, O631 hinten","og_url":"https:\/\/ervy.ch\/product\/turnanzug-judika-2\/","og_site_name":"Turnanz\u00fcge Made in Germany","article_publisher":"https:\/\/www.facebook.com\/ERVYSportsFashion","article_modified_time":"2025-07-01T07:36:09+00:00","og_image":[{"width":700,"height":1000,"url":"https:\/\/ervy.ch\/wp-content\/uploads\/2020\/09\/11896-09_2_JUDIKA_VT.jpg","type":"image\/jpeg"}],"twitter_card":"summary_large_image","twitter_misc":{"Availability":"In stock"},"schema":{"@context":"https:\/\/schema.org","@graph":[{"@type":"WebPage","@id":"https:\/\/ervy.ch\/product\/turnanzug-judika-2\/","url":"https:\/\/ervy.ch\/product\/turnanzug-judika-2\/","name":"Turnanzug JUDIKA\/2 - Turnanz\u00fcge Made in Germany","isPartOf":{"@id":"https:\/\/ervy.ch\/#website"},"primaryImageOfPage":{"@id":"https:\/\/ervy.ch\/product\/turnanzug-judika-2\/#primaryimage"},"image":{"@id":"https:\/\/ervy.ch\/product\/turnanzug-judika-2\/#primaryimage"},"thumbnailUrl":"https:\/\/ervy.ch\/wp-content\/uploads\/2020\/09\/11896-09_2_JUDIKA_VT.jpg","datePublished":"2020-09-23T09:45:40+00:00","dateModified":"2025-07-01T07:36:09+00:00","breadcrumb":{"@id":"https:\/\/ervy.ch\/product\/turnanzug-judika-2\/#breadcrumb"},"inLanguage":"en-US","potentialAction":[{"@type":"ReadAction","target":["https:\/\/ervy.ch\/product\/turnanzug-judika-2\/"]}]},{"@type":"ImageObject","inLanguage":"en-US","@id":"https:\/\/ervy.ch\/product\/turnanzug-judika-2\/#primaryimage","url":"https:\/\/ervy.ch\/wp-content\/uploads\/2020\/09\/11896-09_2_JUDIKA_VT.jpg","contentUrl":"https:\/\/ervy.ch\/wp-content\/uploads\/2020\/09\/11896-09_2_JUDIKA_VT.jpg","width":700,"height":1000},{"@type":"BreadcrumbList","@id":"https:\/\/ervy.ch\/product\/turnanzug-judika-2\/#breadcrumb","itemListElement":[{"@type":"ListItem","position":1,"name":"Startseite","item":"https:\/\/ervy.ch\/"},{"@type":"ListItem","position":2,"name":"Shop","item":"https:\/\/ervy.ch\/shop\/"},{"@type":"ListItem","position":3,"name":"Turnanzug JUDIKA\/2"}]},{"@type":"WebSite","@id":"https:\/\/ervy.ch\/#website","url":"https:\/\/ervy.ch\/","name":"Turnanz\u00fcge Made in Germany","description":"ERVY Schweiz-Vertretung","publisher":{"@id":"https:\/\/ervy.ch\/#organization"},"potentialAction":[{"@type":"SearchAction","target":{"@type":"EntryPoint","urlTemplate":"https:\/\/ervy.ch\/?s={search_term_string}"},"query-input":{"@type":"PropertyValueSpecification","valueRequired":true,"valueName":"search_term_string"}}],"inLanguage":"en-US"},{"@type":"Organization","@id":"https:\/\/ervy.ch\/#organization","name":"ERVY Sports Fashion GmbH","url":"https:\/\/ervy.ch\/","logo":{"@type":"ImageObject","inLanguage":"en-US","@id":"https:\/\/ervy.ch\/#\/schema\/logo\/image\/","url":"https:\/\/ervy.ch\/wp-content\/uploads\/2021\/03\/cropped-ERVY-Logo_JUST-SPORTS_Hintergrund_300x300.png","contentUrl":"https:\/\/ervy.ch\/wp-content\/uploads\/2021\/03\/cropped-ERVY-Logo_JUST-SPORTS_Hintergrund_300x300.png","width":512,"height":512,"caption":"ERVY Sports Fashion GmbH"},"image":{"@id":"https:\/\/ervy.ch\/#\/schema\/logo\/image\/"},"sameAs":["https:\/\/www.facebook.com\/ERVYSportsFashion","https:\/\/www.instagram.com\/ervy_sports_fashion\/?hl=de","https:\/\/www.pinterest.de\/ervysportsfashion\/","https:\/\/www.youtube.com\/channel\/UCwzRAG_B8mAIfVPXGwfdYhA","https:\/\/www.tiktok.com\/@ervysports"]}]},"og_availability":"instock","product_availability":"instock","product_retailer_item_id":"11896.09\/2","product_condition":"new"},"_links":{"self":[{"href":"https:\/\/ervy.ch\/en\/wp-json\/wp\/v2\/product\/1227","targetHints":{"allow":["GET"]}}],"collection":[{"href":"https:\/\/ervy.ch\/en\/wp-json\/wp\/v2\/product"}],"about":[{"href":"https:\/\/ervy.ch\/en\/wp-json\/wp\/v2\/types\/product"}],"wp:featuredmedia":[{"embeddable":true,"href":"https:\/\/ervy.ch\/en\/wp-json\/wp\/v2\/media\/1228"}],"wp:attachment":[{"href":"https:\/\/ervy.ch\/en\/wp-json\/wp\/v2\/media?parent=1227"}],"wp:term":[{"taxonomy":"product_brand","embeddable":true,"href":"https:\/\/ervy.ch\/en\/wp-json\/wp\/v2\/product_brand?post=1227"},{"taxonomy":"product_cat","embeddable":true,"href":"https:\/\/ervy.ch\/en\/wp-json\/wp\/v2\/product_cat?post=1227"},{"taxonomy":"product_tag","embeddable":true,"href":"https:\/\/ervy.ch\/en\/wp-json\/wp\/v2\/product_tag?post=1227"}],"curies":[{"name":"wp","href":"https:\/\/api.w.org\/{rel}","templated":true}]}}