{"id":1120,"date":"2020-09-21T16:02:42","date_gmt":"2020-09-21T14:02:42","guid":{"rendered":"https:\/\/ervy.de\/?post_type=product&#038;p=1120"},"modified":"2025-07-01T08:16:58","modified_gmt":"2025-07-01T06:16:58","slug":"turnanzug-nigue-7-blau-schwarz-grau-weiss-3-4-arm-strass-tuell-gefuettert-gleanzend","status":"publish","type":"product","link":"https:\/\/ervy.ch\/en\/product\/turnanzug-nigue-7-blau-schwarz-grau-weiss-3-4-arm-strass-tuell-gefuettert-gleanzend\/","title":{"rendered":"Turnanzug NIGUE\/7"},"content":{"rendered":"<ul>\n<li style=\"text-align: left;\">Den Turnanzug NIGUE\/7 erhalten Sie serienm\u00e4\u00dfig mit F\u00fctterung des oberen T\u00fclleinsatzes mit einem atmungsaktiven Mikrofaser-Material bestehend aus 90\/10% Polyamid\/Elasthan.<\/li>\n<li style=\"text-align: left;\">Dieser Wettkampfanzug besticht mit seiner dezenten Eleganz aus glamour\u00f6s gl\u00e4nzendem Lacksmaterial und einem transparenten T\u00fcllmaterial. Der romantische Farbverlauf im Oberteil und in den \u00c4rmeln verleiht seiner Tr\u00e4gerin eine himmlische Leichtigkeit. Die Strassapplikationen auf dem Vorderteil und im R\u00fccken des Turnanzuges bringen sie zum Gl\u00e4nzen auf allen Ger\u00e4ten.<\/li>\n<li style=\"text-align: left;\">Diesen Turnanzug erhalten Sie auch ohne \u00c4rmel.<\/li>\n<li style=\"text-align: left;\">Den Turnanzug NIGUE\/7 k\u00f6nnen Sie gerne personalisieren. W\u00e4hlen Sie hierzu Ihre Wunschmaterialien und Farben aus dem breiten ERVY Stoffsortiment. Bestimmen Sie selbst, ob ERVY Ihren individuellen Wettkampfanzug mit Strass, Pailletten oder ganz ohne Glitzer fertigen soll.<\/li>\n<li style=\"text-align: left;\">Bestellungen und Preisanfragen f\u00fcr diesen Turnanzug richten Sie bitte an den ERVY Fachh\u00e4ndler.<\/li>\n<\/ul>\n<p>&nbsp;<\/p>\n<p><strong><span style=\"font-size: 18px;\">Materialien und Farben:<\/span><\/strong><\/p>\n<table style=\"border-collapse: collapse; width: 100%;\">\n<tbody>\n<tr>\n<td style=\"width: 33.3333%;\"><strong><span style=\"font-size: 16px;\">Lack Shine:<\/span><\/strong><br \/>\n<span style=\"font-size: 16px;\">82% Polyamid<\/span><br \/>\n<span style=\"font-size: 16px;\">18% Elasthan<\/span><\/td>\n<td style=\"width: 33.3333%;\"><strong><span style=\"font-size: 16px;\">Farbe C1<\/span><\/strong><br \/>\n<strong><span style=\"font-size: 16px;\">Farbe C3 + Arm-und Halseinfassung (AHB)<\/span><\/strong><\/td>\n<td style=\"width: 33.3333%;\"><strong>16A1-schwarz<\/strong><br \/>\n<strong>16A2-graphit<\/strong><\/td>\n<\/tr>\n<tr>\n<td style=\"width: 33.3333%;\"><strong><span style=\"font-size: 16px;\">T\u00fcll Ombreprint:<\/span><\/strong><br \/>\n<span style=\"font-size: 16px;\">85% Polyester<\/span><br \/>\n<span style=\"font-size: 16px;\">15% Elasthan<\/span><\/td>\n<td style=\"width: 33.3333%;\"><strong><span style=\"font-size: 16px;\">Farbe C2<\/span><\/strong><\/td>\n<td style=\"width: 33.3333%;\"><strong>51TE-hellblau-ombre-wei\u00df<\/strong><\/td>\n<\/tr>\n<tr>\n<td style=\"width: 33.3333%;\"><strong><span style=\"font-size: 16px;\">Futterstoff Mikrofaser:<\/span><\/strong><br \/>\n<span style=\"font-size: 16px;\">90% Polyamid<\/span><br \/>\n<span style=\"font-size: 16px;\">10% Elasthan<\/span><\/td>\n<td style=\"width: 33.3333%;\"><strong><span style=\"font-size: 16px;\">Farbe C4<\/span><\/strong><\/td>\n<td style=\"width: 33.3333%;\"><strong>03G2-haut<\/strong><\/td>\n<\/tr>\n<\/tbody>\n<\/table>\n","protected":false},"excerpt":{"rendered":"<p>Der besondere Turnanzug NIGUE\/7\u00a0 \u00fcberzeugt mit seinen 3\/4-langen \u00c4rmeln und einem V-Ausschnitt bei jeder Turn\u00fcbung. Das Turndress NIGUE\/7 hat einen <strong>wundersch\u00f6nen Farbverlauf<\/strong> <strong>im T\u00fcllbereich<\/strong> im Oberteil und ist mit Stoff gef\u00fcttert. Au\u00dferdem strahlt der Turnanzug NIGUE\/7 mit einem Strassmotiv B363 vorne und R364 hinten.<\/p>\n<p>Du ben\u00f6tigst eine andere Gr\u00f6\u00dfe? Kontaktiere uns direkt f\u00fcr eine Bestellung als\u00a0Sonderanfertigung, welche von R\u00fcckgabe und Umtausch ausgeschlossen ist.<\/p>\n","protected":false},"featured_media":39398,"template":"","meta":[],"product_brand":[],"product_cat":[777,1698,90],"product_tag":[515,514,364,520],"class_list":{"0":"post-1120","1":"product","2":"type-product","3":"status-publish","4":"has-post-thumbnail","6":"product_cat-shop","7":"product_cat-lagerartikel","8":"product_cat-turnanzuege-fuer-training-und-wettkampf","9":"product_tag-justaucorps","10":"product_tag-leotard","11":"product_tag-turnanzug","12":"product_tag-turnpakje","13":"pa_farbe-graphit","14":"pa_farbe-haut","15":"pa_farbe-hellblau-ombre-weiss","16":"pa_farbe-schwarz","17":"pa_geschlecht-frauen","18":"pa_geschlecht-maedchen","19":"pa_groesse-786","20":"pa_groesse-787","21":"pa_groesse-788","22":"pa_groesse-789","23":"pa_groesse-790","24":"pa_groesse-791","25":"pa_groesse-792","26":"pa_groesse-793","27":"pa_groesse-794","28":"pa_groesse-795","29":"pa_groesse-796","30":"pa_groesse-797","31":"pa_groesse-798","32":"pa_groesse-799","33":"pa_grundfarbe-blau","34":"pa_grundfarbe-grau","35":"pa_grundfarbe-schwarz","36":"pa_grundfarbe-weiss","37":"pa_material-lack-shine","38":"pa_material-mikrofaser","39":"pa_material-tuell-ombreprint","40":"pa_produktart-turnanzug","41":"pa_styles-pastels","42":"pa_veredelung-strass","43":"pa_veredelung-sublimation","44":"pa_weitere-ausfuehrung-mit-futterstoff","46":"first","47":"onbackorder","48":"taxable","49":"shipping-taxable","50":"purchasable","51":"product-type-variable"},"yoast_head":"<!-- This site is optimized with the Yoast SEO Premium plugin v27.3 (Yoast SEO v27.4) - https:\/\/yoast.com\/product\/yoast-seo-premium-wordpress\/ -->\n<title>Turnanzug NIGUE\/7 - Turnanz\u00fcge Made in Germany<\/title>\n<meta name=\"description\" content=\"Turnanzug NIGUE in den Farben blau, schwarz, wei\u00df und grau. Turnanzug mit 3\/4-Arm und V-Ausschnitt. Der Turnanzug NIGUE hat ein Strassmuster.\" \/>\n<meta name=\"robots\" content=\"index, follow, max-snippet:-1, max-image-preview:large, max-video-preview:-1\" \/>\n<link rel=\"canonical\" href=\"https:\/\/ervy.ch\/produkt\/turnanzug-nigue-7-blau-schwarz-grau-weiss-3-4-arm-strass-tuell-gefuettert-gleanzend\/\" \/>\n<meta property=\"og:locale\" content=\"en_US\" \/>\n<meta property=\"og:type\" content=\"article\" \/>\n<meta property=\"og:title\" content=\"Turnanzug NIGUE\/7\" \/>\n<meta property=\"og:description\" content=\"Turnanzug NIGUE in den Farben blau, schwarz, wei\u00df und grau. Turnanzug mit 3\/4-Arm und V-Ausschnitt. Der Turnanzug NIGUE hat ein Strassmuster.\" \/>\n<meta property=\"og:url\" content=\"https:\/\/ervy.ch\/produkt\/turnanzug-nigue-7-blau-schwarz-grau-weiss-3-4-arm-strass-tuell-gefuettert-gleanzend\/\" \/>\n<meta property=\"og:site_name\" content=\"Turnanz\u00fcge Made in Germany\" \/>\n<meta property=\"article:publisher\" content=\"https:\/\/www.facebook.com\/ERVYSportsFashion\" \/>\n<meta property=\"article:modified_time\" content=\"2025-07-01T06:16:58+00:00\" \/>\n<meta property=\"og:image\" content=\"https:\/\/ervy.ch\/wp-content\/uploads\/2020\/09\/ERVY_NIGUE_11793-09_7_ST.jpg\" \/>\n\t<meta property=\"og:image:width\" content=\"700\" \/>\n\t<meta property=\"og:image:height\" content=\"1000\" \/>\n\t<meta property=\"og:image:type\" content=\"image\/jpeg\" \/>\n<meta name=\"twitter:card\" content=\"summary_large_image\" \/>\n<meta name=\"twitter:label1\" content=\"Availability\" \/>\n\t<meta name=\"twitter:data1\" content=\"On backorder\" \/>\n<script type=\"application\/ld+json\" class=\"yoast-schema-graph\">{\"@context\":\"https:\\\/\\\/schema.org\",\"@graph\":[{\"@type\":\"WebPage\",\"@id\":\"https:\\\/\\\/ervy.ch\\\/produkt\\\/turnanzug-nigue-7-blau-schwarz-grau-weiss-3-4-arm-strass-tuell-gefuettert-gleanzend\\\/\",\"url\":\"https:\\\/\\\/ervy.ch\\\/produkt\\\/turnanzug-nigue-7-blau-schwarz-grau-weiss-3-4-arm-strass-tuell-gefuettert-gleanzend\\\/\",\"name\":\"Turnanzug NIGUE\\\/7 - Turnanz\u00fcge Made in Germany\",\"isPartOf\":{\"@id\":\"https:\\\/\\\/ervy.ch\\\/#website\"},\"primaryImageOfPage\":{\"@id\":\"https:\\\/\\\/ervy.ch\\\/produkt\\\/turnanzug-nigue-7-blau-schwarz-grau-weiss-3-4-arm-strass-tuell-gefuettert-gleanzend\\\/#primaryimage\"},\"image\":{\"@id\":\"https:\\\/\\\/ervy.ch\\\/produkt\\\/turnanzug-nigue-7-blau-schwarz-grau-weiss-3-4-arm-strass-tuell-gefuettert-gleanzend\\\/#primaryimage\"},\"thumbnailUrl\":\"https:\\\/\\\/ervy.ch\\\/wp-content\\\/uploads\\\/2020\\\/09\\\/ERVY_NIGUE_11793-09_7_ST.jpg\",\"datePublished\":\"2020-09-21T14:02:42+00:00\",\"dateModified\":\"2025-07-01T06:16:58+00:00\",\"description\":\"Turnanzug NIGUE in den Farben blau, schwarz, wei\u00df und grau. Turnanzug mit 3\\\/4-Arm und V-Ausschnitt. Der Turnanzug NIGUE hat ein Strassmuster.\",\"breadcrumb\":{\"@id\":\"https:\\\/\\\/ervy.ch\\\/produkt\\\/turnanzug-nigue-7-blau-schwarz-grau-weiss-3-4-arm-strass-tuell-gefuettert-gleanzend\\\/#breadcrumb\"},\"inLanguage\":\"en-US\",\"potentialAction\":[{\"@type\":\"ReadAction\",\"target\":[\"https:\\\/\\\/ervy.ch\\\/produkt\\\/turnanzug-nigue-7-blau-schwarz-grau-weiss-3-4-arm-strass-tuell-gefuettert-gleanzend\\\/\"]}]},{\"@type\":\"ImageObject\",\"inLanguage\":\"en-US\",\"@id\":\"https:\\\/\\\/ervy.ch\\\/produkt\\\/turnanzug-nigue-7-blau-schwarz-grau-weiss-3-4-arm-strass-tuell-gefuettert-gleanzend\\\/#primaryimage\",\"url\":\"https:\\\/\\\/ervy.ch\\\/wp-content\\\/uploads\\\/2020\\\/09\\\/ERVY_NIGUE_11793-09_7_ST.jpg\",\"contentUrl\":\"https:\\\/\\\/ervy.ch\\\/wp-content\\\/uploads\\\/2020\\\/09\\\/ERVY_NIGUE_11793-09_7_ST.jpg\",\"width\":700,\"height\":1000,\"caption\":\"ERVY Wettkampfanzug in schwarz mit hellblau-wei\u00df Verlauf auf T\u00fcll, mit 3\\\/4-Armen, mit Arm- & Halsb\u00fcndchen, mit dunklen Crystal Strasssteinen vorne und hinten\"},{\"@type\":\"BreadcrumbList\",\"@id\":\"https:\\\/\\\/ervy.ch\\\/produkt\\\/turnanzug-nigue-7-blau-schwarz-grau-weiss-3-4-arm-strass-tuell-gefuettert-gleanzend\\\/#breadcrumb\",\"itemListElement\":[{\"@type\":\"ListItem\",\"position\":1,\"name\":\"Startseite\",\"item\":\"https:\\\/\\\/ervy.ch\\\/\"},{\"@type\":\"ListItem\",\"position\":2,\"name\":\"Shop\",\"item\":\"https:\\\/\\\/ervy.ch\\\/shop\\\/\"},{\"@type\":\"ListItem\",\"position\":3,\"name\":\"Turnanzug NIGUE\\\/7\"}]},{\"@type\":\"WebSite\",\"@id\":\"https:\\\/\\\/ervy.ch\\\/#website\",\"url\":\"https:\\\/\\\/ervy.ch\\\/\",\"name\":\"Turnanz\u00fcge Made in Germany\",\"description\":\"ERVY Schweiz-Vertretung\",\"publisher\":{\"@id\":\"https:\\\/\\\/ervy.ch\\\/#organization\"},\"potentialAction\":[{\"@type\":\"SearchAction\",\"target\":{\"@type\":\"EntryPoint\",\"urlTemplate\":\"https:\\\/\\\/ervy.ch\\\/?s={search_term_string}\"},\"query-input\":{\"@type\":\"PropertyValueSpecification\",\"valueRequired\":true,\"valueName\":\"search_term_string\"}}],\"inLanguage\":\"en-US\"},{\"@type\":\"Organization\",\"@id\":\"https:\\\/\\\/ervy.ch\\\/#organization\",\"name\":\"ERVY Sports Fashion GmbH\",\"url\":\"https:\\\/\\\/ervy.ch\\\/\",\"logo\":{\"@type\":\"ImageObject\",\"inLanguage\":\"en-US\",\"@id\":\"https:\\\/\\\/ervy.ch\\\/#\\\/schema\\\/logo\\\/image\\\/\",\"url\":\"https:\\\/\\\/ervy.ch\\\/wp-content\\\/uploads\\\/2021\\\/03\\\/cropped-ERVY-Logo_JUST-SPORTS_Hintergrund_300x300.png\",\"contentUrl\":\"https:\\\/\\\/ervy.ch\\\/wp-content\\\/uploads\\\/2021\\\/03\\\/cropped-ERVY-Logo_JUST-SPORTS_Hintergrund_300x300.png\",\"width\":512,\"height\":512,\"caption\":\"ERVY Sports Fashion GmbH\"},\"image\":{\"@id\":\"https:\\\/\\\/ervy.ch\\\/#\\\/schema\\\/logo\\\/image\\\/\"},\"sameAs\":[\"https:\\\/\\\/www.facebook.com\\\/ERVYSportsFashion\",\"https:\\\/\\\/www.instagram.com\\\/ervy_sports_fashion\\\/?hl=de\",\"https:\\\/\\\/www.pinterest.de\\\/ervysportsfashion\\\/\",\"https:\\\/\\\/www.youtube.com\\\/channel\\\/UCwzRAG_B8mAIfVPXGwfdYhA\",\"https:\\\/\\\/www.tiktok.com\\\/@ervysports\"]}]}<\/script>\n<meta property=\"og:availability\" content=\"backorder\" \/>\n<meta property=\"product:availability\" content=\"available for order\" \/>\n<meta property=\"product:retailer_item_id\" content=\"11793.09\/7\" \/>\n<meta property=\"product:condition\" content=\"new\" \/>\n<!-- \/ Yoast SEO Premium plugin. -->","yoast_head_json":{"title":"Turnanzug NIGUE\/7 - Turnanz\u00fcge Made in Germany","description":"Turnanzug NIGUE in den Farben blau, schwarz, wei\u00df und grau. Turnanzug mit 3\/4-Arm und V-Ausschnitt. Der Turnanzug NIGUE hat ein Strassmuster.","robots":{"index":"index","follow":"follow","max-snippet":"max-snippet:-1","max-image-preview":"max-image-preview:large","max-video-preview":"max-video-preview:-1"},"canonical":"https:\/\/ervy.ch\/produkt\/turnanzug-nigue-7-blau-schwarz-grau-weiss-3-4-arm-strass-tuell-gefuettert-gleanzend\/","og_locale":"en_US","og_type":"article","og_title":"Turnanzug NIGUE\/7","og_description":"Turnanzug NIGUE in den Farben blau, schwarz, wei\u00df und grau. Turnanzug mit 3\/4-Arm und V-Ausschnitt. Der Turnanzug NIGUE hat ein Strassmuster.","og_url":"https:\/\/ervy.ch\/produkt\/turnanzug-nigue-7-blau-schwarz-grau-weiss-3-4-arm-strass-tuell-gefuettert-gleanzend\/","og_site_name":"Turnanz\u00fcge Made in Germany","article_publisher":"https:\/\/www.facebook.com\/ERVYSportsFashion","article_modified_time":"2025-07-01T06:16:58+00:00","og_image":[{"width":700,"height":1000,"url":"https:\/\/ervy.ch\/wp-content\/uploads\/2020\/09\/ERVY_NIGUE_11793-09_7_ST.jpg","type":"image\/jpeg"}],"twitter_card":"summary_large_image","twitter_misc":{"Availability":"On backorder"},"schema":{"@context":"https:\/\/schema.org","@graph":[{"@type":"WebPage","@id":"https:\/\/ervy.ch\/produkt\/turnanzug-nigue-7-blau-schwarz-grau-weiss-3-4-arm-strass-tuell-gefuettert-gleanzend\/","url":"https:\/\/ervy.ch\/produkt\/turnanzug-nigue-7-blau-schwarz-grau-weiss-3-4-arm-strass-tuell-gefuettert-gleanzend\/","name":"Turnanzug NIGUE\/7 - Turnanz\u00fcge Made in Germany","isPartOf":{"@id":"https:\/\/ervy.ch\/#website"},"primaryImageOfPage":{"@id":"https:\/\/ervy.ch\/produkt\/turnanzug-nigue-7-blau-schwarz-grau-weiss-3-4-arm-strass-tuell-gefuettert-gleanzend\/#primaryimage"},"image":{"@id":"https:\/\/ervy.ch\/produkt\/turnanzug-nigue-7-blau-schwarz-grau-weiss-3-4-arm-strass-tuell-gefuettert-gleanzend\/#primaryimage"},"thumbnailUrl":"https:\/\/ervy.ch\/wp-content\/uploads\/2020\/09\/ERVY_NIGUE_11793-09_7_ST.jpg","datePublished":"2020-09-21T14:02:42+00:00","dateModified":"2025-07-01T06:16:58+00:00","description":"Turnanzug NIGUE in den Farben blau, schwarz, wei\u00df und grau. Turnanzug mit 3\/4-Arm und V-Ausschnitt. Der Turnanzug NIGUE hat ein Strassmuster.","breadcrumb":{"@id":"https:\/\/ervy.ch\/produkt\/turnanzug-nigue-7-blau-schwarz-grau-weiss-3-4-arm-strass-tuell-gefuettert-gleanzend\/#breadcrumb"},"inLanguage":"en-US","potentialAction":[{"@type":"ReadAction","target":["https:\/\/ervy.ch\/produkt\/turnanzug-nigue-7-blau-schwarz-grau-weiss-3-4-arm-strass-tuell-gefuettert-gleanzend\/"]}]},{"@type":"ImageObject","inLanguage":"en-US","@id":"https:\/\/ervy.ch\/produkt\/turnanzug-nigue-7-blau-schwarz-grau-weiss-3-4-arm-strass-tuell-gefuettert-gleanzend\/#primaryimage","url":"https:\/\/ervy.ch\/wp-content\/uploads\/2020\/09\/ERVY_NIGUE_11793-09_7_ST.jpg","contentUrl":"https:\/\/ervy.ch\/wp-content\/uploads\/2020\/09\/ERVY_NIGUE_11793-09_7_ST.jpg","width":700,"height":1000,"caption":"ERVY Wettkampfanzug in schwarz mit hellblau-wei\u00df Verlauf auf T\u00fcll, mit 3\/4-Armen, mit Arm- & Halsb\u00fcndchen, mit dunklen Crystal Strasssteinen vorne und hinten"},{"@type":"BreadcrumbList","@id":"https:\/\/ervy.ch\/produkt\/turnanzug-nigue-7-blau-schwarz-grau-weiss-3-4-arm-strass-tuell-gefuettert-gleanzend\/#breadcrumb","itemListElement":[{"@type":"ListItem","position":1,"name":"Startseite","item":"https:\/\/ervy.ch\/"},{"@type":"ListItem","position":2,"name":"Shop","item":"https:\/\/ervy.ch\/shop\/"},{"@type":"ListItem","position":3,"name":"Turnanzug NIGUE\/7"}]},{"@type":"WebSite","@id":"https:\/\/ervy.ch\/#website","url":"https:\/\/ervy.ch\/","name":"Turnanz\u00fcge Made in Germany","description":"ERVY Schweiz-Vertretung","publisher":{"@id":"https:\/\/ervy.ch\/#organization"},"potentialAction":[{"@type":"SearchAction","target":{"@type":"EntryPoint","urlTemplate":"https:\/\/ervy.ch\/?s={search_term_string}"},"query-input":{"@type":"PropertyValueSpecification","valueRequired":true,"valueName":"search_term_string"}}],"inLanguage":"en-US"},{"@type":"Organization","@id":"https:\/\/ervy.ch\/#organization","name":"ERVY Sports Fashion GmbH","url":"https:\/\/ervy.ch\/","logo":{"@type":"ImageObject","inLanguage":"en-US","@id":"https:\/\/ervy.ch\/#\/schema\/logo\/image\/","url":"https:\/\/ervy.ch\/wp-content\/uploads\/2021\/03\/cropped-ERVY-Logo_JUST-SPORTS_Hintergrund_300x300.png","contentUrl":"https:\/\/ervy.ch\/wp-content\/uploads\/2021\/03\/cropped-ERVY-Logo_JUST-SPORTS_Hintergrund_300x300.png","width":512,"height":512,"caption":"ERVY Sports Fashion GmbH"},"image":{"@id":"https:\/\/ervy.ch\/#\/schema\/logo\/image\/"},"sameAs":["https:\/\/www.facebook.com\/ERVYSportsFashion","https:\/\/www.instagram.com\/ervy_sports_fashion\/?hl=de","https:\/\/www.pinterest.de\/ervysportsfashion\/","https:\/\/www.youtube.com\/channel\/UCwzRAG_B8mAIfVPXGwfdYhA","https:\/\/www.tiktok.com\/@ervysports"]}]},"og_availability":"backorder","product_availability":"available for order","product_retailer_item_id":"11793.09\/7","product_condition":"new"},"_links":{"self":[{"href":"https:\/\/ervy.ch\/en\/wp-json\/wp\/v2\/product\/1120","targetHints":{"allow":["GET"]}}],"collection":[{"href":"https:\/\/ervy.ch\/en\/wp-json\/wp\/v2\/product"}],"about":[{"href":"https:\/\/ervy.ch\/en\/wp-json\/wp\/v2\/types\/product"}],"wp:featuredmedia":[{"embeddable":true,"href":"https:\/\/ervy.ch\/en\/wp-json\/wp\/v2\/media\/39398"}],"wp:attachment":[{"href":"https:\/\/ervy.ch\/en\/wp-json\/wp\/v2\/media?parent=1120"}],"wp:term":[{"taxonomy":"product_brand","embeddable":true,"href":"https:\/\/ervy.ch\/en\/wp-json\/wp\/v2\/product_brand?post=1120"},{"taxonomy":"product_cat","embeddable":true,"href":"https:\/\/ervy.ch\/en\/wp-json\/wp\/v2\/product_cat?post=1120"},{"taxonomy":"product_tag","embeddable":true,"href":"https:\/\/ervy.ch\/en\/wp-json\/wp\/v2\/product_tag?post=1120"}],"curies":[{"name":"wp","href":"https:\/\/api.w.org\/{rel}","templated":true}]}}